{"id":2391,"date":"2024-03-26T11:18:14","date_gmt":"2024-03-26T14:18:14","guid":{"rendered":"https:\/\/argreen.com.br\/?post_type=product&#038;p=2391"},"modified":"2026-04-14T10:13:04","modified_gmt":"2026-04-14T13:13:04","slug":"duto-flexivel-com-isolamento","status":"publish","type":"product","link":"https:\/\/argreen.com.br\/en\/product\/duto-flexivel-com-isolamento\/","title":{"rendered":"Flexible duct with insulation"},"content":{"rendered":"<p>Duto flex\u00edvel com isolamento 20&#8243;,<br \/>\nDuto flex\u00edvel com isolamento 18&#8243;,<br \/>\nDuto flex\u00edvel com isolamento 16&#8243;,<br \/>\nDuto flex\u00edvel com isolamento 14&#8243;,<br \/>\nDuto flex\u00edvel com isolamento 12&#8243;,<br \/>\nDuto flex\u00edvel com isolamento 10&#8243;,<br \/>\nDuto flex\u00edvel com isolamento 8&#8243;<br \/>\nDuto flex\u00edvel com isolamento 7&#8243;,<br \/>\nDuto flex\u00edvel com isolamento 6&#8243;,<br \/>\nDuto flex\u00edvel com isolamento 5&#8243;,<br \/>\nDuto flex\u00edvel com isolamento 4&#8243;,<\/p>","protected":false},"excerpt":{"rendered":"<p>Duto flex\u00edvel com isolamento 20&#8243;, Duto flex\u00edvel com isolamento 18&#8243;, Duto flex\u00edvel com isolamento 16&#8243;, Duto flex\u00edvel com isolamento 14&#8243;,<\/p>","protected":false},"featured_media":2421,"comment_status":"closed","ping_status":"closed","template":"","meta":[],"product_brand":[],"product_cat":[205,155],"product_tag":[],"class_list":{"0":"post-2391","1":"product","2":"type-product","3":"status-publish","4":"has-post-thumbnail","6":"product_cat-diversos","7":"product_cat-dutos","8":"pa_medida-duto-com-isolamento-duto-flexivel-com-isolamento-10","9":"pa_medida-duto-com-isolamento-duto-flexivel-com-isolamento-12","10":"pa_medida-duto-com-isolamento-duto-flexivel-com-isolamento-14","11":"pa_medida-duto-com-isolamento-uto-flexivel-com-isolamento-16","12":"pa_medida-duto-com-isolamento-duto-flexivel-com-isolamento-18","13":"pa_medida-duto-com-isolamento-duto-flexivel-com-isolamento-20","14":"pa_medida-duto-com-isolamento-duto-flexivel-com-isolamento-4","15":"pa_medida-duto-com-isolamento-duto-flexivel-com-isolamento-5","16":"pa_medida-duto-com-isolamento-duto-flexivel-com-isolamento-6","17":"pa_medida-duto-com-isolamento-duto-flexivel-com-isolamento-7","18":"pa_medida-duto-com-isolamento-duto-flexivel-com-isolamento-8","20":"first","21":"instock","22":"shipping-taxable","23":"product-type-variable"},"yoast_head":"<!-- This site is optimized with the Yoast SEO plugin v27.3 - https:\/\/yoast.com\/product\/yoast-seo-wordpress\/ -->\n<title>Duto flex\u00edvel com isolamento - Argreen<\/title>\n<meta name=\"robots\" content=\"index, follow, max-snippet:-1, max-image-preview:large, max-video-preview:-1\" \/>\n<link rel=\"canonical\" href=\"https:\/\/argreen.com.br\/en\/product\/duto-flexivel-com-isolamento\/\" \/>\n<meta property=\"og:locale\" content=\"en_US\" \/>\n<meta property=\"og:type\" content=\"article\" \/>\n<meta property=\"og:title\" content=\"Duto flex\u00edvel com isolamento - Argreen\" \/>\n<meta property=\"og:description\" content=\"Duto flex\u00edvel com isolamento 20&#8243;, Duto flex\u00edvel com isolamento 18&#8243;, Duto flex\u00edvel com isolamento 16&#8243;, Duto flex\u00edvel com isolamento 14&#8243;,\" \/>\n<meta property=\"og:url\" content=\"https:\/\/argreen.com.br\/en\/product\/duto-flexivel-com-isolamento\/\" \/>\n<meta property=\"og:site_name\" content=\"Argreen\" \/>\n<meta property=\"article:modified_time\" content=\"2026-04-14T13:13:04+00:00\" \/>\n<meta property=\"og:image\" content=\"https:\/\/argreen.com.br\/wp-content\/uploads\/2024\/03\/dutos.jpg\" \/>\n\t<meta property=\"og:image:width\" content=\"500\" \/>\n\t<meta property=\"og:image:height\" content=\"500\" \/>\n\t<meta property=\"og:image:type\" content=\"image\/jpeg\" \/>\n<script type=\"application\/ld+json\" class=\"yoast-schema-graph\">{\"@context\":\"https:\\\/\\\/schema.org\",\"@graph\":[{\"@type\":\"WebPage\",\"@id\":\"https:\\\/\\\/argreen.com.br\\\/produto\\\/duto-flexivel-com-isolamento\\\/\",\"url\":\"https:\\\/\\\/argreen.com.br\\\/produto\\\/duto-flexivel-com-isolamento\\\/\",\"name\":\"Duto flex\u00edvel com isolamento - Argreen\",\"isPartOf\":{\"@id\":\"https:\\\/\\\/argreen.com.br\\\/#website\"},\"primaryImageOfPage\":{\"@id\":\"https:\\\/\\\/argreen.com.br\\\/produto\\\/duto-flexivel-com-isolamento\\\/#primaryimage\"},\"image\":{\"@id\":\"https:\\\/\\\/argreen.com.br\\\/produto\\\/duto-flexivel-com-isolamento\\\/#primaryimage\"},\"thumbnailUrl\":\"https:\\\/\\\/argreen.com.br\\\/wp-content\\\/uploads\\\/2024\\\/03\\\/dutos.jpg\",\"datePublished\":\"2024-03-26T14:18:14+00:00\",\"dateModified\":\"2026-04-14T13:13:04+00:00\",\"breadcrumb\":{\"@id\":\"https:\\\/\\\/argreen.com.br\\\/produto\\\/duto-flexivel-com-isolamento\\\/#breadcrumb\"},\"inLanguage\":\"en-US\",\"potentialAction\":[{\"@type\":\"ReadAction\",\"target\":[\"https:\\\/\\\/argreen.com.br\\\/produto\\\/duto-flexivel-com-isolamento\\\/\"]}]},{\"@type\":\"ImageObject\",\"inLanguage\":\"en-US\",\"@id\":\"https:\\\/\\\/argreen.com.br\\\/produto\\\/duto-flexivel-com-isolamento\\\/#primaryimage\",\"url\":\"https:\\\/\\\/argreen.com.br\\\/wp-content\\\/uploads\\\/2024\\\/03\\\/dutos.jpg\",\"contentUrl\":\"https:\\\/\\\/argreen.com.br\\\/wp-content\\\/uploads\\\/2024\\\/03\\\/dutos.jpg\",\"width\":500,\"height\":500},{\"@type\":\"BreadcrumbList\",\"@id\":\"https:\\\/\\\/argreen.com.br\\\/produto\\\/duto-flexivel-com-isolamento\\\/#breadcrumb\",\"itemListElement\":[{\"@type\":\"ListItem\",\"position\":1,\"name\":\"In\u00edcio\",\"item\":\"https:\\\/\\\/argreen.com.br\\\/\"},{\"@type\":\"ListItem\",\"position\":2,\"name\":\"Cat\u00e1logo\",\"item\":\"https:\\\/\\\/argreen.com.br\\\/catalogo\\\/\"},{\"@type\":\"ListItem\",\"position\":3,\"name\":\"Duto flex\u00edvel com isolamento\"}]},{\"@type\":\"WebSite\",\"@id\":\"https:\\\/\\\/argreen.com.br\\\/#website\",\"url\":\"https:\\\/\\\/argreen.com.br\\\/\",\"name\":\"Argreen\",\"description\":\"Climatiza\u00e7\u00e3o &amp; Engenharia\",\"publisher\":{\"@id\":\"https:\\\/\\\/argreen.com.br\\\/#organization\"},\"potentialAction\":[{\"@type\":\"SearchAction\",\"target\":{\"@type\":\"EntryPoint\",\"urlTemplate\":\"https:\\\/\\\/argreen.com.br\\\/?s={search_term_string}\"},\"query-input\":{\"@type\":\"PropertyValueSpecification\",\"valueRequired\":true,\"valueName\":\"search_term_string\"}}],\"inLanguage\":\"en-US\"},{\"@type\":\"Organization\",\"@id\":\"https:\\\/\\\/argreen.com.br\\\/#organization\",\"name\":\"Argreen\",\"url\":\"https:\\\/\\\/argreen.com.br\\\/\",\"logo\":{\"@type\":\"ImageObject\",\"inLanguage\":\"en-US\",\"@id\":\"https:\\\/\\\/argreen.com.br\\\/#\\\/schema\\\/logo\\\/image\\\/\",\"url\":\"https:\\\/\\\/argreen.com.br\\\/wp-content\\\/uploads\\\/2023\\\/06\\\/Logo-Argeen.png\",\"contentUrl\":\"https:\\\/\\\/argreen.com.br\\\/wp-content\\\/uploads\\\/2023\\\/06\\\/Logo-Argeen.png\",\"width\":2248,\"height\":767,\"caption\":\"Argreen\"},\"image\":{\"@id\":\"https:\\\/\\\/argreen.com.br\\\/#\\\/schema\\\/logo\\\/image\\\/\"}}]}<\/script>\n<!-- \/ Yoast SEO plugin. -->","yoast_head_json":{"title":"Duto flex\u00edvel com isolamento - Argreen","robots":{"index":"index","follow":"follow","max-snippet":"max-snippet:-1","max-image-preview":"max-image-preview:large","max-video-preview":"max-video-preview:-1"},"canonical":"https:\/\/argreen.com.br\/en\/product\/duto-flexivel-com-isolamento\/","og_locale":"en_US","og_type":"article","og_title":"Duto flex\u00edvel com isolamento - Argreen","og_description":"Duto flex\u00edvel com isolamento 20&#8243;, Duto flex\u00edvel com isolamento 18&#8243;, Duto flex\u00edvel com isolamento 16&#8243;, Duto flex\u00edvel com isolamento 14&#8243;,","og_url":"https:\/\/argreen.com.br\/en\/product\/duto-flexivel-com-isolamento\/","og_site_name":"Argreen","article_modified_time":"2026-04-14T13:13:04+00:00","og_image":[{"width":500,"height":500,"url":"https:\/\/argreen.com.br\/wp-content\/uploads\/2024\/03\/dutos.jpg","type":"image\/jpeg"}],"schema":{"@context":"https:\/\/schema.org","@graph":[{"@type":"WebPage","@id":"https:\/\/argreen.com.br\/produto\/duto-flexivel-com-isolamento\/","url":"https:\/\/argreen.com.br\/produto\/duto-flexivel-com-isolamento\/","name":"Duto flex\u00edvel com isolamento - Argreen","isPartOf":{"@id":"https:\/\/argreen.com.br\/#website"},"primaryImageOfPage":{"@id":"https:\/\/argreen.com.br\/produto\/duto-flexivel-com-isolamento\/#primaryimage"},"image":{"@id":"https:\/\/argreen.com.br\/produto\/duto-flexivel-com-isolamento\/#primaryimage"},"thumbnailUrl":"https:\/\/argreen.com.br\/wp-content\/uploads\/2024\/03\/dutos.jpg","datePublished":"2024-03-26T14:18:14+00:00","dateModified":"2026-04-14T13:13:04+00:00","breadcrumb":{"@id":"https:\/\/argreen.com.br\/produto\/duto-flexivel-com-isolamento\/#breadcrumb"},"inLanguage":"en-US","potentialAction":[{"@type":"ReadAction","target":["https:\/\/argreen.com.br\/produto\/duto-flexivel-com-isolamento\/"]}]},{"@type":"ImageObject","inLanguage":"en-US","@id":"https:\/\/argreen.com.br\/produto\/duto-flexivel-com-isolamento\/#primaryimage","url":"https:\/\/argreen.com.br\/wp-content\/uploads\/2024\/03\/dutos.jpg","contentUrl":"https:\/\/argreen.com.br\/wp-content\/uploads\/2024\/03\/dutos.jpg","width":500,"height":500},{"@type":"BreadcrumbList","@id":"https:\/\/argreen.com.br\/produto\/duto-flexivel-com-isolamento\/#breadcrumb","itemListElement":[{"@type":"ListItem","position":1,"name":"In\u00edcio","item":"https:\/\/argreen.com.br\/"},{"@type":"ListItem","position":2,"name":"Cat\u00e1logo","item":"https:\/\/argreen.com.br\/catalogo\/"},{"@type":"ListItem","position":3,"name":"Duto flex\u00edvel com isolamento"}]},{"@type":"WebSite","@id":"https:\/\/argreen.com.br\/#website","url":"https:\/\/argreen.com.br\/","name":"Argreen","description":"Climatiza\u00e7\u00e3o &amp; Engenharia","publisher":{"@id":"https:\/\/argreen.com.br\/#organization"},"potentialAction":[{"@type":"SearchAction","target":{"@type":"EntryPoint","urlTemplate":"https:\/\/argreen.com.br\/?s={search_term_string}"},"query-input":{"@type":"PropertyValueSpecification","valueRequired":true,"valueName":"search_term_string"}}],"inLanguage":"en-US"},{"@type":"Organization","@id":"https:\/\/argreen.com.br\/#organization","name":"Argreen","url":"https:\/\/argreen.com.br\/","logo":{"@type":"ImageObject","inLanguage":"en-US","@id":"https:\/\/argreen.com.br\/#\/schema\/logo\/image\/","url":"https:\/\/argreen.com.br\/wp-content\/uploads\/2023\/06\/Logo-Argeen.png","contentUrl":"https:\/\/argreen.com.br\/wp-content\/uploads\/2023\/06\/Logo-Argeen.png","width":2248,"height":767,"caption":"Argreen"},"image":{"@id":"https:\/\/argreen.com.br\/#\/schema\/logo\/image\/"}}]}},"_links":{"self":[{"href":"https:\/\/argreen.com.br\/en\/wp-json\/wp\/v2\/product\/2391","targetHints":{"allow":["GET"]}}],"collection":[{"href":"https:\/\/argreen.com.br\/en\/wp-json\/wp\/v2\/product"}],"about":[{"href":"https:\/\/argreen.com.br\/en\/wp-json\/wp\/v2\/types\/product"}],"replies":[{"embeddable":true,"href":"https:\/\/argreen.com.br\/en\/wp-json\/wp\/v2\/comments?post=2391"}],"wp:featuredmedia":[{"embeddable":true,"href":"https:\/\/argreen.com.br\/en\/wp-json\/wp\/v2\/media\/2421"}],"wp:attachment":[{"href":"https:\/\/argreen.com.br\/en\/wp-json\/wp\/v2\/media?parent=2391"}],"wp:term":[{"taxonomy":"product_brand","embeddable":true,"href":"https:\/\/argreen.com.br\/en\/wp-json\/wp\/v2\/product_brand?post=2391"},{"taxonomy":"product_cat","embeddable":true,"href":"https:\/\/argreen.com.br\/en\/wp-json\/wp\/v2\/product_cat?post=2391"},{"taxonomy":"product_tag","embeddable":true,"href":"https:\/\/argreen.com.br\/en\/wp-json\/wp\/v2\/product_tag?post=2391"}],"curies":[{"name":"wp","href":"https:\/\/api.w.org\/{rel}","templated":true}]}}