{"id":2556,"date":"2024-03-27T16:03:52","date_gmt":"2024-03-27T19:03:52","guid":{"rendered":"https:\/\/argreen.com.br\/?post_type=product&#038;p=2556"},"modified":"2025-06-02T08:53:36","modified_gmt":"2025-06-02T11:53:36","slug":"bomba-de-dreno-aspen-maxi-orange-fp2299-230v","status":"publish","type":"product","link":"https:\/\/argreen.com.br\/en\/product\/bomba-de-dreno-aspen-maxi-orange-fp2299-230v\/","title":{"rendered":"Aspen Maxi Orange FP2299 Drain Pump - 230V"},"content":{"rendered":"<p><strong>Para que serve ?<\/strong><\/p>\n<p>A bomba de dreno, normalmente, \u00e9 acompanhada pelo reservat\u00f3rio com sensor magn\u00e9tico, a bomba de suc\u00e7\u00e3o, um tubo de borracha, um tubo de PVC e adesivos para fixa\u00e7\u00e3o do equipamento no aparelho de ar condicionado.<\/p>\n<p>Recomendada em locais onde n\u00e3o se tem caida suficiente para \u00e1gua escoar por press\u00e3o atmosf\u00e9rica.<\/p>\n<p><strong>Para qual modelo\/m\u00e1quina ?<\/strong><\/p>\n<p>Equipamentos residenciais e comerciais.<\/p>\n<p>Equipamentos Trane residencial e comercial.<\/p>\n<p>Split (Todos Fabricantes)<\/p>\n<p>30.000 BTUS<\/p>\n<p>36.000 BTUS<\/p>\n<p>48.000 BTUS<\/p>\n<p>60.000 BTUS<\/p>\n<p>Sistemas split de parede alta; unidades com condutas; montagem de pavimento e unidades de chassis.<\/p>\n<div class=\"product-description user-content\">\n<p><strong>Informa\u00e7\u00f5es adicionais:<\/strong><\/p>\n<p>\u2022 Todos os nossos produtos possuem estoque;<br \/>\n\u2022 Enviamos todos os nossos produtos em AT\u00c9 48H e enviados pelo CORREIOS e Transportadoras;<br \/>\n\u2022 Garantia de 90 dias;<br \/>\n\u2022 7 dias para TROCAS e DEVOLU\u00c7\u00d5ES.<\/p>\n<\/div>","protected":false},"excerpt":{"rendered":"<p>Para que serve ? A bomba de dreno, normalmente, \u00e9 acompanhada pelo reservat\u00f3rio com sensor magn\u00e9tico, a bomba de suc\u00e7\u00e3o,<\/p>","protected":false},"featured_media":2559,"comment_status":"closed","ping_status":"closed","template":"","meta":[],"product_brand":[],"product_cat":[89,205],"product_tag":[],"class_list":{"0":"post-2556","1":"product","2":"type-product","3":"status-publish","4":"has-post-thumbnail","6":"product_cat-bomba-de-dreno","7":"product_cat-diversos","9":"first","10":"instock","11":"shipping-taxable","12":"purchasable","13":"product-type-simple"},"yoast_head":"<!-- This site is optimized with the Yoast SEO plugin v27.3 - https:\/\/yoast.com\/product\/yoast-seo-wordpress\/ -->\n<title>Bomba de Dreno Aspen Maxi Orange FP2299 - 230V - Argreen<\/title>\n<meta name=\"robots\" content=\"index, follow, max-snippet:-1, max-image-preview:large, max-video-preview:-1\" \/>\n<link rel=\"canonical\" href=\"https:\/\/argreen.com.br\/en\/product\/bomba-de-dreno-aspen-maxi-orange-fp2299-230v\/\" \/>\n<meta property=\"og:locale\" content=\"en_US\" \/>\n<meta property=\"og:type\" content=\"article\" \/>\n<meta property=\"og:title\" content=\"Bomba de Dreno Aspen Maxi Orange FP2299 - 230V - Argreen\" \/>\n<meta property=\"og:description\" content=\"Para que serve ? A bomba de dreno, normalmente, \u00e9 acompanhada pelo reservat\u00f3rio com sensor magn\u00e9tico, a bomba de suc\u00e7\u00e3o,\" \/>\n<meta property=\"og:url\" content=\"https:\/\/argreen.com.br\/en\/product\/bomba-de-dreno-aspen-maxi-orange-fp2299-230v\/\" \/>\n<meta property=\"og:site_name\" content=\"Argreen\" \/>\n<meta property=\"article:modified_time\" content=\"2025-06-02T11:53:36+00:00\" \/>\n<meta property=\"og:image\" content=\"https:\/\/argreen.com.br\/wp-content\/uploads\/2024\/03\/fb73cede05af53778677286040e4a3fd-8734a1a7ed944b5cb817024865452287-1024-1024.webp\" \/>\n\t<meta property=\"og:image:width\" content=\"500\" \/>\n\t<meta property=\"og:image:height\" content=\"375\" \/>\n\t<meta property=\"og:image:type\" content=\"image\/webp\" \/>\n<script type=\"application\/ld+json\" class=\"yoast-schema-graph\">{\"@context\":\"https:\\\/\\\/schema.org\",\"@graph\":[{\"@type\":\"WebPage\",\"@id\":\"https:\\\/\\\/argreen.com.br\\\/produto\\\/bomba-de-dreno-aspen-maxi-orange-fp2299-230v\\\/\",\"url\":\"https:\\\/\\\/argreen.com.br\\\/produto\\\/bomba-de-dreno-aspen-maxi-orange-fp2299-230v\\\/\",\"name\":\"Bomba de Dreno Aspen Maxi Orange FP2299 - 230V - Argreen\",\"isPartOf\":{\"@id\":\"https:\\\/\\\/argreen.com.br\\\/#website\"},\"primaryImageOfPage\":{\"@id\":\"https:\\\/\\\/argreen.com.br\\\/produto\\\/bomba-de-dreno-aspen-maxi-orange-fp2299-230v\\\/#primaryimage\"},\"image\":{\"@id\":\"https:\\\/\\\/argreen.com.br\\\/produto\\\/bomba-de-dreno-aspen-maxi-orange-fp2299-230v\\\/#primaryimage\"},\"thumbnailUrl\":\"https:\\\/\\\/argreen.com.br\\\/wp-content\\\/uploads\\\/2024\\\/03\\\/fb73cede05af53778677286040e4a3fd-8734a1a7ed944b5cb817024865452287-1024-1024.webp\",\"datePublished\":\"2024-03-27T19:03:52+00:00\",\"dateModified\":\"2025-06-02T11:53:36+00:00\",\"breadcrumb\":{\"@id\":\"https:\\\/\\\/argreen.com.br\\\/produto\\\/bomba-de-dreno-aspen-maxi-orange-fp2299-230v\\\/#breadcrumb\"},\"inLanguage\":\"en-US\",\"potentialAction\":[{\"@type\":\"ReadAction\",\"target\":[\"https:\\\/\\\/argreen.com.br\\\/produto\\\/bomba-de-dreno-aspen-maxi-orange-fp2299-230v\\\/\"]}]},{\"@type\":\"ImageObject\",\"inLanguage\":\"en-US\",\"@id\":\"https:\\\/\\\/argreen.com.br\\\/produto\\\/bomba-de-dreno-aspen-maxi-orange-fp2299-230v\\\/#primaryimage\",\"url\":\"https:\\\/\\\/argreen.com.br\\\/wp-content\\\/uploads\\\/2024\\\/03\\\/fb73cede05af53778677286040e4a3fd-8734a1a7ed944b5cb817024865452287-1024-1024.webp\",\"contentUrl\":\"https:\\\/\\\/argreen.com.br\\\/wp-content\\\/uploads\\\/2024\\\/03\\\/fb73cede05af53778677286040e4a3fd-8734a1a7ed944b5cb817024865452287-1024-1024.webp\",\"width\":500,\"height\":375},{\"@type\":\"BreadcrumbList\",\"@id\":\"https:\\\/\\\/argreen.com.br\\\/produto\\\/bomba-de-dreno-aspen-maxi-orange-fp2299-230v\\\/#breadcrumb\",\"itemListElement\":[{\"@type\":\"ListItem\",\"position\":1,\"name\":\"In\u00edcio\",\"item\":\"https:\\\/\\\/argreen.com.br\\\/\"},{\"@type\":\"ListItem\",\"position\":2,\"name\":\"Cat\u00e1logo\",\"item\":\"https:\\\/\\\/argreen.com.br\\\/catalogo\\\/\"},{\"@type\":\"ListItem\",\"position\":3,\"name\":\"Bomba de Dreno Aspen Maxi Orange FP2299 &#8211; 230V\"}]},{\"@type\":\"WebSite\",\"@id\":\"https:\\\/\\\/argreen.com.br\\\/#website\",\"url\":\"https:\\\/\\\/argreen.com.br\\\/\",\"name\":\"Argreen\",\"description\":\"Climatiza\u00e7\u00e3o &amp; Engenharia\",\"publisher\":{\"@id\":\"https:\\\/\\\/argreen.com.br\\\/#organization\"},\"potentialAction\":[{\"@type\":\"SearchAction\",\"target\":{\"@type\":\"EntryPoint\",\"urlTemplate\":\"https:\\\/\\\/argreen.com.br\\\/?s={search_term_string}\"},\"query-input\":{\"@type\":\"PropertyValueSpecification\",\"valueRequired\":true,\"valueName\":\"search_term_string\"}}],\"inLanguage\":\"en-US\"},{\"@type\":\"Organization\",\"@id\":\"https:\\\/\\\/argreen.com.br\\\/#organization\",\"name\":\"Argreen\",\"url\":\"https:\\\/\\\/argreen.com.br\\\/\",\"logo\":{\"@type\":\"ImageObject\",\"inLanguage\":\"en-US\",\"@id\":\"https:\\\/\\\/argreen.com.br\\\/#\\\/schema\\\/logo\\\/image\\\/\",\"url\":\"https:\\\/\\\/argreen.com.br\\\/wp-content\\\/uploads\\\/2023\\\/06\\\/Logo-Argeen.png\",\"contentUrl\":\"https:\\\/\\\/argreen.com.br\\\/wp-content\\\/uploads\\\/2023\\\/06\\\/Logo-Argeen.png\",\"width\":2248,\"height\":767,\"caption\":\"Argreen\"},\"image\":{\"@id\":\"https:\\\/\\\/argreen.com.br\\\/#\\\/schema\\\/logo\\\/image\\\/\"}}]}<\/script>\n<!-- \/ Yoast SEO plugin. -->","yoast_head_json":{"title":"Bomba de Dreno Aspen Maxi Orange FP2299 - 230V - Argreen","robots":{"index":"index","follow":"follow","max-snippet":"max-snippet:-1","max-image-preview":"max-image-preview:large","max-video-preview":"max-video-preview:-1"},"canonical":"https:\/\/argreen.com.br\/en\/product\/bomba-de-dreno-aspen-maxi-orange-fp2299-230v\/","og_locale":"en_US","og_type":"article","og_title":"Bomba de Dreno Aspen Maxi Orange FP2299 - 230V - Argreen","og_description":"Para que serve ? A bomba de dreno, normalmente, \u00e9 acompanhada pelo reservat\u00f3rio com sensor magn\u00e9tico, a bomba de suc\u00e7\u00e3o,","og_url":"https:\/\/argreen.com.br\/en\/product\/bomba-de-dreno-aspen-maxi-orange-fp2299-230v\/","og_site_name":"Argreen","article_modified_time":"2025-06-02T11:53:36+00:00","og_image":[{"width":500,"height":375,"url":"https:\/\/argreen.com.br\/wp-content\/uploads\/2024\/03\/fb73cede05af53778677286040e4a3fd-8734a1a7ed944b5cb817024865452287-1024-1024.webp","type":"image\/webp"}],"schema":{"@context":"https:\/\/schema.org","@graph":[{"@type":"WebPage","@id":"https:\/\/argreen.com.br\/produto\/bomba-de-dreno-aspen-maxi-orange-fp2299-230v\/","url":"https:\/\/argreen.com.br\/produto\/bomba-de-dreno-aspen-maxi-orange-fp2299-230v\/","name":"Bomba de Dreno Aspen Maxi Orange FP2299 - 230V - Argreen","isPartOf":{"@id":"https:\/\/argreen.com.br\/#website"},"primaryImageOfPage":{"@id":"https:\/\/argreen.com.br\/produto\/bomba-de-dreno-aspen-maxi-orange-fp2299-230v\/#primaryimage"},"image":{"@id":"https:\/\/argreen.com.br\/produto\/bomba-de-dreno-aspen-maxi-orange-fp2299-230v\/#primaryimage"},"thumbnailUrl":"https:\/\/argreen.com.br\/wp-content\/uploads\/2024\/03\/fb73cede05af53778677286040e4a3fd-8734a1a7ed944b5cb817024865452287-1024-1024.webp","datePublished":"2024-03-27T19:03:52+00:00","dateModified":"2025-06-02T11:53:36+00:00","breadcrumb":{"@id":"https:\/\/argreen.com.br\/produto\/bomba-de-dreno-aspen-maxi-orange-fp2299-230v\/#breadcrumb"},"inLanguage":"en-US","potentialAction":[{"@type":"ReadAction","target":["https:\/\/argreen.com.br\/produto\/bomba-de-dreno-aspen-maxi-orange-fp2299-230v\/"]}]},{"@type":"ImageObject","inLanguage":"en-US","@id":"https:\/\/argreen.com.br\/produto\/bomba-de-dreno-aspen-maxi-orange-fp2299-230v\/#primaryimage","url":"https:\/\/argreen.com.br\/wp-content\/uploads\/2024\/03\/fb73cede05af53778677286040e4a3fd-8734a1a7ed944b5cb817024865452287-1024-1024.webp","contentUrl":"https:\/\/argreen.com.br\/wp-content\/uploads\/2024\/03\/fb73cede05af53778677286040e4a3fd-8734a1a7ed944b5cb817024865452287-1024-1024.webp","width":500,"height":375},{"@type":"BreadcrumbList","@id":"https:\/\/argreen.com.br\/produto\/bomba-de-dreno-aspen-maxi-orange-fp2299-230v\/#breadcrumb","itemListElement":[{"@type":"ListItem","position":1,"name":"In\u00edcio","item":"https:\/\/argreen.com.br\/"},{"@type":"ListItem","position":2,"name":"Cat\u00e1logo","item":"https:\/\/argreen.com.br\/catalogo\/"},{"@type":"ListItem","position":3,"name":"Bomba de Dreno Aspen Maxi Orange FP2299 &#8211; 230V"}]},{"@type":"WebSite","@id":"https:\/\/argreen.com.br\/#website","url":"https:\/\/argreen.com.br\/","name":"Argreen","description":"Climatiza\u00e7\u00e3o &amp; Engenharia","publisher":{"@id":"https:\/\/argreen.com.br\/#organization"},"potentialAction":[{"@type":"SearchAction","target":{"@type":"EntryPoint","urlTemplate":"https:\/\/argreen.com.br\/?s={search_term_string}"},"query-input":{"@type":"PropertyValueSpecification","valueRequired":true,"valueName":"search_term_string"}}],"inLanguage":"en-US"},{"@type":"Organization","@id":"https:\/\/argreen.com.br\/#organization","name":"Argreen","url":"https:\/\/argreen.com.br\/","logo":{"@type":"ImageObject","inLanguage":"en-US","@id":"https:\/\/argreen.com.br\/#\/schema\/logo\/image\/","url":"https:\/\/argreen.com.br\/wp-content\/uploads\/2023\/06\/Logo-Argeen.png","contentUrl":"https:\/\/argreen.com.br\/wp-content\/uploads\/2023\/06\/Logo-Argeen.png","width":2248,"height":767,"caption":"Argreen"},"image":{"@id":"https:\/\/argreen.com.br\/#\/schema\/logo\/image\/"}}]}},"_links":{"self":[{"href":"https:\/\/argreen.com.br\/en\/wp-json\/wp\/v2\/product\/2556","targetHints":{"allow":["GET"]}}],"collection":[{"href":"https:\/\/argreen.com.br\/en\/wp-json\/wp\/v2\/product"}],"about":[{"href":"https:\/\/argreen.com.br\/en\/wp-json\/wp\/v2\/types\/product"}],"replies":[{"embeddable":true,"href":"https:\/\/argreen.com.br\/en\/wp-json\/wp\/v2\/comments?post=2556"}],"wp:featuredmedia":[{"embeddable":true,"href":"https:\/\/argreen.com.br\/en\/wp-json\/wp\/v2\/media\/2559"}],"wp:attachment":[{"href":"https:\/\/argreen.com.br\/en\/wp-json\/wp\/v2\/media?parent=2556"}],"wp:term":[{"taxonomy":"product_brand","embeddable":true,"href":"https:\/\/argreen.com.br\/en\/wp-json\/wp\/v2\/product_brand?post=2556"},{"taxonomy":"product_cat","embeddable":true,"href":"https:\/\/argreen.com.br\/en\/wp-json\/wp\/v2\/product_cat?post=2556"},{"taxonomy":"product_tag","embeddable":true,"href":"https:\/\/argreen.com.br\/en\/wp-json\/wp\/v2\/product_tag?post=2556"}],"curies":[{"name":"wp","href":"https:\/\/api.w.org\/{rel}","templated":true}]}}