{"id":2572,"date":"2024-03-27T16:32:21","date_gmt":"2024-03-27T19:32:21","guid":{"rendered":"https:\/\/argreen.com.br\/?post_type=product&#038;p=2572"},"modified":"2025-06-02T08:53:09","modified_gmt":"2025-06-02T11:53:09","slug":"bomba-de-dreno-de-agua-aspen-mini-orange-ate-30000-btus-fp2473-220v","status":"publish","type":"product","link":"https:\/\/argreen.com.br\/en\/product\/bomba-de-dreno-de-agua-aspen-mini-orange-ate-30000-btus-fp2473-220v\/","title":{"rendered":"Aspen Mini Orange Drain Pump Up to 30,000 BTUs FP2473 - 220V"},"content":{"rendered":"<p style=\"font-weight: 400;\"><strong>Para que serve?<\/strong><\/p>\n<p style=\"font-weight: 400;\">A bomba de dreno, normalmente, \u00e9 acompanhada pelo reservat\u00f3rio com sensor magn\u00e9tico, a bomba de suc\u00e7\u00e3o, um tubo de borracha, um tubo de PVC e adesivos para fixa\u00e7\u00e3o do equipamento no aparelho de ar condicionado.<\/p>\n<p style=\"font-weight: 400;\">A minibomba campe\u00e3 de vendas no mundo oferece confiabilidade e desempenho sem precedentes.<\/p>\n<p style=\"font-weight: 400;\">Recomendada em locais onde n\u00e3o se tem ca\u00edda suficiente para \u00e1gua escoar por press\u00e3o atmosf\u00e9rica.<\/p>\n<p style=\"font-weight: 400;\"><strong>Para qual modelo\/m\u00e1quina?<\/strong><\/p>\n<p style=\"font-weight: 400;\">Perfeita para unidades comerciais e dom\u00e9sticas menores;<\/p>\n<p style=\"font-weight: 400;\">Sistemas split de parede alta;<\/p>\n<p style=\"font-weight: 400;\">Unidades com condutas;<\/p>\n<p style=\"font-weight: 400;\">Montagem de pavimento e unidades de chassis.<\/p>\n<p style=\"font-weight: 400;\">Recomend\u00e1vel para equipamentos de at\u00e9\u00a030.000 btu\/h.<\/p>\n<p style=\"font-weight: 400;\"><strong>Palavras semelhantes:<\/strong><\/p>\n<p style=\"font-weight: 400;\">Bomba de \u00e1gua,<\/p>\n<p style=\"font-weight: 400;\">Bomba de drenagem,<\/p>\n<p style=\"font-weight: 400;\">Bomba de \u00e1guas residuais,<\/p>\n<p style=\"font-weight: 400;\">Drenagem de \u00e1guas residuais.<\/p>\n<p style=\"font-weight: 400;\"><strong>Informa\u00e7\u00f5es adicionais:<\/strong><\/p>\n<ul>\n<li style=\"font-weight: 400;\">Produtos a pronta entrega com nota fiscal;<\/li>\n<li style=\"font-weight: 400;\">Enviamos todos os pedidos em at\u00e9 24 horas por Correios e Transportadoras;<\/li>\n<li style=\"font-weight: 400;\">Garantia de 90 dias;<\/li>\n<li style=\"font-weight: 400;\">Retirada imediata na loja f\u00edsica localizada em S\u00e3o Paulo\/SP.<\/li>\n<\/ul>","protected":false},"excerpt":{"rendered":"<p>Para que serve? A bomba de dreno, normalmente, \u00e9 acompanhada pelo reservat\u00f3rio com sensor magn\u00e9tico, a bomba de suc\u00e7\u00e3o, um<\/p>","protected":false},"featured_media":2573,"comment_status":"closed","ping_status":"closed","template":"","meta":[],"product_brand":[],"product_cat":[89,205],"product_tag":[],"class_list":{"0":"post-2572","1":"product","2":"type-product","3":"status-publish","4":"has-post-thumbnail","6":"product_cat-bomba-de-dreno","7":"product_cat-diversos","9":"first","10":"instock","11":"shipping-taxable","12":"purchasable","13":"product-type-simple"},"yoast_head":"<!-- This site is optimized with the Yoast SEO plugin v27.3 - https:\/\/yoast.com\/product\/yoast-seo-wordpress\/ -->\n<title>Bomba de Dreno de \u00c1gua Aspen Mini Orange At\u00e9 30000 BTUs FP2473 - 220V - Argreen<\/title>\n<meta name=\"robots\" content=\"index, follow, max-snippet:-1, max-image-preview:large, max-video-preview:-1\" \/>\n<link rel=\"canonical\" href=\"https:\/\/argreen.com.br\/en\/product\/bomba-de-dreno-de-agua-aspen-mini-orange-ate-30000-btus-fp2473-220v\/\" \/>\n<meta property=\"og:locale\" content=\"en_US\" \/>\n<meta property=\"og:type\" content=\"article\" \/>\n<meta property=\"og:title\" content=\"Bomba de Dreno de \u00c1gua Aspen Mini Orange At\u00e9 30000 BTUs FP2473 - 220V - Argreen\" \/>\n<meta property=\"og:description\" content=\"Para que serve? A bomba de dreno, normalmente, \u00e9 acompanhada pelo reservat\u00f3rio com sensor magn\u00e9tico, a bomba de suc\u00e7\u00e3o, um\" \/>\n<meta property=\"og:url\" content=\"https:\/\/argreen.com.br\/en\/product\/bomba-de-dreno-de-agua-aspen-mini-orange-ate-30000-btus-fp2473-220v\/\" \/>\n<meta property=\"og:site_name\" content=\"Argreen\" \/>\n<meta property=\"article:modified_time\" content=\"2025-06-02T11:53:09+00:00\" \/>\n<meta property=\"og:image\" content=\"https:\/\/argreen.com.br\/wp-content\/uploads\/2024\/03\/bomba1.webp\" \/>\n\t<meta property=\"og:image:width\" content=\"1024\" \/>\n\t<meta property=\"og:image:height\" content=\"1024\" \/>\n\t<meta property=\"og:image:type\" content=\"image\/webp\" \/>\n<script type=\"application\/ld+json\" class=\"yoast-schema-graph\">{\"@context\":\"https:\\\/\\\/schema.org\",\"@graph\":[{\"@type\":\"WebPage\",\"@id\":\"https:\\\/\\\/argreen.com.br\\\/produto\\\/bomba-de-dreno-de-agua-aspen-mini-orange-ate-30000-btus-fp2473-220v\\\/\",\"url\":\"https:\\\/\\\/argreen.com.br\\\/produto\\\/bomba-de-dreno-de-agua-aspen-mini-orange-ate-30000-btus-fp2473-220v\\\/\",\"name\":\"Bomba de Dreno de \u00c1gua Aspen Mini Orange At\u00e9 30000 BTUs FP2473 - 220V - Argreen\",\"isPartOf\":{\"@id\":\"https:\\\/\\\/argreen.com.br\\\/#website\"},\"primaryImageOfPage\":{\"@id\":\"https:\\\/\\\/argreen.com.br\\\/produto\\\/bomba-de-dreno-de-agua-aspen-mini-orange-ate-30000-btus-fp2473-220v\\\/#primaryimage\"},\"image\":{\"@id\":\"https:\\\/\\\/argreen.com.br\\\/produto\\\/bomba-de-dreno-de-agua-aspen-mini-orange-ate-30000-btus-fp2473-220v\\\/#primaryimage\"},\"thumbnailUrl\":\"https:\\\/\\\/argreen.com.br\\\/wp-content\\\/uploads\\\/2024\\\/03\\\/bomba1.webp\",\"datePublished\":\"2024-03-27T19:32:21+00:00\",\"dateModified\":\"2025-06-02T11:53:09+00:00\",\"breadcrumb\":{\"@id\":\"https:\\\/\\\/argreen.com.br\\\/produto\\\/bomba-de-dreno-de-agua-aspen-mini-orange-ate-30000-btus-fp2473-220v\\\/#breadcrumb\"},\"inLanguage\":\"en-US\",\"potentialAction\":[{\"@type\":\"ReadAction\",\"target\":[\"https:\\\/\\\/argreen.com.br\\\/produto\\\/bomba-de-dreno-de-agua-aspen-mini-orange-ate-30000-btus-fp2473-220v\\\/\"]}]},{\"@type\":\"ImageObject\",\"inLanguage\":\"en-US\",\"@id\":\"https:\\\/\\\/argreen.com.br\\\/produto\\\/bomba-de-dreno-de-agua-aspen-mini-orange-ate-30000-btus-fp2473-220v\\\/#primaryimage\",\"url\":\"https:\\\/\\\/argreen.com.br\\\/wp-content\\\/uploads\\\/2024\\\/03\\\/bomba1.webp\",\"contentUrl\":\"https:\\\/\\\/argreen.com.br\\\/wp-content\\\/uploads\\\/2024\\\/03\\\/bomba1.webp\",\"width\":1024,\"height\":1024},{\"@type\":\"BreadcrumbList\",\"@id\":\"https:\\\/\\\/argreen.com.br\\\/produto\\\/bomba-de-dreno-de-agua-aspen-mini-orange-ate-30000-btus-fp2473-220v\\\/#breadcrumb\",\"itemListElement\":[{\"@type\":\"ListItem\",\"position\":1,\"name\":\"In\u00edcio\",\"item\":\"https:\\\/\\\/argreen.com.br\\\/\"},{\"@type\":\"ListItem\",\"position\":2,\"name\":\"Cat\u00e1logo\",\"item\":\"https:\\\/\\\/argreen.com.br\\\/catalogo\\\/\"},{\"@type\":\"ListItem\",\"position\":3,\"name\":\"Bomba de Dreno de \u00c1gua Aspen Mini Orange At\u00e9 30000 BTUs FP2473 &#8211; 220V\"}]},{\"@type\":\"WebSite\",\"@id\":\"https:\\\/\\\/argreen.com.br\\\/#website\",\"url\":\"https:\\\/\\\/argreen.com.br\\\/\",\"name\":\"Argreen\",\"description\":\"Climatiza\u00e7\u00e3o &amp; Engenharia\",\"publisher\":{\"@id\":\"https:\\\/\\\/argreen.com.br\\\/#organization\"},\"potentialAction\":[{\"@type\":\"SearchAction\",\"target\":{\"@type\":\"EntryPoint\",\"urlTemplate\":\"https:\\\/\\\/argreen.com.br\\\/?s={search_term_string}\"},\"query-input\":{\"@type\":\"PropertyValueSpecification\",\"valueRequired\":true,\"valueName\":\"search_term_string\"}}],\"inLanguage\":\"en-US\"},{\"@type\":\"Organization\",\"@id\":\"https:\\\/\\\/argreen.com.br\\\/#organization\",\"name\":\"Argreen\",\"url\":\"https:\\\/\\\/argreen.com.br\\\/\",\"logo\":{\"@type\":\"ImageObject\",\"inLanguage\":\"en-US\",\"@id\":\"https:\\\/\\\/argreen.com.br\\\/#\\\/schema\\\/logo\\\/image\\\/\",\"url\":\"https:\\\/\\\/argreen.com.br\\\/wp-content\\\/uploads\\\/2023\\\/06\\\/Logo-Argeen.png\",\"contentUrl\":\"https:\\\/\\\/argreen.com.br\\\/wp-content\\\/uploads\\\/2023\\\/06\\\/Logo-Argeen.png\",\"width\":2248,\"height\":767,\"caption\":\"Argreen\"},\"image\":{\"@id\":\"https:\\\/\\\/argreen.com.br\\\/#\\\/schema\\\/logo\\\/image\\\/\"}}]}<\/script>\n<!-- \/ Yoast SEO plugin. -->","yoast_head_json":{"title":"Bomba de Dreno de \u00c1gua Aspen Mini Orange At\u00e9 30000 BTUs FP2473 - 220V - Argreen","robots":{"index":"index","follow":"follow","max-snippet":"max-snippet:-1","max-image-preview":"max-image-preview:large","max-video-preview":"max-video-preview:-1"},"canonical":"https:\/\/argreen.com.br\/en\/product\/bomba-de-dreno-de-agua-aspen-mini-orange-ate-30000-btus-fp2473-220v\/","og_locale":"en_US","og_type":"article","og_title":"Bomba de Dreno de \u00c1gua Aspen Mini Orange At\u00e9 30000 BTUs FP2473 - 220V - Argreen","og_description":"Para que serve? A bomba de dreno, normalmente, \u00e9 acompanhada pelo reservat\u00f3rio com sensor magn\u00e9tico, a bomba de suc\u00e7\u00e3o, um","og_url":"https:\/\/argreen.com.br\/en\/product\/bomba-de-dreno-de-agua-aspen-mini-orange-ate-30000-btus-fp2473-220v\/","og_site_name":"Argreen","article_modified_time":"2025-06-02T11:53:09+00:00","og_image":[{"width":1024,"height":1024,"url":"https:\/\/argreen.com.br\/wp-content\/uploads\/2024\/03\/bomba1.webp","type":"image\/webp"}],"schema":{"@context":"https:\/\/schema.org","@graph":[{"@type":"WebPage","@id":"https:\/\/argreen.com.br\/produto\/bomba-de-dreno-de-agua-aspen-mini-orange-ate-30000-btus-fp2473-220v\/","url":"https:\/\/argreen.com.br\/produto\/bomba-de-dreno-de-agua-aspen-mini-orange-ate-30000-btus-fp2473-220v\/","name":"Bomba de Dreno de \u00c1gua Aspen Mini Orange At\u00e9 30000 BTUs FP2473 - 220V - Argreen","isPartOf":{"@id":"https:\/\/argreen.com.br\/#website"},"primaryImageOfPage":{"@id":"https:\/\/argreen.com.br\/produto\/bomba-de-dreno-de-agua-aspen-mini-orange-ate-30000-btus-fp2473-220v\/#primaryimage"},"image":{"@id":"https:\/\/argreen.com.br\/produto\/bomba-de-dreno-de-agua-aspen-mini-orange-ate-30000-btus-fp2473-220v\/#primaryimage"},"thumbnailUrl":"https:\/\/argreen.com.br\/wp-content\/uploads\/2024\/03\/bomba1.webp","datePublished":"2024-03-27T19:32:21+00:00","dateModified":"2025-06-02T11:53:09+00:00","breadcrumb":{"@id":"https:\/\/argreen.com.br\/produto\/bomba-de-dreno-de-agua-aspen-mini-orange-ate-30000-btus-fp2473-220v\/#breadcrumb"},"inLanguage":"en-US","potentialAction":[{"@type":"ReadAction","target":["https:\/\/argreen.com.br\/produto\/bomba-de-dreno-de-agua-aspen-mini-orange-ate-30000-btus-fp2473-220v\/"]}]},{"@type":"ImageObject","inLanguage":"en-US","@id":"https:\/\/argreen.com.br\/produto\/bomba-de-dreno-de-agua-aspen-mini-orange-ate-30000-btus-fp2473-220v\/#primaryimage","url":"https:\/\/argreen.com.br\/wp-content\/uploads\/2024\/03\/bomba1.webp","contentUrl":"https:\/\/argreen.com.br\/wp-content\/uploads\/2024\/03\/bomba1.webp","width":1024,"height":1024},{"@type":"BreadcrumbList","@id":"https:\/\/argreen.com.br\/produto\/bomba-de-dreno-de-agua-aspen-mini-orange-ate-30000-btus-fp2473-220v\/#breadcrumb","itemListElement":[{"@type":"ListItem","position":1,"name":"In\u00edcio","item":"https:\/\/argreen.com.br\/"},{"@type":"ListItem","position":2,"name":"Cat\u00e1logo","item":"https:\/\/argreen.com.br\/catalogo\/"},{"@type":"ListItem","position":3,"name":"Bomba de Dreno de \u00c1gua Aspen Mini Orange At\u00e9 30000 BTUs FP2473 &#8211; 220V"}]},{"@type":"WebSite","@id":"https:\/\/argreen.com.br\/#website","url":"https:\/\/argreen.com.br\/","name":"Argreen","description":"Climatiza\u00e7\u00e3o &amp; Engenharia","publisher":{"@id":"https:\/\/argreen.com.br\/#organization"},"potentialAction":[{"@type":"SearchAction","target":{"@type":"EntryPoint","urlTemplate":"https:\/\/argreen.com.br\/?s={search_term_string}"},"query-input":{"@type":"PropertyValueSpecification","valueRequired":true,"valueName":"search_term_string"}}],"inLanguage":"en-US"},{"@type":"Organization","@id":"https:\/\/argreen.com.br\/#organization","name":"Argreen","url":"https:\/\/argreen.com.br\/","logo":{"@type":"ImageObject","inLanguage":"en-US","@id":"https:\/\/argreen.com.br\/#\/schema\/logo\/image\/","url":"https:\/\/argreen.com.br\/wp-content\/uploads\/2023\/06\/Logo-Argeen.png","contentUrl":"https:\/\/argreen.com.br\/wp-content\/uploads\/2023\/06\/Logo-Argeen.png","width":2248,"height":767,"caption":"Argreen"},"image":{"@id":"https:\/\/argreen.com.br\/#\/schema\/logo\/image\/"}}]}},"_links":{"self":[{"href":"https:\/\/argreen.com.br\/en\/wp-json\/wp\/v2\/product\/2572","targetHints":{"allow":["GET"]}}],"collection":[{"href":"https:\/\/argreen.com.br\/en\/wp-json\/wp\/v2\/product"}],"about":[{"href":"https:\/\/argreen.com.br\/en\/wp-json\/wp\/v2\/types\/product"}],"replies":[{"embeddable":true,"href":"https:\/\/argreen.com.br\/en\/wp-json\/wp\/v2\/comments?post=2572"}],"wp:featuredmedia":[{"embeddable":true,"href":"https:\/\/argreen.com.br\/en\/wp-json\/wp\/v2\/media\/2573"}],"wp:attachment":[{"href":"https:\/\/argreen.com.br\/en\/wp-json\/wp\/v2\/media?parent=2572"}],"wp:term":[{"taxonomy":"product_brand","embeddable":true,"href":"https:\/\/argreen.com.br\/en\/wp-json\/wp\/v2\/product_brand?post=2572"},{"taxonomy":"product_cat","embeddable":true,"href":"https:\/\/argreen.com.br\/en\/wp-json\/wp\/v2\/product_cat?post=2572"},{"taxonomy":"product_tag","embeddable":true,"href":"https:\/\/argreen.com.br\/en\/wp-json\/wp\/v2\/product_tag?post=2572"}],"curies":[{"name":"wp","href":"https:\/\/api.w.org\/{rel}","templated":true}]}}