{"id":2883,"date":"2025-01-08T15:17:13","date_gmt":"2025-01-08T18:17:13","guid":{"rendered":"https:\/\/argreen.com.br\/?post_type=product&#038;p=2883"},"modified":"2025-06-02T08:51:37","modified_gmt":"2025-06-02T11:51:37","slug":"tubo-isolante-esponjoso-vix-blindado-1-2-branco","status":"publish","type":"product","link":"https:\/\/argreen.com.br\/en\/product\/tubo-isolante-esponjoso-vix-blindado-1-2-branco\/","title":{"rendered":"Vix Shielded Sponge Insulating Tube 1\/2\" White"},"content":{"rendered":"<p>O\u00a0<strong>Vix Shielded Sponge Insulating Tube 1\/2\" White<\/strong>\u00a0\u00e9 fabricado em polietileno expandido, em diversos di\u00e2metros e espessuras. Promove a praticidade da instala\u00e7\u00e3o com excelente acabamento, podendo ser utilizado em novas ou em tubula\u00e7\u00f5es j\u00e1 existentes.<\/p>\n<p>Protege a tubula\u00e7\u00e3o contra corros\u00e3o, e resistente \u00e0 v\u00e1rios agentes qu\u00edmicos. Devido ao seu alto n\u00edvel de atua\u00e7\u00e3o, geram uma economia de at\u00e9 80% da energia consumida em tubula\u00e7\u00f5es de refrigera\u00e7\u00e3o, ar condicionado e \u00e1gua quente.<\/p>","protected":false},"excerpt":{"rendered":"<div class=\"vtex-flex-layout-0-x-flexColChild vtex-flex-layout-0-x-flexColChild--container-grid-pdp pb0\">\n<div class=\"vtex-flex-layout-0-x-flexRow vtex-flex-layout-0-x-flexRow--description\">\n<div class=\"flex mt0 mb0 pt0 pb0 justify-start vtex-flex-layout-0-x-flexRowContent vtex-flex-layout-0-x-flexRowContent--description items-stretch w-100\">\n<div class=\"pr0 items-stretch vtex-flex-layout-0-x-stretchChildrenWidth flex\">\n<div class=\"vtex-store-components-3-x-productDescriptionContainer\">\n<div class=\"vtex-store-components-3-x-productDescriptionText c-muted-1\">\n<p><strong>Aten\u00e7\u00e3o valor da unidade!!!<\/strong><\/p>\n<p>Utilizado para isolamento t\u00e9rmico de tubos de cobres em refrigera\u00e7\u00e3o e climatiza\u00e7\u00e3o.<\/p>\n<p>&nbsp;<\/p>\n<\/div>\n<\/div>\n<\/div>\n<\/div>\n<\/div>\n<\/div>\n<div class=\"vtex-flex-layout-0-x-flexColChild vtex-flex-layout-0-x-flexColChild--container-grid-pdp pb0\">\n<div class=\"vtex-flex-layout-0-x-flexRow vtex-flex-layout-0-x-flexRow--specifications-table\">\n<div class=\"flex mt0 mb0 pt0 pb0 justify-start vtex-flex-layout-0-x-flexRowContent vtex-flex-layout-0-x-flexRowContent--specifications-table items-stretch w-100\">\n<div class=\"pr0 items-stretch vtex-flex-layout-0-x-stretchChildrenWidth flex\">\n<div class=\"vtex-flex-layout-0-x-flexCol ml0 mr0 pl0 pr0 flex flex-column h-100 w-100\">\n<div class=\"vtex-flex-layout-0-x-flexColChild pb0\">\n<div class=\"vtex-rich-text-0-x-container vtex-rich-text-0-x-container--title-specification flex tl items-start justify-start t-body c-on-base\">\n<div class=\"vtex-rich-text-0-x-wrapper vtex-rich-text-0-x-wrapper--title-specification\"><\/div>\n<\/div>\n<\/div>\n<\/div>\n<\/div>\n<\/div>\n<\/div>\n<\/div>","protected":false},"featured_media":2884,"comment_status":"closed","ping_status":"closed","template":"","meta":[],"product_brand":[],"product_cat":[205,26],"product_tag":[],"class_list":{"0":"post-2883","1":"product","2":"type-product","3":"status-publish","4":"has-post-thumbnail","6":"product_cat-diversos","7":"product_cat-pecas","9":"first","10":"instock","11":"shipping-taxable","12":"purchasable","13":"product-type-simple"},"yoast_head":"<!-- This site is optimized with the Yoast SEO plugin v27.3 - https:\/\/yoast.com\/product\/yoast-seo-wordpress\/ -->\n<title>Tubo Isolante Esponjoso Vix Blindado 1\/2&quot; Branco - Argreen<\/title>\n<meta name=\"description\" content=\"O Tubo Isolante Esponjoso Vix Blindado 1\/2&quot; Branco \u00e9 fabricado em polietileno expandido, em diversos di\u00e2metros e espessuras. Promove a praticidade da instala\u00e7\u00e3o com excelente acabamento, podendo ser utilizado em novas ou em tubula\u00e7\u00f5es j\u00e1 existentes.\" \/>\n<meta name=\"robots\" content=\"index, follow, max-snippet:-1, max-image-preview:large, max-video-preview:-1\" \/>\n<link rel=\"canonical\" href=\"https:\/\/argreen.com.br\/en\/product\/tubo-isolante-esponjoso-vix-blindado-1-2-branco\/\" \/>\n<meta property=\"og:locale\" content=\"en_US\" \/>\n<meta property=\"og:type\" content=\"article\" \/>\n<meta property=\"og:title\" content=\"Tubo Isolante Esponjoso Vix Blindado 1\/2&quot; Branco - Argreen\" \/>\n<meta property=\"og:description\" content=\"O Tubo Isolante Esponjoso Vix Blindado 1\/2&quot; Branco \u00e9 fabricado em polietileno expandido, em diversos di\u00e2metros e espessuras. Promove a praticidade da instala\u00e7\u00e3o com excelente acabamento, podendo ser utilizado em novas ou em tubula\u00e7\u00f5es j\u00e1 existentes.\" \/>\n<meta property=\"og:url\" content=\"https:\/\/argreen.com.br\/en\/product\/tubo-isolante-esponjoso-vix-blindado-1-2-branco\/\" \/>\n<meta property=\"og:site_name\" content=\"Argreen\" \/>\n<meta property=\"article:modified_time\" content=\"2025-06-02T11:51:37+00:00\" \/>\n<meta property=\"og:image\" content=\"https:\/\/argreen.com.br\/wp-content\/uploads\/2025\/01\/Tubo-Isolante-Esponjoso.png\" \/>\n\t<meta property=\"og:image:width\" content=\"500\" \/>\n\t<meta property=\"og:image:height\" content=\"500\" \/>\n\t<meta property=\"og:image:type\" content=\"image\/png\" \/>\n<script type=\"application\/ld+json\" class=\"yoast-schema-graph\">{\"@context\":\"https:\\\/\\\/schema.org\",\"@graph\":[{\"@type\":\"WebPage\",\"@id\":\"https:\\\/\\\/argreen.com.br\\\/produto\\\/tubo-isolante-esponjoso-vix-blindado-1-2-branco\\\/\",\"url\":\"https:\\\/\\\/argreen.com.br\\\/produto\\\/tubo-isolante-esponjoso-vix-blindado-1-2-branco\\\/\",\"name\":\"Tubo Isolante Esponjoso Vix Blindado 1\\\/2\\\" Branco - Argreen\",\"isPartOf\":{\"@id\":\"https:\\\/\\\/argreen.com.br\\\/#website\"},\"primaryImageOfPage\":{\"@id\":\"https:\\\/\\\/argreen.com.br\\\/produto\\\/tubo-isolante-esponjoso-vix-blindado-1-2-branco\\\/#primaryimage\"},\"image\":{\"@id\":\"https:\\\/\\\/argreen.com.br\\\/produto\\\/tubo-isolante-esponjoso-vix-blindado-1-2-branco\\\/#primaryimage\"},\"thumbnailUrl\":\"https:\\\/\\\/argreen.com.br\\\/wp-content\\\/uploads\\\/2025\\\/01\\\/Tubo-Isolante-Esponjoso.png\",\"datePublished\":\"2025-01-08T18:17:13+00:00\",\"dateModified\":\"2025-06-02T11:51:37+00:00\",\"description\":\"O Tubo Isolante Esponjoso Vix Blindado 1\\\/2\\\" Branco \u00e9 fabricado em polietileno expandido, em diversos di\u00e2metros e espessuras. Promove a praticidade da instala\u00e7\u00e3o com excelente acabamento, podendo ser utilizado em novas ou em tubula\u00e7\u00f5es j\u00e1 existentes.\",\"breadcrumb\":{\"@id\":\"https:\\\/\\\/argreen.com.br\\\/produto\\\/tubo-isolante-esponjoso-vix-blindado-1-2-branco\\\/#breadcrumb\"},\"inLanguage\":\"en-US\",\"potentialAction\":[{\"@type\":\"ReadAction\",\"target\":[\"https:\\\/\\\/argreen.com.br\\\/produto\\\/tubo-isolante-esponjoso-vix-blindado-1-2-branco\\\/\"]}]},{\"@type\":\"ImageObject\",\"inLanguage\":\"en-US\",\"@id\":\"https:\\\/\\\/argreen.com.br\\\/produto\\\/tubo-isolante-esponjoso-vix-blindado-1-2-branco\\\/#primaryimage\",\"url\":\"https:\\\/\\\/argreen.com.br\\\/wp-content\\\/uploads\\\/2025\\\/01\\\/Tubo-Isolante-Esponjoso.png\",\"contentUrl\":\"https:\\\/\\\/argreen.com.br\\\/wp-content\\\/uploads\\\/2025\\\/01\\\/Tubo-Isolante-Esponjoso.png\",\"width\":500,\"height\":500},{\"@type\":\"BreadcrumbList\",\"@id\":\"https:\\\/\\\/argreen.com.br\\\/produto\\\/tubo-isolante-esponjoso-vix-blindado-1-2-branco\\\/#breadcrumb\",\"itemListElement\":[{\"@type\":\"ListItem\",\"position\":1,\"name\":\"In\u00edcio\",\"item\":\"https:\\\/\\\/argreen.com.br\\\/\"},{\"@type\":\"ListItem\",\"position\":2,\"name\":\"Cat\u00e1logo\",\"item\":\"https:\\\/\\\/argreen.com.br\\\/catalogo\\\/\"},{\"@type\":\"ListItem\",\"position\":3,\"name\":\"Tubo Isolante Esponjoso Vix Blindado 1\\\/2&#8243; Branco\"}]},{\"@type\":\"WebSite\",\"@id\":\"https:\\\/\\\/argreen.com.br\\\/#website\",\"url\":\"https:\\\/\\\/argreen.com.br\\\/\",\"name\":\"Argreen\",\"description\":\"Climatiza\u00e7\u00e3o &amp; Engenharia\",\"publisher\":{\"@id\":\"https:\\\/\\\/argreen.com.br\\\/#organization\"},\"potentialAction\":[{\"@type\":\"SearchAction\",\"target\":{\"@type\":\"EntryPoint\",\"urlTemplate\":\"https:\\\/\\\/argreen.com.br\\\/?s={search_term_string}\"},\"query-input\":{\"@type\":\"PropertyValueSpecification\",\"valueRequired\":true,\"valueName\":\"search_term_string\"}}],\"inLanguage\":\"en-US\"},{\"@type\":\"Organization\",\"@id\":\"https:\\\/\\\/argreen.com.br\\\/#organization\",\"name\":\"Argreen\",\"url\":\"https:\\\/\\\/argreen.com.br\\\/\",\"logo\":{\"@type\":\"ImageObject\",\"inLanguage\":\"en-US\",\"@id\":\"https:\\\/\\\/argreen.com.br\\\/#\\\/schema\\\/logo\\\/image\\\/\",\"url\":\"https:\\\/\\\/argreen.com.br\\\/wp-content\\\/uploads\\\/2023\\\/06\\\/Logo-Argeen.png\",\"contentUrl\":\"https:\\\/\\\/argreen.com.br\\\/wp-content\\\/uploads\\\/2023\\\/06\\\/Logo-Argeen.png\",\"width\":2248,\"height\":767,\"caption\":\"Argreen\"},\"image\":{\"@id\":\"https:\\\/\\\/argreen.com.br\\\/#\\\/schema\\\/logo\\\/image\\\/\"}}]}<\/script>\n<!-- \/ Yoast SEO plugin. -->","yoast_head_json":{"title":"Tubo Isolante Esponjoso Vix Blindado 1\/2\" Branco - Argreen","description":"O Tubo Isolante Esponjoso Vix Blindado 1\/2\" Branco \u00e9 fabricado em polietileno expandido, em diversos di\u00e2metros e espessuras. Promove a praticidade da instala\u00e7\u00e3o com excelente acabamento, podendo ser utilizado em novas ou em tubula\u00e7\u00f5es j\u00e1 existentes.","robots":{"index":"index","follow":"follow","max-snippet":"max-snippet:-1","max-image-preview":"max-image-preview:large","max-video-preview":"max-video-preview:-1"},"canonical":"https:\/\/argreen.com.br\/en\/product\/tubo-isolante-esponjoso-vix-blindado-1-2-branco\/","og_locale":"en_US","og_type":"article","og_title":"Tubo Isolante Esponjoso Vix Blindado 1\/2\" Branco - Argreen","og_description":"O Tubo Isolante Esponjoso Vix Blindado 1\/2\" Branco \u00e9 fabricado em polietileno expandido, em diversos di\u00e2metros e espessuras. Promove a praticidade da instala\u00e7\u00e3o com excelente acabamento, podendo ser utilizado em novas ou em tubula\u00e7\u00f5es j\u00e1 existentes.","og_url":"https:\/\/argreen.com.br\/en\/product\/tubo-isolante-esponjoso-vix-blindado-1-2-branco\/","og_site_name":"Argreen","article_modified_time":"2025-06-02T11:51:37+00:00","og_image":[{"width":500,"height":500,"url":"https:\/\/argreen.com.br\/wp-content\/uploads\/2025\/01\/Tubo-Isolante-Esponjoso.png","type":"image\/png"}],"schema":{"@context":"https:\/\/schema.org","@graph":[{"@type":"WebPage","@id":"https:\/\/argreen.com.br\/produto\/tubo-isolante-esponjoso-vix-blindado-1-2-branco\/","url":"https:\/\/argreen.com.br\/produto\/tubo-isolante-esponjoso-vix-blindado-1-2-branco\/","name":"Tubo Isolante Esponjoso Vix Blindado 1\/2\" Branco - Argreen","isPartOf":{"@id":"https:\/\/argreen.com.br\/#website"},"primaryImageOfPage":{"@id":"https:\/\/argreen.com.br\/produto\/tubo-isolante-esponjoso-vix-blindado-1-2-branco\/#primaryimage"},"image":{"@id":"https:\/\/argreen.com.br\/produto\/tubo-isolante-esponjoso-vix-blindado-1-2-branco\/#primaryimage"},"thumbnailUrl":"https:\/\/argreen.com.br\/wp-content\/uploads\/2025\/01\/Tubo-Isolante-Esponjoso.png","datePublished":"2025-01-08T18:17:13+00:00","dateModified":"2025-06-02T11:51:37+00:00","description":"O Tubo Isolante Esponjoso Vix Blindado 1\/2\" Branco \u00e9 fabricado em polietileno expandido, em diversos di\u00e2metros e espessuras. Promove a praticidade da instala\u00e7\u00e3o com excelente acabamento, podendo ser utilizado em novas ou em tubula\u00e7\u00f5es j\u00e1 existentes.","breadcrumb":{"@id":"https:\/\/argreen.com.br\/produto\/tubo-isolante-esponjoso-vix-blindado-1-2-branco\/#breadcrumb"},"inLanguage":"en-US","potentialAction":[{"@type":"ReadAction","target":["https:\/\/argreen.com.br\/produto\/tubo-isolante-esponjoso-vix-blindado-1-2-branco\/"]}]},{"@type":"ImageObject","inLanguage":"en-US","@id":"https:\/\/argreen.com.br\/produto\/tubo-isolante-esponjoso-vix-blindado-1-2-branco\/#primaryimage","url":"https:\/\/argreen.com.br\/wp-content\/uploads\/2025\/01\/Tubo-Isolante-Esponjoso.png","contentUrl":"https:\/\/argreen.com.br\/wp-content\/uploads\/2025\/01\/Tubo-Isolante-Esponjoso.png","width":500,"height":500},{"@type":"BreadcrumbList","@id":"https:\/\/argreen.com.br\/produto\/tubo-isolante-esponjoso-vix-blindado-1-2-branco\/#breadcrumb","itemListElement":[{"@type":"ListItem","position":1,"name":"In\u00edcio","item":"https:\/\/argreen.com.br\/"},{"@type":"ListItem","position":2,"name":"Cat\u00e1logo","item":"https:\/\/argreen.com.br\/catalogo\/"},{"@type":"ListItem","position":3,"name":"Tubo Isolante Esponjoso Vix Blindado 1\/2&#8243; Branco"}]},{"@type":"WebSite","@id":"https:\/\/argreen.com.br\/#website","url":"https:\/\/argreen.com.br\/","name":"Argreen","description":"Climatiza\u00e7\u00e3o &amp; Engenharia","publisher":{"@id":"https:\/\/argreen.com.br\/#organization"},"potentialAction":[{"@type":"SearchAction","target":{"@type":"EntryPoint","urlTemplate":"https:\/\/argreen.com.br\/?s={search_term_string}"},"query-input":{"@type":"PropertyValueSpecification","valueRequired":true,"valueName":"search_term_string"}}],"inLanguage":"en-US"},{"@type":"Organization","@id":"https:\/\/argreen.com.br\/#organization","name":"Argreen","url":"https:\/\/argreen.com.br\/","logo":{"@type":"ImageObject","inLanguage":"en-US","@id":"https:\/\/argreen.com.br\/#\/schema\/logo\/image\/","url":"https:\/\/argreen.com.br\/wp-content\/uploads\/2023\/06\/Logo-Argeen.png","contentUrl":"https:\/\/argreen.com.br\/wp-content\/uploads\/2023\/06\/Logo-Argeen.png","width":2248,"height":767,"caption":"Argreen"},"image":{"@id":"https:\/\/argreen.com.br\/#\/schema\/logo\/image\/"}}]}},"_links":{"self":[{"href":"https:\/\/argreen.com.br\/en\/wp-json\/wp\/v2\/product\/2883","targetHints":{"allow":["GET"]}}],"collection":[{"href":"https:\/\/argreen.com.br\/en\/wp-json\/wp\/v2\/product"}],"about":[{"href":"https:\/\/argreen.com.br\/en\/wp-json\/wp\/v2\/types\/product"}],"replies":[{"embeddable":true,"href":"https:\/\/argreen.com.br\/en\/wp-json\/wp\/v2\/comments?post=2883"}],"wp:featuredmedia":[{"embeddable":true,"href":"https:\/\/argreen.com.br\/en\/wp-json\/wp\/v2\/media\/2884"}],"wp:attachment":[{"href":"https:\/\/argreen.com.br\/en\/wp-json\/wp\/v2\/media?parent=2883"}],"wp:term":[{"taxonomy":"product_brand","embeddable":true,"href":"https:\/\/argreen.com.br\/en\/wp-json\/wp\/v2\/product_brand?post=2883"},{"taxonomy":"product_cat","embeddable":true,"href":"https:\/\/argreen.com.br\/en\/wp-json\/wp\/v2\/product_cat?post=2883"},{"taxonomy":"product_tag","embeddable":true,"href":"https:\/\/argreen.com.br\/en\/wp-json\/wp\/v2\/product_tag?post=2883"}],"curies":[{"name":"wp","href":"https:\/\/api.w.org\/{rel}","templated":true}]}}