{"id":2899,"date":"2025-01-13T08:33:52","date_gmt":"2025-01-13T11:33:52","guid":{"rendered":"https:\/\/argreen.com.br\/?post_type=product&#038;p=2899"},"modified":"2026-02-25T10:32:47","modified_gmt":"2026-02-25T13:32:47","slug":"abracadeiras-em-nylon-300-x-48mm-1000-unidades-cor-preto","status":"publish","type":"product","link":"https:\/\/argreen.com.br\/en\/product\/abracadeiras-em-nylon-300-x-48mm-1000-unidades-cor-preto\/","title":{"rendered":"Nylon Cable Ties 300 x 4.8mm Black"},"content":{"rendered":"","protected":false},"excerpt":{"rendered":"<div class=\"ui-pdp-container__row ui-pdp-container__row--highlighted-features-title\">\n<h2 class=\"ui-vpp-text-alignment--left ui-pdp-color--BLACK ui-pdp-size--XSMALL ui-pdp-family--SEMIBOLD highlighted-features-title\">O que voc\u00ea precisa saber sobre este produto<\/h2>\n<\/div>\n<div class=\"ui-pdp-container__row ui-pdp-container__row--highlighted-features\">\n<div class=\"ui-vpp-highlighted-specs__features\">\n<ul class=\"ui-vpp-highlighted-specs__features-list\">\n<li class=\"ui-vpp-highlighted-specs__features-list-item ui-pdp-color--BLACK ui-pdp-size--XSMALL ui-pdp-family--REGULAR\">Fabricadas em n\u00e1ilon.<\/li>\n<li class=\"ui-vpp-highlighted-specs__features-list-item ui-pdp-color--BLACK ui-pdp-size--XSMALL ui-pdp-family--REGULAR\">Est\u00e3o numeradas.<\/li>\n<li class=\"ui-vpp-highlighted-specs__features-list-item ui-pdp-color--BLACK ui-pdp-size--XSMALL ui-pdp-family--REGULAR\">Resistente aos raios UV.<\/li>\n<li>Tamanho: 300mm de comprimento e 4.8mm de largura.<\/li>\n<\/ul>\n<p><strong>Aten\u00e7\u00e3o valor da unidade!!!<\/strong><\/p>\n<\/div>\n<\/div>","protected":false},"featured_media":2901,"comment_status":"closed","ping_status":"closed","template":"","meta":[],"product_brand":[],"product_cat":[205,204,26],"product_tag":[],"class_list":{"0":"post-2899","1":"product","2":"type-product","3":"status-publish","4":"has-post-thumbnail","6":"product_cat-diversos","7":"product_cat-insumos","8":"product_cat-pecas","10":"first","11":"instock","12":"shipping-taxable","13":"purchasable","14":"product-type-simple"},"yoast_head":"<!-- This site is optimized with the Yoast SEO plugin v27.3 - https:\/\/yoast.com\/product\/yoast-seo-wordpress\/ -->\n<title>Abra\u00e7adeiras Em Nylon 300 X 4,8mm Cor Preto - Argreen<\/title>\n<meta name=\"robots\" content=\"index, follow, max-snippet:-1, max-image-preview:large, max-video-preview:-1\" \/>\n<link rel=\"canonical\" href=\"https:\/\/argreen.com.br\/en\/product\/abracadeiras-em-nylon-300-x-48mm-1000-unidades-cor-preto\/\" \/>\n<meta property=\"og:locale\" content=\"en_US\" \/>\n<meta property=\"og:type\" content=\"article\" \/>\n<meta property=\"og:title\" content=\"Abra\u00e7adeiras Em Nylon 300 X 4,8mm Cor Preto - Argreen\" \/>\n<meta property=\"og:description\" content=\"O que voc\u00ea precisa saber sobre este produto      Fabricadas em n\u00e1ilon.  Est\u00e3o numeradas.  Resistente aos raios UV.  Tamanho: 300mm de comprimento e 4.8mm de largura.  Aten\u00e7\u00e3o valor da unidade!!!\" \/>\n<meta property=\"og:url\" content=\"https:\/\/argreen.com.br\/en\/product\/abracadeiras-em-nylon-300-x-48mm-1000-unidades-cor-preto\/\" \/>\n<meta property=\"og:site_name\" content=\"Argreen\" \/>\n<meta property=\"article:modified_time\" content=\"2026-02-25T13:32:47+00:00\" \/>\n<meta property=\"og:image\" content=\"https:\/\/argreen.com.br\/wp-content\/uploads\/2025\/01\/Imagens-site-.png\" \/>\n\t<meta property=\"og:image:width\" content=\"500\" \/>\n\t<meta property=\"og:image:height\" content=\"500\" \/>\n\t<meta property=\"og:image:type\" content=\"image\/png\" \/>\n<script type=\"application\/ld+json\" class=\"yoast-schema-graph\">{\"@context\":\"https:\\\/\\\/schema.org\",\"@graph\":[{\"@type\":\"WebPage\",\"@id\":\"https:\\\/\\\/argreen.com.br\\\/produto\\\/abracadeiras-em-nylon-300-x-48mm-1000-unidades-cor-preto\\\/\",\"url\":\"https:\\\/\\\/argreen.com.br\\\/produto\\\/abracadeiras-em-nylon-300-x-48mm-1000-unidades-cor-preto\\\/\",\"name\":\"Abra\u00e7adeiras Em Nylon 300 X 4,8mm Cor Preto - Argreen\",\"isPartOf\":{\"@id\":\"https:\\\/\\\/argreen.com.br\\\/#website\"},\"primaryImageOfPage\":{\"@id\":\"https:\\\/\\\/argreen.com.br\\\/produto\\\/abracadeiras-em-nylon-300-x-48mm-1000-unidades-cor-preto\\\/#primaryimage\"},\"image\":{\"@id\":\"https:\\\/\\\/argreen.com.br\\\/produto\\\/abracadeiras-em-nylon-300-x-48mm-1000-unidades-cor-preto\\\/#primaryimage\"},\"thumbnailUrl\":\"https:\\\/\\\/argreen.com.br\\\/wp-content\\\/uploads\\\/2025\\\/01\\\/Imagens-site-.png\",\"datePublished\":\"2025-01-13T11:33:52+00:00\",\"dateModified\":\"2026-02-25T13:32:47+00:00\",\"breadcrumb\":{\"@id\":\"https:\\\/\\\/argreen.com.br\\\/produto\\\/abracadeiras-em-nylon-300-x-48mm-1000-unidades-cor-preto\\\/#breadcrumb\"},\"inLanguage\":\"en-US\",\"potentialAction\":[{\"@type\":\"ReadAction\",\"target\":[\"https:\\\/\\\/argreen.com.br\\\/produto\\\/abracadeiras-em-nylon-300-x-48mm-1000-unidades-cor-preto\\\/\"]}]},{\"@type\":\"ImageObject\",\"inLanguage\":\"en-US\",\"@id\":\"https:\\\/\\\/argreen.com.br\\\/produto\\\/abracadeiras-em-nylon-300-x-48mm-1000-unidades-cor-preto\\\/#primaryimage\",\"url\":\"https:\\\/\\\/argreen.com.br\\\/wp-content\\\/uploads\\\/2025\\\/01\\\/Imagens-site-.png\",\"contentUrl\":\"https:\\\/\\\/argreen.com.br\\\/wp-content\\\/uploads\\\/2025\\\/01\\\/Imagens-site-.png\",\"width\":500,\"height\":500},{\"@type\":\"BreadcrumbList\",\"@id\":\"https:\\\/\\\/argreen.com.br\\\/produto\\\/abracadeiras-em-nylon-300-x-48mm-1000-unidades-cor-preto\\\/#breadcrumb\",\"itemListElement\":[{\"@type\":\"ListItem\",\"position\":1,\"name\":\"In\u00edcio\",\"item\":\"https:\\\/\\\/argreen.com.br\\\/\"},{\"@type\":\"ListItem\",\"position\":2,\"name\":\"Cat\u00e1logo\",\"item\":\"https:\\\/\\\/argreen.com.br\\\/catalogo\\\/\"},{\"@type\":\"ListItem\",\"position\":3,\"name\":\"Abra\u00e7adeiras Em Nylon 300 X 4,8mm Cor Preto\"}]},{\"@type\":\"WebSite\",\"@id\":\"https:\\\/\\\/argreen.com.br\\\/#website\",\"url\":\"https:\\\/\\\/argreen.com.br\\\/\",\"name\":\"Argreen\",\"description\":\"Climatiza\u00e7\u00e3o &amp; Engenharia\",\"publisher\":{\"@id\":\"https:\\\/\\\/argreen.com.br\\\/#organization\"},\"potentialAction\":[{\"@type\":\"SearchAction\",\"target\":{\"@type\":\"EntryPoint\",\"urlTemplate\":\"https:\\\/\\\/argreen.com.br\\\/?s={search_term_string}\"},\"query-input\":{\"@type\":\"PropertyValueSpecification\",\"valueRequired\":true,\"valueName\":\"search_term_string\"}}],\"inLanguage\":\"en-US\"},{\"@type\":\"Organization\",\"@id\":\"https:\\\/\\\/argreen.com.br\\\/#organization\",\"name\":\"Argreen\",\"url\":\"https:\\\/\\\/argreen.com.br\\\/\",\"logo\":{\"@type\":\"ImageObject\",\"inLanguage\":\"en-US\",\"@id\":\"https:\\\/\\\/argreen.com.br\\\/#\\\/schema\\\/logo\\\/image\\\/\",\"url\":\"https:\\\/\\\/argreen.com.br\\\/wp-content\\\/uploads\\\/2023\\\/06\\\/Logo-Argeen.png\",\"contentUrl\":\"https:\\\/\\\/argreen.com.br\\\/wp-content\\\/uploads\\\/2023\\\/06\\\/Logo-Argeen.png\",\"width\":2248,\"height\":767,\"caption\":\"Argreen\"},\"image\":{\"@id\":\"https:\\\/\\\/argreen.com.br\\\/#\\\/schema\\\/logo\\\/image\\\/\"}}]}<\/script>\n<!-- \/ Yoast SEO plugin. -->","yoast_head_json":{"title":"Abra\u00e7adeiras Em Nylon 300 X 4,8mm Cor Preto - Argreen","robots":{"index":"index","follow":"follow","max-snippet":"max-snippet:-1","max-image-preview":"max-image-preview:large","max-video-preview":"max-video-preview:-1"},"canonical":"https:\/\/argreen.com.br\/en\/product\/abracadeiras-em-nylon-300-x-48mm-1000-unidades-cor-preto\/","og_locale":"en_US","og_type":"article","og_title":"Abra\u00e7adeiras Em Nylon 300 X 4,8mm Cor Preto - Argreen","og_description":"O que voc\u00ea precisa saber sobre este produto      Fabricadas em n\u00e1ilon.  Est\u00e3o numeradas.  Resistente aos raios UV.  Tamanho: 300mm de comprimento e 4.8mm de largura.  Aten\u00e7\u00e3o valor da unidade!!!","og_url":"https:\/\/argreen.com.br\/en\/product\/abracadeiras-em-nylon-300-x-48mm-1000-unidades-cor-preto\/","og_site_name":"Argreen","article_modified_time":"2026-02-25T13:32:47+00:00","og_image":[{"width":500,"height":500,"url":"https:\/\/argreen.com.br\/wp-content\/uploads\/2025\/01\/Imagens-site-.png","type":"image\/png"}],"schema":{"@context":"https:\/\/schema.org","@graph":[{"@type":"WebPage","@id":"https:\/\/argreen.com.br\/produto\/abracadeiras-em-nylon-300-x-48mm-1000-unidades-cor-preto\/","url":"https:\/\/argreen.com.br\/produto\/abracadeiras-em-nylon-300-x-48mm-1000-unidades-cor-preto\/","name":"Abra\u00e7adeiras Em Nylon 300 X 4,8mm Cor Preto - Argreen","isPartOf":{"@id":"https:\/\/argreen.com.br\/#website"},"primaryImageOfPage":{"@id":"https:\/\/argreen.com.br\/produto\/abracadeiras-em-nylon-300-x-48mm-1000-unidades-cor-preto\/#primaryimage"},"image":{"@id":"https:\/\/argreen.com.br\/produto\/abracadeiras-em-nylon-300-x-48mm-1000-unidades-cor-preto\/#primaryimage"},"thumbnailUrl":"https:\/\/argreen.com.br\/wp-content\/uploads\/2025\/01\/Imagens-site-.png","datePublished":"2025-01-13T11:33:52+00:00","dateModified":"2026-02-25T13:32:47+00:00","breadcrumb":{"@id":"https:\/\/argreen.com.br\/produto\/abracadeiras-em-nylon-300-x-48mm-1000-unidades-cor-preto\/#breadcrumb"},"inLanguage":"en-US","potentialAction":[{"@type":"ReadAction","target":["https:\/\/argreen.com.br\/produto\/abracadeiras-em-nylon-300-x-48mm-1000-unidades-cor-preto\/"]}]},{"@type":"ImageObject","inLanguage":"en-US","@id":"https:\/\/argreen.com.br\/produto\/abracadeiras-em-nylon-300-x-48mm-1000-unidades-cor-preto\/#primaryimage","url":"https:\/\/argreen.com.br\/wp-content\/uploads\/2025\/01\/Imagens-site-.png","contentUrl":"https:\/\/argreen.com.br\/wp-content\/uploads\/2025\/01\/Imagens-site-.png","width":500,"height":500},{"@type":"BreadcrumbList","@id":"https:\/\/argreen.com.br\/produto\/abracadeiras-em-nylon-300-x-48mm-1000-unidades-cor-preto\/#breadcrumb","itemListElement":[{"@type":"ListItem","position":1,"name":"In\u00edcio","item":"https:\/\/argreen.com.br\/"},{"@type":"ListItem","position":2,"name":"Cat\u00e1logo","item":"https:\/\/argreen.com.br\/catalogo\/"},{"@type":"ListItem","position":3,"name":"Abra\u00e7adeiras Em Nylon 300 X 4,8mm Cor Preto"}]},{"@type":"WebSite","@id":"https:\/\/argreen.com.br\/#website","url":"https:\/\/argreen.com.br\/","name":"Argreen","description":"Climatiza\u00e7\u00e3o &amp; Engenharia","publisher":{"@id":"https:\/\/argreen.com.br\/#organization"},"potentialAction":[{"@type":"SearchAction","target":{"@type":"EntryPoint","urlTemplate":"https:\/\/argreen.com.br\/?s={search_term_string}"},"query-input":{"@type":"PropertyValueSpecification","valueRequired":true,"valueName":"search_term_string"}}],"inLanguage":"en-US"},{"@type":"Organization","@id":"https:\/\/argreen.com.br\/#organization","name":"Argreen","url":"https:\/\/argreen.com.br\/","logo":{"@type":"ImageObject","inLanguage":"en-US","@id":"https:\/\/argreen.com.br\/#\/schema\/logo\/image\/","url":"https:\/\/argreen.com.br\/wp-content\/uploads\/2023\/06\/Logo-Argeen.png","contentUrl":"https:\/\/argreen.com.br\/wp-content\/uploads\/2023\/06\/Logo-Argeen.png","width":2248,"height":767,"caption":"Argreen"},"image":{"@id":"https:\/\/argreen.com.br\/#\/schema\/logo\/image\/"}}]}},"_links":{"self":[{"href":"https:\/\/argreen.com.br\/en\/wp-json\/wp\/v2\/product\/2899","targetHints":{"allow":["GET"]}}],"collection":[{"href":"https:\/\/argreen.com.br\/en\/wp-json\/wp\/v2\/product"}],"about":[{"href":"https:\/\/argreen.com.br\/en\/wp-json\/wp\/v2\/types\/product"}],"replies":[{"embeddable":true,"href":"https:\/\/argreen.com.br\/en\/wp-json\/wp\/v2\/comments?post=2899"}],"wp:featuredmedia":[{"embeddable":true,"href":"https:\/\/argreen.com.br\/en\/wp-json\/wp\/v2\/media\/2901"}],"wp:attachment":[{"href":"https:\/\/argreen.com.br\/en\/wp-json\/wp\/v2\/media?parent=2899"}],"wp:term":[{"taxonomy":"product_brand","embeddable":true,"href":"https:\/\/argreen.com.br\/en\/wp-json\/wp\/v2\/product_brand?post=2899"},{"taxonomy":"product_cat","embeddable":true,"href":"https:\/\/argreen.com.br\/en\/wp-json\/wp\/v2\/product_cat?post=2899"},{"taxonomy":"product_tag","embeddable":true,"href":"https:\/\/argreen.com.br\/en\/wp-json\/wp\/v2\/product_tag?post=2899"}],"curies":[{"name":"wp","href":"https:\/\/api.w.org\/{rel}","templated":true}]}}