{"id":2904,"date":"2025-01-13T10:20:26","date_gmt":"2025-01-13T13:20:26","guid":{"rendered":"https:\/\/argreen.com.br\/?post_type=product&#038;p=2904"},"modified":"2025-06-02T08:50:35","modified_gmt":"2025-06-02T11:50:35","slug":"compressor-rotativo-rechi-12-000-btu-h-220v-60hz-r22","status":"publish","type":"product","link":"https:\/\/argreen.com.br\/en\/product\/compressor-rotativo-rechi-12-000-btu-h-220v-60hz-r22\/","title":{"rendered":"Rechi Rotary Compressor 12,000 Btu\/h 220V 60Hz R22"},"content":{"rendered":"<p>Marca RECHI: Fundada em 1989, a RECHI fabrica compressores de primeira classe e tem trabalhado ativamente no desenvolvimento de sua cren\u00e7a de &#8220;qualidade em primeiro lugar&#8221;, &#8220;qualidade precede&#8221; e &#8220;qualidade sempre&#8221;.<\/p>\n<p>&#8211; Alta efici\u00eancia energ\u00e9tica aliada a um baixo n\u00edvel de ru\u00eddo, garantindo baixo custo de opera\u00e7\u00e3o e funcionamento suave a progressivo;<br \/>\n&#8211; possui menos componentes que outros tipos de tecnologias de compress\u00e3o, oferecendo uma op\u00e7\u00e3o eficiente para v\u00e1rias aplica\u00e7\u00f5es;<br \/>\n&#8211; utiliza a a\u00e7\u00e3o rotativa de um cilindro contido em uma c\u00e2mara de mesmo formato para fazer a compress\u00e3o do g\u00e1s refrigerante.<\/p>\n<p>ESTE PRODUTO \u00c9 SUBMETIDO A TESTE DE FUNCIONAMENTO ANTES DO ENVIO. POR ISSO, SUA GARANTIA SOMENTE \u00c9 CONCEDIDA PARA DEFEITOS DE FABRICA\u00c7\u00c3O COMPROVADOS AP\u00d3S AN\u00c1LISE F\u00cdSICA E T\u00c9CNICA.<\/p>","protected":false},"excerpt":{"rendered":"<p>DISPON\u00cdVEL APENAS POR VENDA PELO WHATSAPP, CONTATE-NOS!<\/p>","protected":false},"featured_media":2905,"comment_status":"closed","ping_status":"closed","template":"","meta":[],"product_brand":[],"product_cat":[47,205],"product_tag":[],"class_list":{"0":"post-2904","1":"product","2":"type-product","3":"status-publish","4":"has-post-thumbnail","6":"product_cat-compressor","7":"product_cat-diversos","9":"first","10":"instock","11":"shipping-taxable","12":"product-type-simple"},"yoast_head":"<!-- This site is optimized with the Yoast SEO plugin v27.3 - https:\/\/yoast.com\/product\/yoast-seo-wordpress\/ -->\n<title>Compressor Rotativo Rechi 12.000 Btu\/h 220V 60Hz R22 - Argreen<\/title>\n<meta name=\"robots\" content=\"index, follow, max-snippet:-1, max-image-preview:large, max-video-preview:-1\" \/>\n<link rel=\"canonical\" href=\"https:\/\/argreen.com.br\/en\/product\/compressor-rotativo-rechi-12-000-btu-h-220v-60hz-r22\/\" \/>\n<meta property=\"og:locale\" content=\"en_US\" \/>\n<meta property=\"og:type\" content=\"article\" \/>\n<meta property=\"og:title\" content=\"Compressor Rotativo Rechi 12.000 Btu\/h 220V 60Hz R22 - Argreen\" \/>\n<meta property=\"og:description\" content=\"DISPON\u00cdVEL APENAS POR VENDA PELO WHATSAPP, CONTATE-NOS!\" \/>\n<meta property=\"og:url\" content=\"https:\/\/argreen.com.br\/en\/product\/compressor-rotativo-rechi-12-000-btu-h-220v-60hz-r22\/\" \/>\n<meta property=\"og:site_name\" content=\"Argreen\" \/>\n<meta property=\"article:modified_time\" content=\"2025-06-02T11:50:35+00:00\" \/>\n<meta property=\"og:image\" content=\"https:\/\/argreen.com.br\/wp-content\/uploads\/2025\/01\/Imagens-site-2.png\" \/>\n\t<meta property=\"og:image:width\" content=\"500\" \/>\n\t<meta property=\"og:image:height\" content=\"500\" \/>\n\t<meta property=\"og:image:type\" content=\"image\/png\" \/>\n<script type=\"application\/ld+json\" class=\"yoast-schema-graph\">{\"@context\":\"https:\\\/\\\/schema.org\",\"@graph\":[{\"@type\":\"WebPage\",\"@id\":\"https:\\\/\\\/argreen.com.br\\\/produto\\\/compressor-rotativo-rechi-12-000-btu-h-220v-60hz-r22\\\/\",\"url\":\"https:\\\/\\\/argreen.com.br\\\/produto\\\/compressor-rotativo-rechi-12-000-btu-h-220v-60hz-r22\\\/\",\"name\":\"Compressor Rotativo Rechi 12.000 Btu\\\/h 220V 60Hz R22 - Argreen\",\"isPartOf\":{\"@id\":\"https:\\\/\\\/argreen.com.br\\\/#website\"},\"primaryImageOfPage\":{\"@id\":\"https:\\\/\\\/argreen.com.br\\\/produto\\\/compressor-rotativo-rechi-12-000-btu-h-220v-60hz-r22\\\/#primaryimage\"},\"image\":{\"@id\":\"https:\\\/\\\/argreen.com.br\\\/produto\\\/compressor-rotativo-rechi-12-000-btu-h-220v-60hz-r22\\\/#primaryimage\"},\"thumbnailUrl\":\"https:\\\/\\\/argreen.com.br\\\/wp-content\\\/uploads\\\/2025\\\/01\\\/Imagens-site-2.png\",\"datePublished\":\"2025-01-13T13:20:26+00:00\",\"dateModified\":\"2025-06-02T11:50:35+00:00\",\"breadcrumb\":{\"@id\":\"https:\\\/\\\/argreen.com.br\\\/produto\\\/compressor-rotativo-rechi-12-000-btu-h-220v-60hz-r22\\\/#breadcrumb\"},\"inLanguage\":\"en-US\",\"potentialAction\":[{\"@type\":\"ReadAction\",\"target\":[\"https:\\\/\\\/argreen.com.br\\\/produto\\\/compressor-rotativo-rechi-12-000-btu-h-220v-60hz-r22\\\/\"]}]},{\"@type\":\"ImageObject\",\"inLanguage\":\"en-US\",\"@id\":\"https:\\\/\\\/argreen.com.br\\\/produto\\\/compressor-rotativo-rechi-12-000-btu-h-220v-60hz-r22\\\/#primaryimage\",\"url\":\"https:\\\/\\\/argreen.com.br\\\/wp-content\\\/uploads\\\/2025\\\/01\\\/Imagens-site-2.png\",\"contentUrl\":\"https:\\\/\\\/argreen.com.br\\\/wp-content\\\/uploads\\\/2025\\\/01\\\/Imagens-site-2.png\",\"width\":500,\"height\":500},{\"@type\":\"BreadcrumbList\",\"@id\":\"https:\\\/\\\/argreen.com.br\\\/produto\\\/compressor-rotativo-rechi-12-000-btu-h-220v-60hz-r22\\\/#breadcrumb\",\"itemListElement\":[{\"@type\":\"ListItem\",\"position\":1,\"name\":\"In\u00edcio\",\"item\":\"https:\\\/\\\/argreen.com.br\\\/\"},{\"@type\":\"ListItem\",\"position\":2,\"name\":\"Cat\u00e1logo\",\"item\":\"https:\\\/\\\/argreen.com.br\\\/catalogo\\\/\"},{\"@type\":\"ListItem\",\"position\":3,\"name\":\"Compressor Rotativo Rechi 12.000 Btu\\\/h 220V 60Hz R22\"}]},{\"@type\":\"WebSite\",\"@id\":\"https:\\\/\\\/argreen.com.br\\\/#website\",\"url\":\"https:\\\/\\\/argreen.com.br\\\/\",\"name\":\"Argreen\",\"description\":\"Climatiza\u00e7\u00e3o &amp; Engenharia\",\"publisher\":{\"@id\":\"https:\\\/\\\/argreen.com.br\\\/#organization\"},\"potentialAction\":[{\"@type\":\"SearchAction\",\"target\":{\"@type\":\"EntryPoint\",\"urlTemplate\":\"https:\\\/\\\/argreen.com.br\\\/?s={search_term_string}\"},\"query-input\":{\"@type\":\"PropertyValueSpecification\",\"valueRequired\":true,\"valueName\":\"search_term_string\"}}],\"inLanguage\":\"en-US\"},{\"@type\":\"Organization\",\"@id\":\"https:\\\/\\\/argreen.com.br\\\/#organization\",\"name\":\"Argreen\",\"url\":\"https:\\\/\\\/argreen.com.br\\\/\",\"logo\":{\"@type\":\"ImageObject\",\"inLanguage\":\"en-US\",\"@id\":\"https:\\\/\\\/argreen.com.br\\\/#\\\/schema\\\/logo\\\/image\\\/\",\"url\":\"https:\\\/\\\/argreen.com.br\\\/wp-content\\\/uploads\\\/2023\\\/06\\\/Logo-Argeen.png\",\"contentUrl\":\"https:\\\/\\\/argreen.com.br\\\/wp-content\\\/uploads\\\/2023\\\/06\\\/Logo-Argeen.png\",\"width\":2248,\"height\":767,\"caption\":\"Argreen\"},\"image\":{\"@id\":\"https:\\\/\\\/argreen.com.br\\\/#\\\/schema\\\/logo\\\/image\\\/\"}}]}<\/script>\n<!-- \/ Yoast SEO plugin. -->","yoast_head_json":{"title":"Compressor Rotativo Rechi 12.000 Btu\/h 220V 60Hz R22 - Argreen","robots":{"index":"index","follow":"follow","max-snippet":"max-snippet:-1","max-image-preview":"max-image-preview:large","max-video-preview":"max-video-preview:-1"},"canonical":"https:\/\/argreen.com.br\/en\/product\/compressor-rotativo-rechi-12-000-btu-h-220v-60hz-r22\/","og_locale":"en_US","og_type":"article","og_title":"Compressor Rotativo Rechi 12.000 Btu\/h 220V 60Hz R22 - Argreen","og_description":"DISPON\u00cdVEL APENAS POR VENDA PELO WHATSAPP, CONTATE-NOS!","og_url":"https:\/\/argreen.com.br\/en\/product\/compressor-rotativo-rechi-12-000-btu-h-220v-60hz-r22\/","og_site_name":"Argreen","article_modified_time":"2025-06-02T11:50:35+00:00","og_image":[{"width":500,"height":500,"url":"https:\/\/argreen.com.br\/wp-content\/uploads\/2025\/01\/Imagens-site-2.png","type":"image\/png"}],"schema":{"@context":"https:\/\/schema.org","@graph":[{"@type":"WebPage","@id":"https:\/\/argreen.com.br\/produto\/compressor-rotativo-rechi-12-000-btu-h-220v-60hz-r22\/","url":"https:\/\/argreen.com.br\/produto\/compressor-rotativo-rechi-12-000-btu-h-220v-60hz-r22\/","name":"Compressor Rotativo Rechi 12.000 Btu\/h 220V 60Hz R22 - Argreen","isPartOf":{"@id":"https:\/\/argreen.com.br\/#website"},"primaryImageOfPage":{"@id":"https:\/\/argreen.com.br\/produto\/compressor-rotativo-rechi-12-000-btu-h-220v-60hz-r22\/#primaryimage"},"image":{"@id":"https:\/\/argreen.com.br\/produto\/compressor-rotativo-rechi-12-000-btu-h-220v-60hz-r22\/#primaryimage"},"thumbnailUrl":"https:\/\/argreen.com.br\/wp-content\/uploads\/2025\/01\/Imagens-site-2.png","datePublished":"2025-01-13T13:20:26+00:00","dateModified":"2025-06-02T11:50:35+00:00","breadcrumb":{"@id":"https:\/\/argreen.com.br\/produto\/compressor-rotativo-rechi-12-000-btu-h-220v-60hz-r22\/#breadcrumb"},"inLanguage":"en-US","potentialAction":[{"@type":"ReadAction","target":["https:\/\/argreen.com.br\/produto\/compressor-rotativo-rechi-12-000-btu-h-220v-60hz-r22\/"]}]},{"@type":"ImageObject","inLanguage":"en-US","@id":"https:\/\/argreen.com.br\/produto\/compressor-rotativo-rechi-12-000-btu-h-220v-60hz-r22\/#primaryimage","url":"https:\/\/argreen.com.br\/wp-content\/uploads\/2025\/01\/Imagens-site-2.png","contentUrl":"https:\/\/argreen.com.br\/wp-content\/uploads\/2025\/01\/Imagens-site-2.png","width":500,"height":500},{"@type":"BreadcrumbList","@id":"https:\/\/argreen.com.br\/produto\/compressor-rotativo-rechi-12-000-btu-h-220v-60hz-r22\/#breadcrumb","itemListElement":[{"@type":"ListItem","position":1,"name":"In\u00edcio","item":"https:\/\/argreen.com.br\/"},{"@type":"ListItem","position":2,"name":"Cat\u00e1logo","item":"https:\/\/argreen.com.br\/catalogo\/"},{"@type":"ListItem","position":3,"name":"Compressor Rotativo Rechi 12.000 Btu\/h 220V 60Hz R22"}]},{"@type":"WebSite","@id":"https:\/\/argreen.com.br\/#website","url":"https:\/\/argreen.com.br\/","name":"Argreen","description":"Climatiza\u00e7\u00e3o &amp; Engenharia","publisher":{"@id":"https:\/\/argreen.com.br\/#organization"},"potentialAction":[{"@type":"SearchAction","target":{"@type":"EntryPoint","urlTemplate":"https:\/\/argreen.com.br\/?s={search_term_string}"},"query-input":{"@type":"PropertyValueSpecification","valueRequired":true,"valueName":"search_term_string"}}],"inLanguage":"en-US"},{"@type":"Organization","@id":"https:\/\/argreen.com.br\/#organization","name":"Argreen","url":"https:\/\/argreen.com.br\/","logo":{"@type":"ImageObject","inLanguage":"en-US","@id":"https:\/\/argreen.com.br\/#\/schema\/logo\/image\/","url":"https:\/\/argreen.com.br\/wp-content\/uploads\/2023\/06\/Logo-Argeen.png","contentUrl":"https:\/\/argreen.com.br\/wp-content\/uploads\/2023\/06\/Logo-Argeen.png","width":2248,"height":767,"caption":"Argreen"},"image":{"@id":"https:\/\/argreen.com.br\/#\/schema\/logo\/image\/"}}]}},"_links":{"self":[{"href":"https:\/\/argreen.com.br\/en\/wp-json\/wp\/v2\/product\/2904","targetHints":{"allow":["GET"]}}],"collection":[{"href":"https:\/\/argreen.com.br\/en\/wp-json\/wp\/v2\/product"}],"about":[{"href":"https:\/\/argreen.com.br\/en\/wp-json\/wp\/v2\/types\/product"}],"replies":[{"embeddable":true,"href":"https:\/\/argreen.com.br\/en\/wp-json\/wp\/v2\/comments?post=2904"}],"wp:featuredmedia":[{"embeddable":true,"href":"https:\/\/argreen.com.br\/en\/wp-json\/wp\/v2\/media\/2905"}],"wp:attachment":[{"href":"https:\/\/argreen.com.br\/en\/wp-json\/wp\/v2\/media?parent=2904"}],"wp:term":[{"taxonomy":"product_brand","embeddable":true,"href":"https:\/\/argreen.com.br\/en\/wp-json\/wp\/v2\/product_brand?post=2904"},{"taxonomy":"product_cat","embeddable":true,"href":"https:\/\/argreen.com.br\/en\/wp-json\/wp\/v2\/product_cat?post=2904"},{"taxonomy":"product_tag","embeddable":true,"href":"https:\/\/argreen.com.br\/en\/wp-json\/wp\/v2\/product_tag?post=2904"}],"curies":[{"name":"wp","href":"https:\/\/api.w.org\/{rel}","templated":true}]}}