{"id":2906,"date":"2025-01-13T11:02:45","date_gmt":"2025-01-13T14:02:45","guid":{"rendered":"https:\/\/argreen.com.br\/?post_type=product&#038;p=2906"},"modified":"2025-06-02T08:50:29","modified_gmt":"2025-06-02T11:50:29","slug":"compressor-rotativo-tecumseh-9-000-btus-r410a-220v-para-split-convencional","status":"publish","type":"product","link":"https:\/\/argreen.com.br\/en\/product\/compressor-rotativo-tecumseh-9-000-btus-r410a-220v-para-split-convencional\/","title":{"rendered":"Tecumseh 9,000 Btus R410A 220V Rotary Compressor (Conventional Split)"},"content":{"rendered":"<p>&#8211; devido ao seu design, precisa de 40% menos espa\u00e7o para a instala\u00e7\u00e3o e pesa 25% menos, mantendo maior rendimento e efici\u00eancia;<br \/>\n&#8211; utiliza a a\u00e7\u00e3o rotativa de um cilindro contido em uma c\u00e2mara de mesmo formato para fazer a compress\u00e3o do g\u00e1s refrigerante;<br \/>\n&#8211; os compressores rotativos, em seu design, possuem menos componentes que outros tipos de tecnologias de compress\u00e3o e oferecem uma op\u00e7\u00e3o eficiente para v\u00e1rias aplica\u00e7\u00f5es;<br \/>\n&#8211; possui alta efici\u00eancia energ\u00e9tica aliado com baixo n\u00edvel de ru\u00eddo, garantindo baixo custo de opera\u00e7\u00e3o e funcionamento suave a progressivo;<br \/>\n&#8211; acompanham os p\u00e9s de borracha.<\/p>\n<p>ESTE PRODUTO \u00c9 SUBMETIDO A TESTE DE FUNCIONAMENTO ANTES DO ENVIO. POR ISSO, SUA GARANTIA SOMENTE \u00c9 CONCEDIDA PARA DEFEITOS DE FABRICA\u00c7\u00c3O COMPROVADOS APOS AN\u00c1LISE F\u00cdSICA E T\u00c9CNICA.<\/p>","protected":false},"excerpt":{"rendered":"<p>DISPON\u00cdVEL APENAS POR VENDA PELO WHATSAPP, CONTATE-NOS!<\/p>","protected":false},"featured_media":2908,"comment_status":"closed","ping_status":"closed","template":"","meta":[],"product_brand":[],"product_cat":[47,205],"product_tag":[],"class_list":{"0":"post-2906","1":"product","2":"type-product","3":"status-publish","4":"has-post-thumbnail","6":"product_cat-compressor","7":"product_cat-diversos","9":"first","10":"instock","11":"shipping-taxable","12":"product-type-simple"},"yoast_head":"<!-- This site is optimized with the Yoast SEO plugin v27.3 - https:\/\/yoast.com\/product\/yoast-seo-wordpress\/ -->\n<title>Compressor Rotativo Tecumseh 9.000 Btus R410A 220V (Split Convencional) - Argreen<\/title>\n<meta name=\"description\" content=\"Geralmente utilizado em equipamentos de ar condicionado split 9.000 Btus que utilizam o R410A\" \/>\n<meta name=\"robots\" content=\"index, follow, max-snippet:-1, max-image-preview:large, max-video-preview:-1\" \/>\n<link rel=\"canonical\" href=\"https:\/\/argreen.com.br\/en\/product\/compressor-rotativo-tecumseh-9-000-btus-r410a-220v-para-split-convencional\/\" \/>\n<meta property=\"og:locale\" content=\"en_US\" \/>\n<meta property=\"og:type\" content=\"article\" \/>\n<meta property=\"og:title\" content=\"Compressor Rotativo Tecumseh 9.000 Btus R410A 220V (Split Convencional) - Argreen\" \/>\n<meta property=\"og:description\" content=\"Geralmente utilizado em equipamentos de ar condicionado split 9.000 Btus que utilizam o R410A\" \/>\n<meta property=\"og:url\" content=\"https:\/\/argreen.com.br\/en\/product\/compressor-rotativo-tecumseh-9-000-btus-r410a-220v-para-split-convencional\/\" \/>\n<meta property=\"og:site_name\" content=\"Argreen\" \/>\n<meta property=\"article:modified_time\" content=\"2025-06-02T11:50:29+00:00\" \/>\n<meta property=\"og:image\" content=\"https:\/\/argreen.com.br\/wp-content\/uploads\/2025\/01\/Imagens-site-4.png\" \/>\n\t<meta property=\"og:image:width\" content=\"500\" \/>\n\t<meta property=\"og:image:height\" content=\"500\" \/>\n\t<meta property=\"og:image:type\" content=\"image\/png\" \/>\n<script type=\"application\/ld+json\" class=\"yoast-schema-graph\">{\"@context\":\"https:\\\/\\\/schema.org\",\"@graph\":[{\"@type\":\"WebPage\",\"@id\":\"https:\\\/\\\/argreen.com.br\\\/produto\\\/compressor-rotativo-tecumseh-9-000-btus-r410a-220v-para-split-convencional\\\/\",\"url\":\"https:\\\/\\\/argreen.com.br\\\/produto\\\/compressor-rotativo-tecumseh-9-000-btus-r410a-220v-para-split-convencional\\\/\",\"name\":\"Compressor Rotativo Tecumseh 9.000 Btus R410A 220V (Split Convencional) - Argreen\",\"isPartOf\":{\"@id\":\"https:\\\/\\\/argreen.com.br\\\/#website\"},\"primaryImageOfPage\":{\"@id\":\"https:\\\/\\\/argreen.com.br\\\/produto\\\/compressor-rotativo-tecumseh-9-000-btus-r410a-220v-para-split-convencional\\\/#primaryimage\"},\"image\":{\"@id\":\"https:\\\/\\\/argreen.com.br\\\/produto\\\/compressor-rotativo-tecumseh-9-000-btus-r410a-220v-para-split-convencional\\\/#primaryimage\"},\"thumbnailUrl\":\"https:\\\/\\\/argreen.com.br\\\/wp-content\\\/uploads\\\/2025\\\/01\\\/Imagens-site-4.png\",\"datePublished\":\"2025-01-13T14:02:45+00:00\",\"dateModified\":\"2025-06-02T11:50:29+00:00\",\"description\":\"Geralmente utilizado em equipamentos de ar condicionado split 9.000 Btus que utilizam o R410A\",\"breadcrumb\":{\"@id\":\"https:\\\/\\\/argreen.com.br\\\/produto\\\/compressor-rotativo-tecumseh-9-000-btus-r410a-220v-para-split-convencional\\\/#breadcrumb\"},\"inLanguage\":\"en-US\",\"potentialAction\":[{\"@type\":\"ReadAction\",\"target\":[\"https:\\\/\\\/argreen.com.br\\\/produto\\\/compressor-rotativo-tecumseh-9-000-btus-r410a-220v-para-split-convencional\\\/\"]}]},{\"@type\":\"ImageObject\",\"inLanguage\":\"en-US\",\"@id\":\"https:\\\/\\\/argreen.com.br\\\/produto\\\/compressor-rotativo-tecumseh-9-000-btus-r410a-220v-para-split-convencional\\\/#primaryimage\",\"url\":\"https:\\\/\\\/argreen.com.br\\\/wp-content\\\/uploads\\\/2025\\\/01\\\/Imagens-site-4.png\",\"contentUrl\":\"https:\\\/\\\/argreen.com.br\\\/wp-content\\\/uploads\\\/2025\\\/01\\\/Imagens-site-4.png\",\"width\":500,\"height\":500},{\"@type\":\"BreadcrumbList\",\"@id\":\"https:\\\/\\\/argreen.com.br\\\/produto\\\/compressor-rotativo-tecumseh-9-000-btus-r410a-220v-para-split-convencional\\\/#breadcrumb\",\"itemListElement\":[{\"@type\":\"ListItem\",\"position\":1,\"name\":\"In\u00edcio\",\"item\":\"https:\\\/\\\/argreen.com.br\\\/\"},{\"@type\":\"ListItem\",\"position\":2,\"name\":\"Cat\u00e1logo\",\"item\":\"https:\\\/\\\/argreen.com.br\\\/catalogo\\\/\"},{\"@type\":\"ListItem\",\"position\":3,\"name\":\"Compressor Rotativo Tecumseh 9.000 Btus R410A 220V (Split Convencional)\"}]},{\"@type\":\"WebSite\",\"@id\":\"https:\\\/\\\/argreen.com.br\\\/#website\",\"url\":\"https:\\\/\\\/argreen.com.br\\\/\",\"name\":\"Argreen\",\"description\":\"Climatiza\u00e7\u00e3o &amp; Engenharia\",\"publisher\":{\"@id\":\"https:\\\/\\\/argreen.com.br\\\/#organization\"},\"potentialAction\":[{\"@type\":\"SearchAction\",\"target\":{\"@type\":\"EntryPoint\",\"urlTemplate\":\"https:\\\/\\\/argreen.com.br\\\/?s={search_term_string}\"},\"query-input\":{\"@type\":\"PropertyValueSpecification\",\"valueRequired\":true,\"valueName\":\"search_term_string\"}}],\"inLanguage\":\"en-US\"},{\"@type\":\"Organization\",\"@id\":\"https:\\\/\\\/argreen.com.br\\\/#organization\",\"name\":\"Argreen\",\"url\":\"https:\\\/\\\/argreen.com.br\\\/\",\"logo\":{\"@type\":\"ImageObject\",\"inLanguage\":\"en-US\",\"@id\":\"https:\\\/\\\/argreen.com.br\\\/#\\\/schema\\\/logo\\\/image\\\/\",\"url\":\"https:\\\/\\\/argreen.com.br\\\/wp-content\\\/uploads\\\/2023\\\/06\\\/Logo-Argeen.png\",\"contentUrl\":\"https:\\\/\\\/argreen.com.br\\\/wp-content\\\/uploads\\\/2023\\\/06\\\/Logo-Argeen.png\",\"width\":2248,\"height\":767,\"caption\":\"Argreen\"},\"image\":{\"@id\":\"https:\\\/\\\/argreen.com.br\\\/#\\\/schema\\\/logo\\\/image\\\/\"}}]}<\/script>\n<!-- \/ Yoast SEO plugin. -->","yoast_head_json":{"title":"Compressor Rotativo Tecumseh 9.000 Btus R410A 220V (Split Convencional) - Argreen","description":"Geralmente utilizado em equipamentos de ar condicionado split 9.000 Btus que utilizam o R410A","robots":{"index":"index","follow":"follow","max-snippet":"max-snippet:-1","max-image-preview":"max-image-preview:large","max-video-preview":"max-video-preview:-1"},"canonical":"https:\/\/argreen.com.br\/en\/product\/compressor-rotativo-tecumseh-9-000-btus-r410a-220v-para-split-convencional\/","og_locale":"en_US","og_type":"article","og_title":"Compressor Rotativo Tecumseh 9.000 Btus R410A 220V (Split Convencional) - Argreen","og_description":"Geralmente utilizado em equipamentos de ar condicionado split 9.000 Btus que utilizam o R410A","og_url":"https:\/\/argreen.com.br\/en\/product\/compressor-rotativo-tecumseh-9-000-btus-r410a-220v-para-split-convencional\/","og_site_name":"Argreen","article_modified_time":"2025-06-02T11:50:29+00:00","og_image":[{"width":500,"height":500,"url":"https:\/\/argreen.com.br\/wp-content\/uploads\/2025\/01\/Imagens-site-4.png","type":"image\/png"}],"schema":{"@context":"https:\/\/schema.org","@graph":[{"@type":"WebPage","@id":"https:\/\/argreen.com.br\/produto\/compressor-rotativo-tecumseh-9-000-btus-r410a-220v-para-split-convencional\/","url":"https:\/\/argreen.com.br\/produto\/compressor-rotativo-tecumseh-9-000-btus-r410a-220v-para-split-convencional\/","name":"Compressor Rotativo Tecumseh 9.000 Btus R410A 220V (Split Convencional) - Argreen","isPartOf":{"@id":"https:\/\/argreen.com.br\/#website"},"primaryImageOfPage":{"@id":"https:\/\/argreen.com.br\/produto\/compressor-rotativo-tecumseh-9-000-btus-r410a-220v-para-split-convencional\/#primaryimage"},"image":{"@id":"https:\/\/argreen.com.br\/produto\/compressor-rotativo-tecumseh-9-000-btus-r410a-220v-para-split-convencional\/#primaryimage"},"thumbnailUrl":"https:\/\/argreen.com.br\/wp-content\/uploads\/2025\/01\/Imagens-site-4.png","datePublished":"2025-01-13T14:02:45+00:00","dateModified":"2025-06-02T11:50:29+00:00","description":"Geralmente utilizado em equipamentos de ar condicionado split 9.000 Btus que utilizam o R410A","breadcrumb":{"@id":"https:\/\/argreen.com.br\/produto\/compressor-rotativo-tecumseh-9-000-btus-r410a-220v-para-split-convencional\/#breadcrumb"},"inLanguage":"en-US","potentialAction":[{"@type":"ReadAction","target":["https:\/\/argreen.com.br\/produto\/compressor-rotativo-tecumseh-9-000-btus-r410a-220v-para-split-convencional\/"]}]},{"@type":"ImageObject","inLanguage":"en-US","@id":"https:\/\/argreen.com.br\/produto\/compressor-rotativo-tecumseh-9-000-btus-r410a-220v-para-split-convencional\/#primaryimage","url":"https:\/\/argreen.com.br\/wp-content\/uploads\/2025\/01\/Imagens-site-4.png","contentUrl":"https:\/\/argreen.com.br\/wp-content\/uploads\/2025\/01\/Imagens-site-4.png","width":500,"height":500},{"@type":"BreadcrumbList","@id":"https:\/\/argreen.com.br\/produto\/compressor-rotativo-tecumseh-9-000-btus-r410a-220v-para-split-convencional\/#breadcrumb","itemListElement":[{"@type":"ListItem","position":1,"name":"In\u00edcio","item":"https:\/\/argreen.com.br\/"},{"@type":"ListItem","position":2,"name":"Cat\u00e1logo","item":"https:\/\/argreen.com.br\/catalogo\/"},{"@type":"ListItem","position":3,"name":"Compressor Rotativo Tecumseh 9.000 Btus R410A 220V (Split Convencional)"}]},{"@type":"WebSite","@id":"https:\/\/argreen.com.br\/#website","url":"https:\/\/argreen.com.br\/","name":"Argreen","description":"Climatiza\u00e7\u00e3o &amp; Engenharia","publisher":{"@id":"https:\/\/argreen.com.br\/#organization"},"potentialAction":[{"@type":"SearchAction","target":{"@type":"EntryPoint","urlTemplate":"https:\/\/argreen.com.br\/?s={search_term_string}"},"query-input":{"@type":"PropertyValueSpecification","valueRequired":true,"valueName":"search_term_string"}}],"inLanguage":"en-US"},{"@type":"Organization","@id":"https:\/\/argreen.com.br\/#organization","name":"Argreen","url":"https:\/\/argreen.com.br\/","logo":{"@type":"ImageObject","inLanguage":"en-US","@id":"https:\/\/argreen.com.br\/#\/schema\/logo\/image\/","url":"https:\/\/argreen.com.br\/wp-content\/uploads\/2023\/06\/Logo-Argeen.png","contentUrl":"https:\/\/argreen.com.br\/wp-content\/uploads\/2023\/06\/Logo-Argeen.png","width":2248,"height":767,"caption":"Argreen"},"image":{"@id":"https:\/\/argreen.com.br\/#\/schema\/logo\/image\/"}}]}},"_links":{"self":[{"href":"https:\/\/argreen.com.br\/en\/wp-json\/wp\/v2\/product\/2906","targetHints":{"allow":["GET"]}}],"collection":[{"href":"https:\/\/argreen.com.br\/en\/wp-json\/wp\/v2\/product"}],"about":[{"href":"https:\/\/argreen.com.br\/en\/wp-json\/wp\/v2\/types\/product"}],"replies":[{"embeddable":true,"href":"https:\/\/argreen.com.br\/en\/wp-json\/wp\/v2\/comments?post=2906"}],"wp:featuredmedia":[{"embeddable":true,"href":"https:\/\/argreen.com.br\/en\/wp-json\/wp\/v2\/media\/2908"}],"wp:attachment":[{"href":"https:\/\/argreen.com.br\/en\/wp-json\/wp\/v2\/media?parent=2906"}],"wp:term":[{"taxonomy":"product_brand","embeddable":true,"href":"https:\/\/argreen.com.br\/en\/wp-json\/wp\/v2\/product_brand?post=2906"},{"taxonomy":"product_cat","embeddable":true,"href":"https:\/\/argreen.com.br\/en\/wp-json\/wp\/v2\/product_cat?post=2906"},{"taxonomy":"product_tag","embeddable":true,"href":"https:\/\/argreen.com.br\/en\/wp-json\/wp\/v2\/product_tag?post=2906"}],"curies":[{"name":"wp","href":"https:\/\/api.w.org\/{rel}","templated":true}]}}