{"id":2920,"date":"2025-01-14T11:04:38","date_gmt":"2025-01-14T14:04:38","guid":{"rendered":"https:\/\/argreen.com.br\/?post_type=product&#038;p=2920"},"modified":"2025-06-02T09:27:54","modified_gmt":"2025-06-02T12:27:54","slug":"fita-eletrica-de-alta-tensao-auto-fusao-23br-19mm-x-10-mt","status":"publish","type":"product","link":"https:\/\/argreen.com.br\/en\/product\/fita-eletrica-de-alta-tensao-auto-fusao-23br-19mm-x-10-mt\/","title":{"rendered":"High Voltage Self-Fusing Electrical Tape 23br 19mm x 10m"},"content":{"rendered":"<p>FITA EL\u00c9TRICA DE ALTA TENS\u00c3O (AUTOFUS\u00c3O) 23BR 19MM X 10MTs<\/p>\n<p>FINALIDADE:<br \/>\nAs fitas autofus\u00e3o de borracha foram projetadas para serem usadas em emendas e termina\u00e7\u00f5es de fios e cabos com op\u00e7\u00f5es nominais de at\u00e9 69 kV. Elas t\u00eam propriedades f\u00edsicas e el\u00e9tricas excelentes e s\u00e3o ideais para adicionar prote\u00e7\u00e3o contra umidade e revestimento para conex\u00f5es e cabos el\u00e9tricos.<\/p>\n<p>CLASSE DE TEMPERATURA:<br \/>\n105\u202f\u00b0C<\/p>\n<p>COMPOSI\u00c7\u00c3O:<br \/>\nFita \u00e0 base de borracha de etileno-propileno (EPR), formulada para autofus\u00e3o no momento da aplica\u00e7\u00e3o<\/p>\n<p>MARCA:<br \/>\nScotch (3M).<\/p>\n<p>ITENS INCLUSO:<br \/>\n&#8211; 1 PC FITA EL\u00c9TRICA DE ALTA TENS\u00c3O (AUTOFUS\u00c3O) 23BR 19MM X 10MTs<\/p>","protected":false},"excerpt":{"rendered":"<p>Marca: Scotch<\/p>\n<p>Modelo: 23BR<\/p>\n<p>Comprimento x Largura: 10 m x 19 mm<\/p>\n<p>Formato de venda: Unidade<\/p>\n<p>Quantidade de kits: 1<\/p>","protected":false},"featured_media":2921,"comment_status":"closed","ping_status":"closed","template":"","meta":[],"product_brand":[],"product_cat":[205,204,26],"product_tag":[],"class_list":{"0":"post-2920","1":"product","2":"type-product","3":"status-publish","4":"has-post-thumbnail","6":"product_cat-diversos","7":"product_cat-insumos","8":"product_cat-pecas","10":"first","11":"instock","12":"shipping-taxable","13":"purchasable","14":"product-type-simple"},"yoast_head":"<!-- This site is optimized with the Yoast SEO plugin v27.3 - https:\/\/yoast.com\/product\/yoast-seo-wordpress\/ -->\n<title>Fita Eletrica De Alta Tens\u00e3o Auto Fus\u00e3o 23br 19mm X 10 Mt - Argreen<\/title>\n<meta name=\"robots\" content=\"index, follow, max-snippet:-1, max-image-preview:large, max-video-preview:-1\" \/>\n<link rel=\"canonical\" href=\"https:\/\/argreen.com.br\/en\/product\/fita-eletrica-de-alta-tensao-auto-fusao-23br-19mm-x-10-mt\/\" \/>\n<meta property=\"og:locale\" content=\"en_US\" \/>\n<meta property=\"og:type\" content=\"article\" \/>\n<meta property=\"og:title\" content=\"Fita Eletrica De Alta Tens\u00e3o Auto Fus\u00e3o 23br 19mm X 10 Mt - Argreen\" \/>\n<meta property=\"og:description\" content=\"Marca: Scotch  Modelo: 23BR  Comprimento x Largura: 10 m x 19 mm  Formato de venda: Unidade  Quantidade de kits: 1\" \/>\n<meta property=\"og:url\" content=\"https:\/\/argreen.com.br\/en\/product\/fita-eletrica-de-alta-tensao-auto-fusao-23br-19mm-x-10-mt\/\" \/>\n<meta property=\"og:site_name\" content=\"Argreen\" \/>\n<meta property=\"article:modified_time\" content=\"2025-06-02T12:27:54+00:00\" \/>\n<meta property=\"og:image\" content=\"https:\/\/argreen.com.br\/wp-content\/uploads\/2025\/01\/Imagens-site-9.png\" \/>\n\t<meta property=\"og:image:width\" content=\"500\" \/>\n\t<meta property=\"og:image:height\" content=\"500\" \/>\n\t<meta property=\"og:image:type\" content=\"image\/png\" \/>\n<script type=\"application\/ld+json\" class=\"yoast-schema-graph\">{\"@context\":\"https:\\\/\\\/schema.org\",\"@graph\":[{\"@type\":\"WebPage\",\"@id\":\"https:\\\/\\\/argreen.com.br\\\/produto\\\/fita-eletrica-de-alta-tensao-auto-fusao-23br-19mm-x-10-mt\\\/\",\"url\":\"https:\\\/\\\/argreen.com.br\\\/produto\\\/fita-eletrica-de-alta-tensao-auto-fusao-23br-19mm-x-10-mt\\\/\",\"name\":\"Fita Eletrica De Alta Tens\u00e3o Auto Fus\u00e3o 23br 19mm X 10 Mt - Argreen\",\"isPartOf\":{\"@id\":\"https:\\\/\\\/argreen.com.br\\\/#website\"},\"primaryImageOfPage\":{\"@id\":\"https:\\\/\\\/argreen.com.br\\\/produto\\\/fita-eletrica-de-alta-tensao-auto-fusao-23br-19mm-x-10-mt\\\/#primaryimage\"},\"image\":{\"@id\":\"https:\\\/\\\/argreen.com.br\\\/produto\\\/fita-eletrica-de-alta-tensao-auto-fusao-23br-19mm-x-10-mt\\\/#primaryimage\"},\"thumbnailUrl\":\"https:\\\/\\\/argreen.com.br\\\/wp-content\\\/uploads\\\/2025\\\/01\\\/Imagens-site-9.png\",\"datePublished\":\"2025-01-14T14:04:38+00:00\",\"dateModified\":\"2025-06-02T12:27:54+00:00\",\"breadcrumb\":{\"@id\":\"https:\\\/\\\/argreen.com.br\\\/produto\\\/fita-eletrica-de-alta-tensao-auto-fusao-23br-19mm-x-10-mt\\\/#breadcrumb\"},\"inLanguage\":\"en-US\",\"potentialAction\":[{\"@type\":\"ReadAction\",\"target\":[\"https:\\\/\\\/argreen.com.br\\\/produto\\\/fita-eletrica-de-alta-tensao-auto-fusao-23br-19mm-x-10-mt\\\/\"]}]},{\"@type\":\"ImageObject\",\"inLanguage\":\"en-US\",\"@id\":\"https:\\\/\\\/argreen.com.br\\\/produto\\\/fita-eletrica-de-alta-tensao-auto-fusao-23br-19mm-x-10-mt\\\/#primaryimage\",\"url\":\"https:\\\/\\\/argreen.com.br\\\/wp-content\\\/uploads\\\/2025\\\/01\\\/Imagens-site-9.png\",\"contentUrl\":\"https:\\\/\\\/argreen.com.br\\\/wp-content\\\/uploads\\\/2025\\\/01\\\/Imagens-site-9.png\",\"width\":500,\"height\":500},{\"@type\":\"BreadcrumbList\",\"@id\":\"https:\\\/\\\/argreen.com.br\\\/produto\\\/fita-eletrica-de-alta-tensao-auto-fusao-23br-19mm-x-10-mt\\\/#breadcrumb\",\"itemListElement\":[{\"@type\":\"ListItem\",\"position\":1,\"name\":\"In\u00edcio\",\"item\":\"https:\\\/\\\/argreen.com.br\\\/\"},{\"@type\":\"ListItem\",\"position\":2,\"name\":\"Cat\u00e1logo\",\"item\":\"https:\\\/\\\/argreen.com.br\\\/catalogo\\\/\"},{\"@type\":\"ListItem\",\"position\":3,\"name\":\"Fita Eletrica De Alta Tens\u00e3o Auto Fus\u00e3o 23br 19mm X 10 Mt\"}]},{\"@type\":\"WebSite\",\"@id\":\"https:\\\/\\\/argreen.com.br\\\/#website\",\"url\":\"https:\\\/\\\/argreen.com.br\\\/\",\"name\":\"Argreen\",\"description\":\"Climatiza\u00e7\u00e3o &amp; Engenharia\",\"publisher\":{\"@id\":\"https:\\\/\\\/argreen.com.br\\\/#organization\"},\"potentialAction\":[{\"@type\":\"SearchAction\",\"target\":{\"@type\":\"EntryPoint\",\"urlTemplate\":\"https:\\\/\\\/argreen.com.br\\\/?s={search_term_string}\"},\"query-input\":{\"@type\":\"PropertyValueSpecification\",\"valueRequired\":true,\"valueName\":\"search_term_string\"}}],\"inLanguage\":\"en-US\"},{\"@type\":\"Organization\",\"@id\":\"https:\\\/\\\/argreen.com.br\\\/#organization\",\"name\":\"Argreen\",\"url\":\"https:\\\/\\\/argreen.com.br\\\/\",\"logo\":{\"@type\":\"ImageObject\",\"inLanguage\":\"en-US\",\"@id\":\"https:\\\/\\\/argreen.com.br\\\/#\\\/schema\\\/logo\\\/image\\\/\",\"url\":\"https:\\\/\\\/argreen.com.br\\\/wp-content\\\/uploads\\\/2023\\\/06\\\/Logo-Argeen.png\",\"contentUrl\":\"https:\\\/\\\/argreen.com.br\\\/wp-content\\\/uploads\\\/2023\\\/06\\\/Logo-Argeen.png\",\"width\":2248,\"height\":767,\"caption\":\"Argreen\"},\"image\":{\"@id\":\"https:\\\/\\\/argreen.com.br\\\/#\\\/schema\\\/logo\\\/image\\\/\"}}]}<\/script>\n<!-- \/ Yoast SEO plugin. -->","yoast_head_json":{"title":"Fita Eletrica De Alta Tens\u00e3o Auto Fus\u00e3o 23br 19mm X 10 Mt - Argreen","robots":{"index":"index","follow":"follow","max-snippet":"max-snippet:-1","max-image-preview":"max-image-preview:large","max-video-preview":"max-video-preview:-1"},"canonical":"https:\/\/argreen.com.br\/en\/product\/fita-eletrica-de-alta-tensao-auto-fusao-23br-19mm-x-10-mt\/","og_locale":"en_US","og_type":"article","og_title":"Fita Eletrica De Alta Tens\u00e3o Auto Fus\u00e3o 23br 19mm X 10 Mt - Argreen","og_description":"Marca: Scotch  Modelo: 23BR  Comprimento x Largura: 10 m x 19 mm  Formato de venda: Unidade  Quantidade de kits: 1","og_url":"https:\/\/argreen.com.br\/en\/product\/fita-eletrica-de-alta-tensao-auto-fusao-23br-19mm-x-10-mt\/","og_site_name":"Argreen","article_modified_time":"2025-06-02T12:27:54+00:00","og_image":[{"width":500,"height":500,"url":"https:\/\/argreen.com.br\/wp-content\/uploads\/2025\/01\/Imagens-site-9.png","type":"image\/png"}],"schema":{"@context":"https:\/\/schema.org","@graph":[{"@type":"WebPage","@id":"https:\/\/argreen.com.br\/produto\/fita-eletrica-de-alta-tensao-auto-fusao-23br-19mm-x-10-mt\/","url":"https:\/\/argreen.com.br\/produto\/fita-eletrica-de-alta-tensao-auto-fusao-23br-19mm-x-10-mt\/","name":"Fita Eletrica De Alta Tens\u00e3o Auto Fus\u00e3o 23br 19mm X 10 Mt - Argreen","isPartOf":{"@id":"https:\/\/argreen.com.br\/#website"},"primaryImageOfPage":{"@id":"https:\/\/argreen.com.br\/produto\/fita-eletrica-de-alta-tensao-auto-fusao-23br-19mm-x-10-mt\/#primaryimage"},"image":{"@id":"https:\/\/argreen.com.br\/produto\/fita-eletrica-de-alta-tensao-auto-fusao-23br-19mm-x-10-mt\/#primaryimage"},"thumbnailUrl":"https:\/\/argreen.com.br\/wp-content\/uploads\/2025\/01\/Imagens-site-9.png","datePublished":"2025-01-14T14:04:38+00:00","dateModified":"2025-06-02T12:27:54+00:00","breadcrumb":{"@id":"https:\/\/argreen.com.br\/produto\/fita-eletrica-de-alta-tensao-auto-fusao-23br-19mm-x-10-mt\/#breadcrumb"},"inLanguage":"en-US","potentialAction":[{"@type":"ReadAction","target":["https:\/\/argreen.com.br\/produto\/fita-eletrica-de-alta-tensao-auto-fusao-23br-19mm-x-10-mt\/"]}]},{"@type":"ImageObject","inLanguage":"en-US","@id":"https:\/\/argreen.com.br\/produto\/fita-eletrica-de-alta-tensao-auto-fusao-23br-19mm-x-10-mt\/#primaryimage","url":"https:\/\/argreen.com.br\/wp-content\/uploads\/2025\/01\/Imagens-site-9.png","contentUrl":"https:\/\/argreen.com.br\/wp-content\/uploads\/2025\/01\/Imagens-site-9.png","width":500,"height":500},{"@type":"BreadcrumbList","@id":"https:\/\/argreen.com.br\/produto\/fita-eletrica-de-alta-tensao-auto-fusao-23br-19mm-x-10-mt\/#breadcrumb","itemListElement":[{"@type":"ListItem","position":1,"name":"In\u00edcio","item":"https:\/\/argreen.com.br\/"},{"@type":"ListItem","position":2,"name":"Cat\u00e1logo","item":"https:\/\/argreen.com.br\/catalogo\/"},{"@type":"ListItem","position":3,"name":"Fita Eletrica De Alta Tens\u00e3o Auto Fus\u00e3o 23br 19mm X 10 Mt"}]},{"@type":"WebSite","@id":"https:\/\/argreen.com.br\/#website","url":"https:\/\/argreen.com.br\/","name":"Argreen","description":"Climatiza\u00e7\u00e3o &amp; Engenharia","publisher":{"@id":"https:\/\/argreen.com.br\/#organization"},"potentialAction":[{"@type":"SearchAction","target":{"@type":"EntryPoint","urlTemplate":"https:\/\/argreen.com.br\/?s={search_term_string}"},"query-input":{"@type":"PropertyValueSpecification","valueRequired":true,"valueName":"search_term_string"}}],"inLanguage":"en-US"},{"@type":"Organization","@id":"https:\/\/argreen.com.br\/#organization","name":"Argreen","url":"https:\/\/argreen.com.br\/","logo":{"@type":"ImageObject","inLanguage":"en-US","@id":"https:\/\/argreen.com.br\/#\/schema\/logo\/image\/","url":"https:\/\/argreen.com.br\/wp-content\/uploads\/2023\/06\/Logo-Argeen.png","contentUrl":"https:\/\/argreen.com.br\/wp-content\/uploads\/2023\/06\/Logo-Argeen.png","width":2248,"height":767,"caption":"Argreen"},"image":{"@id":"https:\/\/argreen.com.br\/#\/schema\/logo\/image\/"}}]}},"_links":{"self":[{"href":"https:\/\/argreen.com.br\/en\/wp-json\/wp\/v2\/product\/2920","targetHints":{"allow":["GET"]}}],"collection":[{"href":"https:\/\/argreen.com.br\/en\/wp-json\/wp\/v2\/product"}],"about":[{"href":"https:\/\/argreen.com.br\/en\/wp-json\/wp\/v2\/types\/product"}],"replies":[{"embeddable":true,"href":"https:\/\/argreen.com.br\/en\/wp-json\/wp\/v2\/comments?post=2920"}],"wp:featuredmedia":[{"embeddable":true,"href":"https:\/\/argreen.com.br\/en\/wp-json\/wp\/v2\/media\/2921"}],"wp:attachment":[{"href":"https:\/\/argreen.com.br\/en\/wp-json\/wp\/v2\/media?parent=2920"}],"wp:term":[{"taxonomy":"product_brand","embeddable":true,"href":"https:\/\/argreen.com.br\/en\/wp-json\/wp\/v2\/product_brand?post=2920"},{"taxonomy":"product_cat","embeddable":true,"href":"https:\/\/argreen.com.br\/en\/wp-json\/wp\/v2\/product_cat?post=2920"},{"taxonomy":"product_tag","embeddable":true,"href":"https:\/\/argreen.com.br\/en\/wp-json\/wp\/v2\/product_tag?post=2920"}],"curies":[{"name":"wp","href":"https:\/\/api.w.org\/{rel}","templated":true}]}}