{"id":2949,"date":"2025-01-16T11:45:33","date_gmt":"2025-01-16T14:45:33","guid":{"rendered":"https:\/\/argreen.com.br\/?post_type=product&#038;p=2949"},"modified":"2026-04-06T08:51:31","modified_gmt":"2026-04-06T11:51:31","slug":"bomba-de-transvasagem-de-oleo-manual-com-mangueira","status":"publish","type":"product","link":"https:\/\/argreen.com.br\/en\/product\/bomba-de-transvasagem-de-oleo-manual-com-mangueira\/","title":{"rendered":"BOMBA DE TRANSVASAGEM DE OLEO MANUAL COM MANGUEIRA"},"content":{"rendered":"<p><strong>Caracter\u00edsticas do Produto<\/strong><\/p>\n<p>&#8211; Remove \u00f3leo a partir do equipamento de forma r\u00e1pida e eficiente;<br \/>&#8211; utilizado tanto para remover como para adicionar \u00f3leo em um sistema de refrigera\u00e7\u00e3o sob press\u00e3o de g\u00e1s refrigerante;<br \/>&#8211; mangueira de sif\u00e3o que permite a remo\u00e7\u00e3o do \u00f3leo velho evitando o excesso de carga;<br \/>&#8211;\u00a0permite o bombeamento de \u00f3leo diretamente a partir de recipiente, mantendo o \u00f3leo livre de umidade e sujeira;<br \/>&#8211; possibilidade de manter a bomba\u00a0montada no recipiente de \u00f3leo durante o armazenamento;<br \/>&#8211; compat\u00edvel com todas as marcas de\u00a0\u00f3leo refrigerante;<br \/>&#8211; uso profissional;<br \/>&#8211; acompanha mangueira.<\/p>","protected":false},"excerpt":{"rendered":"<h4 class=\"group Especificacoes-Tecnicas\">Especifica\u00e7\u00f5es T\u00e9cnicas<\/h4>\n<p>Modelo: PCO-1<br \/>Press\u00e3o m\u00e1xima: 200psi<br \/>Conex\u00e3o mangueira: 1\/4\u2033 SAE<br \/>Capacidade m\u00e1xima de bombeamento por acionamento: 50ml<br \/>Comprimento total aproximado: 41cm<\/p>","protected":false},"featured_media":4618,"comment_status":"closed","ping_status":"closed","template":"","meta":[],"product_brand":[],"product_cat":[205,204],"product_tag":[],"class_list":{"0":"post-2949","1":"product","2":"type-product","3":"status-publish","4":"has-post-thumbnail","6":"product_cat-diversos","7":"product_cat-insumos","9":"first","10":"instock","11":"shipping-taxable","12":"purchasable","13":"product-type-simple"},"yoast_head":"<!-- This site is optimized with the Yoast SEO plugin v27.3 - https:\/\/yoast.com\/product\/yoast-seo-wordpress\/ -->\n<title>BOMBA DE TRANSVASAGEM DE OLEO MANUAL COM MANGUEIRA - Argreen<\/title>\n<meta name=\"robots\" content=\"index, follow, max-snippet:-1, max-image-preview:large, max-video-preview:-1\" \/>\n<link rel=\"canonical\" href=\"https:\/\/argreen.com.br\/en\/product\/bomba-de-transvasagem-de-oleo-manual-com-mangueira\/\" \/>\n<meta property=\"og:locale\" content=\"en_US\" \/>\n<meta property=\"og:type\" content=\"article\" \/>\n<meta property=\"og:title\" content=\"BOMBA DE TRANSVASAGEM DE OLEO MANUAL COM MANGUEIRA - Argreen\" \/>\n<meta property=\"og:description\" content=\"Especifica\u00e7\u00f5es T\u00e9cnicas Modelo: PCO-1Press\u00e3o m\u00e1xima: 200psiConex\u00e3o mangueira: 1\/4\u2033 SAECapacidade m\u00e1xima de bombeamento por acionamento: 50mlComprimento total aproximado: 41cm\" \/>\n<meta property=\"og:url\" content=\"https:\/\/argreen.com.br\/en\/product\/bomba-de-transvasagem-de-oleo-manual-com-mangueira\/\" \/>\n<meta property=\"og:site_name\" content=\"Argreen\" \/>\n<meta property=\"article:modified_time\" content=\"2026-04-06T11:51:31+00:00\" \/>\n<meta property=\"og:image\" content=\"https:\/\/argreen.com.br\/wp-content\/uploads\/2026\/04\/15515188276-bomba-de-transvagem-1.png\" \/>\n\t<meta property=\"og:image:width\" content=\"500\" \/>\n\t<meta property=\"og:image:height\" content=\"500\" \/>\n\t<meta property=\"og:image:type\" content=\"image\/png\" \/>\n<script type=\"application\/ld+json\" class=\"yoast-schema-graph\">{\"@context\":\"https:\\\/\\\/schema.org\",\"@graph\":[{\"@type\":\"WebPage\",\"@id\":\"https:\\\/\\\/argreen.com.br\\\/produto\\\/bomba-de-transvasagem-de-oleo-manual-com-mangueira\\\/\",\"url\":\"https:\\\/\\\/argreen.com.br\\\/produto\\\/bomba-de-transvasagem-de-oleo-manual-com-mangueira\\\/\",\"name\":\"BOMBA DE TRANSVASAGEM DE OLEO MANUAL COM MANGUEIRA - Argreen\",\"isPartOf\":{\"@id\":\"https:\\\/\\\/argreen.com.br\\\/#website\"},\"primaryImageOfPage\":{\"@id\":\"https:\\\/\\\/argreen.com.br\\\/produto\\\/bomba-de-transvasagem-de-oleo-manual-com-mangueira\\\/#primaryimage\"},\"image\":{\"@id\":\"https:\\\/\\\/argreen.com.br\\\/produto\\\/bomba-de-transvasagem-de-oleo-manual-com-mangueira\\\/#primaryimage\"},\"thumbnailUrl\":\"https:\\\/\\\/argreen.com.br\\\/wp-content\\\/uploads\\\/2026\\\/04\\\/15515188276-bomba-de-transvagem-1.png\",\"datePublished\":\"2025-01-16T14:45:33+00:00\",\"dateModified\":\"2026-04-06T11:51:31+00:00\",\"breadcrumb\":{\"@id\":\"https:\\\/\\\/argreen.com.br\\\/produto\\\/bomba-de-transvasagem-de-oleo-manual-com-mangueira\\\/#breadcrumb\"},\"inLanguage\":\"en-US\",\"potentialAction\":[{\"@type\":\"ReadAction\",\"target\":[\"https:\\\/\\\/argreen.com.br\\\/produto\\\/bomba-de-transvasagem-de-oleo-manual-com-mangueira\\\/\"]}]},{\"@type\":\"ImageObject\",\"inLanguage\":\"en-US\",\"@id\":\"https:\\\/\\\/argreen.com.br\\\/produto\\\/bomba-de-transvasagem-de-oleo-manual-com-mangueira\\\/#primaryimage\",\"url\":\"https:\\\/\\\/argreen.com.br\\\/wp-content\\\/uploads\\\/2026\\\/04\\\/15515188276-bomba-de-transvagem-1.png\",\"contentUrl\":\"https:\\\/\\\/argreen.com.br\\\/wp-content\\\/uploads\\\/2026\\\/04\\\/15515188276-bomba-de-transvagem-1.png\",\"width\":500,\"height\":500},{\"@type\":\"BreadcrumbList\",\"@id\":\"https:\\\/\\\/argreen.com.br\\\/produto\\\/bomba-de-transvasagem-de-oleo-manual-com-mangueira\\\/#breadcrumb\",\"itemListElement\":[{\"@type\":\"ListItem\",\"position\":1,\"name\":\"In\u00edcio\",\"item\":\"https:\\\/\\\/argreen.com.br\\\/\"},{\"@type\":\"ListItem\",\"position\":2,\"name\":\"Cat\u00e1logo\",\"item\":\"https:\\\/\\\/argreen.com.br\\\/catalogo\\\/\"},{\"@type\":\"ListItem\",\"position\":3,\"name\":\"BOMBA DE TRANSVASAGEM DE OLEO MANUAL COM MANGUEIRA\"}]},{\"@type\":\"WebSite\",\"@id\":\"https:\\\/\\\/argreen.com.br\\\/#website\",\"url\":\"https:\\\/\\\/argreen.com.br\\\/\",\"name\":\"Argreen\",\"description\":\"Climatiza\u00e7\u00e3o &amp; Engenharia\",\"publisher\":{\"@id\":\"https:\\\/\\\/argreen.com.br\\\/#organization\"},\"potentialAction\":[{\"@type\":\"SearchAction\",\"target\":{\"@type\":\"EntryPoint\",\"urlTemplate\":\"https:\\\/\\\/argreen.com.br\\\/?s={search_term_string}\"},\"query-input\":{\"@type\":\"PropertyValueSpecification\",\"valueRequired\":true,\"valueName\":\"search_term_string\"}}],\"inLanguage\":\"en-US\"},{\"@type\":\"Organization\",\"@id\":\"https:\\\/\\\/argreen.com.br\\\/#organization\",\"name\":\"Argreen\",\"url\":\"https:\\\/\\\/argreen.com.br\\\/\",\"logo\":{\"@type\":\"ImageObject\",\"inLanguage\":\"en-US\",\"@id\":\"https:\\\/\\\/argreen.com.br\\\/#\\\/schema\\\/logo\\\/image\\\/\",\"url\":\"https:\\\/\\\/argreen.com.br\\\/wp-content\\\/uploads\\\/2023\\\/06\\\/Logo-Argeen.png\",\"contentUrl\":\"https:\\\/\\\/argreen.com.br\\\/wp-content\\\/uploads\\\/2023\\\/06\\\/Logo-Argeen.png\",\"width\":2248,\"height\":767,\"caption\":\"Argreen\"},\"image\":{\"@id\":\"https:\\\/\\\/argreen.com.br\\\/#\\\/schema\\\/logo\\\/image\\\/\"}}]}<\/script>\n<!-- \/ Yoast SEO plugin. -->","yoast_head_json":{"title":"BOMBA DE TRANSVASAGEM DE OLEO MANUAL COM MANGUEIRA - Argreen","robots":{"index":"index","follow":"follow","max-snippet":"max-snippet:-1","max-image-preview":"max-image-preview:large","max-video-preview":"max-video-preview:-1"},"canonical":"https:\/\/argreen.com.br\/en\/product\/bomba-de-transvasagem-de-oleo-manual-com-mangueira\/","og_locale":"en_US","og_type":"article","og_title":"BOMBA DE TRANSVASAGEM DE OLEO MANUAL COM MANGUEIRA - Argreen","og_description":"Especifica\u00e7\u00f5es T\u00e9cnicas Modelo: PCO-1Press\u00e3o m\u00e1xima: 200psiConex\u00e3o mangueira: 1\/4\u2033 SAECapacidade m\u00e1xima de bombeamento por acionamento: 50mlComprimento total aproximado: 41cm","og_url":"https:\/\/argreen.com.br\/en\/product\/bomba-de-transvasagem-de-oleo-manual-com-mangueira\/","og_site_name":"Argreen","article_modified_time":"2026-04-06T11:51:31+00:00","og_image":[{"width":500,"height":500,"url":"https:\/\/argreen.com.br\/wp-content\/uploads\/2026\/04\/15515188276-bomba-de-transvagem-1.png","type":"image\/png"}],"schema":{"@context":"https:\/\/schema.org","@graph":[{"@type":"WebPage","@id":"https:\/\/argreen.com.br\/produto\/bomba-de-transvasagem-de-oleo-manual-com-mangueira\/","url":"https:\/\/argreen.com.br\/produto\/bomba-de-transvasagem-de-oleo-manual-com-mangueira\/","name":"BOMBA DE TRANSVASAGEM DE OLEO MANUAL COM MANGUEIRA - Argreen","isPartOf":{"@id":"https:\/\/argreen.com.br\/#website"},"primaryImageOfPage":{"@id":"https:\/\/argreen.com.br\/produto\/bomba-de-transvasagem-de-oleo-manual-com-mangueira\/#primaryimage"},"image":{"@id":"https:\/\/argreen.com.br\/produto\/bomba-de-transvasagem-de-oleo-manual-com-mangueira\/#primaryimage"},"thumbnailUrl":"https:\/\/argreen.com.br\/wp-content\/uploads\/2026\/04\/15515188276-bomba-de-transvagem-1.png","datePublished":"2025-01-16T14:45:33+00:00","dateModified":"2026-04-06T11:51:31+00:00","breadcrumb":{"@id":"https:\/\/argreen.com.br\/produto\/bomba-de-transvasagem-de-oleo-manual-com-mangueira\/#breadcrumb"},"inLanguage":"en-US","potentialAction":[{"@type":"ReadAction","target":["https:\/\/argreen.com.br\/produto\/bomba-de-transvasagem-de-oleo-manual-com-mangueira\/"]}]},{"@type":"ImageObject","inLanguage":"en-US","@id":"https:\/\/argreen.com.br\/produto\/bomba-de-transvasagem-de-oleo-manual-com-mangueira\/#primaryimage","url":"https:\/\/argreen.com.br\/wp-content\/uploads\/2026\/04\/15515188276-bomba-de-transvagem-1.png","contentUrl":"https:\/\/argreen.com.br\/wp-content\/uploads\/2026\/04\/15515188276-bomba-de-transvagem-1.png","width":500,"height":500},{"@type":"BreadcrumbList","@id":"https:\/\/argreen.com.br\/produto\/bomba-de-transvasagem-de-oleo-manual-com-mangueira\/#breadcrumb","itemListElement":[{"@type":"ListItem","position":1,"name":"In\u00edcio","item":"https:\/\/argreen.com.br\/"},{"@type":"ListItem","position":2,"name":"Cat\u00e1logo","item":"https:\/\/argreen.com.br\/catalogo\/"},{"@type":"ListItem","position":3,"name":"BOMBA DE TRANSVASAGEM DE OLEO MANUAL COM MANGUEIRA"}]},{"@type":"WebSite","@id":"https:\/\/argreen.com.br\/#website","url":"https:\/\/argreen.com.br\/","name":"Argreen","description":"Climatiza\u00e7\u00e3o &amp; Engenharia","publisher":{"@id":"https:\/\/argreen.com.br\/#organization"},"potentialAction":[{"@type":"SearchAction","target":{"@type":"EntryPoint","urlTemplate":"https:\/\/argreen.com.br\/?s={search_term_string}"},"query-input":{"@type":"PropertyValueSpecification","valueRequired":true,"valueName":"search_term_string"}}],"inLanguage":"en-US"},{"@type":"Organization","@id":"https:\/\/argreen.com.br\/#organization","name":"Argreen","url":"https:\/\/argreen.com.br\/","logo":{"@type":"ImageObject","inLanguage":"en-US","@id":"https:\/\/argreen.com.br\/#\/schema\/logo\/image\/","url":"https:\/\/argreen.com.br\/wp-content\/uploads\/2023\/06\/Logo-Argeen.png","contentUrl":"https:\/\/argreen.com.br\/wp-content\/uploads\/2023\/06\/Logo-Argeen.png","width":2248,"height":767,"caption":"Argreen"},"image":{"@id":"https:\/\/argreen.com.br\/#\/schema\/logo\/image\/"}}]}},"_links":{"self":[{"href":"https:\/\/argreen.com.br\/en\/wp-json\/wp\/v2\/product\/2949","targetHints":{"allow":["GET"]}}],"collection":[{"href":"https:\/\/argreen.com.br\/en\/wp-json\/wp\/v2\/product"}],"about":[{"href":"https:\/\/argreen.com.br\/en\/wp-json\/wp\/v2\/types\/product"}],"replies":[{"embeddable":true,"href":"https:\/\/argreen.com.br\/en\/wp-json\/wp\/v2\/comments?post=2949"}],"wp:featuredmedia":[{"embeddable":true,"href":"https:\/\/argreen.com.br\/en\/wp-json\/wp\/v2\/media\/4618"}],"wp:attachment":[{"href":"https:\/\/argreen.com.br\/en\/wp-json\/wp\/v2\/media?parent=2949"}],"wp:term":[{"taxonomy":"product_brand","embeddable":true,"href":"https:\/\/argreen.com.br\/en\/wp-json\/wp\/v2\/product_brand?post=2949"},{"taxonomy":"product_cat","embeddable":true,"href":"https:\/\/argreen.com.br\/en\/wp-json\/wp\/v2\/product_cat?post=2949"},{"taxonomy":"product_tag","embeddable":true,"href":"https:\/\/argreen.com.br\/en\/wp-json\/wp\/v2\/product_tag?post=2949"}],"curies":[{"name":"wp","href":"https:\/\/api.w.org\/{rel}","templated":true}]}}