{"id":2995,"date":"2025-01-21T17:33:39","date_gmt":"2025-01-21T20:33:39","guid":{"rendered":"https:\/\/argreen.com.br\/?post_type=product&#038;p=2995"},"modified":"2025-06-02T08:45:36","modified_gmt":"2025-06-02T11:45:36","slug":"manifold-digital-profissional-2-vias-vacuometro-integrado-90-gases-refrigerantes-dszh-super-stars","status":"publish","type":"product","link":"https:\/\/argreen.com.br\/en\/product\/manifold-digital-profissional-2-vias-vacuometro-integrado-90-gases-refrigerantes-dszh-super-stars\/","title":{"rendered":"Professional Digital Manifold 2 Ways Integrated Vacuum Gauge 90 Refrigerant Gases DSZH SUPER STARS"},"content":{"rendered":"<p>DSZH: Conhecida na ind\u00fastria global de ferramentas de refrigera\u00e7\u00e3o desde 1994, \u00e9 refer\u00eancia no mercado pela precis\u00e3o, robustez, durabilidade e confiabilidade, com mais de 230 patentes registradas. Possui f\u00e1brica com 42.000m\u00b2 e vende seus produtos em mais de 70 pa\u00edses e regi\u00f5es ao redor do mundo.<\/p>\n<p>SUPER STARS: Linha Premium da DSZH!<\/p>\n<p>&#8211; Registro em liga de alum\u00ednio de design arrojado, f\u00e1cil manuseio, alta resist\u00eancia e grande durabilidade;<br \/>\n&#8211; LCD grande e f\u00e1cil de ler que exibe a press\u00e3o e a temperatura de 90 tipos de g\u00e1s refrigerante;<br \/>\n&#8211; tr\u00eas modos de opera\u00e7\u00e3o: press\u00e3o de g\u00e1s refrigerante; percentual de v\u00e1cuo; teste de press\u00e3o;<br \/>\n&#8211; dupla prote\u00e7\u00e3o contra impactos atrav\u00e9s de borracha externa revestida com pl\u00e1stico r\u00edgido;<br \/>\n&#8211; acompanha tr\u00eas mangueiras de alta press\u00e3o (at\u00e9 4.000PSI) de 150cm cada;<br \/>\n&#8211; corpo em alum\u00ednio de alta resist\u00eancia com visor de l\u00edquido incorporado;<br \/>\n&#8211; conex\u00f5es de cobre de alta qualidade, protegendo contra vazamentos;<br \/>\n&#8211; vacu\u00f4metro integrado que informa o percentual de v\u00e1cuo realizado;<br \/>\n&#8211; acondicionado em uma pr\u00e1tica e resistente maleta de transporte;<br \/>\n&#8211; gancho dobr\u00e1vel facilita o uso em locais de dif\u00edcil acesso;<br \/>\n&#8211; fun\u00e7\u00e3o de desligamento autom\u00e1tico ap\u00f3s 10 minutos;<br \/>\n&#8211; display amig\u00e1vel, avan\u00e7ado e de f\u00e1cil manuseio;<br \/>\n&#8211; compat\u00edvel com 90 gases refrigerantes;<br \/>\n&#8211; uso profissional.<\/p>\n<p>GARANTIA SOMENTE \u00c9 CONCEDIDA PARA DEFEITOS DE FABRICA\u00c7\u00c3O COMPROVADOS AP\u00d3S AN\u00c1LISE F\u00cdSICA E T\u00c9CNICA. SE HOUVER NECESSIDADE DE SUBSTITUI\u00c7\u00c3O DO PRODUTO DENTRO DO PRAZO DE GARANTIA, A CONTAR DA DATA DE EMISS\u00c3O DA NOTA FISCAL, O FRETE PARA ENVIO DO MESMO \u00c9 POR CONTA DO CLIENTE.<\/p>","protected":false},"excerpt":{"rendered":"<p><strong>Especifica\u00e7\u00e3o T\u00e9cnica:<\/strong><\/p>\n<p>Marca: DSZH<br \/>\nModelo: ST-B268D<br \/>\nEscalas de Press\u00e3o: KPa, Bar, PSI, InHg, KgF\/cm\u00b2<br \/>\nEscalas de Temperatura: \u00b0C e \u00b0F<br \/>\nFaixa de teste: 0Kpa ~ 6000Kpa<br \/>\nResolu\u00e7\u00e3o: 1Kpa \u00b10.5%<br \/>\nPress\u00e3o m\u00e1xima: 10Mpa<br \/>\nTemperatura de opera\u00e7\u00e3o: -20\u00b0C ~ 60\u00b0C<\/p>","protected":false},"featured_media":2996,"comment_status":"closed","ping_status":"closed","template":"","meta":[],"product_brand":[],"product_cat":[205,197],"product_tag":[],"class_list":{"0":"post-2995","1":"product","2":"type-product","3":"status-publish","4":"has-post-thumbnail","6":"product_cat-diversos","7":"product_cat-manifolds","9":"first","10":"instock","11":"shipping-taxable","12":"purchasable","13":"product-type-simple"},"yoast_head":"<!-- This site is optimized with the Yoast SEO plugin v27.3 - https:\/\/yoast.com\/product\/yoast-seo-wordpress\/ -->\n<title>Manifold Digital Profissional 2 Vias Vacu\u00f4metro Integrado 90 Gases Refrigerantes DSZH SUPER STARS - Argreen<\/title>\n<meta name=\"robots\" content=\"index, follow, max-snippet:-1, max-image-preview:large, max-video-preview:-1\" \/>\n<link rel=\"canonical\" href=\"https:\/\/argreen.com.br\/en\/product\/manifold-digital-profissional-2-vias-vacuometro-integrado-90-gases-refrigerantes-dszh-super-stars\/\" \/>\n<meta property=\"og:locale\" content=\"en_US\" \/>\n<meta property=\"og:type\" content=\"article\" \/>\n<meta property=\"og:title\" content=\"Manifold Digital Profissional 2 Vias Vacu\u00f4metro Integrado 90 Gases Refrigerantes DSZH SUPER STARS - Argreen\" \/>\n<meta property=\"og:description\" content=\"Especifica\u00e7\u00e3o T\u00e9cnica:  Marca: DSZH Modelo: ST-B268D Escalas de Press\u00e3o: KPa, Bar, PSI, InHg, KgF\/cm\u00b2 Escalas de Temperatura: \u00b0C e \u00b0F Faixa de teste: 0Kpa ~ 6000Kpa Resolu\u00e7\u00e3o: 1Kpa \u00b10.5% Press\u00e3o m\u00e1xima: 10Mpa Temperatura de opera\u00e7\u00e3o: -20\u00b0C ~ 60\u00b0C\" \/>\n<meta property=\"og:url\" content=\"https:\/\/argreen.com.br\/en\/product\/manifold-digital-profissional-2-vias-vacuometro-integrado-90-gases-refrigerantes-dszh-super-stars\/\" \/>\n<meta property=\"og:site_name\" content=\"Argreen\" \/>\n<meta property=\"article:modified_time\" content=\"2025-06-02T11:45:36+00:00\" \/>\n<meta property=\"og:image\" content=\"https:\/\/argreen.com.br\/wp-content\/uploads\/2025\/01\/Design-sem-nome-5.png\" \/>\n\t<meta property=\"og:image:width\" content=\"500\" \/>\n\t<meta property=\"og:image:height\" content=\"500\" \/>\n\t<meta property=\"og:image:type\" content=\"image\/png\" \/>\n<script type=\"application\/ld+json\" class=\"yoast-schema-graph\">{\"@context\":\"https:\\\/\\\/schema.org\",\"@graph\":[{\"@type\":\"WebPage\",\"@id\":\"https:\\\/\\\/argreen.com.br\\\/produto\\\/manifold-digital-profissional-2-vias-vacuometro-integrado-90-gases-refrigerantes-dszh-super-stars\\\/\",\"url\":\"https:\\\/\\\/argreen.com.br\\\/produto\\\/manifold-digital-profissional-2-vias-vacuometro-integrado-90-gases-refrigerantes-dszh-super-stars\\\/\",\"name\":\"Manifold Digital Profissional 2 Vias Vacu\u00f4metro Integrado 90 Gases Refrigerantes DSZH SUPER STARS - Argreen\",\"isPartOf\":{\"@id\":\"https:\\\/\\\/argreen.com.br\\\/#website\"},\"primaryImageOfPage\":{\"@id\":\"https:\\\/\\\/argreen.com.br\\\/produto\\\/manifold-digital-profissional-2-vias-vacuometro-integrado-90-gases-refrigerantes-dszh-super-stars\\\/#primaryimage\"},\"image\":{\"@id\":\"https:\\\/\\\/argreen.com.br\\\/produto\\\/manifold-digital-profissional-2-vias-vacuometro-integrado-90-gases-refrigerantes-dszh-super-stars\\\/#primaryimage\"},\"thumbnailUrl\":\"https:\\\/\\\/argreen.com.br\\\/wp-content\\\/uploads\\\/2025\\\/01\\\/Design-sem-nome-5.png\",\"datePublished\":\"2025-01-21T20:33:39+00:00\",\"dateModified\":\"2025-06-02T11:45:36+00:00\",\"breadcrumb\":{\"@id\":\"https:\\\/\\\/argreen.com.br\\\/produto\\\/manifold-digital-profissional-2-vias-vacuometro-integrado-90-gases-refrigerantes-dszh-super-stars\\\/#breadcrumb\"},\"inLanguage\":\"en-US\",\"potentialAction\":[{\"@type\":\"ReadAction\",\"target\":[\"https:\\\/\\\/argreen.com.br\\\/produto\\\/manifold-digital-profissional-2-vias-vacuometro-integrado-90-gases-refrigerantes-dszh-super-stars\\\/\"]}]},{\"@type\":\"ImageObject\",\"inLanguage\":\"en-US\",\"@id\":\"https:\\\/\\\/argreen.com.br\\\/produto\\\/manifold-digital-profissional-2-vias-vacuometro-integrado-90-gases-refrigerantes-dszh-super-stars\\\/#primaryimage\",\"url\":\"https:\\\/\\\/argreen.com.br\\\/wp-content\\\/uploads\\\/2025\\\/01\\\/Design-sem-nome-5.png\",\"contentUrl\":\"https:\\\/\\\/argreen.com.br\\\/wp-content\\\/uploads\\\/2025\\\/01\\\/Design-sem-nome-5.png\",\"width\":500,\"height\":500},{\"@type\":\"BreadcrumbList\",\"@id\":\"https:\\\/\\\/argreen.com.br\\\/produto\\\/manifold-digital-profissional-2-vias-vacuometro-integrado-90-gases-refrigerantes-dszh-super-stars\\\/#breadcrumb\",\"itemListElement\":[{\"@type\":\"ListItem\",\"position\":1,\"name\":\"In\u00edcio\",\"item\":\"https:\\\/\\\/argreen.com.br\\\/\"},{\"@type\":\"ListItem\",\"position\":2,\"name\":\"Cat\u00e1logo\",\"item\":\"https:\\\/\\\/argreen.com.br\\\/catalogo\\\/\"},{\"@type\":\"ListItem\",\"position\":3,\"name\":\"Manifold Digital Profissional 2 Vias Vacu\u00f4metro Integrado 90 Gases Refrigerantes DSZH SUPER STARS\"}]},{\"@type\":\"WebSite\",\"@id\":\"https:\\\/\\\/argreen.com.br\\\/#website\",\"url\":\"https:\\\/\\\/argreen.com.br\\\/\",\"name\":\"Argreen\",\"description\":\"Climatiza\u00e7\u00e3o &amp; Engenharia\",\"publisher\":{\"@id\":\"https:\\\/\\\/argreen.com.br\\\/#organization\"},\"potentialAction\":[{\"@type\":\"SearchAction\",\"target\":{\"@type\":\"EntryPoint\",\"urlTemplate\":\"https:\\\/\\\/argreen.com.br\\\/?s={search_term_string}\"},\"query-input\":{\"@type\":\"PropertyValueSpecification\",\"valueRequired\":true,\"valueName\":\"search_term_string\"}}],\"inLanguage\":\"en-US\"},{\"@type\":\"Organization\",\"@id\":\"https:\\\/\\\/argreen.com.br\\\/#organization\",\"name\":\"Argreen\",\"url\":\"https:\\\/\\\/argreen.com.br\\\/\",\"logo\":{\"@type\":\"ImageObject\",\"inLanguage\":\"en-US\",\"@id\":\"https:\\\/\\\/argreen.com.br\\\/#\\\/schema\\\/logo\\\/image\\\/\",\"url\":\"https:\\\/\\\/argreen.com.br\\\/wp-content\\\/uploads\\\/2023\\\/06\\\/Logo-Argeen.png\",\"contentUrl\":\"https:\\\/\\\/argreen.com.br\\\/wp-content\\\/uploads\\\/2023\\\/06\\\/Logo-Argeen.png\",\"width\":2248,\"height\":767,\"caption\":\"Argreen\"},\"image\":{\"@id\":\"https:\\\/\\\/argreen.com.br\\\/#\\\/schema\\\/logo\\\/image\\\/\"}}]}<\/script>\n<!-- \/ Yoast SEO plugin. -->","yoast_head_json":{"title":"Manifold Digital Profissional 2 Vias Vacu\u00f4metro Integrado 90 Gases Refrigerantes DSZH SUPER STARS - Argreen","robots":{"index":"index","follow":"follow","max-snippet":"max-snippet:-1","max-image-preview":"max-image-preview:large","max-video-preview":"max-video-preview:-1"},"canonical":"https:\/\/argreen.com.br\/en\/product\/manifold-digital-profissional-2-vias-vacuometro-integrado-90-gases-refrigerantes-dszh-super-stars\/","og_locale":"en_US","og_type":"article","og_title":"Manifold Digital Profissional 2 Vias Vacu\u00f4metro Integrado 90 Gases Refrigerantes DSZH SUPER STARS - Argreen","og_description":"Especifica\u00e7\u00e3o T\u00e9cnica:  Marca: DSZH Modelo: ST-B268D Escalas de Press\u00e3o: KPa, Bar, PSI, InHg, KgF\/cm\u00b2 Escalas de Temperatura: \u00b0C e \u00b0F Faixa de teste: 0Kpa ~ 6000Kpa Resolu\u00e7\u00e3o: 1Kpa \u00b10.5% Press\u00e3o m\u00e1xima: 10Mpa Temperatura de opera\u00e7\u00e3o: -20\u00b0C ~ 60\u00b0C","og_url":"https:\/\/argreen.com.br\/en\/product\/manifold-digital-profissional-2-vias-vacuometro-integrado-90-gases-refrigerantes-dszh-super-stars\/","og_site_name":"Argreen","article_modified_time":"2025-06-02T11:45:36+00:00","og_image":[{"width":500,"height":500,"url":"https:\/\/argreen.com.br\/wp-content\/uploads\/2025\/01\/Design-sem-nome-5.png","type":"image\/png"}],"schema":{"@context":"https:\/\/schema.org","@graph":[{"@type":"WebPage","@id":"https:\/\/argreen.com.br\/produto\/manifold-digital-profissional-2-vias-vacuometro-integrado-90-gases-refrigerantes-dszh-super-stars\/","url":"https:\/\/argreen.com.br\/produto\/manifold-digital-profissional-2-vias-vacuometro-integrado-90-gases-refrigerantes-dszh-super-stars\/","name":"Manifold Digital Profissional 2 Vias Vacu\u00f4metro Integrado 90 Gases Refrigerantes DSZH SUPER STARS - Argreen","isPartOf":{"@id":"https:\/\/argreen.com.br\/#website"},"primaryImageOfPage":{"@id":"https:\/\/argreen.com.br\/produto\/manifold-digital-profissional-2-vias-vacuometro-integrado-90-gases-refrigerantes-dszh-super-stars\/#primaryimage"},"image":{"@id":"https:\/\/argreen.com.br\/produto\/manifold-digital-profissional-2-vias-vacuometro-integrado-90-gases-refrigerantes-dszh-super-stars\/#primaryimage"},"thumbnailUrl":"https:\/\/argreen.com.br\/wp-content\/uploads\/2025\/01\/Design-sem-nome-5.png","datePublished":"2025-01-21T20:33:39+00:00","dateModified":"2025-06-02T11:45:36+00:00","breadcrumb":{"@id":"https:\/\/argreen.com.br\/produto\/manifold-digital-profissional-2-vias-vacuometro-integrado-90-gases-refrigerantes-dszh-super-stars\/#breadcrumb"},"inLanguage":"en-US","potentialAction":[{"@type":"ReadAction","target":["https:\/\/argreen.com.br\/produto\/manifold-digital-profissional-2-vias-vacuometro-integrado-90-gases-refrigerantes-dszh-super-stars\/"]}]},{"@type":"ImageObject","inLanguage":"en-US","@id":"https:\/\/argreen.com.br\/produto\/manifold-digital-profissional-2-vias-vacuometro-integrado-90-gases-refrigerantes-dszh-super-stars\/#primaryimage","url":"https:\/\/argreen.com.br\/wp-content\/uploads\/2025\/01\/Design-sem-nome-5.png","contentUrl":"https:\/\/argreen.com.br\/wp-content\/uploads\/2025\/01\/Design-sem-nome-5.png","width":500,"height":500},{"@type":"BreadcrumbList","@id":"https:\/\/argreen.com.br\/produto\/manifold-digital-profissional-2-vias-vacuometro-integrado-90-gases-refrigerantes-dszh-super-stars\/#breadcrumb","itemListElement":[{"@type":"ListItem","position":1,"name":"In\u00edcio","item":"https:\/\/argreen.com.br\/"},{"@type":"ListItem","position":2,"name":"Cat\u00e1logo","item":"https:\/\/argreen.com.br\/catalogo\/"},{"@type":"ListItem","position":3,"name":"Manifold Digital Profissional 2 Vias Vacu\u00f4metro Integrado 90 Gases Refrigerantes DSZH SUPER STARS"}]},{"@type":"WebSite","@id":"https:\/\/argreen.com.br\/#website","url":"https:\/\/argreen.com.br\/","name":"Argreen","description":"Climatiza\u00e7\u00e3o &amp; Engenharia","publisher":{"@id":"https:\/\/argreen.com.br\/#organization"},"potentialAction":[{"@type":"SearchAction","target":{"@type":"EntryPoint","urlTemplate":"https:\/\/argreen.com.br\/?s={search_term_string}"},"query-input":{"@type":"PropertyValueSpecification","valueRequired":true,"valueName":"search_term_string"}}],"inLanguage":"en-US"},{"@type":"Organization","@id":"https:\/\/argreen.com.br\/#organization","name":"Argreen","url":"https:\/\/argreen.com.br\/","logo":{"@type":"ImageObject","inLanguage":"en-US","@id":"https:\/\/argreen.com.br\/#\/schema\/logo\/image\/","url":"https:\/\/argreen.com.br\/wp-content\/uploads\/2023\/06\/Logo-Argeen.png","contentUrl":"https:\/\/argreen.com.br\/wp-content\/uploads\/2023\/06\/Logo-Argeen.png","width":2248,"height":767,"caption":"Argreen"},"image":{"@id":"https:\/\/argreen.com.br\/#\/schema\/logo\/image\/"}}]}},"_links":{"self":[{"href":"https:\/\/argreen.com.br\/en\/wp-json\/wp\/v2\/product\/2995","targetHints":{"allow":["GET"]}}],"collection":[{"href":"https:\/\/argreen.com.br\/en\/wp-json\/wp\/v2\/product"}],"about":[{"href":"https:\/\/argreen.com.br\/en\/wp-json\/wp\/v2\/types\/product"}],"replies":[{"embeddable":true,"href":"https:\/\/argreen.com.br\/en\/wp-json\/wp\/v2\/comments?post=2995"}],"wp:featuredmedia":[{"embeddable":true,"href":"https:\/\/argreen.com.br\/en\/wp-json\/wp\/v2\/media\/2996"}],"wp:attachment":[{"href":"https:\/\/argreen.com.br\/en\/wp-json\/wp\/v2\/media?parent=2995"}],"wp:term":[{"taxonomy":"product_brand","embeddable":true,"href":"https:\/\/argreen.com.br\/en\/wp-json\/wp\/v2\/product_brand?post=2995"},{"taxonomy":"product_cat","embeddable":true,"href":"https:\/\/argreen.com.br\/en\/wp-json\/wp\/v2\/product_cat?post=2995"},{"taxonomy":"product_tag","embeddable":true,"href":"https:\/\/argreen.com.br\/en\/wp-json\/wp\/v2\/product_tag?post=2995"}],"curies":[{"name":"wp","href":"https:\/\/api.w.org\/{rel}","templated":true}]}}