{"id":3006,"date":"2025-01-21T17:43:26","date_gmt":"2025-01-21T20:43:26","guid":{"rendered":"https:\/\/argreen.com.br\/?post_type=product&#038;p=3006"},"modified":"2025-06-02T08:45:28","modified_gmt":"2025-06-02T11:45:28","slug":"pressostato-de-alta-pressao-com-rearme-automatico-kp5","status":"publish","type":"product","link":"https:\/\/argreen.com.br\/en\/product\/pressostato-de-alta-pressao-com-rearme-automatico-kp5\/","title":{"rendered":"High Pressure Switch with Automatic Reset KP5"},"content":{"rendered":"<p>Marca CANTO: Fabricante dedicada ao desenvolvimento, produ\u00e7\u00e3o e distribui\u00e7\u00e3o de controles de automa\u00e7\u00e3o de alta qualidade;<br \/>\npara uso com flu\u00eddos refrigerantes, ar e \u00e1gua;<\/p>\n<p>&#8211; Pode ser conectado diretamente a um motor monof\u00e1sico corrente alternada de aproximadamente 2 kW ou instalado no circuito de controle de motores corrente cont\u00ednua e motores corrente alternada de grande porte;<br \/>\n&#8211; pode ser utilizado em sistemas de refrigera\u00e7\u00e3o e ar condicionado para proporcionar prote\u00e7\u00e3o contra press\u00e3o de suc\u00e7\u00e3o excessivamente baixa ou press\u00e3o de descarga excessivamente alta;<br \/>\n&#8211; possui um sistema de contatos SPDT (duplo contato), cuja posi\u00e7\u00e3o \u00e9 determinada pela configura\u00e7\u00e3o do pressostato e pela press\u00e3o no conector;<br \/>\n&#8211; tamb\u00e9m pode ser usado para ligar e desligar os compressores de refrigera\u00e7\u00e3o e os ventiladores em condensadores resfriados a ar;<br \/>\n&#8211; tempo de comuta\u00e7\u00e3o ultrarr\u00e1pido gra\u00e7as \u00e0 fun\u00e7\u00e3o de disparo (reduz o desgaste ao m\u00ednimo e aumenta a confiabilidade);<br \/>\n&#8211; amplamente utilizado em sistemas de inc\u00eandio, oferecendo uma incompar\u00e1vel rela\u00e7\u00e3o custo benef\u00edcio;<br \/>\n&#8211; pode ser utilizado em sistemas de bombeamento de \u00e1gua, como caixas d\u2019\u00e1gua, reservat\u00f3rios, etc.;<br \/>\n&#8211; elemento de foles duplos completamente soldados com baixa incid\u00eancia de falhas;<br \/>\n&#8211; alta confiabilidade mec\u00e2nica e el\u00e9trica;<br \/>\n&#8211; resistente \u00e0 vibra\u00e7\u00e3o e a choques;<br \/>\n&#8211; fun\u00e7\u00e3o de rearme autom\u00e1tico.<\/p>\n<p>GARANTIA SOMENTE \u00c9 CONCEDIDA PARA DEFEITOS DE FABRICA\u00c7\u00c3O COMPROVADOS AP\u00d3S AN\u00c1LISE F\u00cdSICA E T\u00c9CNICA. SE HOUVER NECESSIDADE DE SUBSTITUI\u00c7\u00c3O DO PRODUTO DENTRO DO PRAZO DE GARANTIA, A CONTAR DA DATA DE EMISS\u00c3O DA NOTA FISCAL, O FRETE PARA ENVIO DO MESMO \u00c9 POR CONTA DO CLIENTE.<\/p>","protected":false},"excerpt":{"rendered":"<p>Marca: CANTO<br \/>\nModelo: SPC-130E<br \/>\nAplica\u00e7\u00e3o: Flu\u00eddos refrigerantes, ar e \u00e1gua<br \/>\nDiferencial m\u00e1ximo: 10bar<br \/>\nDiferencial m\u00ednimo: 3bar<\/p>","protected":false},"featured_media":3007,"comment_status":"closed","ping_status":"closed","template":"","meta":[],"product_brand":[],"product_cat":[205,26],"product_tag":[],"class_list":{"0":"post-3006","1":"product","2":"type-product","3":"status-publish","4":"has-post-thumbnail","6":"product_cat-diversos","7":"product_cat-pecas","9":"first","10":"instock","11":"shipping-taxable","12":"purchasable","13":"product-type-simple"},"yoast_head":"<!-- This site is optimized with the Yoast SEO plugin v27.3 - https:\/\/yoast.com\/product\/yoast-seo-wordpress\/ -->\n<title>Pressostato de Alta Press\u00e3o com Rearme Autom\u00e1tico KP5 - Argreen<\/title>\n<meta name=\"robots\" content=\"index, follow, max-snippet:-1, max-image-preview:large, max-video-preview:-1\" \/>\n<link rel=\"canonical\" href=\"https:\/\/argreen.com.br\/en\/product\/pressostato-de-alta-pressao-com-rearme-automatico-kp5\/\" \/>\n<meta property=\"og:locale\" content=\"en_US\" \/>\n<meta property=\"og:type\" content=\"article\" \/>\n<meta property=\"og:title\" content=\"Pressostato de Alta Press\u00e3o com Rearme Autom\u00e1tico KP5 - Argreen\" \/>\n<meta property=\"og:description\" content=\"Marca: CANTO Modelo: SPC-130E Aplica\u00e7\u00e3o: Flu\u00eddos refrigerantes, ar e \u00e1gua Diferencial m\u00e1ximo: 10bar Diferencial m\u00ednimo: 3bar\" \/>\n<meta property=\"og:url\" content=\"https:\/\/argreen.com.br\/en\/product\/pressostato-de-alta-pressao-com-rearme-automatico-kp5\/\" \/>\n<meta property=\"og:site_name\" content=\"Argreen\" \/>\n<meta property=\"article:modified_time\" content=\"2025-06-02T11:45:28+00:00\" \/>\n<meta property=\"og:image\" content=\"https:\/\/argreen.com.br\/wp-content\/uploads\/2025\/01\/Design-sem-nome-13.png\" \/>\n\t<meta property=\"og:image:width\" content=\"500\" \/>\n\t<meta property=\"og:image:height\" content=\"500\" \/>\n\t<meta property=\"og:image:type\" content=\"image\/png\" \/>\n<script type=\"application\/ld+json\" class=\"yoast-schema-graph\">{\"@context\":\"https:\\\/\\\/schema.org\",\"@graph\":[{\"@type\":\"WebPage\",\"@id\":\"https:\\\/\\\/argreen.com.br\\\/produto\\\/pressostato-de-alta-pressao-com-rearme-automatico-kp5\\\/\",\"url\":\"https:\\\/\\\/argreen.com.br\\\/produto\\\/pressostato-de-alta-pressao-com-rearme-automatico-kp5\\\/\",\"name\":\"Pressostato de Alta Press\u00e3o com Rearme Autom\u00e1tico KP5 - Argreen\",\"isPartOf\":{\"@id\":\"https:\\\/\\\/argreen.com.br\\\/#website\"},\"primaryImageOfPage\":{\"@id\":\"https:\\\/\\\/argreen.com.br\\\/produto\\\/pressostato-de-alta-pressao-com-rearme-automatico-kp5\\\/#primaryimage\"},\"image\":{\"@id\":\"https:\\\/\\\/argreen.com.br\\\/produto\\\/pressostato-de-alta-pressao-com-rearme-automatico-kp5\\\/#primaryimage\"},\"thumbnailUrl\":\"https:\\\/\\\/argreen.com.br\\\/wp-content\\\/uploads\\\/2025\\\/01\\\/Design-sem-nome-13.png\",\"datePublished\":\"2025-01-21T20:43:26+00:00\",\"dateModified\":\"2025-06-02T11:45:28+00:00\",\"breadcrumb\":{\"@id\":\"https:\\\/\\\/argreen.com.br\\\/produto\\\/pressostato-de-alta-pressao-com-rearme-automatico-kp5\\\/#breadcrumb\"},\"inLanguage\":\"en-US\",\"potentialAction\":[{\"@type\":\"ReadAction\",\"target\":[\"https:\\\/\\\/argreen.com.br\\\/produto\\\/pressostato-de-alta-pressao-com-rearme-automatico-kp5\\\/\"]}]},{\"@type\":\"ImageObject\",\"inLanguage\":\"en-US\",\"@id\":\"https:\\\/\\\/argreen.com.br\\\/produto\\\/pressostato-de-alta-pressao-com-rearme-automatico-kp5\\\/#primaryimage\",\"url\":\"https:\\\/\\\/argreen.com.br\\\/wp-content\\\/uploads\\\/2025\\\/01\\\/Design-sem-nome-13.png\",\"contentUrl\":\"https:\\\/\\\/argreen.com.br\\\/wp-content\\\/uploads\\\/2025\\\/01\\\/Design-sem-nome-13.png\",\"width\":500,\"height\":500},{\"@type\":\"BreadcrumbList\",\"@id\":\"https:\\\/\\\/argreen.com.br\\\/produto\\\/pressostato-de-alta-pressao-com-rearme-automatico-kp5\\\/#breadcrumb\",\"itemListElement\":[{\"@type\":\"ListItem\",\"position\":1,\"name\":\"In\u00edcio\",\"item\":\"https:\\\/\\\/argreen.com.br\\\/\"},{\"@type\":\"ListItem\",\"position\":2,\"name\":\"Cat\u00e1logo\",\"item\":\"https:\\\/\\\/argreen.com.br\\\/catalogo\\\/\"},{\"@type\":\"ListItem\",\"position\":3,\"name\":\"Pressostato de Alta Press\u00e3o com Rearme Autom\u00e1tico KP5\"}]},{\"@type\":\"WebSite\",\"@id\":\"https:\\\/\\\/argreen.com.br\\\/#website\",\"url\":\"https:\\\/\\\/argreen.com.br\\\/\",\"name\":\"Argreen\",\"description\":\"Climatiza\u00e7\u00e3o &amp; Engenharia\",\"publisher\":{\"@id\":\"https:\\\/\\\/argreen.com.br\\\/#organization\"},\"potentialAction\":[{\"@type\":\"SearchAction\",\"target\":{\"@type\":\"EntryPoint\",\"urlTemplate\":\"https:\\\/\\\/argreen.com.br\\\/?s={search_term_string}\"},\"query-input\":{\"@type\":\"PropertyValueSpecification\",\"valueRequired\":true,\"valueName\":\"search_term_string\"}}],\"inLanguage\":\"en-US\"},{\"@type\":\"Organization\",\"@id\":\"https:\\\/\\\/argreen.com.br\\\/#organization\",\"name\":\"Argreen\",\"url\":\"https:\\\/\\\/argreen.com.br\\\/\",\"logo\":{\"@type\":\"ImageObject\",\"inLanguage\":\"en-US\",\"@id\":\"https:\\\/\\\/argreen.com.br\\\/#\\\/schema\\\/logo\\\/image\\\/\",\"url\":\"https:\\\/\\\/argreen.com.br\\\/wp-content\\\/uploads\\\/2023\\\/06\\\/Logo-Argeen.png\",\"contentUrl\":\"https:\\\/\\\/argreen.com.br\\\/wp-content\\\/uploads\\\/2023\\\/06\\\/Logo-Argeen.png\",\"width\":2248,\"height\":767,\"caption\":\"Argreen\"},\"image\":{\"@id\":\"https:\\\/\\\/argreen.com.br\\\/#\\\/schema\\\/logo\\\/image\\\/\"}}]}<\/script>\n<!-- \/ Yoast SEO plugin. -->","yoast_head_json":{"title":"Pressostato de Alta Press\u00e3o com Rearme Autom\u00e1tico KP5 - Argreen","robots":{"index":"index","follow":"follow","max-snippet":"max-snippet:-1","max-image-preview":"max-image-preview:large","max-video-preview":"max-video-preview:-1"},"canonical":"https:\/\/argreen.com.br\/en\/product\/pressostato-de-alta-pressao-com-rearme-automatico-kp5\/","og_locale":"en_US","og_type":"article","og_title":"Pressostato de Alta Press\u00e3o com Rearme Autom\u00e1tico KP5 - Argreen","og_description":"Marca: CANTO Modelo: SPC-130E Aplica\u00e7\u00e3o: Flu\u00eddos refrigerantes, ar e \u00e1gua Diferencial m\u00e1ximo: 10bar Diferencial m\u00ednimo: 3bar","og_url":"https:\/\/argreen.com.br\/en\/product\/pressostato-de-alta-pressao-com-rearme-automatico-kp5\/","og_site_name":"Argreen","article_modified_time":"2025-06-02T11:45:28+00:00","og_image":[{"width":500,"height":500,"url":"https:\/\/argreen.com.br\/wp-content\/uploads\/2025\/01\/Design-sem-nome-13.png","type":"image\/png"}],"schema":{"@context":"https:\/\/schema.org","@graph":[{"@type":"WebPage","@id":"https:\/\/argreen.com.br\/produto\/pressostato-de-alta-pressao-com-rearme-automatico-kp5\/","url":"https:\/\/argreen.com.br\/produto\/pressostato-de-alta-pressao-com-rearme-automatico-kp5\/","name":"Pressostato de Alta Press\u00e3o com Rearme Autom\u00e1tico KP5 - Argreen","isPartOf":{"@id":"https:\/\/argreen.com.br\/#website"},"primaryImageOfPage":{"@id":"https:\/\/argreen.com.br\/produto\/pressostato-de-alta-pressao-com-rearme-automatico-kp5\/#primaryimage"},"image":{"@id":"https:\/\/argreen.com.br\/produto\/pressostato-de-alta-pressao-com-rearme-automatico-kp5\/#primaryimage"},"thumbnailUrl":"https:\/\/argreen.com.br\/wp-content\/uploads\/2025\/01\/Design-sem-nome-13.png","datePublished":"2025-01-21T20:43:26+00:00","dateModified":"2025-06-02T11:45:28+00:00","breadcrumb":{"@id":"https:\/\/argreen.com.br\/produto\/pressostato-de-alta-pressao-com-rearme-automatico-kp5\/#breadcrumb"},"inLanguage":"en-US","potentialAction":[{"@type":"ReadAction","target":["https:\/\/argreen.com.br\/produto\/pressostato-de-alta-pressao-com-rearme-automatico-kp5\/"]}]},{"@type":"ImageObject","inLanguage":"en-US","@id":"https:\/\/argreen.com.br\/produto\/pressostato-de-alta-pressao-com-rearme-automatico-kp5\/#primaryimage","url":"https:\/\/argreen.com.br\/wp-content\/uploads\/2025\/01\/Design-sem-nome-13.png","contentUrl":"https:\/\/argreen.com.br\/wp-content\/uploads\/2025\/01\/Design-sem-nome-13.png","width":500,"height":500},{"@type":"BreadcrumbList","@id":"https:\/\/argreen.com.br\/produto\/pressostato-de-alta-pressao-com-rearme-automatico-kp5\/#breadcrumb","itemListElement":[{"@type":"ListItem","position":1,"name":"In\u00edcio","item":"https:\/\/argreen.com.br\/"},{"@type":"ListItem","position":2,"name":"Cat\u00e1logo","item":"https:\/\/argreen.com.br\/catalogo\/"},{"@type":"ListItem","position":3,"name":"Pressostato de Alta Press\u00e3o com Rearme Autom\u00e1tico KP5"}]},{"@type":"WebSite","@id":"https:\/\/argreen.com.br\/#website","url":"https:\/\/argreen.com.br\/","name":"Argreen","description":"Climatiza\u00e7\u00e3o &amp; Engenharia","publisher":{"@id":"https:\/\/argreen.com.br\/#organization"},"potentialAction":[{"@type":"SearchAction","target":{"@type":"EntryPoint","urlTemplate":"https:\/\/argreen.com.br\/?s={search_term_string}"},"query-input":{"@type":"PropertyValueSpecification","valueRequired":true,"valueName":"search_term_string"}}],"inLanguage":"en-US"},{"@type":"Organization","@id":"https:\/\/argreen.com.br\/#organization","name":"Argreen","url":"https:\/\/argreen.com.br\/","logo":{"@type":"ImageObject","inLanguage":"en-US","@id":"https:\/\/argreen.com.br\/#\/schema\/logo\/image\/","url":"https:\/\/argreen.com.br\/wp-content\/uploads\/2023\/06\/Logo-Argeen.png","contentUrl":"https:\/\/argreen.com.br\/wp-content\/uploads\/2023\/06\/Logo-Argeen.png","width":2248,"height":767,"caption":"Argreen"},"image":{"@id":"https:\/\/argreen.com.br\/#\/schema\/logo\/image\/"}}]}},"_links":{"self":[{"href":"https:\/\/argreen.com.br\/en\/wp-json\/wp\/v2\/product\/3006","targetHints":{"allow":["GET"]}}],"collection":[{"href":"https:\/\/argreen.com.br\/en\/wp-json\/wp\/v2\/product"}],"about":[{"href":"https:\/\/argreen.com.br\/en\/wp-json\/wp\/v2\/types\/product"}],"replies":[{"embeddable":true,"href":"https:\/\/argreen.com.br\/en\/wp-json\/wp\/v2\/comments?post=3006"}],"wp:featuredmedia":[{"embeddable":true,"href":"https:\/\/argreen.com.br\/en\/wp-json\/wp\/v2\/media\/3007"}],"wp:attachment":[{"href":"https:\/\/argreen.com.br\/en\/wp-json\/wp\/v2\/media?parent=3006"}],"wp:term":[{"taxonomy":"product_brand","embeddable":true,"href":"https:\/\/argreen.com.br\/en\/wp-json\/wp\/v2\/product_brand?post=3006"},{"taxonomy":"product_cat","embeddable":true,"href":"https:\/\/argreen.com.br\/en\/wp-json\/wp\/v2\/product_cat?post=3006"},{"taxonomy":"product_tag","embeddable":true,"href":"https:\/\/argreen.com.br\/en\/wp-json\/wp\/v2\/product_tag?post=3006"}],"curies":[{"name":"wp","href":"https:\/\/api.w.org\/{rel}","templated":true}]}}