{"id":2569,"date":"2024-03-27T16:25:39","date_gmt":"2024-03-27T19:25:39","guid":{"rendered":"https:\/\/argreen.com.br\/?post_type=product&#038;p=2569"},"modified":"2025-06-02T08:53:16","modified_gmt":"2025-06-02T11:53:16","slug":"bomba-de-dreno-cassette-compacto-tvr-ultra-pmp02260","status":"publish","type":"product","link":"https:\/\/argreen.com.br\/es\/producto\/bomba-de-dreno-cassette-compacto-tvr-ultra-pmp02260\/","title":{"rendered":"Bomba de drenaje de casete ultracompacta TVR - PMP02260"},"content":{"rendered":"<p><strong>Para que serve?<\/strong><\/p>\n<p>Sua fun\u00e7\u00e3o \u00e9 retirar a \u00e1gua da condensa\u00e7\u00e3o produzida pelo sistema ou equipamento.<\/p>\n<p><strong>Para qual modelo\/m\u00e1quina?<\/strong><\/p>\n<p>Unidades evaporadoras do tipo &#8220;cassete&#8221; compacto da linha TVR ULTRA.<\/p>\n<p>Diversos Equipamentos linha TRANE.<\/p>\n<p>C\u00f3digo do Fabricante: PMP02260<\/p>\n<p>Modelo: 4TVB00XXEF000AA<\/p>\n<p><strong>Informa\u00e7\u00f5es adicionais:<\/strong><\/p>\n<p>\u2022 Todos os nossos produtos possuem estoque.<br \/>\n\u2022 Enviamos todos os nossos produtos em at\u00e9 48 horas via Correios e Transportadoras.<br \/>\n\u2022 Garantia de 90 dias.<br \/>\n\u2022 7 dias para trocas e devolu\u00e7\u00f5es.<\/p>","protected":false},"excerpt":{"rendered":"<p>Para que serve? Sua fun\u00e7\u00e3o \u00e9 retirar a \u00e1gua da condensa\u00e7\u00e3o produzida pelo sistema ou equipamento. Para qual modelo\/m\u00e1quina? Unidades<\/p>","protected":false},"featured_media":2570,"comment_status":"closed","ping_status":"closed","template":"","meta":[],"product_brand":[],"product_cat":[89,205],"product_tag":[],"class_list":{"0":"post-2569","1":"product","2":"type-product","3":"status-publish","4":"has-post-thumbnail","6":"product_cat-bomba-de-dreno","7":"product_cat-diversos","9":"first","10":"instock","11":"shipping-taxable","12":"purchasable","13":"product-type-simple"},"yoast_head":"<!-- This site is optimized with the Yoast SEO plugin v27.3 - https:\/\/yoast.com\/product\/yoast-seo-wordpress\/ -->\n<title>Bomba De Dreno Cassette Compacto TVR Ultra - PMP02260 - Argreen<\/title>\n<meta name=\"robots\" content=\"index, follow, max-snippet:-1, max-image-preview:large, max-video-preview:-1\" \/>\n<link rel=\"canonical\" href=\"https:\/\/argreen.com.br\/es\/producto\/bomba-de-dreno-cassette-compacto-tvr-ultra-pmp02260\/\" \/>\n<meta property=\"og:locale\" content=\"es_ES\" \/>\n<meta property=\"og:type\" content=\"article\" \/>\n<meta property=\"og:title\" content=\"Bomba De Dreno Cassette Compacto TVR Ultra - PMP02260 - Argreen\" \/>\n<meta property=\"og:description\" content=\"Para que serve? Sua fun\u00e7\u00e3o \u00e9 retirar a \u00e1gua da condensa\u00e7\u00e3o produzida pelo sistema ou equipamento. Para qual modelo\/m\u00e1quina? Unidades\" \/>\n<meta property=\"og:url\" content=\"https:\/\/argreen.com.br\/es\/producto\/bomba-de-dreno-cassette-compacto-tvr-ultra-pmp02260\/\" \/>\n<meta property=\"og:site_name\" content=\"Argreen\" \/>\n<meta property=\"article:modified_time\" content=\"2025-06-02T11:53:16+00:00\" \/>\n<meta property=\"og:image\" content=\"https:\/\/argreen.com.br\/wp-content\/uploads\/2024\/03\/713b6e17f3ea344493998ad109f08457-6c8be9ed7e67c071de17024865825444-1024-1024.webp\" \/>\n\t<meta property=\"og:image:width\" content=\"1024\" \/>\n\t<meta property=\"og:image:height\" content=\"1024\" \/>\n\t<meta property=\"og:image:type\" content=\"image\/webp\" \/>\n<script type=\"application\/ld+json\" class=\"yoast-schema-graph\">{\"@context\":\"https:\\\/\\\/schema.org\",\"@graph\":[{\"@type\":\"WebPage\",\"@id\":\"https:\\\/\\\/argreen.com.br\\\/produto\\\/bomba-de-dreno-cassette-compacto-tvr-ultra-pmp02260\\\/\",\"url\":\"https:\\\/\\\/argreen.com.br\\\/produto\\\/bomba-de-dreno-cassette-compacto-tvr-ultra-pmp02260\\\/\",\"name\":\"Bomba De Dreno Cassette Compacto TVR Ultra - PMP02260 - Argreen\",\"isPartOf\":{\"@id\":\"https:\\\/\\\/argreen.com.br\\\/#website\"},\"primaryImageOfPage\":{\"@id\":\"https:\\\/\\\/argreen.com.br\\\/produto\\\/bomba-de-dreno-cassette-compacto-tvr-ultra-pmp02260\\\/#primaryimage\"},\"image\":{\"@id\":\"https:\\\/\\\/argreen.com.br\\\/produto\\\/bomba-de-dreno-cassette-compacto-tvr-ultra-pmp02260\\\/#primaryimage\"},\"thumbnailUrl\":\"https:\\\/\\\/argreen.com.br\\\/wp-content\\\/uploads\\\/2024\\\/03\\\/713b6e17f3ea344493998ad109f08457-6c8be9ed7e67c071de17024865825444-1024-1024.webp\",\"datePublished\":\"2024-03-27T19:25:39+00:00\",\"dateModified\":\"2025-06-02T11:53:16+00:00\",\"breadcrumb\":{\"@id\":\"https:\\\/\\\/argreen.com.br\\\/produto\\\/bomba-de-dreno-cassette-compacto-tvr-ultra-pmp02260\\\/#breadcrumb\"},\"inLanguage\":\"es\",\"potentialAction\":[{\"@type\":\"ReadAction\",\"target\":[\"https:\\\/\\\/argreen.com.br\\\/produto\\\/bomba-de-dreno-cassette-compacto-tvr-ultra-pmp02260\\\/\"]}]},{\"@type\":\"ImageObject\",\"inLanguage\":\"es\",\"@id\":\"https:\\\/\\\/argreen.com.br\\\/produto\\\/bomba-de-dreno-cassette-compacto-tvr-ultra-pmp02260\\\/#primaryimage\",\"url\":\"https:\\\/\\\/argreen.com.br\\\/wp-content\\\/uploads\\\/2024\\\/03\\\/713b6e17f3ea344493998ad109f08457-6c8be9ed7e67c071de17024865825444-1024-1024.webp\",\"contentUrl\":\"https:\\\/\\\/argreen.com.br\\\/wp-content\\\/uploads\\\/2024\\\/03\\\/713b6e17f3ea344493998ad109f08457-6c8be9ed7e67c071de17024865825444-1024-1024.webp\",\"width\":1024,\"height\":1024},{\"@type\":\"BreadcrumbList\",\"@id\":\"https:\\\/\\\/argreen.com.br\\\/produto\\\/bomba-de-dreno-cassette-compacto-tvr-ultra-pmp02260\\\/#breadcrumb\",\"itemListElement\":[{\"@type\":\"ListItem\",\"position\":1,\"name\":\"In\u00edcio\",\"item\":\"https:\\\/\\\/argreen.com.br\\\/\"},{\"@type\":\"ListItem\",\"position\":2,\"name\":\"Cat\u00e1logo\",\"item\":\"https:\\\/\\\/argreen.com.br\\\/catalogo\\\/\"},{\"@type\":\"ListItem\",\"position\":3,\"name\":\"Bomba De Dreno Cassette Compacto TVR Ultra &#8211; PMP02260\"}]},{\"@type\":\"WebSite\",\"@id\":\"https:\\\/\\\/argreen.com.br\\\/#website\",\"url\":\"https:\\\/\\\/argreen.com.br\\\/\",\"name\":\"Argreen\",\"description\":\"Climatiza\u00e7\u00e3o &amp; Engenharia\",\"publisher\":{\"@id\":\"https:\\\/\\\/argreen.com.br\\\/#organization\"},\"potentialAction\":[{\"@type\":\"SearchAction\",\"target\":{\"@type\":\"EntryPoint\",\"urlTemplate\":\"https:\\\/\\\/argreen.com.br\\\/?s={search_term_string}\"},\"query-input\":{\"@type\":\"PropertyValueSpecification\",\"valueRequired\":true,\"valueName\":\"search_term_string\"}}],\"inLanguage\":\"es\"},{\"@type\":\"Organization\",\"@id\":\"https:\\\/\\\/argreen.com.br\\\/#organization\",\"name\":\"Argreen\",\"url\":\"https:\\\/\\\/argreen.com.br\\\/\",\"logo\":{\"@type\":\"ImageObject\",\"inLanguage\":\"es\",\"@id\":\"https:\\\/\\\/argreen.com.br\\\/#\\\/schema\\\/logo\\\/image\\\/\",\"url\":\"https:\\\/\\\/argreen.com.br\\\/wp-content\\\/uploads\\\/2023\\\/06\\\/Logo-Argeen.png\",\"contentUrl\":\"https:\\\/\\\/argreen.com.br\\\/wp-content\\\/uploads\\\/2023\\\/06\\\/Logo-Argeen.png\",\"width\":2248,\"height\":767,\"caption\":\"Argreen\"},\"image\":{\"@id\":\"https:\\\/\\\/argreen.com.br\\\/#\\\/schema\\\/logo\\\/image\\\/\"}}]}<\/script>\n<!-- \/ Yoast SEO plugin. -->","yoast_head_json":{"title":"Bomba De Dreno Cassette Compacto TVR Ultra - PMP02260 - Argreen","robots":{"index":"index","follow":"follow","max-snippet":"max-snippet:-1","max-image-preview":"max-image-preview:large","max-video-preview":"max-video-preview:-1"},"canonical":"https:\/\/argreen.com.br\/es\/producto\/bomba-de-dreno-cassette-compacto-tvr-ultra-pmp02260\/","og_locale":"es_ES","og_type":"article","og_title":"Bomba De Dreno Cassette Compacto TVR Ultra - PMP02260 - Argreen","og_description":"Para que serve? Sua fun\u00e7\u00e3o \u00e9 retirar a \u00e1gua da condensa\u00e7\u00e3o produzida pelo sistema ou equipamento. Para qual modelo\/m\u00e1quina? Unidades","og_url":"https:\/\/argreen.com.br\/es\/producto\/bomba-de-dreno-cassette-compacto-tvr-ultra-pmp02260\/","og_site_name":"Argreen","article_modified_time":"2025-06-02T11:53:16+00:00","og_image":[{"width":1024,"height":1024,"url":"https:\/\/argreen.com.br\/wp-content\/uploads\/2024\/03\/713b6e17f3ea344493998ad109f08457-6c8be9ed7e67c071de17024865825444-1024-1024.webp","type":"image\/webp"}],"schema":{"@context":"https:\/\/schema.org","@graph":[{"@type":"WebPage","@id":"https:\/\/argreen.com.br\/produto\/bomba-de-dreno-cassette-compacto-tvr-ultra-pmp02260\/","url":"https:\/\/argreen.com.br\/produto\/bomba-de-dreno-cassette-compacto-tvr-ultra-pmp02260\/","name":"Bomba De Dreno Cassette Compacto TVR Ultra - PMP02260 - Argreen","isPartOf":{"@id":"https:\/\/argreen.com.br\/#website"},"primaryImageOfPage":{"@id":"https:\/\/argreen.com.br\/produto\/bomba-de-dreno-cassette-compacto-tvr-ultra-pmp02260\/#primaryimage"},"image":{"@id":"https:\/\/argreen.com.br\/produto\/bomba-de-dreno-cassette-compacto-tvr-ultra-pmp02260\/#primaryimage"},"thumbnailUrl":"https:\/\/argreen.com.br\/wp-content\/uploads\/2024\/03\/713b6e17f3ea344493998ad109f08457-6c8be9ed7e67c071de17024865825444-1024-1024.webp","datePublished":"2024-03-27T19:25:39+00:00","dateModified":"2025-06-02T11:53:16+00:00","breadcrumb":{"@id":"https:\/\/argreen.com.br\/produto\/bomba-de-dreno-cassette-compacto-tvr-ultra-pmp02260\/#breadcrumb"},"inLanguage":"es","potentialAction":[{"@type":"ReadAction","target":["https:\/\/argreen.com.br\/produto\/bomba-de-dreno-cassette-compacto-tvr-ultra-pmp02260\/"]}]},{"@type":"ImageObject","inLanguage":"es","@id":"https:\/\/argreen.com.br\/produto\/bomba-de-dreno-cassette-compacto-tvr-ultra-pmp02260\/#primaryimage","url":"https:\/\/argreen.com.br\/wp-content\/uploads\/2024\/03\/713b6e17f3ea344493998ad109f08457-6c8be9ed7e67c071de17024865825444-1024-1024.webp","contentUrl":"https:\/\/argreen.com.br\/wp-content\/uploads\/2024\/03\/713b6e17f3ea344493998ad109f08457-6c8be9ed7e67c071de17024865825444-1024-1024.webp","width":1024,"height":1024},{"@type":"BreadcrumbList","@id":"https:\/\/argreen.com.br\/produto\/bomba-de-dreno-cassette-compacto-tvr-ultra-pmp02260\/#breadcrumb","itemListElement":[{"@type":"ListItem","position":1,"name":"In\u00edcio","item":"https:\/\/argreen.com.br\/"},{"@type":"ListItem","position":2,"name":"Cat\u00e1logo","item":"https:\/\/argreen.com.br\/catalogo\/"},{"@type":"ListItem","position":3,"name":"Bomba De Dreno Cassette Compacto TVR Ultra &#8211; PMP02260"}]},{"@type":"WebSite","@id":"https:\/\/argreen.com.br\/#website","url":"https:\/\/argreen.com.br\/","name":"Argreen","description":"Climatiza\u00e7\u00e3o &amp; Engenharia","publisher":{"@id":"https:\/\/argreen.com.br\/#organization"},"potentialAction":[{"@type":"SearchAction","target":{"@type":"EntryPoint","urlTemplate":"https:\/\/argreen.com.br\/?s={search_term_string}"},"query-input":{"@type":"PropertyValueSpecification","valueRequired":true,"valueName":"search_term_string"}}],"inLanguage":"es"},{"@type":"Organization","@id":"https:\/\/argreen.com.br\/#organization","name":"Argreen","url":"https:\/\/argreen.com.br\/","logo":{"@type":"ImageObject","inLanguage":"es","@id":"https:\/\/argreen.com.br\/#\/schema\/logo\/image\/","url":"https:\/\/argreen.com.br\/wp-content\/uploads\/2023\/06\/Logo-Argeen.png","contentUrl":"https:\/\/argreen.com.br\/wp-content\/uploads\/2023\/06\/Logo-Argeen.png","width":2248,"height":767,"caption":"Argreen"},"image":{"@id":"https:\/\/argreen.com.br\/#\/schema\/logo\/image\/"}}]}},"_links":{"self":[{"href":"https:\/\/argreen.com.br\/es\/wp-json\/wp\/v2\/product\/2569","targetHints":{"allow":["GET"]}}],"collection":[{"href":"https:\/\/argreen.com.br\/es\/wp-json\/wp\/v2\/product"}],"about":[{"href":"https:\/\/argreen.com.br\/es\/wp-json\/wp\/v2\/types\/product"}],"replies":[{"embeddable":true,"href":"https:\/\/argreen.com.br\/es\/wp-json\/wp\/v2\/comments?post=2569"}],"wp:featuredmedia":[{"embeddable":true,"href":"https:\/\/argreen.com.br\/es\/wp-json\/wp\/v2\/media\/2570"}],"wp:attachment":[{"href":"https:\/\/argreen.com.br\/es\/wp-json\/wp\/v2\/media?parent=2569"}],"wp:term":[{"taxonomy":"product_brand","embeddable":true,"href":"https:\/\/argreen.com.br\/es\/wp-json\/wp\/v2\/product_brand?post=2569"},{"taxonomy":"product_cat","embeddable":true,"href":"https:\/\/argreen.com.br\/es\/wp-json\/wp\/v2\/product_cat?post=2569"},{"taxonomy":"product_tag","embeddable":true,"href":"https:\/\/argreen.com.br\/es\/wp-json\/wp\/v2\/product_tag?post=2569"}],"curies":[{"name":"wp","href":"https:\/\/api.w.org\/{rel}","templated":true}]}}