{"id":2578,"date":"2024-03-27T16:37:58","date_gmt":"2024-03-27T19:37:58","guid":{"rendered":"https:\/\/argreen.com.br\/?post_type=product&#038;p=2578"},"modified":"2025-06-02T08:53:05","modified_gmt":"2025-06-02T11:53:05","slug":"compressor-rotativo-22000-24000-btus-toshiba-gmcc-ar-condicionado-ph310g2c-220v","status":"publish","type":"product","link":"https:\/\/argreen.com.br\/es\/producto\/compressor-rotativo-22000-24000-btus-toshiba-gmcc-ar-condicionado-ph310g2c-220v\/","title":{"rendered":"Compresor rotativo 22000\/24000 BTUS Toshiba GMCC Aire acondicionado P"},"content":{"rendered":"<p><strong>Compresor rotativo 22000\/24000 BTUS Toshiba GMCC Aire acondicionado P<\/strong><\/p>\n<p>Compressor rotativo de 24.000 Btus para utiliza\u00e7\u00e3o em R22. Os compressores rotativos, em seu design, possuem menos componentes que outros tipos de tecnologias de compress\u00e3o e oferecem uma op\u00e7\u00e3o eficiente para v\u00e1rias aplica\u00e7\u00f5es. Possui alta efici\u00eancia energ\u00e9tica aliado com baixo n\u00edvel de ru\u00eddo, garantindo baixo custo de opera\u00e7\u00e3o e funcionamento suave a progressivo. Temperatura de Descarga: 85\u00baC; Temperatura da bobina do motor: Abaixo de 130\u00baC; Carga de \u00f3leo: 570mL; Amperagem m\u00e1xima momento da partida \/ L.R.A: 55,4; Capacitor permanente: 55uF; Protetor T\u00e9rmico: Interno; Pot\u00eancia de Entrada: 2000\/2085 W \u00b13%;<\/p>","protected":false},"excerpt":{"rendered":"<p>Compressor Rotativo 22000\/24000 BTUS Toshiba GMCC Ar Condicionado PH310G2C &#8211; 220V Compressor rotativo de 24.000 Btus para utiliza\u00e7\u00e3o em R22.<\/p>","protected":false},"featured_media":2579,"comment_status":"closed","ping_status":"closed","template":"","meta":[],"product_brand":[],"product_cat":[47,205],"product_tag":[],"class_list":{"0":"post-2578","1":"product","2":"type-product","3":"status-publish","4":"has-post-thumbnail","6":"product_cat-compressor","7":"product_cat-diversos","9":"first","10":"instock","11":"shipping-taxable","12":"purchasable","13":"product-type-simple"},"yoast_head":"<!-- This site is optimized with the Yoast SEO plugin v27.3 - https:\/\/yoast.com\/product\/yoast-seo-wordpress\/ -->\n<title>Compressor Rotativo 22000\/24000 BTUS Toshiba GMCC Ar Condicionado PH310G2C - 220V - Argreen<\/title>\n<meta name=\"robots\" content=\"index, follow, max-snippet:-1, max-image-preview:large, max-video-preview:-1\" \/>\n<link rel=\"canonical\" href=\"https:\/\/argreen.com.br\/es\/producto\/compressor-rotativo-22000-24000-btus-toshiba-gmcc-ar-condicionado-ph310g2c-220v\/\" \/>\n<meta property=\"og:locale\" content=\"es_ES\" \/>\n<meta property=\"og:type\" content=\"article\" \/>\n<meta property=\"og:title\" content=\"Compressor Rotativo 22000\/24000 BTUS Toshiba GMCC Ar Condicionado PH310G2C - 220V - Argreen\" \/>\n<meta property=\"og:description\" content=\"Compressor Rotativo 22000\/24000 BTUS Toshiba GMCC Ar Condicionado PH310G2C &#8211; 220V Compressor rotativo de 24.000 Btus para utiliza\u00e7\u00e3o em R22.\" \/>\n<meta property=\"og:url\" content=\"https:\/\/argreen.com.br\/es\/producto\/compressor-rotativo-22000-24000-btus-toshiba-gmcc-ar-condicionado-ph310g2c-220v\/\" \/>\n<meta property=\"og:site_name\" content=\"Argreen\" \/>\n<meta property=\"article:modified_time\" content=\"2025-06-02T11:53:05+00:00\" \/>\n<meta property=\"og:image\" content=\"https:\/\/argreen.com.br\/wp-content\/uploads\/2024\/03\/compressor-rotativo-gmcc-toshiba-ar-condicionado-ph310g2c-220v_k3rzgntor4udppf2.webp\" \/>\n\t<meta property=\"og:image:width\" content=\"700\" \/>\n\t<meta property=\"og:image:height\" content=\"700\" \/>\n\t<meta property=\"og:image:type\" content=\"image\/webp\" \/>\n<script type=\"application\/ld+json\" class=\"yoast-schema-graph\">{\"@context\":\"https:\\\/\\\/schema.org\",\"@graph\":[{\"@type\":\"WebPage\",\"@id\":\"https:\\\/\\\/argreen.com.br\\\/produto\\\/compressor-rotativo-22000-24000-btus-toshiba-gmcc-ar-condicionado-ph310g2c-220v\\\/\",\"url\":\"https:\\\/\\\/argreen.com.br\\\/produto\\\/compressor-rotativo-22000-24000-btus-toshiba-gmcc-ar-condicionado-ph310g2c-220v\\\/\",\"name\":\"Compressor Rotativo 22000\\\/24000 BTUS Toshiba GMCC Ar Condicionado PH310G2C - 220V - Argreen\",\"isPartOf\":{\"@id\":\"https:\\\/\\\/argreen.com.br\\\/#website\"},\"primaryImageOfPage\":{\"@id\":\"https:\\\/\\\/argreen.com.br\\\/produto\\\/compressor-rotativo-22000-24000-btus-toshiba-gmcc-ar-condicionado-ph310g2c-220v\\\/#primaryimage\"},\"image\":{\"@id\":\"https:\\\/\\\/argreen.com.br\\\/produto\\\/compressor-rotativo-22000-24000-btus-toshiba-gmcc-ar-condicionado-ph310g2c-220v\\\/#primaryimage\"},\"thumbnailUrl\":\"https:\\\/\\\/argreen.com.br\\\/wp-content\\\/uploads\\\/2024\\\/03\\\/compressor-rotativo-gmcc-toshiba-ar-condicionado-ph310g2c-220v_k3rzgntor4udppf2.webp\",\"datePublished\":\"2024-03-27T19:37:58+00:00\",\"dateModified\":\"2025-06-02T11:53:05+00:00\",\"breadcrumb\":{\"@id\":\"https:\\\/\\\/argreen.com.br\\\/produto\\\/compressor-rotativo-22000-24000-btus-toshiba-gmcc-ar-condicionado-ph310g2c-220v\\\/#breadcrumb\"},\"inLanguage\":\"es\",\"potentialAction\":[{\"@type\":\"ReadAction\",\"target\":[\"https:\\\/\\\/argreen.com.br\\\/produto\\\/compressor-rotativo-22000-24000-btus-toshiba-gmcc-ar-condicionado-ph310g2c-220v\\\/\"]}]},{\"@type\":\"ImageObject\",\"inLanguage\":\"es\",\"@id\":\"https:\\\/\\\/argreen.com.br\\\/produto\\\/compressor-rotativo-22000-24000-btus-toshiba-gmcc-ar-condicionado-ph310g2c-220v\\\/#primaryimage\",\"url\":\"https:\\\/\\\/argreen.com.br\\\/wp-content\\\/uploads\\\/2024\\\/03\\\/compressor-rotativo-gmcc-toshiba-ar-condicionado-ph310g2c-220v_k3rzgntor4udppf2.webp\",\"contentUrl\":\"https:\\\/\\\/argreen.com.br\\\/wp-content\\\/uploads\\\/2024\\\/03\\\/compressor-rotativo-gmcc-toshiba-ar-condicionado-ph310g2c-220v_k3rzgntor4udppf2.webp\",\"width\":700,\"height\":700},{\"@type\":\"BreadcrumbList\",\"@id\":\"https:\\\/\\\/argreen.com.br\\\/produto\\\/compressor-rotativo-22000-24000-btus-toshiba-gmcc-ar-condicionado-ph310g2c-220v\\\/#breadcrumb\",\"itemListElement\":[{\"@type\":\"ListItem\",\"position\":1,\"name\":\"In\u00edcio\",\"item\":\"https:\\\/\\\/argreen.com.br\\\/\"},{\"@type\":\"ListItem\",\"position\":2,\"name\":\"Cat\u00e1logo\",\"item\":\"https:\\\/\\\/argreen.com.br\\\/catalogo\\\/\"},{\"@type\":\"ListItem\",\"position\":3,\"name\":\"Compressor Rotativo 22000\\\/24000 BTUS Toshiba GMCC Ar Condicionado PH310G2C &#8211; 220V\"}]},{\"@type\":\"WebSite\",\"@id\":\"https:\\\/\\\/argreen.com.br\\\/#website\",\"url\":\"https:\\\/\\\/argreen.com.br\\\/\",\"name\":\"Argreen\",\"description\":\"Climatiza\u00e7\u00e3o &amp; Engenharia\",\"publisher\":{\"@id\":\"https:\\\/\\\/argreen.com.br\\\/#organization\"},\"potentialAction\":[{\"@type\":\"SearchAction\",\"target\":{\"@type\":\"EntryPoint\",\"urlTemplate\":\"https:\\\/\\\/argreen.com.br\\\/?s={search_term_string}\"},\"query-input\":{\"@type\":\"PropertyValueSpecification\",\"valueRequired\":true,\"valueName\":\"search_term_string\"}}],\"inLanguage\":\"es\"},{\"@type\":\"Organization\",\"@id\":\"https:\\\/\\\/argreen.com.br\\\/#organization\",\"name\":\"Argreen\",\"url\":\"https:\\\/\\\/argreen.com.br\\\/\",\"logo\":{\"@type\":\"ImageObject\",\"inLanguage\":\"es\",\"@id\":\"https:\\\/\\\/argreen.com.br\\\/#\\\/schema\\\/logo\\\/image\\\/\",\"url\":\"https:\\\/\\\/argreen.com.br\\\/wp-content\\\/uploads\\\/2023\\\/06\\\/Logo-Argeen.png\",\"contentUrl\":\"https:\\\/\\\/argreen.com.br\\\/wp-content\\\/uploads\\\/2023\\\/06\\\/Logo-Argeen.png\",\"width\":2248,\"height\":767,\"caption\":\"Argreen\"},\"image\":{\"@id\":\"https:\\\/\\\/argreen.com.br\\\/#\\\/schema\\\/logo\\\/image\\\/\"}}]}<\/script>\n<!-- \/ Yoast SEO plugin. -->","yoast_head_json":{"title":"Compressor Rotativo 22000\/24000 BTUS Toshiba GMCC Ar Condicionado PH310G2C - 220V - Argreen","robots":{"index":"index","follow":"follow","max-snippet":"max-snippet:-1","max-image-preview":"max-image-preview:large","max-video-preview":"max-video-preview:-1"},"canonical":"https:\/\/argreen.com.br\/es\/producto\/compressor-rotativo-22000-24000-btus-toshiba-gmcc-ar-condicionado-ph310g2c-220v\/","og_locale":"es_ES","og_type":"article","og_title":"Compressor Rotativo 22000\/24000 BTUS Toshiba GMCC Ar Condicionado PH310G2C - 220V - Argreen","og_description":"Compressor Rotativo 22000\/24000 BTUS Toshiba GMCC Ar Condicionado PH310G2C &#8211; 220V Compressor rotativo de 24.000 Btus para utiliza\u00e7\u00e3o em R22.","og_url":"https:\/\/argreen.com.br\/es\/producto\/compressor-rotativo-22000-24000-btus-toshiba-gmcc-ar-condicionado-ph310g2c-220v\/","og_site_name":"Argreen","article_modified_time":"2025-06-02T11:53:05+00:00","og_image":[{"width":700,"height":700,"url":"https:\/\/argreen.com.br\/wp-content\/uploads\/2024\/03\/compressor-rotativo-gmcc-toshiba-ar-condicionado-ph310g2c-220v_k3rzgntor4udppf2.webp","type":"image\/webp"}],"schema":{"@context":"https:\/\/schema.org","@graph":[{"@type":"WebPage","@id":"https:\/\/argreen.com.br\/produto\/compressor-rotativo-22000-24000-btus-toshiba-gmcc-ar-condicionado-ph310g2c-220v\/","url":"https:\/\/argreen.com.br\/produto\/compressor-rotativo-22000-24000-btus-toshiba-gmcc-ar-condicionado-ph310g2c-220v\/","name":"Compressor Rotativo 22000\/24000 BTUS Toshiba GMCC Ar Condicionado PH310G2C - 220V - Argreen","isPartOf":{"@id":"https:\/\/argreen.com.br\/#website"},"primaryImageOfPage":{"@id":"https:\/\/argreen.com.br\/produto\/compressor-rotativo-22000-24000-btus-toshiba-gmcc-ar-condicionado-ph310g2c-220v\/#primaryimage"},"image":{"@id":"https:\/\/argreen.com.br\/produto\/compressor-rotativo-22000-24000-btus-toshiba-gmcc-ar-condicionado-ph310g2c-220v\/#primaryimage"},"thumbnailUrl":"https:\/\/argreen.com.br\/wp-content\/uploads\/2024\/03\/compressor-rotativo-gmcc-toshiba-ar-condicionado-ph310g2c-220v_k3rzgntor4udppf2.webp","datePublished":"2024-03-27T19:37:58+00:00","dateModified":"2025-06-02T11:53:05+00:00","breadcrumb":{"@id":"https:\/\/argreen.com.br\/produto\/compressor-rotativo-22000-24000-btus-toshiba-gmcc-ar-condicionado-ph310g2c-220v\/#breadcrumb"},"inLanguage":"es","potentialAction":[{"@type":"ReadAction","target":["https:\/\/argreen.com.br\/produto\/compressor-rotativo-22000-24000-btus-toshiba-gmcc-ar-condicionado-ph310g2c-220v\/"]}]},{"@type":"ImageObject","inLanguage":"es","@id":"https:\/\/argreen.com.br\/produto\/compressor-rotativo-22000-24000-btus-toshiba-gmcc-ar-condicionado-ph310g2c-220v\/#primaryimage","url":"https:\/\/argreen.com.br\/wp-content\/uploads\/2024\/03\/compressor-rotativo-gmcc-toshiba-ar-condicionado-ph310g2c-220v_k3rzgntor4udppf2.webp","contentUrl":"https:\/\/argreen.com.br\/wp-content\/uploads\/2024\/03\/compressor-rotativo-gmcc-toshiba-ar-condicionado-ph310g2c-220v_k3rzgntor4udppf2.webp","width":700,"height":700},{"@type":"BreadcrumbList","@id":"https:\/\/argreen.com.br\/produto\/compressor-rotativo-22000-24000-btus-toshiba-gmcc-ar-condicionado-ph310g2c-220v\/#breadcrumb","itemListElement":[{"@type":"ListItem","position":1,"name":"In\u00edcio","item":"https:\/\/argreen.com.br\/"},{"@type":"ListItem","position":2,"name":"Cat\u00e1logo","item":"https:\/\/argreen.com.br\/catalogo\/"},{"@type":"ListItem","position":3,"name":"Compressor Rotativo 22000\/24000 BTUS Toshiba GMCC Ar Condicionado PH310G2C &#8211; 220V"}]},{"@type":"WebSite","@id":"https:\/\/argreen.com.br\/#website","url":"https:\/\/argreen.com.br\/","name":"Argreen","description":"Climatiza\u00e7\u00e3o &amp; Engenharia","publisher":{"@id":"https:\/\/argreen.com.br\/#organization"},"potentialAction":[{"@type":"SearchAction","target":{"@type":"EntryPoint","urlTemplate":"https:\/\/argreen.com.br\/?s={search_term_string}"},"query-input":{"@type":"PropertyValueSpecification","valueRequired":true,"valueName":"search_term_string"}}],"inLanguage":"es"},{"@type":"Organization","@id":"https:\/\/argreen.com.br\/#organization","name":"Argreen","url":"https:\/\/argreen.com.br\/","logo":{"@type":"ImageObject","inLanguage":"es","@id":"https:\/\/argreen.com.br\/#\/schema\/logo\/image\/","url":"https:\/\/argreen.com.br\/wp-content\/uploads\/2023\/06\/Logo-Argeen.png","contentUrl":"https:\/\/argreen.com.br\/wp-content\/uploads\/2023\/06\/Logo-Argeen.png","width":2248,"height":767,"caption":"Argreen"},"image":{"@id":"https:\/\/argreen.com.br\/#\/schema\/logo\/image\/"}}]}},"_links":{"self":[{"href":"https:\/\/argreen.com.br\/es\/wp-json\/wp\/v2\/product\/2578","targetHints":{"allow":["GET"]}}],"collection":[{"href":"https:\/\/argreen.com.br\/es\/wp-json\/wp\/v2\/product"}],"about":[{"href":"https:\/\/argreen.com.br\/es\/wp-json\/wp\/v2\/types\/product"}],"replies":[{"embeddable":true,"href":"https:\/\/argreen.com.br\/es\/wp-json\/wp\/v2\/comments?post=2578"}],"wp:featuredmedia":[{"embeddable":true,"href":"https:\/\/argreen.com.br\/es\/wp-json\/wp\/v2\/media\/2579"}],"wp:attachment":[{"href":"https:\/\/argreen.com.br\/es\/wp-json\/wp\/v2\/media?parent=2578"}],"wp:term":[{"taxonomy":"product_brand","embeddable":true,"href":"https:\/\/argreen.com.br\/es\/wp-json\/wp\/v2\/product_brand?post=2578"},{"taxonomy":"product_cat","embeddable":true,"href":"https:\/\/argreen.com.br\/es\/wp-json\/wp\/v2\/product_cat?post=2578"},{"taxonomy":"product_tag","embeddable":true,"href":"https:\/\/argreen.com.br\/es\/wp-json\/wp\/v2\/product_tag?post=2578"}],"curies":[{"name":"wp","href":"https:\/\/api.w.org\/{rel}","templated":true}]}}