{"id":2879,"date":"2025-01-08T11:39:07","date_gmt":"2025-01-08T14:39:07","guid":{"rendered":"https:\/\/argreen.com.br\/?post_type=product&#038;p=2879"},"modified":"2025-06-02T08:51:42","modified_gmt":"2025-06-02T11:51:42","slug":"suporte-para-ar-condicionado","status":"publish","type":"product","link":"https:\/\/argreen.com.br\/es\/producto\/suporte-para-ar-condicionado\/","title":{"rendered":"Soporte de 500mm para Aire Acondicionado Split de 18.000 a 24.000 BTU"},"content":{"rendered":"<p><strong>Detalhes do Produto:<\/strong><\/p>\n<p>Peso: 1840,00<\/p>\n<p>Altura real: 50,00<\/p>\n<p>Largura real: 5,00<\/p>\n<p>Comprimento:40,00<\/p>","protected":false},"excerpt":{"rendered":"<p>O\u00a0<strong>Suporte\u00a0 <\/strong>tem a espessura da chapa de 1,5mm com capacidade m\u00e1xima para suportar at\u00e9 65 Kg. \u00c9 refor\u00e7ado com parafuso, porca, arruela de metal, arruela de borracha.<\/p>","protected":false},"featured_media":2880,"comment_status":"closed","ping_status":"closed","template":"","meta":[],"product_brand":[],"product_cat":[205,26],"product_tag":[],"class_list":{"0":"post-2879","1":"product","2":"type-product","3":"status-publish","4":"has-post-thumbnail","6":"product_cat-diversos","7":"product_cat-pecas","9":"first","10":"instock","11":"shipping-taxable","12":"purchasable","13":"product-type-simple"},"yoast_head":"<!-- This site is optimized with the Yoast SEO plugin v27.3 - https:\/\/yoast.com\/product\/yoast-seo-wordpress\/ -->\n<title>Suporte de 500mm para Ar Condicionado Split 18.000 a 24.000 BTUs - Argreen<\/title>\n<meta name=\"description\" content=\"Suporte 500mm para Ar Condicionado Split 18.000 a 24.000 BTUs\u00a0tem a espessura da chapa de 1,5mm com capacidade m\u00e1xima para suportar at\u00e9 65 Kg.\" \/>\n<meta name=\"robots\" content=\"index, follow, max-snippet:-1, max-image-preview:large, max-video-preview:-1\" \/>\n<link rel=\"canonical\" href=\"https:\/\/argreen.com.br\/es\/producto\/suporte-para-ar-condicionado\/\" \/>\n<meta property=\"og:locale\" content=\"es_ES\" \/>\n<meta property=\"og:type\" content=\"article\" \/>\n<meta property=\"og:title\" content=\"Suporte de 500mm para Ar Condicionado Split 18.000 a 24.000 BTUs - Argreen\" \/>\n<meta property=\"og:description\" content=\"Suporte 500mm para Ar Condicionado Split 18.000 a 24.000 BTUs\u00a0tem a espessura da chapa de 1,5mm com capacidade m\u00e1xima para suportar at\u00e9 65 Kg.\" \/>\n<meta property=\"og:url\" content=\"https:\/\/argreen.com.br\/es\/producto\/suporte-para-ar-condicionado\/\" \/>\n<meta property=\"og:site_name\" content=\"Argreen\" \/>\n<meta property=\"article:modified_time\" content=\"2025-06-02T11:51:42+00:00\" \/>\n<meta property=\"og:image\" content=\"https:\/\/argreen.com.br\/wp-content\/uploads\/2025\/01\/184553-800-auto.webp\" \/>\n\t<meta property=\"og:image:width\" content=\"800\" \/>\n\t<meta property=\"og:image:height\" content=\"800\" \/>\n\t<meta property=\"og:image:type\" content=\"image\/webp\" \/>\n<script type=\"application\/ld+json\" class=\"yoast-schema-graph\">{\"@context\":\"https:\\\/\\\/schema.org\",\"@graph\":[{\"@type\":\"WebPage\",\"@id\":\"https:\\\/\\\/argreen.com.br\\\/produto\\\/suporte-para-ar-condicionado\\\/\",\"url\":\"https:\\\/\\\/argreen.com.br\\\/produto\\\/suporte-para-ar-condicionado\\\/\",\"name\":\"Suporte de 500mm para Ar Condicionado Split 18.000 a 24.000 BTUs - Argreen\",\"isPartOf\":{\"@id\":\"https:\\\/\\\/argreen.com.br\\\/#website\"},\"primaryImageOfPage\":{\"@id\":\"https:\\\/\\\/argreen.com.br\\\/produto\\\/suporte-para-ar-condicionado\\\/#primaryimage\"},\"image\":{\"@id\":\"https:\\\/\\\/argreen.com.br\\\/produto\\\/suporte-para-ar-condicionado\\\/#primaryimage\"},\"thumbnailUrl\":\"https:\\\/\\\/argreen.com.br\\\/wp-content\\\/uploads\\\/2025\\\/01\\\/184553-800-auto.webp\",\"datePublished\":\"2025-01-08T14:39:07+00:00\",\"dateModified\":\"2025-06-02T11:51:42+00:00\",\"description\":\"Suporte 500mm para Ar Condicionado Split 18.000 a 24.000 BTUs\u00a0tem a espessura da chapa de 1,5mm com capacidade m\u00e1xima para suportar at\u00e9 65 Kg.\",\"breadcrumb\":{\"@id\":\"https:\\\/\\\/argreen.com.br\\\/produto\\\/suporte-para-ar-condicionado\\\/#breadcrumb\"},\"inLanguage\":\"es\",\"potentialAction\":[{\"@type\":\"ReadAction\",\"target\":[\"https:\\\/\\\/argreen.com.br\\\/produto\\\/suporte-para-ar-condicionado\\\/\"]}]},{\"@type\":\"ImageObject\",\"inLanguage\":\"es\",\"@id\":\"https:\\\/\\\/argreen.com.br\\\/produto\\\/suporte-para-ar-condicionado\\\/#primaryimage\",\"url\":\"https:\\\/\\\/argreen.com.br\\\/wp-content\\\/uploads\\\/2025\\\/01\\\/184553-800-auto.webp\",\"contentUrl\":\"https:\\\/\\\/argreen.com.br\\\/wp-content\\\/uploads\\\/2025\\\/01\\\/184553-800-auto.webp\",\"width\":800,\"height\":800},{\"@type\":\"BreadcrumbList\",\"@id\":\"https:\\\/\\\/argreen.com.br\\\/produto\\\/suporte-para-ar-condicionado\\\/#breadcrumb\",\"itemListElement\":[{\"@type\":\"ListItem\",\"position\":1,\"name\":\"In\u00edcio\",\"item\":\"https:\\\/\\\/argreen.com.br\\\/\"},{\"@type\":\"ListItem\",\"position\":2,\"name\":\"Cat\u00e1logo\",\"item\":\"https:\\\/\\\/argreen.com.br\\\/catalogo\\\/\"},{\"@type\":\"ListItem\",\"position\":3,\"name\":\"Suporte de 500mm para Ar Condicionado Split 18.000 a 24.000 BTUs\"}]},{\"@type\":\"WebSite\",\"@id\":\"https:\\\/\\\/argreen.com.br\\\/#website\",\"url\":\"https:\\\/\\\/argreen.com.br\\\/\",\"name\":\"Argreen\",\"description\":\"Climatiza\u00e7\u00e3o &amp; Engenharia\",\"publisher\":{\"@id\":\"https:\\\/\\\/argreen.com.br\\\/#organization\"},\"potentialAction\":[{\"@type\":\"SearchAction\",\"target\":{\"@type\":\"EntryPoint\",\"urlTemplate\":\"https:\\\/\\\/argreen.com.br\\\/?s={search_term_string}\"},\"query-input\":{\"@type\":\"PropertyValueSpecification\",\"valueRequired\":true,\"valueName\":\"search_term_string\"}}],\"inLanguage\":\"es\"},{\"@type\":\"Organization\",\"@id\":\"https:\\\/\\\/argreen.com.br\\\/#organization\",\"name\":\"Argreen\",\"url\":\"https:\\\/\\\/argreen.com.br\\\/\",\"logo\":{\"@type\":\"ImageObject\",\"inLanguage\":\"es\",\"@id\":\"https:\\\/\\\/argreen.com.br\\\/#\\\/schema\\\/logo\\\/image\\\/\",\"url\":\"https:\\\/\\\/argreen.com.br\\\/wp-content\\\/uploads\\\/2023\\\/06\\\/Logo-Argeen.png\",\"contentUrl\":\"https:\\\/\\\/argreen.com.br\\\/wp-content\\\/uploads\\\/2023\\\/06\\\/Logo-Argeen.png\",\"width\":2248,\"height\":767,\"caption\":\"Argreen\"},\"image\":{\"@id\":\"https:\\\/\\\/argreen.com.br\\\/#\\\/schema\\\/logo\\\/image\\\/\"}}]}<\/script>\n<!-- \/ Yoast SEO plugin. -->","yoast_head_json":{"title":"Suporte de 500mm para Ar Condicionado Split 18.000 a 24.000 BTUs - Argreen","description":"Suporte 500mm para Ar Condicionado Split 18.000 a 24.000 BTUs\u00a0tem a espessura da chapa de 1,5mm com capacidade m\u00e1xima para suportar at\u00e9 65 Kg.","robots":{"index":"index","follow":"follow","max-snippet":"max-snippet:-1","max-image-preview":"max-image-preview:large","max-video-preview":"max-video-preview:-1"},"canonical":"https:\/\/argreen.com.br\/es\/producto\/suporte-para-ar-condicionado\/","og_locale":"es_ES","og_type":"article","og_title":"Suporte de 500mm para Ar Condicionado Split 18.000 a 24.000 BTUs - Argreen","og_description":"Suporte 500mm para Ar Condicionado Split 18.000 a 24.000 BTUs\u00a0tem a espessura da chapa de 1,5mm com capacidade m\u00e1xima para suportar at\u00e9 65 Kg.","og_url":"https:\/\/argreen.com.br\/es\/producto\/suporte-para-ar-condicionado\/","og_site_name":"Argreen","article_modified_time":"2025-06-02T11:51:42+00:00","og_image":[{"width":800,"height":800,"url":"https:\/\/argreen.com.br\/wp-content\/uploads\/2025\/01\/184553-800-auto.webp","type":"image\/webp"}],"schema":{"@context":"https:\/\/schema.org","@graph":[{"@type":"WebPage","@id":"https:\/\/argreen.com.br\/produto\/suporte-para-ar-condicionado\/","url":"https:\/\/argreen.com.br\/produto\/suporte-para-ar-condicionado\/","name":"Suporte de 500mm para Ar Condicionado Split 18.000 a 24.000 BTUs - Argreen","isPartOf":{"@id":"https:\/\/argreen.com.br\/#website"},"primaryImageOfPage":{"@id":"https:\/\/argreen.com.br\/produto\/suporte-para-ar-condicionado\/#primaryimage"},"image":{"@id":"https:\/\/argreen.com.br\/produto\/suporte-para-ar-condicionado\/#primaryimage"},"thumbnailUrl":"https:\/\/argreen.com.br\/wp-content\/uploads\/2025\/01\/184553-800-auto.webp","datePublished":"2025-01-08T14:39:07+00:00","dateModified":"2025-06-02T11:51:42+00:00","description":"Suporte 500mm para Ar Condicionado Split 18.000 a 24.000 BTUs\u00a0tem a espessura da chapa de 1,5mm com capacidade m\u00e1xima para suportar at\u00e9 65 Kg.","breadcrumb":{"@id":"https:\/\/argreen.com.br\/produto\/suporte-para-ar-condicionado\/#breadcrumb"},"inLanguage":"es","potentialAction":[{"@type":"ReadAction","target":["https:\/\/argreen.com.br\/produto\/suporte-para-ar-condicionado\/"]}]},{"@type":"ImageObject","inLanguage":"es","@id":"https:\/\/argreen.com.br\/produto\/suporte-para-ar-condicionado\/#primaryimage","url":"https:\/\/argreen.com.br\/wp-content\/uploads\/2025\/01\/184553-800-auto.webp","contentUrl":"https:\/\/argreen.com.br\/wp-content\/uploads\/2025\/01\/184553-800-auto.webp","width":800,"height":800},{"@type":"BreadcrumbList","@id":"https:\/\/argreen.com.br\/produto\/suporte-para-ar-condicionado\/#breadcrumb","itemListElement":[{"@type":"ListItem","position":1,"name":"In\u00edcio","item":"https:\/\/argreen.com.br\/"},{"@type":"ListItem","position":2,"name":"Cat\u00e1logo","item":"https:\/\/argreen.com.br\/catalogo\/"},{"@type":"ListItem","position":3,"name":"Suporte de 500mm para Ar Condicionado Split 18.000 a 24.000 BTUs"}]},{"@type":"WebSite","@id":"https:\/\/argreen.com.br\/#website","url":"https:\/\/argreen.com.br\/","name":"Argreen","description":"Climatiza\u00e7\u00e3o &amp; Engenharia","publisher":{"@id":"https:\/\/argreen.com.br\/#organization"},"potentialAction":[{"@type":"SearchAction","target":{"@type":"EntryPoint","urlTemplate":"https:\/\/argreen.com.br\/?s={search_term_string}"},"query-input":{"@type":"PropertyValueSpecification","valueRequired":true,"valueName":"search_term_string"}}],"inLanguage":"es"},{"@type":"Organization","@id":"https:\/\/argreen.com.br\/#organization","name":"Argreen","url":"https:\/\/argreen.com.br\/","logo":{"@type":"ImageObject","inLanguage":"es","@id":"https:\/\/argreen.com.br\/#\/schema\/logo\/image\/","url":"https:\/\/argreen.com.br\/wp-content\/uploads\/2023\/06\/Logo-Argeen.png","contentUrl":"https:\/\/argreen.com.br\/wp-content\/uploads\/2023\/06\/Logo-Argeen.png","width":2248,"height":767,"caption":"Argreen"},"image":{"@id":"https:\/\/argreen.com.br\/#\/schema\/logo\/image\/"}}]}},"_links":{"self":[{"href":"https:\/\/argreen.com.br\/es\/wp-json\/wp\/v2\/product\/2879","targetHints":{"allow":["GET"]}}],"collection":[{"href":"https:\/\/argreen.com.br\/es\/wp-json\/wp\/v2\/product"}],"about":[{"href":"https:\/\/argreen.com.br\/es\/wp-json\/wp\/v2\/types\/product"}],"replies":[{"embeddable":true,"href":"https:\/\/argreen.com.br\/es\/wp-json\/wp\/v2\/comments?post=2879"}],"wp:featuredmedia":[{"embeddable":true,"href":"https:\/\/argreen.com.br\/es\/wp-json\/wp\/v2\/media\/2880"}],"wp:attachment":[{"href":"https:\/\/argreen.com.br\/es\/wp-json\/wp\/v2\/media?parent=2879"}],"wp:term":[{"taxonomy":"product_brand","embeddable":true,"href":"https:\/\/argreen.com.br\/es\/wp-json\/wp\/v2\/product_brand?post=2879"},{"taxonomy":"product_cat","embeddable":true,"href":"https:\/\/argreen.com.br\/es\/wp-json\/wp\/v2\/product_cat?post=2879"},{"taxonomy":"product_tag","embeddable":true,"href":"https:\/\/argreen.com.br\/es\/wp-json\/wp\/v2\/product_tag?post=2879"}],"curies":[{"name":"wp","href":"https:\/\/api.w.org\/{rel}","templated":true}]}}