{"id":2885,"date":"2025-01-08T15:40:08","date_gmt":"2025-01-08T18:40:08","guid":{"rendered":"https:\/\/argreen.com.br\/?post_type=product&#038;p=2885"},"modified":"2025-06-02T08:51:36","modified_gmt":"2025-06-02T11:51:36","slug":"bomba-dreno-ar-condicionado-split-vix-13-litros-hora-220-volts","status":"publish","type":"product","link":"https:\/\/argreen.com.br\/es\/producto\/bomba-dreno-ar-condicionado-split-vix-13-litros-hora-220-volts\/","title":{"rendered":"Bomba de drenaje para aire acondicionado split Vix de 13 litros\/hora (220 voltios)"},"content":{"rendered":"<p>Sony<strong>\u00a0Bomba de drenaje para aire acondicionado split Vix de 13 litros\/hora (220 voltios)<\/strong>\u00a0foi projetada para instala\u00e7\u00f5es em ar condicionado do tipo split ou janela, cuja a pot\u00eancia frigor\u00edfica n\u00e3o exceda 10kW (36.000 BTUs, 2,8 tons), seu principal objetivo \u00e9 remover a \u00e1gua condensada em locais que n\u00e3o possuam um dreno pr\u00f3ximo da instala\u00e7\u00e3o. O funcionamento \u00e9 silencioso e suave. De tamanho compacto e f\u00e1cil instala\u00e7\u00e3o, possui montagem oculta ou com acabamento externo opcional.<\/p>\n<p>Imagem Meramente Ilustrativa.<\/p>","protected":false},"excerpt":{"rendered":"<p>A\u00a0Bomba Dreno Ar Condicionado Split Vix 13 litros\/hora &#8211; 220 Volts\u00a0foi projetada para instala\u00e7\u00f5es em ar condicionado do tipo split<\/p>","protected":false},"featured_media":2886,"comment_status":"closed","ping_status":"closed","template":"","meta":[],"product_brand":[],"product_cat":[89,205],"product_tag":[],"class_list":{"0":"post-2885","1":"product","2":"type-product","3":"status-publish","4":"has-post-thumbnail","6":"product_cat-bomba-de-dreno","7":"product_cat-diversos","9":"first","10":"instock","11":"shipping-taxable","12":"purchasable","13":"product-type-simple"},"yoast_head":"<!-- This site is optimized with the Yoast SEO plugin v27.3 - https:\/\/yoast.com\/product\/yoast-seo-wordpress\/ -->\n<title>Bomba Dreno Ar Condicionado Split Vix 13 litros\/hora - 220 Volts - Argreen<\/title>\n<meta name=\"description\" content=\"%\" \/>\n<meta name=\"robots\" content=\"index, follow, max-snippet:-1, max-image-preview:large, max-video-preview:-1\" \/>\n<link rel=\"canonical\" href=\"https:\/\/argreen.com.br\/es\/producto\/bomba-dreno-ar-condicionado-split-vix-13-litros-hora-220-volts\/\" \/>\n<meta property=\"og:locale\" content=\"es_ES\" \/>\n<meta property=\"og:type\" content=\"article\" \/>\n<meta property=\"og:title\" content=\"Bomba Dreno Ar Condicionado Split Vix 13 litros\/hora - 220 Volts - Argreen\" \/>\n<meta property=\"og:description\" content=\"%\" \/>\n<meta property=\"og:url\" content=\"https:\/\/argreen.com.br\/es\/producto\/bomba-dreno-ar-condicionado-split-vix-13-litros-hora-220-volts\/\" \/>\n<meta property=\"og:site_name\" content=\"Argreen\" \/>\n<meta property=\"article:modified_time\" content=\"2025-06-02T11:51:36+00:00\" \/>\n<meta property=\"og:image\" content=\"https:\/\/argreen.com.br\/wp-content\/uploads\/2025\/01\/Bomba-Dreno-Ar-Condicionado.png\" \/>\n\t<meta property=\"og:image:width\" content=\"500\" \/>\n\t<meta property=\"og:image:height\" content=\"500\" \/>\n\t<meta property=\"og:image:type\" content=\"image\/png\" \/>\n<script type=\"application\/ld+json\" class=\"yoast-schema-graph\">{\"@context\":\"https:\\\/\\\/schema.org\",\"@graph\":[{\"@type\":\"WebPage\",\"@id\":\"https:\\\/\\\/argreen.com.br\\\/produto\\\/bomba-dreno-ar-condicionado-split-vix-13-litros-hora-220-volts\\\/\",\"url\":\"https:\\\/\\\/argreen.com.br\\\/produto\\\/bomba-dreno-ar-condicionado-split-vix-13-litros-hora-220-volts\\\/\",\"name\":\"Bomba Dreno Ar Condicionado Split Vix 13 litros\\\/hora - 220 Volts - Argreen\",\"isPartOf\":{\"@id\":\"https:\\\/\\\/argreen.com.br\\\/#website\"},\"primaryImageOfPage\":{\"@id\":\"https:\\\/\\\/argreen.com.br\\\/produto\\\/bomba-dreno-ar-condicionado-split-vix-13-litros-hora-220-volts\\\/#primaryimage\"},\"image\":{\"@id\":\"https:\\\/\\\/argreen.com.br\\\/produto\\\/bomba-dreno-ar-condicionado-split-vix-13-litros-hora-220-volts\\\/#primaryimage\"},\"thumbnailUrl\":\"https:\\\/\\\/argreen.com.br\\\/wp-content\\\/uploads\\\/2025\\\/01\\\/Bomba-Dreno-Ar-Condicionado.png\",\"datePublished\":\"2025-01-08T18:40:08+00:00\",\"dateModified\":\"2025-06-02T11:51:36+00:00\",\"description\":\"%\",\"breadcrumb\":{\"@id\":\"https:\\\/\\\/argreen.com.br\\\/produto\\\/bomba-dreno-ar-condicionado-split-vix-13-litros-hora-220-volts\\\/#breadcrumb\"},\"inLanguage\":\"es\",\"potentialAction\":[{\"@type\":\"ReadAction\",\"target\":[\"https:\\\/\\\/argreen.com.br\\\/produto\\\/bomba-dreno-ar-condicionado-split-vix-13-litros-hora-220-volts\\\/\"]}]},{\"@type\":\"ImageObject\",\"inLanguage\":\"es\",\"@id\":\"https:\\\/\\\/argreen.com.br\\\/produto\\\/bomba-dreno-ar-condicionado-split-vix-13-litros-hora-220-volts\\\/#primaryimage\",\"url\":\"https:\\\/\\\/argreen.com.br\\\/wp-content\\\/uploads\\\/2025\\\/01\\\/Bomba-Dreno-Ar-Condicionado.png\",\"contentUrl\":\"https:\\\/\\\/argreen.com.br\\\/wp-content\\\/uploads\\\/2025\\\/01\\\/Bomba-Dreno-Ar-Condicionado.png\",\"width\":500,\"height\":500},{\"@type\":\"BreadcrumbList\",\"@id\":\"https:\\\/\\\/argreen.com.br\\\/produto\\\/bomba-dreno-ar-condicionado-split-vix-13-litros-hora-220-volts\\\/#breadcrumb\",\"itemListElement\":[{\"@type\":\"ListItem\",\"position\":1,\"name\":\"In\u00edcio\",\"item\":\"https:\\\/\\\/argreen.com.br\\\/\"},{\"@type\":\"ListItem\",\"position\":2,\"name\":\"Cat\u00e1logo\",\"item\":\"https:\\\/\\\/argreen.com.br\\\/catalogo\\\/\"},{\"@type\":\"ListItem\",\"position\":3,\"name\":\"Bomba Dreno Ar Condicionado Split Vix 13 litros\\\/hora &#8211; 220 Volts\"}]},{\"@type\":\"WebSite\",\"@id\":\"https:\\\/\\\/argreen.com.br\\\/#website\",\"url\":\"https:\\\/\\\/argreen.com.br\\\/\",\"name\":\"Argreen\",\"description\":\"Climatiza\u00e7\u00e3o &amp; Engenharia\",\"publisher\":{\"@id\":\"https:\\\/\\\/argreen.com.br\\\/#organization\"},\"potentialAction\":[{\"@type\":\"SearchAction\",\"target\":{\"@type\":\"EntryPoint\",\"urlTemplate\":\"https:\\\/\\\/argreen.com.br\\\/?s={search_term_string}\"},\"query-input\":{\"@type\":\"PropertyValueSpecification\",\"valueRequired\":true,\"valueName\":\"search_term_string\"}}],\"inLanguage\":\"es\"},{\"@type\":\"Organization\",\"@id\":\"https:\\\/\\\/argreen.com.br\\\/#organization\",\"name\":\"Argreen\",\"url\":\"https:\\\/\\\/argreen.com.br\\\/\",\"logo\":{\"@type\":\"ImageObject\",\"inLanguage\":\"es\",\"@id\":\"https:\\\/\\\/argreen.com.br\\\/#\\\/schema\\\/logo\\\/image\\\/\",\"url\":\"https:\\\/\\\/argreen.com.br\\\/wp-content\\\/uploads\\\/2023\\\/06\\\/Logo-Argeen.png\",\"contentUrl\":\"https:\\\/\\\/argreen.com.br\\\/wp-content\\\/uploads\\\/2023\\\/06\\\/Logo-Argeen.png\",\"width\":2248,\"height\":767,\"caption\":\"Argreen\"},\"image\":{\"@id\":\"https:\\\/\\\/argreen.com.br\\\/#\\\/schema\\\/logo\\\/image\\\/\"}}]}<\/script>\n<!-- \/ Yoast SEO plugin. -->","yoast_head_json":{"title":"Bomba Dreno Ar Condicionado Split Vix 13 litros\/hora - 220 Volts - Argreen","description":"%","robots":{"index":"index","follow":"follow","max-snippet":"max-snippet:-1","max-image-preview":"max-image-preview:large","max-video-preview":"max-video-preview:-1"},"canonical":"https:\/\/argreen.com.br\/es\/producto\/bomba-dreno-ar-condicionado-split-vix-13-litros-hora-220-volts\/","og_locale":"es_ES","og_type":"article","og_title":"Bomba Dreno Ar Condicionado Split Vix 13 litros\/hora - 220 Volts - Argreen","og_description":"%","og_url":"https:\/\/argreen.com.br\/es\/producto\/bomba-dreno-ar-condicionado-split-vix-13-litros-hora-220-volts\/","og_site_name":"Argreen","article_modified_time":"2025-06-02T11:51:36+00:00","og_image":[{"width":500,"height":500,"url":"https:\/\/argreen.com.br\/wp-content\/uploads\/2025\/01\/Bomba-Dreno-Ar-Condicionado.png","type":"image\/png"}],"schema":{"@context":"https:\/\/schema.org","@graph":[{"@type":"WebPage","@id":"https:\/\/argreen.com.br\/produto\/bomba-dreno-ar-condicionado-split-vix-13-litros-hora-220-volts\/","url":"https:\/\/argreen.com.br\/produto\/bomba-dreno-ar-condicionado-split-vix-13-litros-hora-220-volts\/","name":"Bomba Dreno Ar Condicionado Split Vix 13 litros\/hora - 220 Volts - Argreen","isPartOf":{"@id":"https:\/\/argreen.com.br\/#website"},"primaryImageOfPage":{"@id":"https:\/\/argreen.com.br\/produto\/bomba-dreno-ar-condicionado-split-vix-13-litros-hora-220-volts\/#primaryimage"},"image":{"@id":"https:\/\/argreen.com.br\/produto\/bomba-dreno-ar-condicionado-split-vix-13-litros-hora-220-volts\/#primaryimage"},"thumbnailUrl":"https:\/\/argreen.com.br\/wp-content\/uploads\/2025\/01\/Bomba-Dreno-Ar-Condicionado.png","datePublished":"2025-01-08T18:40:08+00:00","dateModified":"2025-06-02T11:51:36+00:00","description":"%","breadcrumb":{"@id":"https:\/\/argreen.com.br\/produto\/bomba-dreno-ar-condicionado-split-vix-13-litros-hora-220-volts\/#breadcrumb"},"inLanguage":"es","potentialAction":[{"@type":"ReadAction","target":["https:\/\/argreen.com.br\/produto\/bomba-dreno-ar-condicionado-split-vix-13-litros-hora-220-volts\/"]}]},{"@type":"ImageObject","inLanguage":"es","@id":"https:\/\/argreen.com.br\/produto\/bomba-dreno-ar-condicionado-split-vix-13-litros-hora-220-volts\/#primaryimage","url":"https:\/\/argreen.com.br\/wp-content\/uploads\/2025\/01\/Bomba-Dreno-Ar-Condicionado.png","contentUrl":"https:\/\/argreen.com.br\/wp-content\/uploads\/2025\/01\/Bomba-Dreno-Ar-Condicionado.png","width":500,"height":500},{"@type":"BreadcrumbList","@id":"https:\/\/argreen.com.br\/produto\/bomba-dreno-ar-condicionado-split-vix-13-litros-hora-220-volts\/#breadcrumb","itemListElement":[{"@type":"ListItem","position":1,"name":"In\u00edcio","item":"https:\/\/argreen.com.br\/"},{"@type":"ListItem","position":2,"name":"Cat\u00e1logo","item":"https:\/\/argreen.com.br\/catalogo\/"},{"@type":"ListItem","position":3,"name":"Bomba Dreno Ar Condicionado Split Vix 13 litros\/hora &#8211; 220 Volts"}]},{"@type":"WebSite","@id":"https:\/\/argreen.com.br\/#website","url":"https:\/\/argreen.com.br\/","name":"Argreen","description":"Climatiza\u00e7\u00e3o &amp; Engenharia","publisher":{"@id":"https:\/\/argreen.com.br\/#organization"},"potentialAction":[{"@type":"SearchAction","target":{"@type":"EntryPoint","urlTemplate":"https:\/\/argreen.com.br\/?s={search_term_string}"},"query-input":{"@type":"PropertyValueSpecification","valueRequired":true,"valueName":"search_term_string"}}],"inLanguage":"es"},{"@type":"Organization","@id":"https:\/\/argreen.com.br\/#organization","name":"Argreen","url":"https:\/\/argreen.com.br\/","logo":{"@type":"ImageObject","inLanguage":"es","@id":"https:\/\/argreen.com.br\/#\/schema\/logo\/image\/","url":"https:\/\/argreen.com.br\/wp-content\/uploads\/2023\/06\/Logo-Argeen.png","contentUrl":"https:\/\/argreen.com.br\/wp-content\/uploads\/2023\/06\/Logo-Argeen.png","width":2248,"height":767,"caption":"Argreen"},"image":{"@id":"https:\/\/argreen.com.br\/#\/schema\/logo\/image\/"}}]}},"_links":{"self":[{"href":"https:\/\/argreen.com.br\/es\/wp-json\/wp\/v2\/product\/2885","targetHints":{"allow":["GET"]}}],"collection":[{"href":"https:\/\/argreen.com.br\/es\/wp-json\/wp\/v2\/product"}],"about":[{"href":"https:\/\/argreen.com.br\/es\/wp-json\/wp\/v2\/types\/product"}],"replies":[{"embeddable":true,"href":"https:\/\/argreen.com.br\/es\/wp-json\/wp\/v2\/comments?post=2885"}],"wp:featuredmedia":[{"embeddable":true,"href":"https:\/\/argreen.com.br\/es\/wp-json\/wp\/v2\/media\/2886"}],"wp:attachment":[{"href":"https:\/\/argreen.com.br\/es\/wp-json\/wp\/v2\/media?parent=2885"}],"wp:term":[{"taxonomy":"product_brand","embeddable":true,"href":"https:\/\/argreen.com.br\/es\/wp-json\/wp\/v2\/product_brand?post=2885"},{"taxonomy":"product_cat","embeddable":true,"href":"https:\/\/argreen.com.br\/es\/wp-json\/wp\/v2\/product_cat?post=2885"},{"taxonomy":"product_tag","embeddable":true,"href":"https:\/\/argreen.com.br\/es\/wp-json\/wp\/v2\/product_tag?post=2885"}],"curies":[{"name":"wp","href":"https:\/\/api.w.org\/{rel}","templated":true}]}}