{"id":2887,"date":"2025-01-08T16:15:49","date_gmt":"2025-01-08T19:15:49","guid":{"rendered":"https:\/\/argreen.com.br\/?post_type=product&#038;p=2887"},"modified":"2025-06-02T08:51:32","modified_gmt":"2025-06-02T11:51:32","slug":"bomba-de-vacuo-estagio-duplo-55cfm-vix","status":"publish","type":"product","link":"https:\/\/argreen.com.br\/es\/producto\/bomba-de-vacuo-estagio-duplo-55cfm-vix\/","title":{"rendered":"Bomba de vac\u00edo de doble etapa Vix 5.5CFM"},"content":{"rendered":"<p>Sony\u00a0<strong>Bomba de V\u00e1cuo de Duplo Est\u00e1gio 5,5 CFM Vix\u00a0<\/strong>\u00e9 uma excelente escolha para sistemas de refrigera\u00e7\u00e3o e ar-condicionado. Inovadora e compacta, \u00e9 extremamente potente, contando com dois est\u00e1gios para alcan\u00e7ar um v\u00e1cuo mais r\u00e1pido e profundo. Sua fun\u00e7\u00e3o principal \u00e9 evitar danos ao compressor e evaporadora, causados por gases e umidade presentes no sistema. A mistura de fluido refrigerante com \u00e1gua pode gerar um composto \u00e1cido capaz de oxidar as partes met\u00e1licas internas do sistema, obstruindo os capilares.<\/p>\n<p>&nbsp;<\/p>\n<p>Para um processo de v\u00e1cuo mais r\u00e1pido, \u00e9 indicado a utiliza\u00e7\u00e3o da V\u00e1lvula de Servi\u00e7o e da Mangueira para V\u00e1cuo. \u00c9 recomendado pelos fabricantes de ar-condicionado efetuar a quebra de v\u00e1cuo no sistema, pressurizando com nitrog\u00eanio e utilizando o Regulador de Nitrog\u00eanio para este processo. \u00c9 importante lembrar que esse procedimento deve ser feito apenas com essa ferramenta.<\/p>\n<p>&nbsp;<\/p>\n<p>O produto possui V\u00e1lvula de G\u00e1s, evitando a contamina\u00e7\u00e3o do \u00f3leo da bomba pela umidade do sistema. Quando aberta por 1 minuto no in\u00edcio do processo, a V\u00e1lvula impede a contamina\u00e7\u00e3o do \u00f3leo com a umidade, e pode aumentar a vida \u00fatil da Bomba em at\u00e9 3 vezes. Al\u00e9m disso, a Bomba de V\u00e1cuo permite trocas de \u00f3leo a cada 20 horas de trabalho, em compara\u00e7\u00e3o com as demais bombas que exigem trocas de \u00f3leo a cada 10 horas. Isso garante mais qualidade no v\u00e1cuo e economia na troca de \u00f3leo.<\/p>\n<p>&nbsp;<\/p>\n<p>Imagens meramente ilustrativas.<\/p>","protected":false},"excerpt":{"rendered":"<p>110V\/220V~60Hz SINGLE PHASE<\/p>","protected":false},"featured_media":2889,"comment_status":"closed","ping_status":"closed","template":"","meta":[],"product_brand":[],"product_cat":[195,205],"product_tag":[],"class_list":{"0":"post-2887","1":"product","2":"type-product","3":"status-publish","4":"has-post-thumbnail","6":"product_cat-bombas-de-vacuo","7":"product_cat-diversos","9":"first","10":"instock","11":"shipping-taxable","12":"purchasable","13":"product-type-simple"},"yoast_head":"<!-- This site is optimized with the Yoast SEO plugin v27.3 - https:\/\/yoast.com\/product\/yoast-seo-wordpress\/ -->\n<title>Bomba de V\u00e1cuo Est\u00e1gio Duplo 5,5CFM Vix - Argreen<\/title>\n<meta name=\"description\" content=\"excelente escolha para sistemas de refrigera\u00e7\u00e3o e ar-condicionado. Inovadora e compacta, \u00e9 extremamente potente, contando com dois est\u00e1gios para alcan\u00e7ar um v\u00e1cuo mais r\u00e1pido e profundo.\" \/>\n<meta name=\"robots\" content=\"index, follow, max-snippet:-1, max-image-preview:large, max-video-preview:-1\" \/>\n<link rel=\"canonical\" href=\"https:\/\/argreen.com.br\/es\/producto\/bomba-de-vacuo-estagio-duplo-55cfm-vix\/\" \/>\n<meta property=\"og:locale\" content=\"es_ES\" \/>\n<meta property=\"og:type\" content=\"article\" \/>\n<meta property=\"og:title\" content=\"Bomba de V\u00e1cuo Est\u00e1gio Duplo 5,5CFM Vix - Argreen\" \/>\n<meta property=\"og:description\" content=\"excelente escolha para sistemas de refrigera\u00e7\u00e3o e ar-condicionado. Inovadora e compacta, \u00e9 extremamente potente, contando com dois est\u00e1gios para alcan\u00e7ar um v\u00e1cuo mais r\u00e1pido e profundo.\" \/>\n<meta property=\"og:url\" content=\"https:\/\/argreen.com.br\/es\/producto\/bomba-de-vacuo-estagio-duplo-55cfm-vix\/\" \/>\n<meta property=\"og:site_name\" content=\"Argreen\" \/>\n<meta property=\"article:modified_time\" content=\"2025-06-02T11:51:32+00:00\" \/>\n<meta property=\"og:image\" content=\"https:\/\/argreen.com.br\/wp-content\/uploads\/2025\/01\/Bomba-de-Vacuo-Estagio-Duplo-55CFM-Vix.png\" \/>\n\t<meta property=\"og:image:width\" content=\"500\" \/>\n\t<meta property=\"og:image:height\" content=\"500\" \/>\n\t<meta property=\"og:image:type\" content=\"image\/png\" \/>\n<script type=\"application\/ld+json\" class=\"yoast-schema-graph\">{\"@context\":\"https:\\\/\\\/schema.org\",\"@graph\":[{\"@type\":\"WebPage\",\"@id\":\"https:\\\/\\\/argreen.com.br\\\/produto\\\/bomba-de-vacuo-estagio-duplo-55cfm-vix\\\/\",\"url\":\"https:\\\/\\\/argreen.com.br\\\/produto\\\/bomba-de-vacuo-estagio-duplo-55cfm-vix\\\/\",\"name\":\"Bomba de V\u00e1cuo Est\u00e1gio Duplo 5,5CFM Vix - Argreen\",\"isPartOf\":{\"@id\":\"https:\\\/\\\/argreen.com.br\\\/#website\"},\"primaryImageOfPage\":{\"@id\":\"https:\\\/\\\/argreen.com.br\\\/produto\\\/bomba-de-vacuo-estagio-duplo-55cfm-vix\\\/#primaryimage\"},\"image\":{\"@id\":\"https:\\\/\\\/argreen.com.br\\\/produto\\\/bomba-de-vacuo-estagio-duplo-55cfm-vix\\\/#primaryimage\"},\"thumbnailUrl\":\"https:\\\/\\\/argreen.com.br\\\/wp-content\\\/uploads\\\/2025\\\/01\\\/Bomba-de-Vacuo-Estagio-Duplo-55CFM-Vix.png\",\"datePublished\":\"2025-01-08T19:15:49+00:00\",\"dateModified\":\"2025-06-02T11:51:32+00:00\",\"description\":\"excelente escolha para sistemas de refrigera\u00e7\u00e3o e ar-condicionado. Inovadora e compacta, \u00e9 extremamente potente, contando com dois est\u00e1gios para alcan\u00e7ar um v\u00e1cuo mais r\u00e1pido e profundo.\",\"breadcrumb\":{\"@id\":\"https:\\\/\\\/argreen.com.br\\\/produto\\\/bomba-de-vacuo-estagio-duplo-55cfm-vix\\\/#breadcrumb\"},\"inLanguage\":\"es\",\"potentialAction\":[{\"@type\":\"ReadAction\",\"target\":[\"https:\\\/\\\/argreen.com.br\\\/produto\\\/bomba-de-vacuo-estagio-duplo-55cfm-vix\\\/\"]}]},{\"@type\":\"ImageObject\",\"inLanguage\":\"es\",\"@id\":\"https:\\\/\\\/argreen.com.br\\\/produto\\\/bomba-de-vacuo-estagio-duplo-55cfm-vix\\\/#primaryimage\",\"url\":\"https:\\\/\\\/argreen.com.br\\\/wp-content\\\/uploads\\\/2025\\\/01\\\/Bomba-de-Vacuo-Estagio-Duplo-55CFM-Vix.png\",\"contentUrl\":\"https:\\\/\\\/argreen.com.br\\\/wp-content\\\/uploads\\\/2025\\\/01\\\/Bomba-de-Vacuo-Estagio-Duplo-55CFM-Vix.png\",\"width\":500,\"height\":500},{\"@type\":\"BreadcrumbList\",\"@id\":\"https:\\\/\\\/argreen.com.br\\\/produto\\\/bomba-de-vacuo-estagio-duplo-55cfm-vix\\\/#breadcrumb\",\"itemListElement\":[{\"@type\":\"ListItem\",\"position\":1,\"name\":\"In\u00edcio\",\"item\":\"https:\\\/\\\/argreen.com.br\\\/\"},{\"@type\":\"ListItem\",\"position\":2,\"name\":\"Cat\u00e1logo\",\"item\":\"https:\\\/\\\/argreen.com.br\\\/catalogo\\\/\"},{\"@type\":\"ListItem\",\"position\":3,\"name\":\"Bomba de V\u00e1cuo Est\u00e1gio Duplo 5,5CFM Vix\"}]},{\"@type\":\"WebSite\",\"@id\":\"https:\\\/\\\/argreen.com.br\\\/#website\",\"url\":\"https:\\\/\\\/argreen.com.br\\\/\",\"name\":\"Argreen\",\"description\":\"Climatiza\u00e7\u00e3o &amp; Engenharia\",\"publisher\":{\"@id\":\"https:\\\/\\\/argreen.com.br\\\/#organization\"},\"potentialAction\":[{\"@type\":\"SearchAction\",\"target\":{\"@type\":\"EntryPoint\",\"urlTemplate\":\"https:\\\/\\\/argreen.com.br\\\/?s={search_term_string}\"},\"query-input\":{\"@type\":\"PropertyValueSpecification\",\"valueRequired\":true,\"valueName\":\"search_term_string\"}}],\"inLanguage\":\"es\"},{\"@type\":\"Organization\",\"@id\":\"https:\\\/\\\/argreen.com.br\\\/#organization\",\"name\":\"Argreen\",\"url\":\"https:\\\/\\\/argreen.com.br\\\/\",\"logo\":{\"@type\":\"ImageObject\",\"inLanguage\":\"es\",\"@id\":\"https:\\\/\\\/argreen.com.br\\\/#\\\/schema\\\/logo\\\/image\\\/\",\"url\":\"https:\\\/\\\/argreen.com.br\\\/wp-content\\\/uploads\\\/2023\\\/06\\\/Logo-Argeen.png\",\"contentUrl\":\"https:\\\/\\\/argreen.com.br\\\/wp-content\\\/uploads\\\/2023\\\/06\\\/Logo-Argeen.png\",\"width\":2248,\"height\":767,\"caption\":\"Argreen\"},\"image\":{\"@id\":\"https:\\\/\\\/argreen.com.br\\\/#\\\/schema\\\/logo\\\/image\\\/\"}}]}<\/script>\n<!-- \/ Yoast SEO plugin. -->","yoast_head_json":{"title":"Bomba de V\u00e1cuo Est\u00e1gio Duplo 5,5CFM Vix - Argreen","description":"excelente escolha para sistemas de refrigera\u00e7\u00e3o e ar-condicionado. Inovadora e compacta, \u00e9 extremamente potente, contando com dois est\u00e1gios para alcan\u00e7ar um v\u00e1cuo mais r\u00e1pido e profundo.","robots":{"index":"index","follow":"follow","max-snippet":"max-snippet:-1","max-image-preview":"max-image-preview:large","max-video-preview":"max-video-preview:-1"},"canonical":"https:\/\/argreen.com.br\/es\/producto\/bomba-de-vacuo-estagio-duplo-55cfm-vix\/","og_locale":"es_ES","og_type":"article","og_title":"Bomba de V\u00e1cuo Est\u00e1gio Duplo 5,5CFM Vix - Argreen","og_description":"excelente escolha para sistemas de refrigera\u00e7\u00e3o e ar-condicionado. Inovadora e compacta, \u00e9 extremamente potente, contando com dois est\u00e1gios para alcan\u00e7ar um v\u00e1cuo mais r\u00e1pido e profundo.","og_url":"https:\/\/argreen.com.br\/es\/producto\/bomba-de-vacuo-estagio-duplo-55cfm-vix\/","og_site_name":"Argreen","article_modified_time":"2025-06-02T11:51:32+00:00","og_image":[{"width":500,"height":500,"url":"https:\/\/argreen.com.br\/wp-content\/uploads\/2025\/01\/Bomba-de-Vacuo-Estagio-Duplo-55CFM-Vix.png","type":"image\/png"}],"schema":{"@context":"https:\/\/schema.org","@graph":[{"@type":"WebPage","@id":"https:\/\/argreen.com.br\/produto\/bomba-de-vacuo-estagio-duplo-55cfm-vix\/","url":"https:\/\/argreen.com.br\/produto\/bomba-de-vacuo-estagio-duplo-55cfm-vix\/","name":"Bomba de V\u00e1cuo Est\u00e1gio Duplo 5,5CFM Vix - Argreen","isPartOf":{"@id":"https:\/\/argreen.com.br\/#website"},"primaryImageOfPage":{"@id":"https:\/\/argreen.com.br\/produto\/bomba-de-vacuo-estagio-duplo-55cfm-vix\/#primaryimage"},"image":{"@id":"https:\/\/argreen.com.br\/produto\/bomba-de-vacuo-estagio-duplo-55cfm-vix\/#primaryimage"},"thumbnailUrl":"https:\/\/argreen.com.br\/wp-content\/uploads\/2025\/01\/Bomba-de-Vacuo-Estagio-Duplo-55CFM-Vix.png","datePublished":"2025-01-08T19:15:49+00:00","dateModified":"2025-06-02T11:51:32+00:00","description":"excelente escolha para sistemas de refrigera\u00e7\u00e3o e ar-condicionado. Inovadora e compacta, \u00e9 extremamente potente, contando com dois est\u00e1gios para alcan\u00e7ar um v\u00e1cuo mais r\u00e1pido e profundo.","breadcrumb":{"@id":"https:\/\/argreen.com.br\/produto\/bomba-de-vacuo-estagio-duplo-55cfm-vix\/#breadcrumb"},"inLanguage":"es","potentialAction":[{"@type":"ReadAction","target":["https:\/\/argreen.com.br\/produto\/bomba-de-vacuo-estagio-duplo-55cfm-vix\/"]}]},{"@type":"ImageObject","inLanguage":"es","@id":"https:\/\/argreen.com.br\/produto\/bomba-de-vacuo-estagio-duplo-55cfm-vix\/#primaryimage","url":"https:\/\/argreen.com.br\/wp-content\/uploads\/2025\/01\/Bomba-de-Vacuo-Estagio-Duplo-55CFM-Vix.png","contentUrl":"https:\/\/argreen.com.br\/wp-content\/uploads\/2025\/01\/Bomba-de-Vacuo-Estagio-Duplo-55CFM-Vix.png","width":500,"height":500},{"@type":"BreadcrumbList","@id":"https:\/\/argreen.com.br\/produto\/bomba-de-vacuo-estagio-duplo-55cfm-vix\/#breadcrumb","itemListElement":[{"@type":"ListItem","position":1,"name":"In\u00edcio","item":"https:\/\/argreen.com.br\/"},{"@type":"ListItem","position":2,"name":"Cat\u00e1logo","item":"https:\/\/argreen.com.br\/catalogo\/"},{"@type":"ListItem","position":3,"name":"Bomba de V\u00e1cuo Est\u00e1gio Duplo 5,5CFM Vix"}]},{"@type":"WebSite","@id":"https:\/\/argreen.com.br\/#website","url":"https:\/\/argreen.com.br\/","name":"Argreen","description":"Climatiza\u00e7\u00e3o &amp; Engenharia","publisher":{"@id":"https:\/\/argreen.com.br\/#organization"},"potentialAction":[{"@type":"SearchAction","target":{"@type":"EntryPoint","urlTemplate":"https:\/\/argreen.com.br\/?s={search_term_string}"},"query-input":{"@type":"PropertyValueSpecification","valueRequired":true,"valueName":"search_term_string"}}],"inLanguage":"es"},{"@type":"Organization","@id":"https:\/\/argreen.com.br\/#organization","name":"Argreen","url":"https:\/\/argreen.com.br\/","logo":{"@type":"ImageObject","inLanguage":"es","@id":"https:\/\/argreen.com.br\/#\/schema\/logo\/image\/","url":"https:\/\/argreen.com.br\/wp-content\/uploads\/2023\/06\/Logo-Argeen.png","contentUrl":"https:\/\/argreen.com.br\/wp-content\/uploads\/2023\/06\/Logo-Argeen.png","width":2248,"height":767,"caption":"Argreen"},"image":{"@id":"https:\/\/argreen.com.br\/#\/schema\/logo\/image\/"}}]}},"_links":{"self":[{"href":"https:\/\/argreen.com.br\/es\/wp-json\/wp\/v2\/product\/2887","targetHints":{"allow":["GET"]}}],"collection":[{"href":"https:\/\/argreen.com.br\/es\/wp-json\/wp\/v2\/product"}],"about":[{"href":"https:\/\/argreen.com.br\/es\/wp-json\/wp\/v2\/types\/product"}],"replies":[{"embeddable":true,"href":"https:\/\/argreen.com.br\/es\/wp-json\/wp\/v2\/comments?post=2887"}],"wp:featuredmedia":[{"embeddable":true,"href":"https:\/\/argreen.com.br\/es\/wp-json\/wp\/v2\/media\/2889"}],"wp:attachment":[{"href":"https:\/\/argreen.com.br\/es\/wp-json\/wp\/v2\/media?parent=2887"}],"wp:term":[{"taxonomy":"product_brand","embeddable":true,"href":"https:\/\/argreen.com.br\/es\/wp-json\/wp\/v2\/product_brand?post=2887"},{"taxonomy":"product_cat","embeddable":true,"href":"https:\/\/argreen.com.br\/es\/wp-json\/wp\/v2\/product_cat?post=2887"},{"taxonomy":"product_tag","embeddable":true,"href":"https:\/\/argreen.com.br\/es\/wp-json\/wp\/v2\/product_tag?post=2887"}],"curies":[{"name":"wp","href":"https:\/\/api.w.org\/{rel}","templated":true}]}}