{"id":2892,"date":"2025-01-08T17:18:39","date_gmt":"2025-01-08T20:18:39","guid":{"rendered":"https:\/\/argreen.com.br\/?post_type=product&#038;p=2892"},"modified":"2025-06-02T08:51:00","modified_gmt":"2025-06-02T11:51:00","slug":"kit-para-instalacao-de-ar-condicionado","status":"publish","type":"product","link":"https:\/\/argreen.com.br\/es\/producto\/kit-para-instalacao-de-ar-condicionado\/","title":{"rendered":"Kit de instalaci\u00f3n de aire acondicionado Split Inverter de 12000 a 18000 BTU\/h, 3 metros CB-0203FP- Bivolt"},"content":{"rendered":"<p><strong>Kit Instala\u00e7\u00e3o Ar Condicionado Split Inverter 12000 a 18000 BTU\/h 3 Metros CB-0203FP- Bivolt<\/strong><\/p>\n<p><strong>Componentes:<\/strong><\/p>\n<ul>\n<li>3 metros &#8211; Tubo de Cobre flex\u00edvel 1\/4&#8243; flangeadas.<\/li>\n<li>3 metros &#8211; Tubo de Cobre flex\u00edvel 1\/2&#8243; j\u00e1 flangeadas.<\/li>\n<li>2 porcas de 1\/4&#8243; em Lat\u00e3o (Colocados na Tubula\u00e7\u00e3o).<\/li>\n<li>2 porcas de 1\/2&#8243; em Lat\u00e3o (Colocados na Tubula\u00e7\u00e3o.<\/li>\n<li>3 metros &#8211; Isolamento T\u00e9rmico Blindado 1\/4&#8243;.<\/li>\n<li>3 metros &#8211; Isolamento T\u00e9rmico Blindado 1\/2&#8243;.<\/li>\n<li>3,6 metros &#8211; Cabo PP Flex\u00edvel com 4&#215;1,5mm.<\/li>\n<li>10 metros &#8211; Fita de PVC branca.<\/li>\n<li>4 Parafusos N\u00ba 6 Philips para a fixa\u00e7\u00e3o da evaporadora .<\/li>\n<li>4 Buchas n\u00ba 6 para a fixa\u00e7\u00e3o da evaporadora .<\/li>\n<li>1 Acabamento de parede \u00d8 55mm .<\/li>\n<\/ul>\n<p><strong>Benef\u00edcios::<\/strong><\/p>\n<ul>\n<li>Reduz em 50% o tempo da instala\u00e7\u00e3o.<\/li>\n<li>Melhora a efici\u00eancia energ\u00e9tica do aparelho .<\/li>\n<li>Compat\u00edvel com a nova tecnologia INVERTER .<\/li>\n<li>Mais agilidade na instala\u00e7\u00e3o.<\/li>\n<li>Maior durabilidade, rigoroso controle de qualidade .<\/li>\n<li>O kit de instala\u00e7\u00e3o mais completo do mercado.<\/li>\n<\/ul>\n<p><strong>Tubula\u00e7\u00e3o:<\/strong><\/p>\n<ul>\n<li>1\/4\u201d (6.35mm) e 1\/2\u201d (12,70mm).<\/li>\n<\/ul>","protected":false},"excerpt":{"rendered":"<p>Kit Instala\u00e7\u00e3o Ar Condicionado Split Inverter 12000 a 18000 BTU\/h 3 Metros CB-0203FP- Bivolt Componentes: 3 metros &#8211; Tubo de<\/p>","protected":false},"featured_media":2893,"comment_status":"closed","ping_status":"closed","template":"","meta":[],"product_brand":[],"product_cat":[205,26],"product_tag":[],"class_list":{"0":"post-2892","1":"product","2":"type-product","3":"status-publish","4":"has-post-thumbnail","6":"product_cat-diversos","7":"product_cat-pecas","9":"first","10":"instock","11":"shipping-taxable","12":"purchasable","13":"product-type-simple"},"yoast_head":"<!-- This site is optimized with the Yoast SEO plugin v27.3 - https:\/\/yoast.com\/product\/yoast-seo-wordpress\/ -->\n<title>Kit Insala\u00e7\u00e3o Ar Condicionado Split Inverter 12000 a 18000 BTU\/h 3 Metros CB-0203FP- Bivolt - Argreen<\/title>\n<meta name=\"robots\" content=\"index, follow, max-snippet:-1, max-image-preview:large, max-video-preview:-1\" \/>\n<link rel=\"canonical\" href=\"https:\/\/argreen.com.br\/es\/producto\/kit-para-instalacao-de-ar-condicionado\/\" \/>\n<meta property=\"og:locale\" content=\"es_ES\" \/>\n<meta property=\"og:type\" content=\"article\" \/>\n<meta property=\"og:title\" content=\"Kit Insala\u00e7\u00e3o Ar Condicionado Split Inverter 12000 a 18000 BTU\/h 3 Metros CB-0203FP- Bivolt - Argreen\" \/>\n<meta property=\"og:description\" content=\"Kit Instala\u00e7\u00e3o Ar Condicionado Split Inverter 12000 a 18000 BTU\/h 3 Metros CB-0203FP- Bivolt Componentes: 3 metros &#8211; Tubo de\" \/>\n<meta property=\"og:url\" content=\"https:\/\/argreen.com.br\/es\/producto\/kit-para-instalacao-de-ar-condicionado\/\" \/>\n<meta property=\"og:site_name\" content=\"Argreen\" \/>\n<meta property=\"article:modified_time\" content=\"2025-06-02T11:51:00+00:00\" \/>\n<meta property=\"og:image\" content=\"https:\/\/argreen.com.br\/wp-content\/uploads\/2025\/01\/Placa-Eletronica-para-Split-Consul-1.png\" \/>\n\t<meta property=\"og:image:width\" content=\"500\" \/>\n\t<meta property=\"og:image:height\" content=\"500\" \/>\n\t<meta property=\"og:image:type\" content=\"image\/png\" \/>\n<script type=\"application\/ld+json\" class=\"yoast-schema-graph\">{\"@context\":\"https:\\\/\\\/schema.org\",\"@graph\":[{\"@type\":\"WebPage\",\"@id\":\"https:\\\/\\\/argreen.com.br\\\/produto\\\/kit-para-instalacao-de-ar-condicionado\\\/\",\"url\":\"https:\\\/\\\/argreen.com.br\\\/produto\\\/kit-para-instalacao-de-ar-condicionado\\\/\",\"name\":\"Kit Insala\u00e7\u00e3o Ar Condicionado Split Inverter 12000 a 18000 BTU\\\/h 3 Metros CB-0203FP- Bivolt - Argreen\",\"isPartOf\":{\"@id\":\"https:\\\/\\\/argreen.com.br\\\/#website\"},\"primaryImageOfPage\":{\"@id\":\"https:\\\/\\\/argreen.com.br\\\/produto\\\/kit-para-instalacao-de-ar-condicionado\\\/#primaryimage\"},\"image\":{\"@id\":\"https:\\\/\\\/argreen.com.br\\\/produto\\\/kit-para-instalacao-de-ar-condicionado\\\/#primaryimage\"},\"thumbnailUrl\":\"https:\\\/\\\/argreen.com.br\\\/wp-content\\\/uploads\\\/2025\\\/01\\\/Placa-Eletronica-para-Split-Consul-1.png\",\"datePublished\":\"2025-01-08T20:18:39+00:00\",\"dateModified\":\"2025-06-02T11:51:00+00:00\",\"breadcrumb\":{\"@id\":\"https:\\\/\\\/argreen.com.br\\\/produto\\\/kit-para-instalacao-de-ar-condicionado\\\/#breadcrumb\"},\"inLanguage\":\"es\",\"potentialAction\":[{\"@type\":\"ReadAction\",\"target\":[\"https:\\\/\\\/argreen.com.br\\\/produto\\\/kit-para-instalacao-de-ar-condicionado\\\/\"]}]},{\"@type\":\"ImageObject\",\"inLanguage\":\"es\",\"@id\":\"https:\\\/\\\/argreen.com.br\\\/produto\\\/kit-para-instalacao-de-ar-condicionado\\\/#primaryimage\",\"url\":\"https:\\\/\\\/argreen.com.br\\\/wp-content\\\/uploads\\\/2025\\\/01\\\/Placa-Eletronica-para-Split-Consul-1.png\",\"contentUrl\":\"https:\\\/\\\/argreen.com.br\\\/wp-content\\\/uploads\\\/2025\\\/01\\\/Placa-Eletronica-para-Split-Consul-1.png\",\"width\":500,\"height\":500},{\"@type\":\"BreadcrumbList\",\"@id\":\"https:\\\/\\\/argreen.com.br\\\/produto\\\/kit-para-instalacao-de-ar-condicionado\\\/#breadcrumb\",\"itemListElement\":[{\"@type\":\"ListItem\",\"position\":1,\"name\":\"In\u00edcio\",\"item\":\"https:\\\/\\\/argreen.com.br\\\/\"},{\"@type\":\"ListItem\",\"position\":2,\"name\":\"Cat\u00e1logo\",\"item\":\"https:\\\/\\\/argreen.com.br\\\/catalogo\\\/\"},{\"@type\":\"ListItem\",\"position\":3,\"name\":\"Kit Insala\u00e7\u00e3o Ar Condicionado Split Inverter 12000 a 18000 BTU\\\/h 3 Metros CB-0203FP- Bivolt\"}]},{\"@type\":\"WebSite\",\"@id\":\"https:\\\/\\\/argreen.com.br\\\/#website\",\"url\":\"https:\\\/\\\/argreen.com.br\\\/\",\"name\":\"Argreen\",\"description\":\"Climatiza\u00e7\u00e3o &amp; Engenharia\",\"publisher\":{\"@id\":\"https:\\\/\\\/argreen.com.br\\\/#organization\"},\"potentialAction\":[{\"@type\":\"SearchAction\",\"target\":{\"@type\":\"EntryPoint\",\"urlTemplate\":\"https:\\\/\\\/argreen.com.br\\\/?s={search_term_string}\"},\"query-input\":{\"@type\":\"PropertyValueSpecification\",\"valueRequired\":true,\"valueName\":\"search_term_string\"}}],\"inLanguage\":\"es\"},{\"@type\":\"Organization\",\"@id\":\"https:\\\/\\\/argreen.com.br\\\/#organization\",\"name\":\"Argreen\",\"url\":\"https:\\\/\\\/argreen.com.br\\\/\",\"logo\":{\"@type\":\"ImageObject\",\"inLanguage\":\"es\",\"@id\":\"https:\\\/\\\/argreen.com.br\\\/#\\\/schema\\\/logo\\\/image\\\/\",\"url\":\"https:\\\/\\\/argreen.com.br\\\/wp-content\\\/uploads\\\/2023\\\/06\\\/Logo-Argeen.png\",\"contentUrl\":\"https:\\\/\\\/argreen.com.br\\\/wp-content\\\/uploads\\\/2023\\\/06\\\/Logo-Argeen.png\",\"width\":2248,\"height\":767,\"caption\":\"Argreen\"},\"image\":{\"@id\":\"https:\\\/\\\/argreen.com.br\\\/#\\\/schema\\\/logo\\\/image\\\/\"}}]}<\/script>\n<!-- \/ Yoast SEO plugin. -->","yoast_head_json":{"title":"Kit Insala\u00e7\u00e3o Ar Condicionado Split Inverter 12000 a 18000 BTU\/h 3 Metros CB-0203FP- Bivolt - Argreen","robots":{"index":"index","follow":"follow","max-snippet":"max-snippet:-1","max-image-preview":"max-image-preview:large","max-video-preview":"max-video-preview:-1"},"canonical":"https:\/\/argreen.com.br\/es\/producto\/kit-para-instalacao-de-ar-condicionado\/","og_locale":"es_ES","og_type":"article","og_title":"Kit Insala\u00e7\u00e3o Ar Condicionado Split Inverter 12000 a 18000 BTU\/h 3 Metros CB-0203FP- Bivolt - Argreen","og_description":"Kit Instala\u00e7\u00e3o Ar Condicionado Split Inverter 12000 a 18000 BTU\/h 3 Metros CB-0203FP- Bivolt Componentes: 3 metros &#8211; Tubo de","og_url":"https:\/\/argreen.com.br\/es\/producto\/kit-para-instalacao-de-ar-condicionado\/","og_site_name":"Argreen","article_modified_time":"2025-06-02T11:51:00+00:00","og_image":[{"width":500,"height":500,"url":"https:\/\/argreen.com.br\/wp-content\/uploads\/2025\/01\/Placa-Eletronica-para-Split-Consul-1.png","type":"image\/png"}],"schema":{"@context":"https:\/\/schema.org","@graph":[{"@type":"WebPage","@id":"https:\/\/argreen.com.br\/produto\/kit-para-instalacao-de-ar-condicionado\/","url":"https:\/\/argreen.com.br\/produto\/kit-para-instalacao-de-ar-condicionado\/","name":"Kit Insala\u00e7\u00e3o Ar Condicionado Split Inverter 12000 a 18000 BTU\/h 3 Metros CB-0203FP- Bivolt - Argreen","isPartOf":{"@id":"https:\/\/argreen.com.br\/#website"},"primaryImageOfPage":{"@id":"https:\/\/argreen.com.br\/produto\/kit-para-instalacao-de-ar-condicionado\/#primaryimage"},"image":{"@id":"https:\/\/argreen.com.br\/produto\/kit-para-instalacao-de-ar-condicionado\/#primaryimage"},"thumbnailUrl":"https:\/\/argreen.com.br\/wp-content\/uploads\/2025\/01\/Placa-Eletronica-para-Split-Consul-1.png","datePublished":"2025-01-08T20:18:39+00:00","dateModified":"2025-06-02T11:51:00+00:00","breadcrumb":{"@id":"https:\/\/argreen.com.br\/produto\/kit-para-instalacao-de-ar-condicionado\/#breadcrumb"},"inLanguage":"es","potentialAction":[{"@type":"ReadAction","target":["https:\/\/argreen.com.br\/produto\/kit-para-instalacao-de-ar-condicionado\/"]}]},{"@type":"ImageObject","inLanguage":"es","@id":"https:\/\/argreen.com.br\/produto\/kit-para-instalacao-de-ar-condicionado\/#primaryimage","url":"https:\/\/argreen.com.br\/wp-content\/uploads\/2025\/01\/Placa-Eletronica-para-Split-Consul-1.png","contentUrl":"https:\/\/argreen.com.br\/wp-content\/uploads\/2025\/01\/Placa-Eletronica-para-Split-Consul-1.png","width":500,"height":500},{"@type":"BreadcrumbList","@id":"https:\/\/argreen.com.br\/produto\/kit-para-instalacao-de-ar-condicionado\/#breadcrumb","itemListElement":[{"@type":"ListItem","position":1,"name":"In\u00edcio","item":"https:\/\/argreen.com.br\/"},{"@type":"ListItem","position":2,"name":"Cat\u00e1logo","item":"https:\/\/argreen.com.br\/catalogo\/"},{"@type":"ListItem","position":3,"name":"Kit Insala\u00e7\u00e3o Ar Condicionado Split Inverter 12000 a 18000 BTU\/h 3 Metros CB-0203FP- Bivolt"}]},{"@type":"WebSite","@id":"https:\/\/argreen.com.br\/#website","url":"https:\/\/argreen.com.br\/","name":"Argreen","description":"Climatiza\u00e7\u00e3o &amp; Engenharia","publisher":{"@id":"https:\/\/argreen.com.br\/#organization"},"potentialAction":[{"@type":"SearchAction","target":{"@type":"EntryPoint","urlTemplate":"https:\/\/argreen.com.br\/?s={search_term_string}"},"query-input":{"@type":"PropertyValueSpecification","valueRequired":true,"valueName":"search_term_string"}}],"inLanguage":"es"},{"@type":"Organization","@id":"https:\/\/argreen.com.br\/#organization","name":"Argreen","url":"https:\/\/argreen.com.br\/","logo":{"@type":"ImageObject","inLanguage":"es","@id":"https:\/\/argreen.com.br\/#\/schema\/logo\/image\/","url":"https:\/\/argreen.com.br\/wp-content\/uploads\/2023\/06\/Logo-Argeen.png","contentUrl":"https:\/\/argreen.com.br\/wp-content\/uploads\/2023\/06\/Logo-Argeen.png","width":2248,"height":767,"caption":"Argreen"},"image":{"@id":"https:\/\/argreen.com.br\/#\/schema\/logo\/image\/"}}]}},"_links":{"self":[{"href":"https:\/\/argreen.com.br\/es\/wp-json\/wp\/v2\/product\/2892","targetHints":{"allow":["GET"]}}],"collection":[{"href":"https:\/\/argreen.com.br\/es\/wp-json\/wp\/v2\/product"}],"about":[{"href":"https:\/\/argreen.com.br\/es\/wp-json\/wp\/v2\/types\/product"}],"replies":[{"embeddable":true,"href":"https:\/\/argreen.com.br\/es\/wp-json\/wp\/v2\/comments?post=2892"}],"wp:featuredmedia":[{"embeddable":true,"href":"https:\/\/argreen.com.br\/es\/wp-json\/wp\/v2\/media\/2893"}],"wp:attachment":[{"href":"https:\/\/argreen.com.br\/es\/wp-json\/wp\/v2\/media?parent=2892"}],"wp:term":[{"taxonomy":"product_brand","embeddable":true,"href":"https:\/\/argreen.com.br\/es\/wp-json\/wp\/v2\/product_brand?post=2892"},{"taxonomy":"product_cat","embeddable":true,"href":"https:\/\/argreen.com.br\/es\/wp-json\/wp\/v2\/product_cat?post=2892"},{"taxonomy":"product_tag","embeddable":true,"href":"https:\/\/argreen.com.br\/es\/wp-json\/wp\/v2\/product_tag?post=2892"}],"curies":[{"name":"wp","href":"https:\/\/api.w.org\/{rel}","templated":true}]}}