{"id":2902,"date":"2025-01-13T09:53:45","date_gmt":"2025-01-13T12:53:45","guid":{"rendered":"https:\/\/argreen.com.br\/?post_type=product&#038;p=2902"},"modified":"2025-06-02T08:50:39","modified_gmt":"2025-06-02T11:50:39","slug":"arruela-lisa-1-4-zincada","status":"publish","type":"product","link":"https:\/\/argreen.com.br\/es\/producto\/arruela-lisa-1-4-zincada\/","title":{"rendered":"Arandela plana galvanizada de 1\/4"},"content":{"rendered":"<p>Especifica\u00e7\u00f5es T\u00e9cnicas:<\/p>\n<p>:: Acabamento: Zincado Branco<br \/>\n:: Di\u00e2metro Interno: 6.90 ~ 7.10 mm<br \/>\n:: Di\u00e2metro Externo: 18 mm<br \/>\n:: Espessura: 1.10 mm<br \/>\n:: Material: A\u00e7o Carbono<br \/>\n:: Modelo: Arruela Lisa<br \/>\n:: Norma Mec\u00e2nica: Padr\u00e3o Masterpar<br \/>\n:: Classe Resist\u00eancia: SAE 1010\/1020<br \/>\n:: Marca: Masterpar<\/p>","protected":false},"excerpt":{"rendered":"<p><strong>Aten\u00e7\u00e3o valor da unidade!!!<\/strong><\/p>\n<p>&nbsp;<\/p>\n<p>Como princ\u00edpio b\u00e1sico de utiliza\u00e7\u00e3o, as arruelas servem para evitar deforma\u00e7\u00f5es em contra pe\u00e7as (distribui\u00e7\u00e3o de for\u00e7a de aperto), reduzir folgas em furos folgados ou alongados.<\/p>","protected":false},"featured_media":2903,"comment_status":"closed","ping_status":"closed","template":"","meta":[],"product_brand":[],"product_cat":[205,26],"product_tag":[],"class_list":{"0":"post-2902","1":"product","2":"type-product","3":"status-publish","4":"has-post-thumbnail","6":"product_cat-diversos","7":"product_cat-pecas","9":"first","10":"instock","11":"shipping-taxable","12":"purchasable","13":"product-type-simple"},"yoast_head":"<!-- This site is optimized with the Yoast SEO plugin v27.3 - https:\/\/yoast.com\/product\/yoast-seo-wordpress\/ -->\n<title>Arruela lisa 1\/4 zincada - Argreen<\/title>\n<meta name=\"robots\" content=\"index, follow, max-snippet:-1, max-image-preview:large, max-video-preview:-1\" \/>\n<link rel=\"canonical\" href=\"https:\/\/argreen.com.br\/es\/producto\/arruela-lisa-1-4-zincada\/\" \/>\n<meta property=\"og:locale\" content=\"es_ES\" \/>\n<meta property=\"og:type\" content=\"article\" \/>\n<meta property=\"og:title\" content=\"Arruela lisa 1\/4 zincada - Argreen\" \/>\n<meta property=\"og:description\" content=\"Aten\u00e7\u00e3o valor da unidade!!!  &nbsp;  Como princ\u00edpio b\u00e1sico de utiliza\u00e7\u00e3o, as arruelas servem para evitar deforma\u00e7\u00f5es em contra pe\u00e7as (distribui\u00e7\u00e3o de for\u00e7a de aperto), reduzir folgas em furos folgados ou alongados.\" \/>\n<meta property=\"og:url\" content=\"https:\/\/argreen.com.br\/es\/producto\/arruela-lisa-1-4-zincada\/\" \/>\n<meta property=\"og:site_name\" content=\"Argreen\" \/>\n<meta property=\"article:modified_time\" content=\"2025-06-02T11:50:39+00:00\" \/>\n<meta property=\"og:image\" content=\"https:\/\/argreen.com.br\/wp-content\/uploads\/2025\/01\/Imagens-site-1.png\" \/>\n\t<meta property=\"og:image:width\" content=\"500\" \/>\n\t<meta property=\"og:image:height\" content=\"500\" \/>\n\t<meta property=\"og:image:type\" content=\"image\/png\" \/>\n<script type=\"application\/ld+json\" class=\"yoast-schema-graph\">{\"@context\":\"https:\\\/\\\/schema.org\",\"@graph\":[{\"@type\":\"WebPage\",\"@id\":\"https:\\\/\\\/argreen.com.br\\\/produto\\\/arruela-lisa-1-4-zincada\\\/\",\"url\":\"https:\\\/\\\/argreen.com.br\\\/produto\\\/arruela-lisa-1-4-zincada\\\/\",\"name\":\"Arruela lisa 1\\\/4 zincada - Argreen\",\"isPartOf\":{\"@id\":\"https:\\\/\\\/argreen.com.br\\\/#website\"},\"primaryImageOfPage\":{\"@id\":\"https:\\\/\\\/argreen.com.br\\\/produto\\\/arruela-lisa-1-4-zincada\\\/#primaryimage\"},\"image\":{\"@id\":\"https:\\\/\\\/argreen.com.br\\\/produto\\\/arruela-lisa-1-4-zincada\\\/#primaryimage\"},\"thumbnailUrl\":\"https:\\\/\\\/argreen.com.br\\\/wp-content\\\/uploads\\\/2025\\\/01\\\/Imagens-site-1.png\",\"datePublished\":\"2025-01-13T12:53:45+00:00\",\"dateModified\":\"2025-06-02T11:50:39+00:00\",\"breadcrumb\":{\"@id\":\"https:\\\/\\\/argreen.com.br\\\/produto\\\/arruela-lisa-1-4-zincada\\\/#breadcrumb\"},\"inLanguage\":\"es\",\"potentialAction\":[{\"@type\":\"ReadAction\",\"target\":[\"https:\\\/\\\/argreen.com.br\\\/produto\\\/arruela-lisa-1-4-zincada\\\/\"]}]},{\"@type\":\"ImageObject\",\"inLanguage\":\"es\",\"@id\":\"https:\\\/\\\/argreen.com.br\\\/produto\\\/arruela-lisa-1-4-zincada\\\/#primaryimage\",\"url\":\"https:\\\/\\\/argreen.com.br\\\/wp-content\\\/uploads\\\/2025\\\/01\\\/Imagens-site-1.png\",\"contentUrl\":\"https:\\\/\\\/argreen.com.br\\\/wp-content\\\/uploads\\\/2025\\\/01\\\/Imagens-site-1.png\",\"width\":500,\"height\":500},{\"@type\":\"BreadcrumbList\",\"@id\":\"https:\\\/\\\/argreen.com.br\\\/produto\\\/arruela-lisa-1-4-zincada\\\/#breadcrumb\",\"itemListElement\":[{\"@type\":\"ListItem\",\"position\":1,\"name\":\"In\u00edcio\",\"item\":\"https:\\\/\\\/argreen.com.br\\\/\"},{\"@type\":\"ListItem\",\"position\":2,\"name\":\"Cat\u00e1logo\",\"item\":\"https:\\\/\\\/argreen.com.br\\\/catalogo\\\/\"},{\"@type\":\"ListItem\",\"position\":3,\"name\":\"Arruela lisa 1\\\/4 zincada\"}]},{\"@type\":\"WebSite\",\"@id\":\"https:\\\/\\\/argreen.com.br\\\/#website\",\"url\":\"https:\\\/\\\/argreen.com.br\\\/\",\"name\":\"Argreen\",\"description\":\"Climatiza\u00e7\u00e3o &amp; Engenharia\",\"publisher\":{\"@id\":\"https:\\\/\\\/argreen.com.br\\\/#organization\"},\"potentialAction\":[{\"@type\":\"SearchAction\",\"target\":{\"@type\":\"EntryPoint\",\"urlTemplate\":\"https:\\\/\\\/argreen.com.br\\\/?s={search_term_string}\"},\"query-input\":{\"@type\":\"PropertyValueSpecification\",\"valueRequired\":true,\"valueName\":\"search_term_string\"}}],\"inLanguage\":\"es\"},{\"@type\":\"Organization\",\"@id\":\"https:\\\/\\\/argreen.com.br\\\/#organization\",\"name\":\"Argreen\",\"url\":\"https:\\\/\\\/argreen.com.br\\\/\",\"logo\":{\"@type\":\"ImageObject\",\"inLanguage\":\"es\",\"@id\":\"https:\\\/\\\/argreen.com.br\\\/#\\\/schema\\\/logo\\\/image\\\/\",\"url\":\"https:\\\/\\\/argreen.com.br\\\/wp-content\\\/uploads\\\/2023\\\/06\\\/Logo-Argeen.png\",\"contentUrl\":\"https:\\\/\\\/argreen.com.br\\\/wp-content\\\/uploads\\\/2023\\\/06\\\/Logo-Argeen.png\",\"width\":2248,\"height\":767,\"caption\":\"Argreen\"},\"image\":{\"@id\":\"https:\\\/\\\/argreen.com.br\\\/#\\\/schema\\\/logo\\\/image\\\/\"}}]}<\/script>\n<!-- \/ Yoast SEO plugin. -->","yoast_head_json":{"title":"Arruela lisa 1\/4 zincada - Argreen","robots":{"index":"index","follow":"follow","max-snippet":"max-snippet:-1","max-image-preview":"max-image-preview:large","max-video-preview":"max-video-preview:-1"},"canonical":"https:\/\/argreen.com.br\/es\/producto\/arruela-lisa-1-4-zincada\/","og_locale":"es_ES","og_type":"article","og_title":"Arruela lisa 1\/4 zincada - Argreen","og_description":"Aten\u00e7\u00e3o valor da unidade!!!  &nbsp;  Como princ\u00edpio b\u00e1sico de utiliza\u00e7\u00e3o, as arruelas servem para evitar deforma\u00e7\u00f5es em contra pe\u00e7as (distribui\u00e7\u00e3o de for\u00e7a de aperto), reduzir folgas em furos folgados ou alongados.","og_url":"https:\/\/argreen.com.br\/es\/producto\/arruela-lisa-1-4-zincada\/","og_site_name":"Argreen","article_modified_time":"2025-06-02T11:50:39+00:00","og_image":[{"width":500,"height":500,"url":"https:\/\/argreen.com.br\/wp-content\/uploads\/2025\/01\/Imagens-site-1.png","type":"image\/png"}],"schema":{"@context":"https:\/\/schema.org","@graph":[{"@type":"WebPage","@id":"https:\/\/argreen.com.br\/produto\/arruela-lisa-1-4-zincada\/","url":"https:\/\/argreen.com.br\/produto\/arruela-lisa-1-4-zincada\/","name":"Arruela lisa 1\/4 zincada - Argreen","isPartOf":{"@id":"https:\/\/argreen.com.br\/#website"},"primaryImageOfPage":{"@id":"https:\/\/argreen.com.br\/produto\/arruela-lisa-1-4-zincada\/#primaryimage"},"image":{"@id":"https:\/\/argreen.com.br\/produto\/arruela-lisa-1-4-zincada\/#primaryimage"},"thumbnailUrl":"https:\/\/argreen.com.br\/wp-content\/uploads\/2025\/01\/Imagens-site-1.png","datePublished":"2025-01-13T12:53:45+00:00","dateModified":"2025-06-02T11:50:39+00:00","breadcrumb":{"@id":"https:\/\/argreen.com.br\/produto\/arruela-lisa-1-4-zincada\/#breadcrumb"},"inLanguage":"es","potentialAction":[{"@type":"ReadAction","target":["https:\/\/argreen.com.br\/produto\/arruela-lisa-1-4-zincada\/"]}]},{"@type":"ImageObject","inLanguage":"es","@id":"https:\/\/argreen.com.br\/produto\/arruela-lisa-1-4-zincada\/#primaryimage","url":"https:\/\/argreen.com.br\/wp-content\/uploads\/2025\/01\/Imagens-site-1.png","contentUrl":"https:\/\/argreen.com.br\/wp-content\/uploads\/2025\/01\/Imagens-site-1.png","width":500,"height":500},{"@type":"BreadcrumbList","@id":"https:\/\/argreen.com.br\/produto\/arruela-lisa-1-4-zincada\/#breadcrumb","itemListElement":[{"@type":"ListItem","position":1,"name":"In\u00edcio","item":"https:\/\/argreen.com.br\/"},{"@type":"ListItem","position":2,"name":"Cat\u00e1logo","item":"https:\/\/argreen.com.br\/catalogo\/"},{"@type":"ListItem","position":3,"name":"Arruela lisa 1\/4 zincada"}]},{"@type":"WebSite","@id":"https:\/\/argreen.com.br\/#website","url":"https:\/\/argreen.com.br\/","name":"Argreen","description":"Climatiza\u00e7\u00e3o &amp; Engenharia","publisher":{"@id":"https:\/\/argreen.com.br\/#organization"},"potentialAction":[{"@type":"SearchAction","target":{"@type":"EntryPoint","urlTemplate":"https:\/\/argreen.com.br\/?s={search_term_string}"},"query-input":{"@type":"PropertyValueSpecification","valueRequired":true,"valueName":"search_term_string"}}],"inLanguage":"es"},{"@type":"Organization","@id":"https:\/\/argreen.com.br\/#organization","name":"Argreen","url":"https:\/\/argreen.com.br\/","logo":{"@type":"ImageObject","inLanguage":"es","@id":"https:\/\/argreen.com.br\/#\/schema\/logo\/image\/","url":"https:\/\/argreen.com.br\/wp-content\/uploads\/2023\/06\/Logo-Argeen.png","contentUrl":"https:\/\/argreen.com.br\/wp-content\/uploads\/2023\/06\/Logo-Argeen.png","width":2248,"height":767,"caption":"Argreen"},"image":{"@id":"https:\/\/argreen.com.br\/#\/schema\/logo\/image\/"}}]}},"_links":{"self":[{"href":"https:\/\/argreen.com.br\/es\/wp-json\/wp\/v2\/product\/2902","targetHints":{"allow":["GET"]}}],"collection":[{"href":"https:\/\/argreen.com.br\/es\/wp-json\/wp\/v2\/product"}],"about":[{"href":"https:\/\/argreen.com.br\/es\/wp-json\/wp\/v2\/types\/product"}],"replies":[{"embeddable":true,"href":"https:\/\/argreen.com.br\/es\/wp-json\/wp\/v2\/comments?post=2902"}],"wp:featuredmedia":[{"embeddable":true,"href":"https:\/\/argreen.com.br\/es\/wp-json\/wp\/v2\/media\/2903"}],"wp:attachment":[{"href":"https:\/\/argreen.com.br\/es\/wp-json\/wp\/v2\/media?parent=2902"}],"wp:term":[{"taxonomy":"product_brand","embeddable":true,"href":"https:\/\/argreen.com.br\/es\/wp-json\/wp\/v2\/product_brand?post=2902"},{"taxonomy":"product_cat","embeddable":true,"href":"https:\/\/argreen.com.br\/es\/wp-json\/wp\/v2\/product_cat?post=2902"},{"taxonomy":"product_tag","embeddable":true,"href":"https:\/\/argreen.com.br\/es\/wp-json\/wp\/v2\/product_tag?post=2902"}],"curies":[{"name":"wp","href":"https:\/\/api.w.org\/{rel}","templated":true}]}}