{"id":2914,"date":"2025-01-13T14:40:55","date_gmt":"2025-01-13T17:40:55","guid":{"rendered":"https:\/\/argreen.com.br\/?post_type=product&#038;p=2914"},"modified":"2026-04-07T09:19:20","modified_gmt":"2026-04-07T12:19:20","slug":"tubo-cobre-panqueca-15-metros-1-2-127mm-parede-1-32-079mm","status":"publish","type":"product","link":"https:\/\/argreen.com.br\/es\/producto\/tubo-cobre-panqueca-15-metros-1-2-127mm-parede-1-32-079mm\/","title":{"rendered":"TUBO DE COBRE PANQUECA 15 METROS"},"content":{"rendered":"<p>O tubo de cobre \u00e9 um componente essencial para a instala\u00e7\u00e3o de sistemas de refrigera\u00e7\u00e3o no geral. Sua fun\u00e7\u00e3o \u00e9 promover as trocas de calor entre o sistema e o ambiente.\u00a0\u00a0Al\u00e9m de ser mais eficiente nas trocas de calor, ele \u00e9 mais resistente, sendo ideal para qualquer tipo de instala\u00e7\u00e3o. O cobre tamb\u00e9m n\u00e3o \u00e9 suscet\u00edvel \u00e0 corros\u00e3o por umidade, ou seja, voc\u00ea pode instal\u00e1-lo em aparelhos de regi\u00f5es litor\u00e2neas sem problema algum. O uso de tubos de cobre garante a qualidade do trabalho de instala\u00e7\u00e3o, evitando manuten\u00e7\u00f5es precoces.<\/p>","protected":false},"excerpt":{"rendered":"<p>Aplica\u00e7\u00e3o: Ideal para Ar Condicionado e Refrigera\u00e7\u00e3o (Comercial, Industrial e Residencial) Medidas em polegadas: 1\/2\u2033 (di\u00e2metro) x 1\/32\u2033 (parede).<\/p>","protected":false},"featured_media":4664,"comment_status":"closed","ping_status":"closed","template":"","meta":[],"product_brand":[],"product_cat":[196,204],"product_tag":[],"class_list":{"0":"post-2914","1":"product","2":"type-product","3":"status-publish","4":"has-post-thumbnail","6":"product_cat-cobres","7":"product_cat-insumos","9":"first","10":"instock","11":"shipping-taxable","12":"purchasable","13":"product-type-variable"},"yoast_head":"<!-- This site is optimized with the Yoast SEO plugin v27.3 - https:\/\/yoast.com\/product\/yoast-seo-wordpress\/ -->\n<title>TUBO DE COBRE PANQUECA 15 METROS - Argreen<\/title>\n<meta name=\"robots\" content=\"index, follow, max-snippet:-1, max-image-preview:large, max-video-preview:-1\" \/>\n<link rel=\"canonical\" href=\"https:\/\/argreen.com.br\/es\/producto\/tubo-cobre-panqueca-15-metros-1-2-127mm-parede-1-32-079mm\/\" \/>\n<meta property=\"og:locale\" content=\"es_ES\" \/>\n<meta property=\"og:type\" content=\"article\" \/>\n<meta property=\"og:title\" content=\"TUBO DE COBRE PANQUECA 15 METROS - Argreen\" \/>\n<meta property=\"og:description\" content=\"Aplica\u00e7\u00e3o: Ideal para Ar Condicionado e Refrigera\u00e7\u00e3o (Comercial, Industrial e Residencial) Medidas em polegadas: 1\/2\u2033 (di\u00e2metro) x 1\/32\u2033 (parede).\" \/>\n<meta property=\"og:url\" content=\"https:\/\/argreen.com.br\/es\/producto\/tubo-cobre-panqueca-15-metros-1-2-127mm-parede-1-32-079mm\/\" \/>\n<meta property=\"og:site_name\" content=\"Argreen\" \/>\n<meta property=\"article:modified_time\" content=\"2026-04-07T12:19:20+00:00\" \/>\n<meta property=\"og:image\" content=\"https:\/\/argreen.com.br\/wp-content\/uploads\/2025\/01\/Imagens-site-7.png\" \/>\n\t<meta property=\"og:image:width\" content=\"500\" \/>\n\t<meta property=\"og:image:height\" content=\"500\" \/>\n\t<meta property=\"og:image:type\" content=\"image\/png\" \/>\n<script type=\"application\/ld+json\" class=\"yoast-schema-graph\">{\"@context\":\"https:\\\/\\\/schema.org\",\"@graph\":[{\"@type\":\"WebPage\",\"@id\":\"https:\\\/\\\/argreen.com.br\\\/produto\\\/tubo-cobre-panqueca-15-metros-1-2-127mm-parede-1-32-079mm\\\/\",\"url\":\"https:\\\/\\\/argreen.com.br\\\/produto\\\/tubo-cobre-panqueca-15-metros-1-2-127mm-parede-1-32-079mm\\\/\",\"name\":\"TUBO DE COBRE PANQUECA 15 METROS - Argreen\",\"isPartOf\":{\"@id\":\"https:\\\/\\\/argreen.com.br\\\/#website\"},\"primaryImageOfPage\":{\"@id\":\"https:\\\/\\\/argreen.com.br\\\/produto\\\/tubo-cobre-panqueca-15-metros-1-2-127mm-parede-1-32-079mm\\\/#primaryimage\"},\"image\":{\"@id\":\"https:\\\/\\\/argreen.com.br\\\/produto\\\/tubo-cobre-panqueca-15-metros-1-2-127mm-parede-1-32-079mm\\\/#primaryimage\"},\"thumbnailUrl\":\"https:\\\/\\\/argreen.com.br\\\/wp-content\\\/uploads\\\/2026\\\/04\\\/15514088458-imagens-site-7.png\",\"datePublished\":\"2025-01-13T17:40:55+00:00\",\"dateModified\":\"2026-04-07T12:19:20+00:00\",\"breadcrumb\":{\"@id\":\"https:\\\/\\\/argreen.com.br\\\/produto\\\/tubo-cobre-panqueca-15-metros-1-2-127mm-parede-1-32-079mm\\\/#breadcrumb\"},\"inLanguage\":\"es\",\"potentialAction\":[{\"@type\":\"ReadAction\",\"target\":[\"https:\\\/\\\/argreen.com.br\\\/produto\\\/tubo-cobre-panqueca-15-metros-1-2-127mm-parede-1-32-079mm\\\/\"]}]},{\"@type\":\"ImageObject\",\"inLanguage\":\"es\",\"@id\":\"https:\\\/\\\/argreen.com.br\\\/produto\\\/tubo-cobre-panqueca-15-metros-1-2-127mm-parede-1-32-079mm\\\/#primaryimage\",\"url\":\"https:\\\/\\\/argreen.com.br\\\/wp-content\\\/uploads\\\/2026\\\/04\\\/15514088458-imagens-site-7.png\",\"contentUrl\":\"https:\\\/\\\/argreen.com.br\\\/wp-content\\\/uploads\\\/2026\\\/04\\\/15514088458-imagens-site-7.png\",\"width\":500,\"height\":500},{\"@type\":\"BreadcrumbList\",\"@id\":\"https:\\\/\\\/argreen.com.br\\\/produto\\\/tubo-cobre-panqueca-15-metros-1-2-127mm-parede-1-32-079mm\\\/#breadcrumb\",\"itemListElement\":[{\"@type\":\"ListItem\",\"position\":1,\"name\":\"In\u00edcio\",\"item\":\"https:\\\/\\\/argreen.com.br\\\/\"},{\"@type\":\"ListItem\",\"position\":2,\"name\":\"Cat\u00e1logo\",\"item\":\"https:\\\/\\\/argreen.com.br\\\/catalogo\\\/\"},{\"@type\":\"ListItem\",\"position\":3,\"name\":\"TUBO DE COBRE PANQUECA 15 METROS\"}]},{\"@type\":\"WebSite\",\"@id\":\"https:\\\/\\\/argreen.com.br\\\/#website\",\"url\":\"https:\\\/\\\/argreen.com.br\\\/\",\"name\":\"Argreen\",\"description\":\"Climatiza\u00e7\u00e3o &amp; Engenharia\",\"publisher\":{\"@id\":\"https:\\\/\\\/argreen.com.br\\\/#organization\"},\"potentialAction\":[{\"@type\":\"SearchAction\",\"target\":{\"@type\":\"EntryPoint\",\"urlTemplate\":\"https:\\\/\\\/argreen.com.br\\\/?s={search_term_string}\"},\"query-input\":{\"@type\":\"PropertyValueSpecification\",\"valueRequired\":true,\"valueName\":\"search_term_string\"}}],\"inLanguage\":\"es\"},{\"@type\":\"Organization\",\"@id\":\"https:\\\/\\\/argreen.com.br\\\/#organization\",\"name\":\"Argreen\",\"url\":\"https:\\\/\\\/argreen.com.br\\\/\",\"logo\":{\"@type\":\"ImageObject\",\"inLanguage\":\"es\",\"@id\":\"https:\\\/\\\/argreen.com.br\\\/#\\\/schema\\\/logo\\\/image\\\/\",\"url\":\"https:\\\/\\\/argreen.com.br\\\/wp-content\\\/uploads\\\/2023\\\/06\\\/Logo-Argeen.png\",\"contentUrl\":\"https:\\\/\\\/argreen.com.br\\\/wp-content\\\/uploads\\\/2023\\\/06\\\/Logo-Argeen.png\",\"width\":2248,\"height\":767,\"caption\":\"Argreen\"},\"image\":{\"@id\":\"https:\\\/\\\/argreen.com.br\\\/#\\\/schema\\\/logo\\\/image\\\/\"}}]}<\/script>\n<!-- \/ Yoast SEO plugin. -->","yoast_head_json":{"title":"TUBO DE COBRE PANQUECA 15 METROS - Argreen","robots":{"index":"index","follow":"follow","max-snippet":"max-snippet:-1","max-image-preview":"max-image-preview:large","max-video-preview":"max-video-preview:-1"},"canonical":"https:\/\/argreen.com.br\/es\/producto\/tubo-cobre-panqueca-15-metros-1-2-127mm-parede-1-32-079mm\/","og_locale":"es_ES","og_type":"article","og_title":"TUBO DE COBRE PANQUECA 15 METROS - Argreen","og_description":"Aplica\u00e7\u00e3o: Ideal para Ar Condicionado e Refrigera\u00e7\u00e3o (Comercial, Industrial e Residencial) Medidas em polegadas: 1\/2\u2033 (di\u00e2metro) x 1\/32\u2033 (parede).","og_url":"https:\/\/argreen.com.br\/es\/producto\/tubo-cobre-panqueca-15-metros-1-2-127mm-parede-1-32-079mm\/","og_site_name":"Argreen","article_modified_time":"2026-04-07T12:19:20+00:00","og_image":[{"width":500,"height":500,"url":"https:\/\/argreen.com.br\/wp-content\/uploads\/2025\/01\/Imagens-site-7.png","type":"image\/png"}],"schema":{"@context":"https:\/\/schema.org","@graph":[{"@type":"WebPage","@id":"https:\/\/argreen.com.br\/produto\/tubo-cobre-panqueca-15-metros-1-2-127mm-parede-1-32-079mm\/","url":"https:\/\/argreen.com.br\/produto\/tubo-cobre-panqueca-15-metros-1-2-127mm-parede-1-32-079mm\/","name":"TUBO DE COBRE PANQUECA 15 METROS - Argreen","isPartOf":{"@id":"https:\/\/argreen.com.br\/#website"},"primaryImageOfPage":{"@id":"https:\/\/argreen.com.br\/produto\/tubo-cobre-panqueca-15-metros-1-2-127mm-parede-1-32-079mm\/#primaryimage"},"image":{"@id":"https:\/\/argreen.com.br\/produto\/tubo-cobre-panqueca-15-metros-1-2-127mm-parede-1-32-079mm\/#primaryimage"},"thumbnailUrl":"https:\/\/argreen.com.br\/wp-content\/uploads\/2026\/04\/15514088458-imagens-site-7.png","datePublished":"2025-01-13T17:40:55+00:00","dateModified":"2026-04-07T12:19:20+00:00","breadcrumb":{"@id":"https:\/\/argreen.com.br\/produto\/tubo-cobre-panqueca-15-metros-1-2-127mm-parede-1-32-079mm\/#breadcrumb"},"inLanguage":"es","potentialAction":[{"@type":"ReadAction","target":["https:\/\/argreen.com.br\/produto\/tubo-cobre-panqueca-15-metros-1-2-127mm-parede-1-32-079mm\/"]}]},{"@type":"ImageObject","inLanguage":"es","@id":"https:\/\/argreen.com.br\/produto\/tubo-cobre-panqueca-15-metros-1-2-127mm-parede-1-32-079mm\/#primaryimage","url":"https:\/\/argreen.com.br\/wp-content\/uploads\/2026\/04\/15514088458-imagens-site-7.png","contentUrl":"https:\/\/argreen.com.br\/wp-content\/uploads\/2026\/04\/15514088458-imagens-site-7.png","width":500,"height":500},{"@type":"BreadcrumbList","@id":"https:\/\/argreen.com.br\/produto\/tubo-cobre-panqueca-15-metros-1-2-127mm-parede-1-32-079mm\/#breadcrumb","itemListElement":[{"@type":"ListItem","position":1,"name":"In\u00edcio","item":"https:\/\/argreen.com.br\/"},{"@type":"ListItem","position":2,"name":"Cat\u00e1logo","item":"https:\/\/argreen.com.br\/catalogo\/"},{"@type":"ListItem","position":3,"name":"TUBO DE COBRE PANQUECA 15 METROS"}]},{"@type":"WebSite","@id":"https:\/\/argreen.com.br\/#website","url":"https:\/\/argreen.com.br\/","name":"Argreen","description":"Climatiza\u00e7\u00e3o &amp; Engenharia","publisher":{"@id":"https:\/\/argreen.com.br\/#organization"},"potentialAction":[{"@type":"SearchAction","target":{"@type":"EntryPoint","urlTemplate":"https:\/\/argreen.com.br\/?s={search_term_string}"},"query-input":{"@type":"PropertyValueSpecification","valueRequired":true,"valueName":"search_term_string"}}],"inLanguage":"es"},{"@type":"Organization","@id":"https:\/\/argreen.com.br\/#organization","name":"Argreen","url":"https:\/\/argreen.com.br\/","logo":{"@type":"ImageObject","inLanguage":"es","@id":"https:\/\/argreen.com.br\/#\/schema\/logo\/image\/","url":"https:\/\/argreen.com.br\/wp-content\/uploads\/2023\/06\/Logo-Argeen.png","contentUrl":"https:\/\/argreen.com.br\/wp-content\/uploads\/2023\/06\/Logo-Argeen.png","width":2248,"height":767,"caption":"Argreen"},"image":{"@id":"https:\/\/argreen.com.br\/#\/schema\/logo\/image\/"}}]}},"_links":{"self":[{"href":"https:\/\/argreen.com.br\/es\/wp-json\/wp\/v2\/product\/2914","targetHints":{"allow":["GET"]}}],"collection":[{"href":"https:\/\/argreen.com.br\/es\/wp-json\/wp\/v2\/product"}],"about":[{"href":"https:\/\/argreen.com.br\/es\/wp-json\/wp\/v2\/types\/product"}],"replies":[{"embeddable":true,"href":"https:\/\/argreen.com.br\/es\/wp-json\/wp\/v2\/comments?post=2914"}],"wp:featuredmedia":[{"embeddable":true,"href":"https:\/\/argreen.com.br\/es\/wp-json\/wp\/v2\/media\/4664"}],"wp:attachment":[{"href":"https:\/\/argreen.com.br\/es\/wp-json\/wp\/v2\/media?parent=2914"}],"wp:term":[{"taxonomy":"product_brand","embeddable":true,"href":"https:\/\/argreen.com.br\/es\/wp-json\/wp\/v2\/product_brand?post=2914"},{"taxonomy":"product_cat","embeddable":true,"href":"https:\/\/argreen.com.br\/es\/wp-json\/wp\/v2\/product_cat?post=2914"},{"taxonomy":"product_tag","embeddable":true,"href":"https:\/\/argreen.com.br\/es\/wp-json\/wp\/v2\/product_tag?post=2914"}],"curies":[{"name":"wp","href":"https:\/\/api.w.org\/{rel}","templated":true}]}}