{"id":2918,"date":"2025-01-14T10:32:24","date_gmt":"2025-01-14T13:32:24","guid":{"rendered":"https:\/\/argreen.com.br\/?post_type=product&#038;p=2918"},"modified":"2025-06-02T09:27:59","modified_gmt":"2025-06-02T12:27:59","slug":"fita-autoadesiva-armacell-armaflex","status":"publish","type":"product","link":"https:\/\/argreen.com.br\/es\/producto\/fita-autoadesiva-armacell-armaflex\/","title":{"rendered":"Cinta autoadhesiva Armacell Armaflex"},"content":{"rendered":"<p>\u00c9 refor\u00e7ada com fios e tramas confeccionada a partir da Espuma elastom\u00e9rica AF Armaflex BR, para aplica\u00e7\u00f5es acabamentos e preenchimentos no isolamento em sistemas de ar-condicionado, refrigera\u00e7\u00e3o, aquecimento e processos industriais.<\/p>\n<p>Sistemas de ar condicionado, refrigera\u00e7\u00e3o, aquecimento e processos industriais.<\/p>","protected":false},"excerpt":{"rendered":"<table class=\"props-table\" data-bind=\"foreach: $data.productProperties\">\n<tbody>\n<tr id=\"x_fabricante\" data-bind=\"if: $data.value, css: {sp: $index()%2 == 0}, attr: {id: $data.id}\">\n<td id=\"propertiesItem\" class=\"paragraphOne\" data-bind=\"css: {'mobile-font': $parent.isMobile()}, text: $data.name\">Fabricante<\/td>\n<td data-bind=\"css: {'mobile-font': $parent.isMobile()}, html: $data.value\">ARMACELL BRASIL LTDA<\/td>\n<\/tr>\n<\/tbody>\n<tbody>\n<tr id=\"x_cdigoFrigelar\" class=\"sp\" data-bind=\"if: $data.value, css: {sp: $index()%2 == 0}, attr: {id: $data.id}\">\n<td id=\"propertiesItem\" class=\"paragraphOne\" data-bind=\"css: {'mobile-font': $parent.isMobile()}, text: $data.name\">C\u00f3digo Argreen<\/td>\n<td data-bind=\"css: {'mobile-font': $parent.isMobile()}, html: $data.value\">C141518<\/td>\n<\/tr>\n<\/tbody>\n<tbody>\n<tr id=\"x_warranty\" data-bind=\"if: $data.value, css: {sp: $index()%2 == 0}, attr: {id: $data.id}\">\n<td id=\"propertiesItem\" class=\"paragraphOne\" data-bind=\"css: {'mobile-font': $parent.isMobile()}, text: $data.name\">Garantia<\/td>\n<td data-bind=\"css: {'mobile-font': $parent.isMobile()}, html: $data.value\">3 meses<\/td>\n<\/tr>\n<\/tbody>\n<tbody>\n<tr id=\"x_pesoKg\" class=\"sp\" data-bind=\"if: $data.value, css: {sp: $index()%2 == 0}, attr: {id: $data.id}\">\n<td id=\"propertiesItem\" class=\"paragraphOne\" data-bind=\"css: {'mobile-font': $parent.isMobile()}, text: $data.name\">Peso (Kg)<\/td>\n<td data-bind=\"css: {'mobile-font': $parent.isMobile()}, html: $data.value\">0,28kg<\/td>\n<\/tr>\n<\/tbody>\n<tbody>\n<tr id=\"x_tamanhoLxAxP\" data-bind=\"if: $data.value, css: {sp: $index()%2 == 0}, attr: {id: $data.id}\">\n<td id=\"propertiesItem\" class=\"paragraphOne\" data-bind=\"css: {'mobile-font': $parent.isMobile()}, text: $data.name\">Tamanho (LxAxP\/cm)<\/td>\n<td data-bind=\"css: {'mobile-font': $parent.isMobile()}, html: $data.value\">24,5 x 5 x 24,5cm<\/td>\n<\/tr>\n<\/tbody>\n<\/table>","protected":false},"featured_media":2919,"comment_status":"closed","ping_status":"closed","template":"","meta":[],"product_brand":[],"product_cat":[205,204,26],"product_tag":[],"class_list":{"0":"post-2918","1":"product","2":"type-product","3":"status-publish","4":"has-post-thumbnail","6":"product_cat-diversos","7":"product_cat-insumos","8":"product_cat-pecas","10":"first","11":"instock","12":"shipping-taxable","13":"purchasable","14":"product-type-simple"},"yoast_head":"<!-- This site is optimized with the Yoast SEO plugin v27.3 - https:\/\/yoast.com\/product\/yoast-seo-wordpress\/ -->\n<title>Fita AutoAdesiva Armacell Armaflex - Argreen<\/title>\n<meta name=\"robots\" content=\"index, follow, max-snippet:-1, max-image-preview:large, max-video-preview:-1\" \/>\n<link rel=\"canonical\" href=\"https:\/\/argreen.com.br\/es\/producto\/fita-autoadesiva-armacell-armaflex\/\" \/>\n<meta property=\"og:locale\" content=\"es_ES\" \/>\n<meta property=\"og:type\" content=\"article\" \/>\n<meta property=\"og:title\" content=\"Fita AutoAdesiva Armacell Armaflex - Argreen\" \/>\n<meta property=\"og:description\" content=\"Fabricante ARMACELL BRASIL LTDA     C\u00f3digo Argreen C141518     Garantia 3 meses     Peso (Kg) 0,28kg     Tamanho (LxAxP\/cm) 24,5 x 5 x 24,5cm\" \/>\n<meta property=\"og:url\" content=\"https:\/\/argreen.com.br\/es\/producto\/fita-autoadesiva-armacell-armaflex\/\" \/>\n<meta property=\"og:site_name\" content=\"Argreen\" \/>\n<meta property=\"article:modified_time\" content=\"2025-06-02T12:27:59+00:00\" \/>\n<meta property=\"og:image\" content=\"https:\/\/argreen.com.br\/wp-content\/uploads\/2025\/01\/Imagens-site-8.png\" \/>\n\t<meta property=\"og:image:width\" content=\"500\" \/>\n\t<meta property=\"og:image:height\" content=\"500\" \/>\n\t<meta property=\"og:image:type\" content=\"image\/png\" \/>\n<script type=\"application\/ld+json\" class=\"yoast-schema-graph\">{\"@context\":\"https:\\\/\\\/schema.org\",\"@graph\":[{\"@type\":\"WebPage\",\"@id\":\"https:\\\/\\\/argreen.com.br\\\/produto\\\/fita-autoadesiva-armacell-armaflex\\\/\",\"url\":\"https:\\\/\\\/argreen.com.br\\\/produto\\\/fita-autoadesiva-armacell-armaflex\\\/\",\"name\":\"Fita AutoAdesiva Armacell Armaflex - Argreen\",\"isPartOf\":{\"@id\":\"https:\\\/\\\/argreen.com.br\\\/#website\"},\"primaryImageOfPage\":{\"@id\":\"https:\\\/\\\/argreen.com.br\\\/produto\\\/fita-autoadesiva-armacell-armaflex\\\/#primaryimage\"},\"image\":{\"@id\":\"https:\\\/\\\/argreen.com.br\\\/produto\\\/fita-autoadesiva-armacell-armaflex\\\/#primaryimage\"},\"thumbnailUrl\":\"https:\\\/\\\/argreen.com.br\\\/wp-content\\\/uploads\\\/2025\\\/01\\\/Imagens-site-8.png\",\"datePublished\":\"2025-01-14T13:32:24+00:00\",\"dateModified\":\"2025-06-02T12:27:59+00:00\",\"breadcrumb\":{\"@id\":\"https:\\\/\\\/argreen.com.br\\\/produto\\\/fita-autoadesiva-armacell-armaflex\\\/#breadcrumb\"},\"inLanguage\":\"es\",\"potentialAction\":[{\"@type\":\"ReadAction\",\"target\":[\"https:\\\/\\\/argreen.com.br\\\/produto\\\/fita-autoadesiva-armacell-armaflex\\\/\"]}]},{\"@type\":\"ImageObject\",\"inLanguage\":\"es\",\"@id\":\"https:\\\/\\\/argreen.com.br\\\/produto\\\/fita-autoadesiva-armacell-armaflex\\\/#primaryimage\",\"url\":\"https:\\\/\\\/argreen.com.br\\\/wp-content\\\/uploads\\\/2025\\\/01\\\/Imagens-site-8.png\",\"contentUrl\":\"https:\\\/\\\/argreen.com.br\\\/wp-content\\\/uploads\\\/2025\\\/01\\\/Imagens-site-8.png\",\"width\":500,\"height\":500},{\"@type\":\"BreadcrumbList\",\"@id\":\"https:\\\/\\\/argreen.com.br\\\/produto\\\/fita-autoadesiva-armacell-armaflex\\\/#breadcrumb\",\"itemListElement\":[{\"@type\":\"ListItem\",\"position\":1,\"name\":\"In\u00edcio\",\"item\":\"https:\\\/\\\/argreen.com.br\\\/\"},{\"@type\":\"ListItem\",\"position\":2,\"name\":\"Cat\u00e1logo\",\"item\":\"https:\\\/\\\/argreen.com.br\\\/catalogo\\\/\"},{\"@type\":\"ListItem\",\"position\":3,\"name\":\"Fita AutoAdesiva Armacell Armaflex\"}]},{\"@type\":\"WebSite\",\"@id\":\"https:\\\/\\\/argreen.com.br\\\/#website\",\"url\":\"https:\\\/\\\/argreen.com.br\\\/\",\"name\":\"Argreen\",\"description\":\"Climatiza\u00e7\u00e3o &amp; Engenharia\",\"publisher\":{\"@id\":\"https:\\\/\\\/argreen.com.br\\\/#organization\"},\"potentialAction\":[{\"@type\":\"SearchAction\",\"target\":{\"@type\":\"EntryPoint\",\"urlTemplate\":\"https:\\\/\\\/argreen.com.br\\\/?s={search_term_string}\"},\"query-input\":{\"@type\":\"PropertyValueSpecification\",\"valueRequired\":true,\"valueName\":\"search_term_string\"}}],\"inLanguage\":\"es\"},{\"@type\":\"Organization\",\"@id\":\"https:\\\/\\\/argreen.com.br\\\/#organization\",\"name\":\"Argreen\",\"url\":\"https:\\\/\\\/argreen.com.br\\\/\",\"logo\":{\"@type\":\"ImageObject\",\"inLanguage\":\"es\",\"@id\":\"https:\\\/\\\/argreen.com.br\\\/#\\\/schema\\\/logo\\\/image\\\/\",\"url\":\"https:\\\/\\\/argreen.com.br\\\/wp-content\\\/uploads\\\/2023\\\/06\\\/Logo-Argeen.png\",\"contentUrl\":\"https:\\\/\\\/argreen.com.br\\\/wp-content\\\/uploads\\\/2023\\\/06\\\/Logo-Argeen.png\",\"width\":2248,\"height\":767,\"caption\":\"Argreen\"},\"image\":{\"@id\":\"https:\\\/\\\/argreen.com.br\\\/#\\\/schema\\\/logo\\\/image\\\/\"}}]}<\/script>\n<!-- \/ Yoast SEO plugin. -->","yoast_head_json":{"title":"Fita AutoAdesiva Armacell Armaflex - Argreen","robots":{"index":"index","follow":"follow","max-snippet":"max-snippet:-1","max-image-preview":"max-image-preview:large","max-video-preview":"max-video-preview:-1"},"canonical":"https:\/\/argreen.com.br\/es\/producto\/fita-autoadesiva-armacell-armaflex\/","og_locale":"es_ES","og_type":"article","og_title":"Fita AutoAdesiva Armacell Armaflex - Argreen","og_description":"Fabricante ARMACELL BRASIL LTDA     C\u00f3digo Argreen C141518     Garantia 3 meses     Peso (Kg) 0,28kg     Tamanho (LxAxP\/cm) 24,5 x 5 x 24,5cm","og_url":"https:\/\/argreen.com.br\/es\/producto\/fita-autoadesiva-armacell-armaflex\/","og_site_name":"Argreen","article_modified_time":"2025-06-02T12:27:59+00:00","og_image":[{"width":500,"height":500,"url":"https:\/\/argreen.com.br\/wp-content\/uploads\/2025\/01\/Imagens-site-8.png","type":"image\/png"}],"schema":{"@context":"https:\/\/schema.org","@graph":[{"@type":"WebPage","@id":"https:\/\/argreen.com.br\/produto\/fita-autoadesiva-armacell-armaflex\/","url":"https:\/\/argreen.com.br\/produto\/fita-autoadesiva-armacell-armaflex\/","name":"Fita AutoAdesiva Armacell Armaflex - Argreen","isPartOf":{"@id":"https:\/\/argreen.com.br\/#website"},"primaryImageOfPage":{"@id":"https:\/\/argreen.com.br\/produto\/fita-autoadesiva-armacell-armaflex\/#primaryimage"},"image":{"@id":"https:\/\/argreen.com.br\/produto\/fita-autoadesiva-armacell-armaflex\/#primaryimage"},"thumbnailUrl":"https:\/\/argreen.com.br\/wp-content\/uploads\/2025\/01\/Imagens-site-8.png","datePublished":"2025-01-14T13:32:24+00:00","dateModified":"2025-06-02T12:27:59+00:00","breadcrumb":{"@id":"https:\/\/argreen.com.br\/produto\/fita-autoadesiva-armacell-armaflex\/#breadcrumb"},"inLanguage":"es","potentialAction":[{"@type":"ReadAction","target":["https:\/\/argreen.com.br\/produto\/fita-autoadesiva-armacell-armaflex\/"]}]},{"@type":"ImageObject","inLanguage":"es","@id":"https:\/\/argreen.com.br\/produto\/fita-autoadesiva-armacell-armaflex\/#primaryimage","url":"https:\/\/argreen.com.br\/wp-content\/uploads\/2025\/01\/Imagens-site-8.png","contentUrl":"https:\/\/argreen.com.br\/wp-content\/uploads\/2025\/01\/Imagens-site-8.png","width":500,"height":500},{"@type":"BreadcrumbList","@id":"https:\/\/argreen.com.br\/produto\/fita-autoadesiva-armacell-armaflex\/#breadcrumb","itemListElement":[{"@type":"ListItem","position":1,"name":"In\u00edcio","item":"https:\/\/argreen.com.br\/"},{"@type":"ListItem","position":2,"name":"Cat\u00e1logo","item":"https:\/\/argreen.com.br\/catalogo\/"},{"@type":"ListItem","position":3,"name":"Fita AutoAdesiva Armacell Armaflex"}]},{"@type":"WebSite","@id":"https:\/\/argreen.com.br\/#website","url":"https:\/\/argreen.com.br\/","name":"Argreen","description":"Climatiza\u00e7\u00e3o &amp; Engenharia","publisher":{"@id":"https:\/\/argreen.com.br\/#organization"},"potentialAction":[{"@type":"SearchAction","target":{"@type":"EntryPoint","urlTemplate":"https:\/\/argreen.com.br\/?s={search_term_string}"},"query-input":{"@type":"PropertyValueSpecification","valueRequired":true,"valueName":"search_term_string"}}],"inLanguage":"es"},{"@type":"Organization","@id":"https:\/\/argreen.com.br\/#organization","name":"Argreen","url":"https:\/\/argreen.com.br\/","logo":{"@type":"ImageObject","inLanguage":"es","@id":"https:\/\/argreen.com.br\/#\/schema\/logo\/image\/","url":"https:\/\/argreen.com.br\/wp-content\/uploads\/2023\/06\/Logo-Argeen.png","contentUrl":"https:\/\/argreen.com.br\/wp-content\/uploads\/2023\/06\/Logo-Argeen.png","width":2248,"height":767,"caption":"Argreen"},"image":{"@id":"https:\/\/argreen.com.br\/#\/schema\/logo\/image\/"}}]}},"_links":{"self":[{"href":"https:\/\/argreen.com.br\/es\/wp-json\/wp\/v2\/product\/2918","targetHints":{"allow":["GET"]}}],"collection":[{"href":"https:\/\/argreen.com.br\/es\/wp-json\/wp\/v2\/product"}],"about":[{"href":"https:\/\/argreen.com.br\/es\/wp-json\/wp\/v2\/types\/product"}],"replies":[{"embeddable":true,"href":"https:\/\/argreen.com.br\/es\/wp-json\/wp\/v2\/comments?post=2918"}],"wp:featuredmedia":[{"embeddable":true,"href":"https:\/\/argreen.com.br\/es\/wp-json\/wp\/v2\/media\/2919"}],"wp:attachment":[{"href":"https:\/\/argreen.com.br\/es\/wp-json\/wp\/v2\/media?parent=2918"}],"wp:term":[{"taxonomy":"product_brand","embeddable":true,"href":"https:\/\/argreen.com.br\/es\/wp-json\/wp\/v2\/product_brand?post=2918"},{"taxonomy":"product_cat","embeddable":true,"href":"https:\/\/argreen.com.br\/es\/wp-json\/wp\/v2\/product_cat?post=2918"},{"taxonomy":"product_tag","embeddable":true,"href":"https:\/\/argreen.com.br\/es\/wp-json\/wp\/v2\/product_tag?post=2918"}],"curies":[{"name":"wp","href":"https:\/\/api.w.org\/{rel}","templated":true}]}}