{"id":2955,"date":"2025-01-16T11:58:04","date_gmt":"2025-01-16T14:58:04","guid":{"rendered":"https:\/\/argreen.com.br\/?post_type=product&#038;p=2955"},"modified":"2025-06-02T08:46:03","modified_gmt":"2025-06-02T11:46:03","slug":"kit-flangeador-de-tubos-excentrico-sem-bancada-1-4-a-3-4-cortador-3-16-a-1-1-4-rebarbador-dszh","status":"publish","type":"product","link":"https:\/\/argreen.com.br\/es\/producto\/kit-flangeador-de-tubos-excentrico-sem-bancada-1-4-a-3-4-cortador-3-16-a-1-1-4-rebarbador-dszh\/","title":{"rendered":"Kit de bridado exc\u00e9ntrico para tuber\u00edas sin banco de 1\/4\" a 3\/4\" + cortador de 3\/16\u201d a 1.1\/4\u201d + desbarbador DSZH"},"content":{"rendered":"<p><strong>Caracter\u00edsticas do Produto<\/strong><\/p>\n<p>DSZH: Conhecida na ind\u00fastria global de ferramentas de refrigera\u00e7\u00e3o desde 1994, \u00e9 refer\u00eancia no mercado pela precis\u00e3o, robustez, durabilidade e confiabilidade, com mais de 230 patentes registradas. Possui f\u00e1brica com 42.000m\u00b2 e vende seus produtos em mais de 70 pa\u00edses e regi\u00f5es ao redor do mundo.<\/p>\n<p>Cad\u00ea a bancada? \u00c9 tanta tecnologia que esse flangeador n\u00e3o necessita de bancada!<\/p>\n<p>&#8211; Utilizado para flange com precis\u00e3o em canos de cobre, lat\u00e3o, alum\u00ednio, a\u00e7o, a\u00e7o inoxid\u00e1vel e qualquer outro metal ou superf\u00edcie que seja male\u00e1vel;<br \/>\n&#8211; execu\u00e7\u00e3o de flange exc\u00eantrica em 45\u00ba atrav\u00e9s de seu cone alargado, sem criar ranhuras no tubo ou rachaduras, com acabamento perfeito;<br \/>\n&#8211; escala em mil\u00edmetros para di\u00e2metros 6mm, 8mm, 10mm, 12mm, 16mm e 19mm;<br \/>\n&#8211; escala para flange 2 em 1 (polegadas e mil\u00edmetros), para opera\u00e7\u00e3o facilitada;<br \/>\n&#8211; acompanha cortador de tubos profissional para os di\u00e2metros 3\/16\u201d a 1.1\/4\u201d;<br \/>\n&#8211; escala em polegadas para di\u00e2metros 1\/4&#8243;, 5\/16&#8243;, 3\/8&#8243;, 1\/2&#8243;, 5\/8&#8243; e 3\/4&#8243;;<br \/>\n&#8211; acompanha rebarbador tipo caneta;<br \/>\n&#8211; uso profissional.<\/p>","protected":false},"excerpt":{"rendered":"<p>Caracter\u00edsticas do Produto DSZH: Conhecida na ind\u00fastria global de ferramentas de refrigera\u00e7\u00e3o desde 1994, \u00e9 refer\u00eancia no mercado pela precis\u00e3o,<\/p>","protected":false},"featured_media":2959,"comment_status":"closed","ping_status":"closed","template":"","meta":[],"product_brand":[],"product_cat":[205,26],"product_tag":[],"class_list":{"0":"post-2955","1":"product","2":"type-product","3":"status-publish","4":"has-post-thumbnail","6":"product_cat-diversos","7":"product_cat-pecas","9":"first","10":"instock","11":"shipping-taxable","12":"purchasable","13":"product-type-simple"},"yoast_head":"<!-- This site is optimized with the Yoast SEO plugin v27.3 - https:\/\/yoast.com\/product\/yoast-seo-wordpress\/ -->\n<title>Kit Flangeador de Tubos Exc\u00eantrico Sem Bancada 1\/4&quot; a 3\/4&quot; + Cortador 3\/16\u201d a 1.1\/4\u201d + Rebarbador DSZH - Argreen<\/title>\n<meta name=\"robots\" content=\"index, follow, max-snippet:-1, max-image-preview:large, max-video-preview:-1\" \/>\n<link rel=\"canonical\" href=\"https:\/\/argreen.com.br\/es\/producto\/kit-flangeador-de-tubos-excentrico-sem-bancada-1-4-a-3-4-cortador-3-16-a-1-1-4-rebarbador-dszh\/\" \/>\n<meta property=\"og:locale\" content=\"es_ES\" \/>\n<meta property=\"og:type\" content=\"article\" \/>\n<meta property=\"og:title\" content=\"Kit Flangeador de Tubos Exc\u00eantrico Sem Bancada 1\/4&quot; a 3\/4&quot; + Cortador 3\/16\u201d a 1.1\/4\u201d + Rebarbador DSZH - Argreen\" \/>\n<meta property=\"og:description\" content=\"Caracter\u00edsticas do Produto DSZH: Conhecida na ind\u00fastria global de ferramentas de refrigera\u00e7\u00e3o desde 1994, \u00e9 refer\u00eancia no mercado pela precis\u00e3o,\" \/>\n<meta property=\"og:url\" content=\"https:\/\/argreen.com.br\/es\/producto\/kit-flangeador-de-tubos-excentrico-sem-bancada-1-4-a-3-4-cortador-3-16-a-1-1-4-rebarbador-dszh\/\" \/>\n<meta property=\"og:site_name\" content=\"Argreen\" \/>\n<meta property=\"article:modified_time\" content=\"2025-06-02T11:46:03+00:00\" \/>\n<meta property=\"og:image\" content=\"https:\/\/argreen.com.br\/wp-content\/uploads\/2025\/01\/Kit-Flangeador.png\" \/>\n\t<meta property=\"og:image:width\" content=\"500\" \/>\n\t<meta property=\"og:image:height\" content=\"500\" \/>\n\t<meta property=\"og:image:type\" content=\"image\/png\" \/>\n<script type=\"application\/ld+json\" class=\"yoast-schema-graph\">{\"@context\":\"https:\\\/\\\/schema.org\",\"@graph\":[{\"@type\":\"WebPage\",\"@id\":\"https:\\\/\\\/argreen.com.br\\\/produto\\\/kit-flangeador-de-tubos-excentrico-sem-bancada-1-4-a-3-4-cortador-3-16-a-1-1-4-rebarbador-dszh\\\/\",\"url\":\"https:\\\/\\\/argreen.com.br\\\/produto\\\/kit-flangeador-de-tubos-excentrico-sem-bancada-1-4-a-3-4-cortador-3-16-a-1-1-4-rebarbador-dszh\\\/\",\"name\":\"Kit Flangeador de Tubos Exc\u00eantrico Sem Bancada 1\\\/4\\\" a 3\\\/4\\\" + Cortador 3\\\/16\u201d a 1.1\\\/4\u201d + Rebarbador DSZH - Argreen\",\"isPartOf\":{\"@id\":\"https:\\\/\\\/argreen.com.br\\\/#website\"},\"primaryImageOfPage\":{\"@id\":\"https:\\\/\\\/argreen.com.br\\\/produto\\\/kit-flangeador-de-tubos-excentrico-sem-bancada-1-4-a-3-4-cortador-3-16-a-1-1-4-rebarbador-dszh\\\/#primaryimage\"},\"image\":{\"@id\":\"https:\\\/\\\/argreen.com.br\\\/produto\\\/kit-flangeador-de-tubos-excentrico-sem-bancada-1-4-a-3-4-cortador-3-16-a-1-1-4-rebarbador-dszh\\\/#primaryimage\"},\"thumbnailUrl\":\"https:\\\/\\\/argreen.com.br\\\/wp-content\\\/uploads\\\/2025\\\/01\\\/Kit-Flangeador.png\",\"datePublished\":\"2025-01-16T14:58:04+00:00\",\"dateModified\":\"2025-06-02T11:46:03+00:00\",\"breadcrumb\":{\"@id\":\"https:\\\/\\\/argreen.com.br\\\/produto\\\/kit-flangeador-de-tubos-excentrico-sem-bancada-1-4-a-3-4-cortador-3-16-a-1-1-4-rebarbador-dszh\\\/#breadcrumb\"},\"inLanguage\":\"es\",\"potentialAction\":[{\"@type\":\"ReadAction\",\"target\":[\"https:\\\/\\\/argreen.com.br\\\/produto\\\/kit-flangeador-de-tubos-excentrico-sem-bancada-1-4-a-3-4-cortador-3-16-a-1-1-4-rebarbador-dszh\\\/\"]}]},{\"@type\":\"ImageObject\",\"inLanguage\":\"es\",\"@id\":\"https:\\\/\\\/argreen.com.br\\\/produto\\\/kit-flangeador-de-tubos-excentrico-sem-bancada-1-4-a-3-4-cortador-3-16-a-1-1-4-rebarbador-dszh\\\/#primaryimage\",\"url\":\"https:\\\/\\\/argreen.com.br\\\/wp-content\\\/uploads\\\/2025\\\/01\\\/Kit-Flangeador.png\",\"contentUrl\":\"https:\\\/\\\/argreen.com.br\\\/wp-content\\\/uploads\\\/2025\\\/01\\\/Kit-Flangeador.png\",\"width\":500,\"height\":500},{\"@type\":\"BreadcrumbList\",\"@id\":\"https:\\\/\\\/argreen.com.br\\\/produto\\\/kit-flangeador-de-tubos-excentrico-sem-bancada-1-4-a-3-4-cortador-3-16-a-1-1-4-rebarbador-dszh\\\/#breadcrumb\",\"itemListElement\":[{\"@type\":\"ListItem\",\"position\":1,\"name\":\"In\u00edcio\",\"item\":\"https:\\\/\\\/argreen.com.br\\\/\"},{\"@type\":\"ListItem\",\"position\":2,\"name\":\"Cat\u00e1logo\",\"item\":\"https:\\\/\\\/argreen.com.br\\\/catalogo\\\/\"},{\"@type\":\"ListItem\",\"position\":3,\"name\":\"Kit Flangeador de Tubos Exc\u00eantrico Sem Bancada 1\\\/4&#8243; a 3\\\/4&#8243; + Cortador 3\\\/16\u201d a 1.1\\\/4\u201d + Rebarbador DSZH\"}]},{\"@type\":\"WebSite\",\"@id\":\"https:\\\/\\\/argreen.com.br\\\/#website\",\"url\":\"https:\\\/\\\/argreen.com.br\\\/\",\"name\":\"Argreen\",\"description\":\"Climatiza\u00e7\u00e3o &amp; Engenharia\",\"publisher\":{\"@id\":\"https:\\\/\\\/argreen.com.br\\\/#organization\"},\"potentialAction\":[{\"@type\":\"SearchAction\",\"target\":{\"@type\":\"EntryPoint\",\"urlTemplate\":\"https:\\\/\\\/argreen.com.br\\\/?s={search_term_string}\"},\"query-input\":{\"@type\":\"PropertyValueSpecification\",\"valueRequired\":true,\"valueName\":\"search_term_string\"}}],\"inLanguage\":\"es\"},{\"@type\":\"Organization\",\"@id\":\"https:\\\/\\\/argreen.com.br\\\/#organization\",\"name\":\"Argreen\",\"url\":\"https:\\\/\\\/argreen.com.br\\\/\",\"logo\":{\"@type\":\"ImageObject\",\"inLanguage\":\"es\",\"@id\":\"https:\\\/\\\/argreen.com.br\\\/#\\\/schema\\\/logo\\\/image\\\/\",\"url\":\"https:\\\/\\\/argreen.com.br\\\/wp-content\\\/uploads\\\/2023\\\/06\\\/Logo-Argeen.png\",\"contentUrl\":\"https:\\\/\\\/argreen.com.br\\\/wp-content\\\/uploads\\\/2023\\\/06\\\/Logo-Argeen.png\",\"width\":2248,\"height\":767,\"caption\":\"Argreen\"},\"image\":{\"@id\":\"https:\\\/\\\/argreen.com.br\\\/#\\\/schema\\\/logo\\\/image\\\/\"}}]}<\/script>\n<!-- \/ Yoast SEO plugin. -->","yoast_head_json":{"title":"Kit Flangeador de Tubos Exc\u00eantrico Sem Bancada 1\/4\" a 3\/4\" + Cortador 3\/16\u201d a 1.1\/4\u201d + Rebarbador DSZH - Argreen","robots":{"index":"index","follow":"follow","max-snippet":"max-snippet:-1","max-image-preview":"max-image-preview:large","max-video-preview":"max-video-preview:-1"},"canonical":"https:\/\/argreen.com.br\/es\/producto\/kit-flangeador-de-tubos-excentrico-sem-bancada-1-4-a-3-4-cortador-3-16-a-1-1-4-rebarbador-dszh\/","og_locale":"es_ES","og_type":"article","og_title":"Kit Flangeador de Tubos Exc\u00eantrico Sem Bancada 1\/4\" a 3\/4\" + Cortador 3\/16\u201d a 1.1\/4\u201d + Rebarbador DSZH - Argreen","og_description":"Caracter\u00edsticas do Produto DSZH: Conhecida na ind\u00fastria global de ferramentas de refrigera\u00e7\u00e3o desde 1994, \u00e9 refer\u00eancia no mercado pela precis\u00e3o,","og_url":"https:\/\/argreen.com.br\/es\/producto\/kit-flangeador-de-tubos-excentrico-sem-bancada-1-4-a-3-4-cortador-3-16-a-1-1-4-rebarbador-dszh\/","og_site_name":"Argreen","article_modified_time":"2025-06-02T11:46:03+00:00","og_image":[{"width":500,"height":500,"url":"https:\/\/argreen.com.br\/wp-content\/uploads\/2025\/01\/Kit-Flangeador.png","type":"image\/png"}],"schema":{"@context":"https:\/\/schema.org","@graph":[{"@type":"WebPage","@id":"https:\/\/argreen.com.br\/produto\/kit-flangeador-de-tubos-excentrico-sem-bancada-1-4-a-3-4-cortador-3-16-a-1-1-4-rebarbador-dszh\/","url":"https:\/\/argreen.com.br\/produto\/kit-flangeador-de-tubos-excentrico-sem-bancada-1-4-a-3-4-cortador-3-16-a-1-1-4-rebarbador-dszh\/","name":"Kit Flangeador de Tubos Exc\u00eantrico Sem Bancada 1\/4\" a 3\/4\" + Cortador 3\/16\u201d a 1.1\/4\u201d + Rebarbador DSZH - Argreen","isPartOf":{"@id":"https:\/\/argreen.com.br\/#website"},"primaryImageOfPage":{"@id":"https:\/\/argreen.com.br\/produto\/kit-flangeador-de-tubos-excentrico-sem-bancada-1-4-a-3-4-cortador-3-16-a-1-1-4-rebarbador-dszh\/#primaryimage"},"image":{"@id":"https:\/\/argreen.com.br\/produto\/kit-flangeador-de-tubos-excentrico-sem-bancada-1-4-a-3-4-cortador-3-16-a-1-1-4-rebarbador-dszh\/#primaryimage"},"thumbnailUrl":"https:\/\/argreen.com.br\/wp-content\/uploads\/2025\/01\/Kit-Flangeador.png","datePublished":"2025-01-16T14:58:04+00:00","dateModified":"2025-06-02T11:46:03+00:00","breadcrumb":{"@id":"https:\/\/argreen.com.br\/produto\/kit-flangeador-de-tubos-excentrico-sem-bancada-1-4-a-3-4-cortador-3-16-a-1-1-4-rebarbador-dszh\/#breadcrumb"},"inLanguage":"es","potentialAction":[{"@type":"ReadAction","target":["https:\/\/argreen.com.br\/produto\/kit-flangeador-de-tubos-excentrico-sem-bancada-1-4-a-3-4-cortador-3-16-a-1-1-4-rebarbador-dszh\/"]}]},{"@type":"ImageObject","inLanguage":"es","@id":"https:\/\/argreen.com.br\/produto\/kit-flangeador-de-tubos-excentrico-sem-bancada-1-4-a-3-4-cortador-3-16-a-1-1-4-rebarbador-dszh\/#primaryimage","url":"https:\/\/argreen.com.br\/wp-content\/uploads\/2025\/01\/Kit-Flangeador.png","contentUrl":"https:\/\/argreen.com.br\/wp-content\/uploads\/2025\/01\/Kit-Flangeador.png","width":500,"height":500},{"@type":"BreadcrumbList","@id":"https:\/\/argreen.com.br\/produto\/kit-flangeador-de-tubos-excentrico-sem-bancada-1-4-a-3-4-cortador-3-16-a-1-1-4-rebarbador-dszh\/#breadcrumb","itemListElement":[{"@type":"ListItem","position":1,"name":"In\u00edcio","item":"https:\/\/argreen.com.br\/"},{"@type":"ListItem","position":2,"name":"Cat\u00e1logo","item":"https:\/\/argreen.com.br\/catalogo\/"},{"@type":"ListItem","position":3,"name":"Kit Flangeador de Tubos Exc\u00eantrico Sem Bancada 1\/4&#8243; a 3\/4&#8243; + Cortador 3\/16\u201d a 1.1\/4\u201d + Rebarbador DSZH"}]},{"@type":"WebSite","@id":"https:\/\/argreen.com.br\/#website","url":"https:\/\/argreen.com.br\/","name":"Argreen","description":"Climatiza\u00e7\u00e3o &amp; Engenharia","publisher":{"@id":"https:\/\/argreen.com.br\/#organization"},"potentialAction":[{"@type":"SearchAction","target":{"@type":"EntryPoint","urlTemplate":"https:\/\/argreen.com.br\/?s={search_term_string}"},"query-input":{"@type":"PropertyValueSpecification","valueRequired":true,"valueName":"search_term_string"}}],"inLanguage":"es"},{"@type":"Organization","@id":"https:\/\/argreen.com.br\/#organization","name":"Argreen","url":"https:\/\/argreen.com.br\/","logo":{"@type":"ImageObject","inLanguage":"es","@id":"https:\/\/argreen.com.br\/#\/schema\/logo\/image\/","url":"https:\/\/argreen.com.br\/wp-content\/uploads\/2023\/06\/Logo-Argeen.png","contentUrl":"https:\/\/argreen.com.br\/wp-content\/uploads\/2023\/06\/Logo-Argeen.png","width":2248,"height":767,"caption":"Argreen"},"image":{"@id":"https:\/\/argreen.com.br\/#\/schema\/logo\/image\/"}}]}},"_links":{"self":[{"href":"https:\/\/argreen.com.br\/es\/wp-json\/wp\/v2\/product\/2955","targetHints":{"allow":["GET"]}}],"collection":[{"href":"https:\/\/argreen.com.br\/es\/wp-json\/wp\/v2\/product"}],"about":[{"href":"https:\/\/argreen.com.br\/es\/wp-json\/wp\/v2\/types\/product"}],"replies":[{"embeddable":true,"href":"https:\/\/argreen.com.br\/es\/wp-json\/wp\/v2\/comments?post=2955"}],"wp:featuredmedia":[{"embeddable":true,"href":"https:\/\/argreen.com.br\/es\/wp-json\/wp\/v2\/media\/2959"}],"wp:attachment":[{"href":"https:\/\/argreen.com.br\/es\/wp-json\/wp\/v2\/media?parent=2955"}],"wp:term":[{"taxonomy":"product_brand","embeddable":true,"href":"https:\/\/argreen.com.br\/es\/wp-json\/wp\/v2\/product_brand?post=2955"},{"taxonomy":"product_cat","embeddable":true,"href":"https:\/\/argreen.com.br\/es\/wp-json\/wp\/v2\/product_cat?post=2955"},{"taxonomy":"product_tag","embeddable":true,"href":"https:\/\/argreen.com.br\/es\/wp-json\/wp\/v2\/product_tag?post=2955"}],"curies":[{"name":"wp","href":"https:\/\/api.w.org\/{rel}","templated":true}]}}