{"id":2977,"date":"2025-01-20T17:24:45","date_gmt":"2025-01-20T20:24:45","guid":{"rendered":"https:\/\/argreen.com.br\/?post_type=product&#038;p=2977"},"modified":"2025-06-02T08:45:56","modified_gmt":"2025-06-02T11:45:56","slug":"compressor-rotativo-rechi-12-000-btus-r410a-220v-nao-inverter","status":"publish","type":"product","link":"https:\/\/argreen.com.br\/es\/producto\/compressor-rotativo-rechi-12-000-btus-r410a-220v-nao-inverter\/","title":{"rendered":"Compresor rotativo Rechi de 12.000 BTU, R410A, 220 V, sin inversor"},"content":{"rendered":"<p>DISPON\u00cdVEL APENAS POR VENDA PELO WHATSAPP, CONTATE-NOS!<\/p>\n<p>Marca RECHI: Fundada em 1989, a RECHI fabrica compressores de primeira classe e tem trabalhado ativamente no desenvolvimento de sua cren\u00e7a de &#8220;qualidade em primeiro lugar&#8221;, &#8220;qualidade precede&#8221; e &#8220;qualidade sempre&#8221;.<\/p>\n<p>&#8211; Alta efici\u00eancia energ\u00e9tica aliada a um baixo n\u00edvel de ru\u00eddo, garantindo baixo custo de opera\u00e7\u00e3o e funcionamento suave a progressivo;<br \/>\n&#8211; possui menos componentes que outros tipos de tecnologias de compress\u00e3o, oferecendo uma op\u00e7\u00e3o eficiente para v\u00e1rias aplica\u00e7\u00f5es;<br \/>\n&#8211; utiliza a a\u00e7\u00e3o rotativa de um cilindro contido em uma c\u00e2mara de mesmo formato para fazer a compress\u00e3o do g\u00e1s refrigerante.<\/p>\n<p>ESTE PRODUTO \u00c9 SUBMETIDO A TESTE DE FUNCIONAMENTO ANTES DO ENVIO. POR ISSO, SUA GARANTIA SOMENTE \u00c9 CONCEDIDA PARA DEFEITOS DE FABRICA\u00c7\u00c3O COMPROVADOS AP\u00d3S AN\u00c1LISE F\u00cdSICA E T\u00c9CNICA.<\/p>","protected":false},"excerpt":{"rendered":"<p>DISPON\u00cdVEL APENAS POR VENDA PELO WHATSAPP, CONTATE-NOS!<\/p>\n<p>Marca: Rechi<br \/>\nModelo: 50N282X<br \/>\nPot\u00eancia: 11.350btu\/h<br \/>\nAlimenta\u00e7\u00e3o El\u00e9trica: 220V<br \/>\nFrequ\u00eancia: 60HZ<br \/>\nConsumo El\u00e9trico: 1.145W<br \/>\nCorrente El\u00e9trica Nominal: 5A<br \/>\nCapacitor: 30uF 370VAC<br \/>\nG\u00e1s Refrigerante: R410A \u2013 2.420g<br \/>\nTemperatura de Evapora\u00e7\u00e3o: -10\u00b0C ~ 15\u00b0C<br \/>\nTemperatura de Condensa\u00e7\u00e3o: 28\u00b0C ~ 65\u00b0C<br \/>\nDeslocamento: 11.4 c.c.\/rev<br \/>\n\u00d3leo: Suniso 4GSD ou equivalente \u2013 710 c.c.<br \/>\nPeso L\u00edquido: 16.4Kgs<\/p>","protected":false},"featured_media":2978,"comment_status":"closed","ping_status":"closed","template":"","meta":[],"product_brand":[],"product_cat":[47,205],"product_tag":[],"class_list":{"0":"post-2977","1":"product","2":"type-product","3":"status-publish","4":"has-post-thumbnail","6":"product_cat-compressor","7":"product_cat-diversos","9":"first","10":"instock","11":"shipping-taxable","12":"product-type-simple"},"yoast_head":"<!-- This site is optimized with the Yoast SEO plugin v27.3 - https:\/\/yoast.com\/product\/yoast-seo-wordpress\/ -->\n<title>Compressor Rotativo Rechi 12.000 Btus R410A 220V N\u00e3o Inverter - Argreen<\/title>\n<meta name=\"robots\" content=\"index, follow, max-snippet:-1, max-image-preview:large, max-video-preview:-1\" \/>\n<link rel=\"canonical\" href=\"https:\/\/argreen.com.br\/es\/producto\/compressor-rotativo-rechi-12-000-btus-r410a-220v-nao-inverter\/\" \/>\n<meta property=\"og:locale\" content=\"es_ES\" \/>\n<meta property=\"og:type\" content=\"article\" \/>\n<meta property=\"og:title\" content=\"Compressor Rotativo Rechi 12.000 Btus R410A 220V N\u00e3o Inverter - Argreen\" \/>\n<meta property=\"og:description\" content=\"DISPON\u00cdVEL APENAS POR VENDA PELO WHATSAPP, CONTATE-NOS!  Marca: Rechi Modelo: 50N282X Pot\u00eancia: 11.350btu\/h Alimenta\u00e7\u00e3o El\u00e9trica: 220V Frequ\u00eancia: 60HZ Consumo El\u00e9trico: 1.145W Corrente El\u00e9trica Nominal: 5A Capacitor: 30uF 370VAC G\u00e1s Refrigerante: R410A \u2013 2.420g Temperatura de Evapora\u00e7\u00e3o: -10\u00b0C ~ 15\u00b0C Temperatura de Condensa\u00e7\u00e3o: 28\u00b0C ~ 65\u00b0C Deslocamento: 11.4 c.c.\/rev \u00d3leo: Suniso 4GSD ou equivalente \u2013 710 c.c. Peso L\u00edquido: 16.4Kgs\" \/>\n<meta property=\"og:url\" content=\"https:\/\/argreen.com.br\/es\/producto\/compressor-rotativo-rechi-12-000-btus-r410a-220v-nao-inverter\/\" \/>\n<meta property=\"og:site_name\" content=\"Argreen\" \/>\n<meta property=\"article:modified_time\" content=\"2025-06-02T11:45:56+00:00\" \/>\n<meta property=\"og:image\" content=\"https:\/\/argreen.com.br\/wp-content\/uploads\/2025\/01\/Kit-Flangeador-4.png\" \/>\n\t<meta property=\"og:image:width\" content=\"500\" \/>\n\t<meta property=\"og:image:height\" content=\"500\" \/>\n\t<meta property=\"og:image:type\" content=\"image\/png\" \/>\n<script type=\"application\/ld+json\" class=\"yoast-schema-graph\">{\"@context\":\"https:\\\/\\\/schema.org\",\"@graph\":[{\"@type\":\"WebPage\",\"@id\":\"https:\\\/\\\/argreen.com.br\\\/produto\\\/compressor-rotativo-rechi-12-000-btus-r410a-220v-nao-inverter\\\/\",\"url\":\"https:\\\/\\\/argreen.com.br\\\/produto\\\/compressor-rotativo-rechi-12-000-btus-r410a-220v-nao-inverter\\\/\",\"name\":\"Compressor Rotativo Rechi 12.000 Btus R410A 220V N\u00e3o Inverter - Argreen\",\"isPartOf\":{\"@id\":\"https:\\\/\\\/argreen.com.br\\\/#website\"},\"primaryImageOfPage\":{\"@id\":\"https:\\\/\\\/argreen.com.br\\\/produto\\\/compressor-rotativo-rechi-12-000-btus-r410a-220v-nao-inverter\\\/#primaryimage\"},\"image\":{\"@id\":\"https:\\\/\\\/argreen.com.br\\\/produto\\\/compressor-rotativo-rechi-12-000-btus-r410a-220v-nao-inverter\\\/#primaryimage\"},\"thumbnailUrl\":\"https:\\\/\\\/argreen.com.br\\\/wp-content\\\/uploads\\\/2025\\\/01\\\/Kit-Flangeador-4.png\",\"datePublished\":\"2025-01-20T20:24:45+00:00\",\"dateModified\":\"2025-06-02T11:45:56+00:00\",\"breadcrumb\":{\"@id\":\"https:\\\/\\\/argreen.com.br\\\/produto\\\/compressor-rotativo-rechi-12-000-btus-r410a-220v-nao-inverter\\\/#breadcrumb\"},\"inLanguage\":\"es\",\"potentialAction\":[{\"@type\":\"ReadAction\",\"target\":[\"https:\\\/\\\/argreen.com.br\\\/produto\\\/compressor-rotativo-rechi-12-000-btus-r410a-220v-nao-inverter\\\/\"]}]},{\"@type\":\"ImageObject\",\"inLanguage\":\"es\",\"@id\":\"https:\\\/\\\/argreen.com.br\\\/produto\\\/compressor-rotativo-rechi-12-000-btus-r410a-220v-nao-inverter\\\/#primaryimage\",\"url\":\"https:\\\/\\\/argreen.com.br\\\/wp-content\\\/uploads\\\/2025\\\/01\\\/Kit-Flangeador-4.png\",\"contentUrl\":\"https:\\\/\\\/argreen.com.br\\\/wp-content\\\/uploads\\\/2025\\\/01\\\/Kit-Flangeador-4.png\",\"width\":500,\"height\":500},{\"@type\":\"BreadcrumbList\",\"@id\":\"https:\\\/\\\/argreen.com.br\\\/produto\\\/compressor-rotativo-rechi-12-000-btus-r410a-220v-nao-inverter\\\/#breadcrumb\",\"itemListElement\":[{\"@type\":\"ListItem\",\"position\":1,\"name\":\"In\u00edcio\",\"item\":\"https:\\\/\\\/argreen.com.br\\\/\"},{\"@type\":\"ListItem\",\"position\":2,\"name\":\"Cat\u00e1logo\",\"item\":\"https:\\\/\\\/argreen.com.br\\\/catalogo\\\/\"},{\"@type\":\"ListItem\",\"position\":3,\"name\":\"Compressor Rotativo Rechi 12.000 Btus R410A 220V N\u00e3o Inverter\"}]},{\"@type\":\"WebSite\",\"@id\":\"https:\\\/\\\/argreen.com.br\\\/#website\",\"url\":\"https:\\\/\\\/argreen.com.br\\\/\",\"name\":\"Argreen\",\"description\":\"Climatiza\u00e7\u00e3o &amp; Engenharia\",\"publisher\":{\"@id\":\"https:\\\/\\\/argreen.com.br\\\/#organization\"},\"potentialAction\":[{\"@type\":\"SearchAction\",\"target\":{\"@type\":\"EntryPoint\",\"urlTemplate\":\"https:\\\/\\\/argreen.com.br\\\/?s={search_term_string}\"},\"query-input\":{\"@type\":\"PropertyValueSpecification\",\"valueRequired\":true,\"valueName\":\"search_term_string\"}}],\"inLanguage\":\"es\"},{\"@type\":\"Organization\",\"@id\":\"https:\\\/\\\/argreen.com.br\\\/#organization\",\"name\":\"Argreen\",\"url\":\"https:\\\/\\\/argreen.com.br\\\/\",\"logo\":{\"@type\":\"ImageObject\",\"inLanguage\":\"es\",\"@id\":\"https:\\\/\\\/argreen.com.br\\\/#\\\/schema\\\/logo\\\/image\\\/\",\"url\":\"https:\\\/\\\/argreen.com.br\\\/wp-content\\\/uploads\\\/2023\\\/06\\\/Logo-Argeen.png\",\"contentUrl\":\"https:\\\/\\\/argreen.com.br\\\/wp-content\\\/uploads\\\/2023\\\/06\\\/Logo-Argeen.png\",\"width\":2248,\"height\":767,\"caption\":\"Argreen\"},\"image\":{\"@id\":\"https:\\\/\\\/argreen.com.br\\\/#\\\/schema\\\/logo\\\/image\\\/\"}}]}<\/script>\n<!-- \/ Yoast SEO plugin. -->","yoast_head_json":{"title":"Compressor Rotativo Rechi 12.000 Btus R410A 220V N\u00e3o Inverter - Argreen","robots":{"index":"index","follow":"follow","max-snippet":"max-snippet:-1","max-image-preview":"max-image-preview:large","max-video-preview":"max-video-preview:-1"},"canonical":"https:\/\/argreen.com.br\/es\/producto\/compressor-rotativo-rechi-12-000-btus-r410a-220v-nao-inverter\/","og_locale":"es_ES","og_type":"article","og_title":"Compressor Rotativo Rechi 12.000 Btus R410A 220V N\u00e3o Inverter - Argreen","og_description":"DISPON\u00cdVEL APENAS POR VENDA PELO WHATSAPP, CONTATE-NOS!  Marca: Rechi Modelo: 50N282X Pot\u00eancia: 11.350btu\/h Alimenta\u00e7\u00e3o El\u00e9trica: 220V Frequ\u00eancia: 60HZ Consumo El\u00e9trico: 1.145W Corrente El\u00e9trica Nominal: 5A Capacitor: 30uF 370VAC G\u00e1s Refrigerante: R410A \u2013 2.420g Temperatura de Evapora\u00e7\u00e3o: -10\u00b0C ~ 15\u00b0C Temperatura de Condensa\u00e7\u00e3o: 28\u00b0C ~ 65\u00b0C Deslocamento: 11.4 c.c.\/rev \u00d3leo: Suniso 4GSD ou equivalente \u2013 710 c.c. Peso L\u00edquido: 16.4Kgs","og_url":"https:\/\/argreen.com.br\/es\/producto\/compressor-rotativo-rechi-12-000-btus-r410a-220v-nao-inverter\/","og_site_name":"Argreen","article_modified_time":"2025-06-02T11:45:56+00:00","og_image":[{"width":500,"height":500,"url":"https:\/\/argreen.com.br\/wp-content\/uploads\/2025\/01\/Kit-Flangeador-4.png","type":"image\/png"}],"schema":{"@context":"https:\/\/schema.org","@graph":[{"@type":"WebPage","@id":"https:\/\/argreen.com.br\/produto\/compressor-rotativo-rechi-12-000-btus-r410a-220v-nao-inverter\/","url":"https:\/\/argreen.com.br\/produto\/compressor-rotativo-rechi-12-000-btus-r410a-220v-nao-inverter\/","name":"Compressor Rotativo Rechi 12.000 Btus R410A 220V N\u00e3o Inverter - Argreen","isPartOf":{"@id":"https:\/\/argreen.com.br\/#website"},"primaryImageOfPage":{"@id":"https:\/\/argreen.com.br\/produto\/compressor-rotativo-rechi-12-000-btus-r410a-220v-nao-inverter\/#primaryimage"},"image":{"@id":"https:\/\/argreen.com.br\/produto\/compressor-rotativo-rechi-12-000-btus-r410a-220v-nao-inverter\/#primaryimage"},"thumbnailUrl":"https:\/\/argreen.com.br\/wp-content\/uploads\/2025\/01\/Kit-Flangeador-4.png","datePublished":"2025-01-20T20:24:45+00:00","dateModified":"2025-06-02T11:45:56+00:00","breadcrumb":{"@id":"https:\/\/argreen.com.br\/produto\/compressor-rotativo-rechi-12-000-btus-r410a-220v-nao-inverter\/#breadcrumb"},"inLanguage":"es","potentialAction":[{"@type":"ReadAction","target":["https:\/\/argreen.com.br\/produto\/compressor-rotativo-rechi-12-000-btus-r410a-220v-nao-inverter\/"]}]},{"@type":"ImageObject","inLanguage":"es","@id":"https:\/\/argreen.com.br\/produto\/compressor-rotativo-rechi-12-000-btus-r410a-220v-nao-inverter\/#primaryimage","url":"https:\/\/argreen.com.br\/wp-content\/uploads\/2025\/01\/Kit-Flangeador-4.png","contentUrl":"https:\/\/argreen.com.br\/wp-content\/uploads\/2025\/01\/Kit-Flangeador-4.png","width":500,"height":500},{"@type":"BreadcrumbList","@id":"https:\/\/argreen.com.br\/produto\/compressor-rotativo-rechi-12-000-btus-r410a-220v-nao-inverter\/#breadcrumb","itemListElement":[{"@type":"ListItem","position":1,"name":"In\u00edcio","item":"https:\/\/argreen.com.br\/"},{"@type":"ListItem","position":2,"name":"Cat\u00e1logo","item":"https:\/\/argreen.com.br\/catalogo\/"},{"@type":"ListItem","position":3,"name":"Compressor Rotativo Rechi 12.000 Btus R410A 220V N\u00e3o Inverter"}]},{"@type":"WebSite","@id":"https:\/\/argreen.com.br\/#website","url":"https:\/\/argreen.com.br\/","name":"Argreen","description":"Climatiza\u00e7\u00e3o &amp; Engenharia","publisher":{"@id":"https:\/\/argreen.com.br\/#organization"},"potentialAction":[{"@type":"SearchAction","target":{"@type":"EntryPoint","urlTemplate":"https:\/\/argreen.com.br\/?s={search_term_string}"},"query-input":{"@type":"PropertyValueSpecification","valueRequired":true,"valueName":"search_term_string"}}],"inLanguage":"es"},{"@type":"Organization","@id":"https:\/\/argreen.com.br\/#organization","name":"Argreen","url":"https:\/\/argreen.com.br\/","logo":{"@type":"ImageObject","inLanguage":"es","@id":"https:\/\/argreen.com.br\/#\/schema\/logo\/image\/","url":"https:\/\/argreen.com.br\/wp-content\/uploads\/2023\/06\/Logo-Argeen.png","contentUrl":"https:\/\/argreen.com.br\/wp-content\/uploads\/2023\/06\/Logo-Argeen.png","width":2248,"height":767,"caption":"Argreen"},"image":{"@id":"https:\/\/argreen.com.br\/#\/schema\/logo\/image\/"}}]}},"_links":{"self":[{"href":"https:\/\/argreen.com.br\/es\/wp-json\/wp\/v2\/product\/2977","targetHints":{"allow":["GET"]}}],"collection":[{"href":"https:\/\/argreen.com.br\/es\/wp-json\/wp\/v2\/product"}],"about":[{"href":"https:\/\/argreen.com.br\/es\/wp-json\/wp\/v2\/types\/product"}],"replies":[{"embeddable":true,"href":"https:\/\/argreen.com.br\/es\/wp-json\/wp\/v2\/comments?post=2977"}],"wp:featuredmedia":[{"embeddable":true,"href":"https:\/\/argreen.com.br\/es\/wp-json\/wp\/v2\/media\/2978"}],"wp:attachment":[{"href":"https:\/\/argreen.com.br\/es\/wp-json\/wp\/v2\/media?parent=2977"}],"wp:term":[{"taxonomy":"product_brand","embeddable":true,"href":"https:\/\/argreen.com.br\/es\/wp-json\/wp\/v2\/product_brand?post=2977"},{"taxonomy":"product_cat","embeddable":true,"href":"https:\/\/argreen.com.br\/es\/wp-json\/wp\/v2\/product_cat?post=2977"},{"taxonomy":"product_tag","embeddable":true,"href":"https:\/\/argreen.com.br\/es\/wp-json\/wp\/v2\/product_tag?post=2977"}],"curies":[{"name":"wp","href":"https:\/\/api.w.org\/{rel}","templated":true}]}}