{"id":2985,"date":"2025-01-21T11:53:31","date_gmt":"2025-01-21T14:53:31","guid":{"rendered":"https:\/\/argreen.com.br\/?post_type=product&#038;p=2985"},"modified":"2025-06-02T08:45:52","modified_gmt":"2025-06-02T11:45:52","slug":"capacitor-permanente-30uf-450v-aluminio","status":"publish","type":"product","link":"https:\/\/argreen.com.br\/es\/producto\/capacitor-permanente-30uf-450v-aluminio\/","title":{"rendered":"Condensador permanente de aluminio de 30 \u00b5F y 450 V"},"content":{"rendered":"<p>&#8211; Indicado sistemas de refrigera\u00e7\u00e3o e ar condicionado, auxiliando permanentemente no arranque de ventiladores, motores e partes el\u00e9tricas do sistema;<br \/>\n&#8211; com sua boa caracter\u00edstica de autocorre\u00e7\u00e3o, longa vida \u00fatil e alta proporcionalidade, \u00e9 amplamente utilizado como capacitor permanente em diversos componentes el\u00e9tricos;<br \/>\n&#8211; pel\u00edcula protetora de polipropileno metalizada, proporcionando alta resist\u00eancia de isolamento;<br \/>\n&#8211; boa capacidade de resistir a corrente de impacto e sobrecarga;<br \/>\n&#8211; baixo fator de dissipa\u00e7\u00e3o;<br \/>\n&#8211; performance est\u00e1vel.<\/p>","protected":false},"excerpt":{"rendered":"<p><strong>Especifica\u00e7\u00f5es T\u00e9cnicas<\/strong><\/p>\n<p>Capacit\u00e2ncia: 30uF<\/p>\n<p>Toler\u00e2ncia de capacit\u00e2ncia: \u00b1 5%<\/p>\n<p>Tens\u00e3o M\u00e1xima: 450V<\/p>\n<p>Frequ\u00eancia: 50\/60hz<\/p>\n<p>Temperatura de Opera\u00e7\u00e3o: -25\u00baC ~ 60\u00baC<\/p>\n<p>Fator de dissipa\u00e7\u00e3o: =0.2% (20\u00baC, 1KHz)<\/p>\n<p>Resist\u00eancia de isolamento: =3000MO<\/p>\n<p>Especifica\u00e7\u00f5es: IEC60652; UL810; EN60252<\/p>","protected":false},"featured_media":2986,"comment_status":"closed","ping_status":"closed","template":"","meta":[],"product_brand":[],"product_cat":[205,26],"product_tag":[],"class_list":{"0":"post-2985","1":"product","2":"type-product","3":"status-publish","4":"has-post-thumbnail","6":"product_cat-diversos","7":"product_cat-pecas","9":"first","10":"instock","11":"shipping-taxable","12":"purchasable","13":"product-type-simple"},"yoast_head":"<!-- This site is optimized with the Yoast SEO plugin v27.3 - https:\/\/yoast.com\/product\/yoast-seo-wordpress\/ -->\n<title>Capacitor Permanente 30uF 450V Alum\u00ednio - Argreen<\/title>\n<meta name=\"robots\" content=\"index, follow, max-snippet:-1, max-image-preview:large, max-video-preview:-1\" \/>\n<link rel=\"canonical\" href=\"https:\/\/argreen.com.br\/es\/producto\/capacitor-permanente-30uf-450v-aluminio\/\" \/>\n<meta property=\"og:locale\" content=\"es_ES\" \/>\n<meta property=\"og:type\" content=\"article\" \/>\n<meta property=\"og:title\" content=\"Capacitor Permanente 30uF 450V Alum\u00ednio - Argreen\" \/>\n<meta property=\"og:description\" content=\"Especifica\u00e7\u00f5es T\u00e9cnicas  Capacit\u00e2ncia: 30uF  Toler\u00e2ncia de capacit\u00e2ncia: \u00b1 5%  Tens\u00e3o M\u00e1xima: 450V  Frequ\u00eancia: 50\/60hz  Temperatura de Opera\u00e7\u00e3o: -25\u00baC ~ 60\u00baC  Fator de dissipa\u00e7\u00e3o: =0.2% (20\u00baC, 1KHz)  Resist\u00eancia de isolamento: =3000MO  Especifica\u00e7\u00f5es: IEC60652; UL810; EN60252\" \/>\n<meta property=\"og:url\" content=\"https:\/\/argreen.com.br\/es\/producto\/capacitor-permanente-30uf-450v-aluminio\/\" \/>\n<meta property=\"og:site_name\" content=\"Argreen\" \/>\n<meta property=\"article:modified_time\" content=\"2025-06-02T11:45:52+00:00\" \/>\n<meta property=\"og:image\" content=\"https:\/\/argreen.com.br\/wp-content\/uploads\/2025\/01\/Capacitador-.png\" \/>\n\t<meta property=\"og:image:width\" content=\"500\" \/>\n\t<meta property=\"og:image:height\" content=\"500\" \/>\n\t<meta property=\"og:image:type\" content=\"image\/png\" \/>\n<script type=\"application\/ld+json\" class=\"yoast-schema-graph\">{\"@context\":\"https:\\\/\\\/schema.org\",\"@graph\":[{\"@type\":\"WebPage\",\"@id\":\"https:\\\/\\\/argreen.com.br\\\/produto\\\/capacitor-permanente-30uf-450v-aluminio\\\/\",\"url\":\"https:\\\/\\\/argreen.com.br\\\/produto\\\/capacitor-permanente-30uf-450v-aluminio\\\/\",\"name\":\"Capacitor Permanente 30uF 450V Alum\u00ednio - Argreen\",\"isPartOf\":{\"@id\":\"https:\\\/\\\/argreen.com.br\\\/#website\"},\"primaryImageOfPage\":{\"@id\":\"https:\\\/\\\/argreen.com.br\\\/produto\\\/capacitor-permanente-30uf-450v-aluminio\\\/#primaryimage\"},\"image\":{\"@id\":\"https:\\\/\\\/argreen.com.br\\\/produto\\\/capacitor-permanente-30uf-450v-aluminio\\\/#primaryimage\"},\"thumbnailUrl\":\"https:\\\/\\\/argreen.com.br\\\/wp-content\\\/uploads\\\/2025\\\/01\\\/Capacitador-.png\",\"datePublished\":\"2025-01-21T14:53:31+00:00\",\"dateModified\":\"2025-06-02T11:45:52+00:00\",\"breadcrumb\":{\"@id\":\"https:\\\/\\\/argreen.com.br\\\/produto\\\/capacitor-permanente-30uf-450v-aluminio\\\/#breadcrumb\"},\"inLanguage\":\"es\",\"potentialAction\":[{\"@type\":\"ReadAction\",\"target\":[\"https:\\\/\\\/argreen.com.br\\\/produto\\\/capacitor-permanente-30uf-450v-aluminio\\\/\"]}]},{\"@type\":\"ImageObject\",\"inLanguage\":\"es\",\"@id\":\"https:\\\/\\\/argreen.com.br\\\/produto\\\/capacitor-permanente-30uf-450v-aluminio\\\/#primaryimage\",\"url\":\"https:\\\/\\\/argreen.com.br\\\/wp-content\\\/uploads\\\/2025\\\/01\\\/Capacitador-.png\",\"contentUrl\":\"https:\\\/\\\/argreen.com.br\\\/wp-content\\\/uploads\\\/2025\\\/01\\\/Capacitador-.png\",\"width\":500,\"height\":500},{\"@type\":\"BreadcrumbList\",\"@id\":\"https:\\\/\\\/argreen.com.br\\\/produto\\\/capacitor-permanente-30uf-450v-aluminio\\\/#breadcrumb\",\"itemListElement\":[{\"@type\":\"ListItem\",\"position\":1,\"name\":\"In\u00edcio\",\"item\":\"https:\\\/\\\/argreen.com.br\\\/\"},{\"@type\":\"ListItem\",\"position\":2,\"name\":\"Cat\u00e1logo\",\"item\":\"https:\\\/\\\/argreen.com.br\\\/catalogo\\\/\"},{\"@type\":\"ListItem\",\"position\":3,\"name\":\"Capacitor Permanente 30uF 450V Alum\u00ednio\"}]},{\"@type\":\"WebSite\",\"@id\":\"https:\\\/\\\/argreen.com.br\\\/#website\",\"url\":\"https:\\\/\\\/argreen.com.br\\\/\",\"name\":\"Argreen\",\"description\":\"Climatiza\u00e7\u00e3o &amp; Engenharia\",\"publisher\":{\"@id\":\"https:\\\/\\\/argreen.com.br\\\/#organization\"},\"potentialAction\":[{\"@type\":\"SearchAction\",\"target\":{\"@type\":\"EntryPoint\",\"urlTemplate\":\"https:\\\/\\\/argreen.com.br\\\/?s={search_term_string}\"},\"query-input\":{\"@type\":\"PropertyValueSpecification\",\"valueRequired\":true,\"valueName\":\"search_term_string\"}}],\"inLanguage\":\"es\"},{\"@type\":\"Organization\",\"@id\":\"https:\\\/\\\/argreen.com.br\\\/#organization\",\"name\":\"Argreen\",\"url\":\"https:\\\/\\\/argreen.com.br\\\/\",\"logo\":{\"@type\":\"ImageObject\",\"inLanguage\":\"es\",\"@id\":\"https:\\\/\\\/argreen.com.br\\\/#\\\/schema\\\/logo\\\/image\\\/\",\"url\":\"https:\\\/\\\/argreen.com.br\\\/wp-content\\\/uploads\\\/2023\\\/06\\\/Logo-Argeen.png\",\"contentUrl\":\"https:\\\/\\\/argreen.com.br\\\/wp-content\\\/uploads\\\/2023\\\/06\\\/Logo-Argeen.png\",\"width\":2248,\"height\":767,\"caption\":\"Argreen\"},\"image\":{\"@id\":\"https:\\\/\\\/argreen.com.br\\\/#\\\/schema\\\/logo\\\/image\\\/\"}}]}<\/script>\n<!-- \/ Yoast SEO plugin. -->","yoast_head_json":{"title":"Capacitor Permanente 30uF 450V Alum\u00ednio - Argreen","robots":{"index":"index","follow":"follow","max-snippet":"max-snippet:-1","max-image-preview":"max-image-preview:large","max-video-preview":"max-video-preview:-1"},"canonical":"https:\/\/argreen.com.br\/es\/producto\/capacitor-permanente-30uf-450v-aluminio\/","og_locale":"es_ES","og_type":"article","og_title":"Capacitor Permanente 30uF 450V Alum\u00ednio - Argreen","og_description":"Especifica\u00e7\u00f5es T\u00e9cnicas  Capacit\u00e2ncia: 30uF  Toler\u00e2ncia de capacit\u00e2ncia: \u00b1 5%  Tens\u00e3o M\u00e1xima: 450V  Frequ\u00eancia: 50\/60hz  Temperatura de Opera\u00e7\u00e3o: -25\u00baC ~ 60\u00baC  Fator de dissipa\u00e7\u00e3o: =0.2% (20\u00baC, 1KHz)  Resist\u00eancia de isolamento: =3000MO  Especifica\u00e7\u00f5es: IEC60652; UL810; EN60252","og_url":"https:\/\/argreen.com.br\/es\/producto\/capacitor-permanente-30uf-450v-aluminio\/","og_site_name":"Argreen","article_modified_time":"2025-06-02T11:45:52+00:00","og_image":[{"width":500,"height":500,"url":"https:\/\/argreen.com.br\/wp-content\/uploads\/2025\/01\/Capacitador-.png","type":"image\/png"}],"schema":{"@context":"https:\/\/schema.org","@graph":[{"@type":"WebPage","@id":"https:\/\/argreen.com.br\/produto\/capacitor-permanente-30uf-450v-aluminio\/","url":"https:\/\/argreen.com.br\/produto\/capacitor-permanente-30uf-450v-aluminio\/","name":"Capacitor Permanente 30uF 450V Alum\u00ednio - Argreen","isPartOf":{"@id":"https:\/\/argreen.com.br\/#website"},"primaryImageOfPage":{"@id":"https:\/\/argreen.com.br\/produto\/capacitor-permanente-30uf-450v-aluminio\/#primaryimage"},"image":{"@id":"https:\/\/argreen.com.br\/produto\/capacitor-permanente-30uf-450v-aluminio\/#primaryimage"},"thumbnailUrl":"https:\/\/argreen.com.br\/wp-content\/uploads\/2025\/01\/Capacitador-.png","datePublished":"2025-01-21T14:53:31+00:00","dateModified":"2025-06-02T11:45:52+00:00","breadcrumb":{"@id":"https:\/\/argreen.com.br\/produto\/capacitor-permanente-30uf-450v-aluminio\/#breadcrumb"},"inLanguage":"es","potentialAction":[{"@type":"ReadAction","target":["https:\/\/argreen.com.br\/produto\/capacitor-permanente-30uf-450v-aluminio\/"]}]},{"@type":"ImageObject","inLanguage":"es","@id":"https:\/\/argreen.com.br\/produto\/capacitor-permanente-30uf-450v-aluminio\/#primaryimage","url":"https:\/\/argreen.com.br\/wp-content\/uploads\/2025\/01\/Capacitador-.png","contentUrl":"https:\/\/argreen.com.br\/wp-content\/uploads\/2025\/01\/Capacitador-.png","width":500,"height":500},{"@type":"BreadcrumbList","@id":"https:\/\/argreen.com.br\/produto\/capacitor-permanente-30uf-450v-aluminio\/#breadcrumb","itemListElement":[{"@type":"ListItem","position":1,"name":"In\u00edcio","item":"https:\/\/argreen.com.br\/"},{"@type":"ListItem","position":2,"name":"Cat\u00e1logo","item":"https:\/\/argreen.com.br\/catalogo\/"},{"@type":"ListItem","position":3,"name":"Capacitor Permanente 30uF 450V Alum\u00ednio"}]},{"@type":"WebSite","@id":"https:\/\/argreen.com.br\/#website","url":"https:\/\/argreen.com.br\/","name":"Argreen","description":"Climatiza\u00e7\u00e3o &amp; Engenharia","publisher":{"@id":"https:\/\/argreen.com.br\/#organization"},"potentialAction":[{"@type":"SearchAction","target":{"@type":"EntryPoint","urlTemplate":"https:\/\/argreen.com.br\/?s={search_term_string}"},"query-input":{"@type":"PropertyValueSpecification","valueRequired":true,"valueName":"search_term_string"}}],"inLanguage":"es"},{"@type":"Organization","@id":"https:\/\/argreen.com.br\/#organization","name":"Argreen","url":"https:\/\/argreen.com.br\/","logo":{"@type":"ImageObject","inLanguage":"es","@id":"https:\/\/argreen.com.br\/#\/schema\/logo\/image\/","url":"https:\/\/argreen.com.br\/wp-content\/uploads\/2023\/06\/Logo-Argeen.png","contentUrl":"https:\/\/argreen.com.br\/wp-content\/uploads\/2023\/06\/Logo-Argeen.png","width":2248,"height":767,"caption":"Argreen"},"image":{"@id":"https:\/\/argreen.com.br\/#\/schema\/logo\/image\/"}}]}},"_links":{"self":[{"href":"https:\/\/argreen.com.br\/es\/wp-json\/wp\/v2\/product\/2985","targetHints":{"allow":["GET"]}}],"collection":[{"href":"https:\/\/argreen.com.br\/es\/wp-json\/wp\/v2\/product"}],"about":[{"href":"https:\/\/argreen.com.br\/es\/wp-json\/wp\/v2\/types\/product"}],"replies":[{"embeddable":true,"href":"https:\/\/argreen.com.br\/es\/wp-json\/wp\/v2\/comments?post=2985"}],"wp:featuredmedia":[{"embeddable":true,"href":"https:\/\/argreen.com.br\/es\/wp-json\/wp\/v2\/media\/2986"}],"wp:attachment":[{"href":"https:\/\/argreen.com.br\/es\/wp-json\/wp\/v2\/media?parent=2985"}],"wp:term":[{"taxonomy":"product_brand","embeddable":true,"href":"https:\/\/argreen.com.br\/es\/wp-json\/wp\/v2\/product_brand?post=2985"},{"taxonomy":"product_cat","embeddable":true,"href":"https:\/\/argreen.com.br\/es\/wp-json\/wp\/v2\/product_cat?post=2985"},{"taxonomy":"product_tag","embeddable":true,"href":"https:\/\/argreen.com.br\/es\/wp-json\/wp\/v2\/product_tag?post=2985"}],"curies":[{"name":"wp","href":"https:\/\/api.w.org\/{rel}","templated":true}]}}