{"id":2989,"date":"2025-01-21T17:22:14","date_gmt":"2025-01-21T20:22:14","guid":{"rendered":"https:\/\/argreen.com.br\/?post_type=product&#038;p=2989"},"modified":"2025-06-02T09:45:24","modified_gmt":"2025-06-02T12:45:24","slug":"bomba-lavadora-de-alta-pressao-limpeza-ar-condicionado-bateria-18v-150w","status":"publish","type":"product","link":"https:\/\/argreen.com.br\/es\/producto\/bomba-lavadora-de-alta-pressao-limpeza-ar-condicionado-bateria-18v-150w\/","title":{"rendered":"Bomba de hidrolavadora de alta presi\u00f3n para aire acondicionado, limpieza, bater\u00eda de 18 V y 150 W"},"content":{"rendered":"<p>Marca YILI: Mais de 37 anos de inova\u00e7\u00e3o, pesquisa e desenvolvimento de produtos confi\u00e1veis para limpeza, atualizados com as mais recentes tecnologias e tend\u00eancias.<\/p>\n<p>&#8211; Acompanha carregador de bateria, mangueira com engate r\u00e1pido, filtro de \u00e1gua exclusivo e aplicador de detergente com 300ml de capacidade;<br \/>\n&#8211; bateria de l\u00edtio recarreg\u00e1vel de 18V 2000mAh de longa dura\u00e7\u00e3o e r\u00e1pido carregamento, dispensando fios e extens\u00f5es el\u00e9tricas;<br \/>\n&#8211; n\u00e3o precisa estar ligada \u00e0 rede hidr\u00e1ulica, pois \u00e9 capaz de pressurizar a \u00e1gua de um balde, gal\u00e3o, tambor ou outro recipiente;<br \/>\n&#8211; dois n\u00edveis de intensidade de press\u00e3o (alta e baixa) do jato de \u00e1gua, garantindo que os componentes n\u00e3o sejam danificados;<br \/>\n&#8211; motor el\u00e9trico de alta durabilidade com protetor t\u00e9rmico embutido e componentes de pl\u00e1stico ABS de alta qualidade;<br \/>\n&#8211; ideal para realizar o servi\u00e7o de higieniza\u00e7\u00e3o de aparelhos de ar condicionado de forma \u00e1gil e profissional;<br \/>\n&#8211; jato de \u00e1gua em leque ou concentrado, com bico de ajuste para at\u00e9 tr\u00eas posi\u00e7\u00f5es;<br \/>\n&#8211; compacta, inovadora, port\u00e1til, leve e f\u00e1cil de transportar e montar;<br \/>\n&#8211; sistema de parada total com fun\u00e7\u00e3o de descompress\u00e3o.<\/p>\n<p>GARANTIA SOMENTE \u00c9 CONCEDIDA PARA DEFEITOS DE FABRICA\u00c7\u00c3O COMPROVADOS APOS AN\u00c1LISE F\u00cdSICA E T\u00c9CNICA. SE HOUVER NECESSIDADE DE SUBSTITUI\u00c7\u00c3O DO PRODUTO DENTRO DO PRAZO DE GARANTIA, A CONTAR DA DATA DE EMISS\u00c3O DA NOTA FISCAL, O FRETE PARA ENVIO DO MESMO \u00c9 POR CONTA DO CLIENTE.<\/p>","protected":false},"excerpt":{"rendered":"<p><strong>Especifica\u00e7\u00e3o T\u00e9cnica:<\/strong><br \/>\nMarca: Yili<br \/>\nModelo: YLQ2010D-B<br \/>\nPot\u00eancia: 150W<br \/>\nPress\u00e3o m\u00e1xima: 24.6bar<br \/>\nPress\u00e3o m\u00ednima: 6.5bar<br \/>\nPress\u00e3o nominal: 2.4Mpa<br \/>\nVaz\u00e3o m\u00e1xima: 1.8L\/min<br \/>\nBateria: 18V<br \/>\nModelo Carregador Bateria: YLD01-20V2A<\/p>","protected":false},"featured_media":2990,"comment_status":"closed","ping_status":"closed","template":"","meta":[],"product_brand":[],"product_cat":[205,26],"product_tag":[],"class_list":{"0":"post-2989","1":"product","2":"type-product","3":"status-publish","4":"has-post-thumbnail","6":"product_cat-diversos","7":"product_cat-pecas","9":"first","10":"instock","11":"shipping-taxable","12":"purchasable","13":"product-type-simple"},"yoast_head":"<!-- This site is optimized with the Yoast SEO plugin v27.3 - https:\/\/yoast.com\/product\/yoast-seo-wordpress\/ -->\n<title>Bomba Lavadora de Alta Press\u00e3o Limpeza Ar Condicionado Bateria 18V 150W - Argreen<\/title>\n<meta name=\"robots\" content=\"index, follow, max-snippet:-1, max-image-preview:large, max-video-preview:-1\" \/>\n<link rel=\"canonical\" href=\"https:\/\/argreen.com.br\/es\/producto\/bomba-lavadora-de-alta-pressao-limpeza-ar-condicionado-bateria-18v-150w\/\" \/>\n<meta property=\"og:locale\" content=\"es_ES\" \/>\n<meta property=\"og:type\" content=\"article\" \/>\n<meta property=\"og:title\" content=\"Bomba Lavadora de Alta Press\u00e3o Limpeza Ar Condicionado Bateria 18V 150W - Argreen\" \/>\n<meta property=\"og:description\" content=\"Especifica\u00e7\u00e3o T\u00e9cnica: Marca: Yili Modelo: YLQ2010D-B Pot\u00eancia: 150W Press\u00e3o m\u00e1xima: 24.6bar Press\u00e3o m\u00ednima: 6.5bar Press\u00e3o nominal: 2.4Mpa Vaz\u00e3o m\u00e1xima: 1.8L\/min Bateria: 18V Modelo Carregador Bateria: YLD01-20V2A\" \/>\n<meta property=\"og:url\" content=\"https:\/\/argreen.com.br\/es\/producto\/bomba-lavadora-de-alta-pressao-limpeza-ar-condicionado-bateria-18v-150w\/\" \/>\n<meta property=\"og:site_name\" content=\"Argreen\" \/>\n<meta property=\"article:modified_time\" content=\"2025-06-02T12:45:24+00:00\" \/>\n<meta property=\"og:image\" content=\"https:\/\/argreen.com.br\/wp-content\/uploads\/2025\/01\/Design-sem-nome.png\" \/>\n\t<meta property=\"og:image:width\" content=\"500\" \/>\n\t<meta property=\"og:image:height\" content=\"500\" \/>\n\t<meta property=\"og:image:type\" content=\"image\/png\" \/>\n<script type=\"application\/ld+json\" class=\"yoast-schema-graph\">{\"@context\":\"https:\\\/\\\/schema.org\",\"@graph\":[{\"@type\":\"WebPage\",\"@id\":\"https:\\\/\\\/argreen.com.br\\\/produto\\\/bomba-lavadora-de-alta-pressao-limpeza-ar-condicionado-bateria-18v-150w\\\/\",\"url\":\"https:\\\/\\\/argreen.com.br\\\/produto\\\/bomba-lavadora-de-alta-pressao-limpeza-ar-condicionado-bateria-18v-150w\\\/\",\"name\":\"Bomba Lavadora de Alta Press\u00e3o Limpeza Ar Condicionado Bateria 18V 150W - Argreen\",\"isPartOf\":{\"@id\":\"https:\\\/\\\/argreen.com.br\\\/#website\"},\"primaryImageOfPage\":{\"@id\":\"https:\\\/\\\/argreen.com.br\\\/produto\\\/bomba-lavadora-de-alta-pressao-limpeza-ar-condicionado-bateria-18v-150w\\\/#primaryimage\"},\"image\":{\"@id\":\"https:\\\/\\\/argreen.com.br\\\/produto\\\/bomba-lavadora-de-alta-pressao-limpeza-ar-condicionado-bateria-18v-150w\\\/#primaryimage\"},\"thumbnailUrl\":\"https:\\\/\\\/argreen.com.br\\\/wp-content\\\/uploads\\\/2025\\\/01\\\/Design-sem-nome.png\",\"datePublished\":\"2025-01-21T20:22:14+00:00\",\"dateModified\":\"2025-06-02T12:45:24+00:00\",\"breadcrumb\":{\"@id\":\"https:\\\/\\\/argreen.com.br\\\/produto\\\/bomba-lavadora-de-alta-pressao-limpeza-ar-condicionado-bateria-18v-150w\\\/#breadcrumb\"},\"inLanguage\":\"es\",\"potentialAction\":[{\"@type\":\"ReadAction\",\"target\":[\"https:\\\/\\\/argreen.com.br\\\/produto\\\/bomba-lavadora-de-alta-pressao-limpeza-ar-condicionado-bateria-18v-150w\\\/\"]}]},{\"@type\":\"ImageObject\",\"inLanguage\":\"es\",\"@id\":\"https:\\\/\\\/argreen.com.br\\\/produto\\\/bomba-lavadora-de-alta-pressao-limpeza-ar-condicionado-bateria-18v-150w\\\/#primaryimage\",\"url\":\"https:\\\/\\\/argreen.com.br\\\/wp-content\\\/uploads\\\/2025\\\/01\\\/Design-sem-nome.png\",\"contentUrl\":\"https:\\\/\\\/argreen.com.br\\\/wp-content\\\/uploads\\\/2025\\\/01\\\/Design-sem-nome.png\",\"width\":500,\"height\":500},{\"@type\":\"BreadcrumbList\",\"@id\":\"https:\\\/\\\/argreen.com.br\\\/produto\\\/bomba-lavadora-de-alta-pressao-limpeza-ar-condicionado-bateria-18v-150w\\\/#breadcrumb\",\"itemListElement\":[{\"@type\":\"ListItem\",\"position\":1,\"name\":\"In\u00edcio\",\"item\":\"https:\\\/\\\/argreen.com.br\\\/\"},{\"@type\":\"ListItem\",\"position\":2,\"name\":\"Cat\u00e1logo\",\"item\":\"https:\\\/\\\/argreen.com.br\\\/catalogo\\\/\"},{\"@type\":\"ListItem\",\"position\":3,\"name\":\"Bomba Lavadora de Alta Press\u00e3o Limpeza Ar Condicionado Bateria 18V 150W\"}]},{\"@type\":\"WebSite\",\"@id\":\"https:\\\/\\\/argreen.com.br\\\/#website\",\"url\":\"https:\\\/\\\/argreen.com.br\\\/\",\"name\":\"Argreen\",\"description\":\"Climatiza\u00e7\u00e3o &amp; Engenharia\",\"publisher\":{\"@id\":\"https:\\\/\\\/argreen.com.br\\\/#organization\"},\"potentialAction\":[{\"@type\":\"SearchAction\",\"target\":{\"@type\":\"EntryPoint\",\"urlTemplate\":\"https:\\\/\\\/argreen.com.br\\\/?s={search_term_string}\"},\"query-input\":{\"@type\":\"PropertyValueSpecification\",\"valueRequired\":true,\"valueName\":\"search_term_string\"}}],\"inLanguage\":\"es\"},{\"@type\":\"Organization\",\"@id\":\"https:\\\/\\\/argreen.com.br\\\/#organization\",\"name\":\"Argreen\",\"url\":\"https:\\\/\\\/argreen.com.br\\\/\",\"logo\":{\"@type\":\"ImageObject\",\"inLanguage\":\"es\",\"@id\":\"https:\\\/\\\/argreen.com.br\\\/#\\\/schema\\\/logo\\\/image\\\/\",\"url\":\"https:\\\/\\\/argreen.com.br\\\/wp-content\\\/uploads\\\/2023\\\/06\\\/Logo-Argeen.png\",\"contentUrl\":\"https:\\\/\\\/argreen.com.br\\\/wp-content\\\/uploads\\\/2023\\\/06\\\/Logo-Argeen.png\",\"width\":2248,\"height\":767,\"caption\":\"Argreen\"},\"image\":{\"@id\":\"https:\\\/\\\/argreen.com.br\\\/#\\\/schema\\\/logo\\\/image\\\/\"}}]}<\/script>\n<!-- \/ Yoast SEO plugin. -->","yoast_head_json":{"title":"Bomba Lavadora de Alta Press\u00e3o Limpeza Ar Condicionado Bateria 18V 150W - Argreen","robots":{"index":"index","follow":"follow","max-snippet":"max-snippet:-1","max-image-preview":"max-image-preview:large","max-video-preview":"max-video-preview:-1"},"canonical":"https:\/\/argreen.com.br\/es\/producto\/bomba-lavadora-de-alta-pressao-limpeza-ar-condicionado-bateria-18v-150w\/","og_locale":"es_ES","og_type":"article","og_title":"Bomba Lavadora de Alta Press\u00e3o Limpeza Ar Condicionado Bateria 18V 150W - Argreen","og_description":"Especifica\u00e7\u00e3o T\u00e9cnica: Marca: Yili Modelo: YLQ2010D-B Pot\u00eancia: 150W Press\u00e3o m\u00e1xima: 24.6bar Press\u00e3o m\u00ednima: 6.5bar Press\u00e3o nominal: 2.4Mpa Vaz\u00e3o m\u00e1xima: 1.8L\/min Bateria: 18V Modelo Carregador Bateria: YLD01-20V2A","og_url":"https:\/\/argreen.com.br\/es\/producto\/bomba-lavadora-de-alta-pressao-limpeza-ar-condicionado-bateria-18v-150w\/","og_site_name":"Argreen","article_modified_time":"2025-06-02T12:45:24+00:00","og_image":[{"width":500,"height":500,"url":"https:\/\/argreen.com.br\/wp-content\/uploads\/2025\/01\/Design-sem-nome.png","type":"image\/png"}],"schema":{"@context":"https:\/\/schema.org","@graph":[{"@type":"WebPage","@id":"https:\/\/argreen.com.br\/produto\/bomba-lavadora-de-alta-pressao-limpeza-ar-condicionado-bateria-18v-150w\/","url":"https:\/\/argreen.com.br\/produto\/bomba-lavadora-de-alta-pressao-limpeza-ar-condicionado-bateria-18v-150w\/","name":"Bomba Lavadora de Alta Press\u00e3o Limpeza Ar Condicionado Bateria 18V 150W - Argreen","isPartOf":{"@id":"https:\/\/argreen.com.br\/#website"},"primaryImageOfPage":{"@id":"https:\/\/argreen.com.br\/produto\/bomba-lavadora-de-alta-pressao-limpeza-ar-condicionado-bateria-18v-150w\/#primaryimage"},"image":{"@id":"https:\/\/argreen.com.br\/produto\/bomba-lavadora-de-alta-pressao-limpeza-ar-condicionado-bateria-18v-150w\/#primaryimage"},"thumbnailUrl":"https:\/\/argreen.com.br\/wp-content\/uploads\/2025\/01\/Design-sem-nome.png","datePublished":"2025-01-21T20:22:14+00:00","dateModified":"2025-06-02T12:45:24+00:00","breadcrumb":{"@id":"https:\/\/argreen.com.br\/produto\/bomba-lavadora-de-alta-pressao-limpeza-ar-condicionado-bateria-18v-150w\/#breadcrumb"},"inLanguage":"es","potentialAction":[{"@type":"ReadAction","target":["https:\/\/argreen.com.br\/produto\/bomba-lavadora-de-alta-pressao-limpeza-ar-condicionado-bateria-18v-150w\/"]}]},{"@type":"ImageObject","inLanguage":"es","@id":"https:\/\/argreen.com.br\/produto\/bomba-lavadora-de-alta-pressao-limpeza-ar-condicionado-bateria-18v-150w\/#primaryimage","url":"https:\/\/argreen.com.br\/wp-content\/uploads\/2025\/01\/Design-sem-nome.png","contentUrl":"https:\/\/argreen.com.br\/wp-content\/uploads\/2025\/01\/Design-sem-nome.png","width":500,"height":500},{"@type":"BreadcrumbList","@id":"https:\/\/argreen.com.br\/produto\/bomba-lavadora-de-alta-pressao-limpeza-ar-condicionado-bateria-18v-150w\/#breadcrumb","itemListElement":[{"@type":"ListItem","position":1,"name":"In\u00edcio","item":"https:\/\/argreen.com.br\/"},{"@type":"ListItem","position":2,"name":"Cat\u00e1logo","item":"https:\/\/argreen.com.br\/catalogo\/"},{"@type":"ListItem","position":3,"name":"Bomba Lavadora de Alta Press\u00e3o Limpeza Ar Condicionado Bateria 18V 150W"}]},{"@type":"WebSite","@id":"https:\/\/argreen.com.br\/#website","url":"https:\/\/argreen.com.br\/","name":"Argreen","description":"Climatiza\u00e7\u00e3o &amp; Engenharia","publisher":{"@id":"https:\/\/argreen.com.br\/#organization"},"potentialAction":[{"@type":"SearchAction","target":{"@type":"EntryPoint","urlTemplate":"https:\/\/argreen.com.br\/?s={search_term_string}"},"query-input":{"@type":"PropertyValueSpecification","valueRequired":true,"valueName":"search_term_string"}}],"inLanguage":"es"},{"@type":"Organization","@id":"https:\/\/argreen.com.br\/#organization","name":"Argreen","url":"https:\/\/argreen.com.br\/","logo":{"@type":"ImageObject","inLanguage":"es","@id":"https:\/\/argreen.com.br\/#\/schema\/logo\/image\/","url":"https:\/\/argreen.com.br\/wp-content\/uploads\/2023\/06\/Logo-Argeen.png","contentUrl":"https:\/\/argreen.com.br\/wp-content\/uploads\/2023\/06\/Logo-Argeen.png","width":2248,"height":767,"caption":"Argreen"},"image":{"@id":"https:\/\/argreen.com.br\/#\/schema\/logo\/image\/"}}]}},"_links":{"self":[{"href":"https:\/\/argreen.com.br\/es\/wp-json\/wp\/v2\/product\/2989","targetHints":{"allow":["GET"]}}],"collection":[{"href":"https:\/\/argreen.com.br\/es\/wp-json\/wp\/v2\/product"}],"about":[{"href":"https:\/\/argreen.com.br\/es\/wp-json\/wp\/v2\/types\/product"}],"replies":[{"embeddable":true,"href":"https:\/\/argreen.com.br\/es\/wp-json\/wp\/v2\/comments?post=2989"}],"wp:featuredmedia":[{"embeddable":true,"href":"https:\/\/argreen.com.br\/es\/wp-json\/wp\/v2\/media\/2990"}],"wp:attachment":[{"href":"https:\/\/argreen.com.br\/es\/wp-json\/wp\/v2\/media?parent=2989"}],"wp:term":[{"taxonomy":"product_brand","embeddable":true,"href":"https:\/\/argreen.com.br\/es\/wp-json\/wp\/v2\/product_brand?post=2989"},{"taxonomy":"product_cat","embeddable":true,"href":"https:\/\/argreen.com.br\/es\/wp-json\/wp\/v2\/product_cat?post=2989"},{"taxonomy":"product_tag","embeddable":true,"href":"https:\/\/argreen.com.br\/es\/wp-json\/wp\/v2\/product_tag?post=2989"}],"curies":[{"name":"wp","href":"https:\/\/api.w.org\/{rel}","templated":true}]}}