{"id":3001,"date":"2025-01-21T17:37:46","date_gmt":"2025-01-21T20:37:46","guid":{"rendered":"https:\/\/argreen.com.br\/?post_type=product&#038;p=3001"},"modified":"2025-06-02T08:45:33","modified_gmt":"2025-06-02T11:45:33","slug":"termometro-digital-lcd-multiuso-50c-a-80c-com-sensor-e-cabo","status":"publish","type":"product","link":"https:\/\/argreen.com.br\/es\/producto\/termometro-digital-lcd-multiuso-50c-a-80c-com-sensor-e-cabo\/","title":{"rendered":"Term\u00f3metro digital LCD multiusos de -50 \u00b0C a 80 \u00b0C con sensor y cable"},"content":{"rendered":"<p>&#8211; Term\u00f4metro digital multi\u00faso com display em LCD para medi\u00e7\u00e3o da temperatura atrav\u00e9s de seu sensor para visualiza\u00e7\u00e3o digital;<br \/>\n&#8211; apresenta design moderno, elegante, robusto, ultrafino e compacto, conveniente para instalar em diversas aplica\u00e7\u00f5es diferentes;<br \/>\n&#8211; geralmente instalado em refrigeradores, freezers, balc\u00f5es aquecidos, medi\u00e7\u00e3o da temperatura de sa\u00edda do ar condicionado, etc.;<br \/>\n&#8211; design para instala\u00e7\u00e3o em pain\u00e9is ou equipamentos;<br \/>\n&#8211; funciona atrav\u00e9s duas pilhas LR44 (inclusas);<br \/>\n&#8211; medi\u00e7\u00e3o da temperatura em graus Celsius.<\/p>\n<p>Imagem meramente ilustrativa. Pode haver varia\u00e7\u00e3o nas cores do produto.<\/p>\n<p>GARANTIA SOMENTE \u00c9 CONCEDIDA PARA DEFEITOS DE FABRICA\u00c7\u00c3O COMPROVADOS APOS AN\u00c1LISE F\u00cdSICA E T\u00c9CNICA. SE HOUVER NECESSIDADE DE SUBSTITUI\u00c7\u00c3O DO PRODUTO DENTRO DO PRAZO DE GARANTIA, A CONTAR DA DATA DE EMISS\u00c3O DA NOTA FISCAL, O FRETE PARA ENVIO DO MESMO \u00c9 POR CONTA DO CLIENTE.<\/p>","protected":false},"excerpt":{"rendered":"<p>Modelo: TPM-10<br \/>\nFaixa de Temperatura: -50\u00b0C ~ 80\u00b0C<br \/>\nResolu\u00e7\u00e3o Temperatura: 1\u00b0C \/ 0,1\u00b0C<br \/>\nPrecis\u00e3o: 1\u00b0C<br \/>\nAlimenta\u00e7\u00e3o: 2 baterias LR44<br \/>\nComprimento aproximado do sensor: 103cm<br \/>\nDimens\u00f5es aproximadas: 5cm x 3cm x 2,5cm<\/p>","protected":false},"featured_media":3002,"comment_status":"closed","ping_status":"closed","template":"","meta":[],"product_brand":[],"product_cat":[205,26],"product_tag":[],"class_list":{"0":"post-3001","1":"product","2":"type-product","3":"status-publish","4":"has-post-thumbnail","6":"product_cat-diversos","7":"product_cat-pecas","9":"first","10":"instock","11":"shipping-taxable","12":"purchasable","13":"product-type-simple"},"yoast_head":"<!-- This site is optimized with the Yoast SEO plugin v27.3 - https:\/\/yoast.com\/product\/yoast-seo-wordpress\/ -->\n<title>Term\u00f4metro Digital LCD Multiuso -50\u00b0C a 80\u00b0C Com Sensor e Cabo - Argreen<\/title>\n<meta name=\"robots\" content=\"index, follow, max-snippet:-1, max-image-preview:large, max-video-preview:-1\" \/>\n<link rel=\"canonical\" href=\"https:\/\/argreen.com.br\/es\/producto\/termometro-digital-lcd-multiuso-50c-a-80c-com-sensor-e-cabo\/\" \/>\n<meta property=\"og:locale\" content=\"es_ES\" \/>\n<meta property=\"og:type\" content=\"article\" \/>\n<meta property=\"og:title\" content=\"Term\u00f4metro Digital LCD Multiuso -50\u00b0C a 80\u00b0C Com Sensor e Cabo - Argreen\" \/>\n<meta property=\"og:description\" content=\"Modelo: TPM-10 Faixa de Temperatura: -50\u00b0C ~ 80\u00b0C Resolu\u00e7\u00e3o Temperatura: 1\u00b0C \/ 0,1\u00b0C Precis\u00e3o: 1\u00b0C Alimenta\u00e7\u00e3o: 2 baterias LR44 Comprimento aproximado do sensor: 103cm Dimens\u00f5es aproximadas: 5cm x 3cm x 2,5cm\" \/>\n<meta property=\"og:url\" content=\"https:\/\/argreen.com.br\/es\/producto\/termometro-digital-lcd-multiuso-50c-a-80c-com-sensor-e-cabo\/\" \/>\n<meta property=\"og:site_name\" content=\"Argreen\" \/>\n<meta property=\"article:modified_time\" content=\"2025-06-02T11:45:33+00:00\" \/>\n<meta property=\"og:image\" content=\"https:\/\/argreen.com.br\/wp-content\/uploads\/2025\/01\/Design-sem-nome-10.png\" \/>\n\t<meta property=\"og:image:width\" content=\"500\" \/>\n\t<meta property=\"og:image:height\" content=\"500\" \/>\n\t<meta property=\"og:image:type\" content=\"image\/png\" \/>\n<script type=\"application\/ld+json\" class=\"yoast-schema-graph\">{\"@context\":\"https:\\\/\\\/schema.org\",\"@graph\":[{\"@type\":\"WebPage\",\"@id\":\"https:\\\/\\\/argreen.com.br\\\/produto\\\/termometro-digital-lcd-multiuso-50c-a-80c-com-sensor-e-cabo\\\/\",\"url\":\"https:\\\/\\\/argreen.com.br\\\/produto\\\/termometro-digital-lcd-multiuso-50c-a-80c-com-sensor-e-cabo\\\/\",\"name\":\"Term\u00f4metro Digital LCD Multiuso -50\u00b0C a 80\u00b0C Com Sensor e Cabo - Argreen\",\"isPartOf\":{\"@id\":\"https:\\\/\\\/argreen.com.br\\\/#website\"},\"primaryImageOfPage\":{\"@id\":\"https:\\\/\\\/argreen.com.br\\\/produto\\\/termometro-digital-lcd-multiuso-50c-a-80c-com-sensor-e-cabo\\\/#primaryimage\"},\"image\":{\"@id\":\"https:\\\/\\\/argreen.com.br\\\/produto\\\/termometro-digital-lcd-multiuso-50c-a-80c-com-sensor-e-cabo\\\/#primaryimage\"},\"thumbnailUrl\":\"https:\\\/\\\/argreen.com.br\\\/wp-content\\\/uploads\\\/2025\\\/01\\\/Design-sem-nome-10.png\",\"datePublished\":\"2025-01-21T20:37:46+00:00\",\"dateModified\":\"2025-06-02T11:45:33+00:00\",\"breadcrumb\":{\"@id\":\"https:\\\/\\\/argreen.com.br\\\/produto\\\/termometro-digital-lcd-multiuso-50c-a-80c-com-sensor-e-cabo\\\/#breadcrumb\"},\"inLanguage\":\"es\",\"potentialAction\":[{\"@type\":\"ReadAction\",\"target\":[\"https:\\\/\\\/argreen.com.br\\\/produto\\\/termometro-digital-lcd-multiuso-50c-a-80c-com-sensor-e-cabo\\\/\"]}]},{\"@type\":\"ImageObject\",\"inLanguage\":\"es\",\"@id\":\"https:\\\/\\\/argreen.com.br\\\/produto\\\/termometro-digital-lcd-multiuso-50c-a-80c-com-sensor-e-cabo\\\/#primaryimage\",\"url\":\"https:\\\/\\\/argreen.com.br\\\/wp-content\\\/uploads\\\/2025\\\/01\\\/Design-sem-nome-10.png\",\"contentUrl\":\"https:\\\/\\\/argreen.com.br\\\/wp-content\\\/uploads\\\/2025\\\/01\\\/Design-sem-nome-10.png\",\"width\":500,\"height\":500},{\"@type\":\"BreadcrumbList\",\"@id\":\"https:\\\/\\\/argreen.com.br\\\/produto\\\/termometro-digital-lcd-multiuso-50c-a-80c-com-sensor-e-cabo\\\/#breadcrumb\",\"itemListElement\":[{\"@type\":\"ListItem\",\"position\":1,\"name\":\"In\u00edcio\",\"item\":\"https:\\\/\\\/argreen.com.br\\\/\"},{\"@type\":\"ListItem\",\"position\":2,\"name\":\"Cat\u00e1logo\",\"item\":\"https:\\\/\\\/argreen.com.br\\\/catalogo\\\/\"},{\"@type\":\"ListItem\",\"position\":3,\"name\":\"Term\u00f4metro Digital LCD Multiuso -50\u00b0C a 80\u00b0C Com Sensor e Cabo\"}]},{\"@type\":\"WebSite\",\"@id\":\"https:\\\/\\\/argreen.com.br\\\/#website\",\"url\":\"https:\\\/\\\/argreen.com.br\\\/\",\"name\":\"Argreen\",\"description\":\"Climatiza\u00e7\u00e3o &amp; Engenharia\",\"publisher\":{\"@id\":\"https:\\\/\\\/argreen.com.br\\\/#organization\"},\"potentialAction\":[{\"@type\":\"SearchAction\",\"target\":{\"@type\":\"EntryPoint\",\"urlTemplate\":\"https:\\\/\\\/argreen.com.br\\\/?s={search_term_string}\"},\"query-input\":{\"@type\":\"PropertyValueSpecification\",\"valueRequired\":true,\"valueName\":\"search_term_string\"}}],\"inLanguage\":\"es\"},{\"@type\":\"Organization\",\"@id\":\"https:\\\/\\\/argreen.com.br\\\/#organization\",\"name\":\"Argreen\",\"url\":\"https:\\\/\\\/argreen.com.br\\\/\",\"logo\":{\"@type\":\"ImageObject\",\"inLanguage\":\"es\",\"@id\":\"https:\\\/\\\/argreen.com.br\\\/#\\\/schema\\\/logo\\\/image\\\/\",\"url\":\"https:\\\/\\\/argreen.com.br\\\/wp-content\\\/uploads\\\/2023\\\/06\\\/Logo-Argeen.png\",\"contentUrl\":\"https:\\\/\\\/argreen.com.br\\\/wp-content\\\/uploads\\\/2023\\\/06\\\/Logo-Argeen.png\",\"width\":2248,\"height\":767,\"caption\":\"Argreen\"},\"image\":{\"@id\":\"https:\\\/\\\/argreen.com.br\\\/#\\\/schema\\\/logo\\\/image\\\/\"}}]}<\/script>\n<!-- \/ Yoast SEO plugin. -->","yoast_head_json":{"title":"Term\u00f4metro Digital LCD Multiuso -50\u00b0C a 80\u00b0C Com Sensor e Cabo - Argreen","robots":{"index":"index","follow":"follow","max-snippet":"max-snippet:-1","max-image-preview":"max-image-preview:large","max-video-preview":"max-video-preview:-1"},"canonical":"https:\/\/argreen.com.br\/es\/producto\/termometro-digital-lcd-multiuso-50c-a-80c-com-sensor-e-cabo\/","og_locale":"es_ES","og_type":"article","og_title":"Term\u00f4metro Digital LCD Multiuso -50\u00b0C a 80\u00b0C Com Sensor e Cabo - Argreen","og_description":"Modelo: TPM-10 Faixa de Temperatura: -50\u00b0C ~ 80\u00b0C Resolu\u00e7\u00e3o Temperatura: 1\u00b0C \/ 0,1\u00b0C Precis\u00e3o: 1\u00b0C Alimenta\u00e7\u00e3o: 2 baterias LR44 Comprimento aproximado do sensor: 103cm Dimens\u00f5es aproximadas: 5cm x 3cm x 2,5cm","og_url":"https:\/\/argreen.com.br\/es\/producto\/termometro-digital-lcd-multiuso-50c-a-80c-com-sensor-e-cabo\/","og_site_name":"Argreen","article_modified_time":"2025-06-02T11:45:33+00:00","og_image":[{"width":500,"height":500,"url":"https:\/\/argreen.com.br\/wp-content\/uploads\/2025\/01\/Design-sem-nome-10.png","type":"image\/png"}],"schema":{"@context":"https:\/\/schema.org","@graph":[{"@type":"WebPage","@id":"https:\/\/argreen.com.br\/produto\/termometro-digital-lcd-multiuso-50c-a-80c-com-sensor-e-cabo\/","url":"https:\/\/argreen.com.br\/produto\/termometro-digital-lcd-multiuso-50c-a-80c-com-sensor-e-cabo\/","name":"Term\u00f4metro Digital LCD Multiuso -50\u00b0C a 80\u00b0C Com Sensor e Cabo - Argreen","isPartOf":{"@id":"https:\/\/argreen.com.br\/#website"},"primaryImageOfPage":{"@id":"https:\/\/argreen.com.br\/produto\/termometro-digital-lcd-multiuso-50c-a-80c-com-sensor-e-cabo\/#primaryimage"},"image":{"@id":"https:\/\/argreen.com.br\/produto\/termometro-digital-lcd-multiuso-50c-a-80c-com-sensor-e-cabo\/#primaryimage"},"thumbnailUrl":"https:\/\/argreen.com.br\/wp-content\/uploads\/2025\/01\/Design-sem-nome-10.png","datePublished":"2025-01-21T20:37:46+00:00","dateModified":"2025-06-02T11:45:33+00:00","breadcrumb":{"@id":"https:\/\/argreen.com.br\/produto\/termometro-digital-lcd-multiuso-50c-a-80c-com-sensor-e-cabo\/#breadcrumb"},"inLanguage":"es","potentialAction":[{"@type":"ReadAction","target":["https:\/\/argreen.com.br\/produto\/termometro-digital-lcd-multiuso-50c-a-80c-com-sensor-e-cabo\/"]}]},{"@type":"ImageObject","inLanguage":"es","@id":"https:\/\/argreen.com.br\/produto\/termometro-digital-lcd-multiuso-50c-a-80c-com-sensor-e-cabo\/#primaryimage","url":"https:\/\/argreen.com.br\/wp-content\/uploads\/2025\/01\/Design-sem-nome-10.png","contentUrl":"https:\/\/argreen.com.br\/wp-content\/uploads\/2025\/01\/Design-sem-nome-10.png","width":500,"height":500},{"@type":"BreadcrumbList","@id":"https:\/\/argreen.com.br\/produto\/termometro-digital-lcd-multiuso-50c-a-80c-com-sensor-e-cabo\/#breadcrumb","itemListElement":[{"@type":"ListItem","position":1,"name":"In\u00edcio","item":"https:\/\/argreen.com.br\/"},{"@type":"ListItem","position":2,"name":"Cat\u00e1logo","item":"https:\/\/argreen.com.br\/catalogo\/"},{"@type":"ListItem","position":3,"name":"Term\u00f4metro Digital LCD Multiuso -50\u00b0C a 80\u00b0C Com Sensor e Cabo"}]},{"@type":"WebSite","@id":"https:\/\/argreen.com.br\/#website","url":"https:\/\/argreen.com.br\/","name":"Argreen","description":"Climatiza\u00e7\u00e3o &amp; Engenharia","publisher":{"@id":"https:\/\/argreen.com.br\/#organization"},"potentialAction":[{"@type":"SearchAction","target":{"@type":"EntryPoint","urlTemplate":"https:\/\/argreen.com.br\/?s={search_term_string}"},"query-input":{"@type":"PropertyValueSpecification","valueRequired":true,"valueName":"search_term_string"}}],"inLanguage":"es"},{"@type":"Organization","@id":"https:\/\/argreen.com.br\/#organization","name":"Argreen","url":"https:\/\/argreen.com.br\/","logo":{"@type":"ImageObject","inLanguage":"es","@id":"https:\/\/argreen.com.br\/#\/schema\/logo\/image\/","url":"https:\/\/argreen.com.br\/wp-content\/uploads\/2023\/06\/Logo-Argeen.png","contentUrl":"https:\/\/argreen.com.br\/wp-content\/uploads\/2023\/06\/Logo-Argeen.png","width":2248,"height":767,"caption":"Argreen"},"image":{"@id":"https:\/\/argreen.com.br\/#\/schema\/logo\/image\/"}}]}},"_links":{"self":[{"href":"https:\/\/argreen.com.br\/es\/wp-json\/wp\/v2\/product\/3001","targetHints":{"allow":["GET"]}}],"collection":[{"href":"https:\/\/argreen.com.br\/es\/wp-json\/wp\/v2\/product"}],"about":[{"href":"https:\/\/argreen.com.br\/es\/wp-json\/wp\/v2\/types\/product"}],"replies":[{"embeddable":true,"href":"https:\/\/argreen.com.br\/es\/wp-json\/wp\/v2\/comments?post=3001"}],"wp:featuredmedia":[{"embeddable":true,"href":"https:\/\/argreen.com.br\/es\/wp-json\/wp\/v2\/media\/3002"}],"wp:attachment":[{"href":"https:\/\/argreen.com.br\/es\/wp-json\/wp\/v2\/media?parent=3001"}],"wp:term":[{"taxonomy":"product_brand","embeddable":true,"href":"https:\/\/argreen.com.br\/es\/wp-json\/wp\/v2\/product_brand?post=3001"},{"taxonomy":"product_cat","embeddable":true,"href":"https:\/\/argreen.com.br\/es\/wp-json\/wp\/v2\/product_cat?post=3001"},{"taxonomy":"product_tag","embeddable":true,"href":"https:\/\/argreen.com.br\/es\/wp-json\/wp\/v2\/product_tag?post=3001"}],"curies":[{"name":"wp","href":"https:\/\/api.w.org\/{rel}","templated":true}]}}