{"id":3013,"date":"2025-01-21T17:58:43","date_gmt":"2025-01-21T20:58:43","guid":{"rendered":"https:\/\/argreen.com.br\/?post_type=product&#038;p=3013"},"modified":"2025-06-02T08:45:17","modified_gmt":"2025-06-02T11:45:17","slug":"valvula-reversora-com-bobina-solenoide-3-8-e-5-8","status":"publish","type":"product","link":"https:\/\/argreen.com.br\/es\/producto\/valvula-reversora-com-bobina-solenoide-3-8-e-5-8\/","title":{"rendered":"V\u00e1lvula de inversi\u00f3n con bobina solenoide de 3\/8\u201d y 5\/8\u201d"},"content":{"rendered":"<p>&#8211; Aplic\u00e1vel em todos os sistemas que trabalham com ciclo reverso (aquecimento e refrigera\u00e7\u00e3o);<br \/>\n&#8211; altera o percurso do g\u00e1s refrigerante no sistema, controlando a v\u00e1lvula para alternar entre o modo aquecimento e refrigera\u00e7\u00e3o;<br \/>\n&#8211; acompanha bobina solen\u00f3ide de material termofixo, melhor resist\u00eancia \u00e0 \u00e1gua, maior resist\u00eancia el\u00e9trica e isolamento mais confi\u00e1vel;<br \/>\n&#8211; material de alta qualidade que proporciona economia de energia, menor ru\u00eddo e vibra\u00e7\u00e3o mais leve.<\/p>\n<p>SE HOUVER NECESSIDADE DE SUBSTITUI\u00c7\u00c3O DO PRODUTO DENTRO DO PRAZO DE GARANTIA, A CONTAR DA DATA DE EMISS\u00c3O DA NOTA FISCAL, O FRETE PARA ENVIO DO MESMO \u00c9 POR CONTA DO CLIENTE. GARANTIA SOMENTE \u00c9 CONCEDIDA PARA DEFEITOS DE FABRICA\u00c7\u00c3O COMPROVADOS AP\u00d3S AN\u00c1LISE F\u00cdSICA E T\u00c9CNICA.<\/p>","protected":false},"excerpt":{"rendered":"<p>Faixa de aplica\u00e7\u00e3o: 24.000 btu\/h ~ 60.000 btu\/h<\/p>\n<p>Bitolas: 3\/8\u201d e 5\/8\u201d<\/p>\n<p>Tens\u00e3o da bobina: 220V<\/p>\n<p>Pot\u00eancia da bobina: 5W<\/p>\n<p>Umidade m\u00e1xima: =95%<\/p>\n<p>Temperatura m\u00e1xima: -30\u00b0C ~ 120\u00b0C<\/p>\n<p>Press\u00e3o m\u00e1xima: 4.2MPa<\/p>","protected":false},"featured_media":3014,"comment_status":"closed","ping_status":"closed","template":"","meta":[],"product_brand":[],"product_cat":[205,26],"product_tag":[],"class_list":{"0":"post-3013","1":"product","2":"type-product","3":"status-publish","4":"has-post-thumbnail","6":"product_cat-diversos","7":"product_cat-pecas","9":"first","10":"instock","11":"shipping-taxable","12":"purchasable","13":"product-type-simple"},"yoast_head":"<!-- This site is optimized with the Yoast SEO plugin v27.3 - https:\/\/yoast.com\/product\/yoast-seo-wordpress\/ -->\n<title>V\u00e1lvula Reversora com Bobina Solen\u00f3ide 3\/8\u201d e 5\/8\u201d - Argreen<\/title>\n<meta name=\"robots\" content=\"index, follow, max-snippet:-1, max-image-preview:large, max-video-preview:-1\" \/>\n<link rel=\"canonical\" href=\"https:\/\/argreen.com.br\/es\/producto\/valvula-reversora-com-bobina-solenoide-3-8-e-5-8\/\" \/>\n<meta property=\"og:locale\" content=\"es_ES\" \/>\n<meta property=\"og:type\" content=\"article\" \/>\n<meta property=\"og:title\" content=\"V\u00e1lvula Reversora com Bobina Solen\u00f3ide 3\/8\u201d e 5\/8\u201d - Argreen\" \/>\n<meta property=\"og:description\" content=\"Faixa de aplica\u00e7\u00e3o: 24.000 btu\/h ~ 60.000 btu\/h  Bitolas: 3\/8\u201d e 5\/8\u201d  Tens\u00e3o da bobina: 220V  Pot\u00eancia da bobina: 5W  Umidade m\u00e1xima: =95%  Temperatura m\u00e1xima: -30\u00b0C ~ 120\u00b0C  Press\u00e3o m\u00e1xima: 4.2MPa\" \/>\n<meta property=\"og:url\" content=\"https:\/\/argreen.com.br\/es\/producto\/valvula-reversora-com-bobina-solenoide-3-8-e-5-8\/\" \/>\n<meta property=\"og:site_name\" content=\"Argreen\" \/>\n<meta property=\"article:modified_time\" content=\"2025-06-02T11:45:17+00:00\" \/>\n<meta property=\"og:image\" content=\"https:\/\/argreen.com.br\/wp-content\/uploads\/2025\/01\/Design-sem-nome-17.png\" \/>\n\t<meta property=\"og:image:width\" content=\"500\" \/>\n\t<meta property=\"og:image:height\" content=\"500\" \/>\n\t<meta property=\"og:image:type\" content=\"image\/png\" \/>\n<script type=\"application\/ld+json\" class=\"yoast-schema-graph\">{\"@context\":\"https:\\\/\\\/schema.org\",\"@graph\":[{\"@type\":\"WebPage\",\"@id\":\"https:\\\/\\\/argreen.com.br\\\/produto\\\/valvula-reversora-com-bobina-solenoide-3-8-e-5-8\\\/\",\"url\":\"https:\\\/\\\/argreen.com.br\\\/produto\\\/valvula-reversora-com-bobina-solenoide-3-8-e-5-8\\\/\",\"name\":\"V\u00e1lvula Reversora com Bobina Solen\u00f3ide 3\\\/8\u201d e 5\\\/8\u201d - Argreen\",\"isPartOf\":{\"@id\":\"https:\\\/\\\/argreen.com.br\\\/#website\"},\"primaryImageOfPage\":{\"@id\":\"https:\\\/\\\/argreen.com.br\\\/produto\\\/valvula-reversora-com-bobina-solenoide-3-8-e-5-8\\\/#primaryimage\"},\"image\":{\"@id\":\"https:\\\/\\\/argreen.com.br\\\/produto\\\/valvula-reversora-com-bobina-solenoide-3-8-e-5-8\\\/#primaryimage\"},\"thumbnailUrl\":\"https:\\\/\\\/argreen.com.br\\\/wp-content\\\/uploads\\\/2025\\\/01\\\/Design-sem-nome-17.png\",\"datePublished\":\"2025-01-21T20:58:43+00:00\",\"dateModified\":\"2025-06-02T11:45:17+00:00\",\"breadcrumb\":{\"@id\":\"https:\\\/\\\/argreen.com.br\\\/produto\\\/valvula-reversora-com-bobina-solenoide-3-8-e-5-8\\\/#breadcrumb\"},\"inLanguage\":\"es\",\"potentialAction\":[{\"@type\":\"ReadAction\",\"target\":[\"https:\\\/\\\/argreen.com.br\\\/produto\\\/valvula-reversora-com-bobina-solenoide-3-8-e-5-8\\\/\"]}]},{\"@type\":\"ImageObject\",\"inLanguage\":\"es\",\"@id\":\"https:\\\/\\\/argreen.com.br\\\/produto\\\/valvula-reversora-com-bobina-solenoide-3-8-e-5-8\\\/#primaryimage\",\"url\":\"https:\\\/\\\/argreen.com.br\\\/wp-content\\\/uploads\\\/2025\\\/01\\\/Design-sem-nome-17.png\",\"contentUrl\":\"https:\\\/\\\/argreen.com.br\\\/wp-content\\\/uploads\\\/2025\\\/01\\\/Design-sem-nome-17.png\",\"width\":500,\"height\":500},{\"@type\":\"BreadcrumbList\",\"@id\":\"https:\\\/\\\/argreen.com.br\\\/produto\\\/valvula-reversora-com-bobina-solenoide-3-8-e-5-8\\\/#breadcrumb\",\"itemListElement\":[{\"@type\":\"ListItem\",\"position\":1,\"name\":\"In\u00edcio\",\"item\":\"https:\\\/\\\/argreen.com.br\\\/\"},{\"@type\":\"ListItem\",\"position\":2,\"name\":\"Cat\u00e1logo\",\"item\":\"https:\\\/\\\/argreen.com.br\\\/catalogo\\\/\"},{\"@type\":\"ListItem\",\"position\":3,\"name\":\"V\u00e1lvula Reversora com Bobina Solen\u00f3ide 3\\\/8\u201d e 5\\\/8\u201d\"}]},{\"@type\":\"WebSite\",\"@id\":\"https:\\\/\\\/argreen.com.br\\\/#website\",\"url\":\"https:\\\/\\\/argreen.com.br\\\/\",\"name\":\"Argreen\",\"description\":\"Climatiza\u00e7\u00e3o &amp; Engenharia\",\"publisher\":{\"@id\":\"https:\\\/\\\/argreen.com.br\\\/#organization\"},\"potentialAction\":[{\"@type\":\"SearchAction\",\"target\":{\"@type\":\"EntryPoint\",\"urlTemplate\":\"https:\\\/\\\/argreen.com.br\\\/?s={search_term_string}\"},\"query-input\":{\"@type\":\"PropertyValueSpecification\",\"valueRequired\":true,\"valueName\":\"search_term_string\"}}],\"inLanguage\":\"es\"},{\"@type\":\"Organization\",\"@id\":\"https:\\\/\\\/argreen.com.br\\\/#organization\",\"name\":\"Argreen\",\"url\":\"https:\\\/\\\/argreen.com.br\\\/\",\"logo\":{\"@type\":\"ImageObject\",\"inLanguage\":\"es\",\"@id\":\"https:\\\/\\\/argreen.com.br\\\/#\\\/schema\\\/logo\\\/image\\\/\",\"url\":\"https:\\\/\\\/argreen.com.br\\\/wp-content\\\/uploads\\\/2023\\\/06\\\/Logo-Argeen.png\",\"contentUrl\":\"https:\\\/\\\/argreen.com.br\\\/wp-content\\\/uploads\\\/2023\\\/06\\\/Logo-Argeen.png\",\"width\":2248,\"height\":767,\"caption\":\"Argreen\"},\"image\":{\"@id\":\"https:\\\/\\\/argreen.com.br\\\/#\\\/schema\\\/logo\\\/image\\\/\"}}]}<\/script>\n<!-- \/ Yoast SEO plugin. -->","yoast_head_json":{"title":"V\u00e1lvula Reversora com Bobina Solen\u00f3ide 3\/8\u201d e 5\/8\u201d - Argreen","robots":{"index":"index","follow":"follow","max-snippet":"max-snippet:-1","max-image-preview":"max-image-preview:large","max-video-preview":"max-video-preview:-1"},"canonical":"https:\/\/argreen.com.br\/es\/producto\/valvula-reversora-com-bobina-solenoide-3-8-e-5-8\/","og_locale":"es_ES","og_type":"article","og_title":"V\u00e1lvula Reversora com Bobina Solen\u00f3ide 3\/8\u201d e 5\/8\u201d - Argreen","og_description":"Faixa de aplica\u00e7\u00e3o: 24.000 btu\/h ~ 60.000 btu\/h  Bitolas: 3\/8\u201d e 5\/8\u201d  Tens\u00e3o da bobina: 220V  Pot\u00eancia da bobina: 5W  Umidade m\u00e1xima: =95%  Temperatura m\u00e1xima: -30\u00b0C ~ 120\u00b0C  Press\u00e3o m\u00e1xima: 4.2MPa","og_url":"https:\/\/argreen.com.br\/es\/producto\/valvula-reversora-com-bobina-solenoide-3-8-e-5-8\/","og_site_name":"Argreen","article_modified_time":"2025-06-02T11:45:17+00:00","og_image":[{"width":500,"height":500,"url":"https:\/\/argreen.com.br\/wp-content\/uploads\/2025\/01\/Design-sem-nome-17.png","type":"image\/png"}],"schema":{"@context":"https:\/\/schema.org","@graph":[{"@type":"WebPage","@id":"https:\/\/argreen.com.br\/produto\/valvula-reversora-com-bobina-solenoide-3-8-e-5-8\/","url":"https:\/\/argreen.com.br\/produto\/valvula-reversora-com-bobina-solenoide-3-8-e-5-8\/","name":"V\u00e1lvula Reversora com Bobina Solen\u00f3ide 3\/8\u201d e 5\/8\u201d - Argreen","isPartOf":{"@id":"https:\/\/argreen.com.br\/#website"},"primaryImageOfPage":{"@id":"https:\/\/argreen.com.br\/produto\/valvula-reversora-com-bobina-solenoide-3-8-e-5-8\/#primaryimage"},"image":{"@id":"https:\/\/argreen.com.br\/produto\/valvula-reversora-com-bobina-solenoide-3-8-e-5-8\/#primaryimage"},"thumbnailUrl":"https:\/\/argreen.com.br\/wp-content\/uploads\/2025\/01\/Design-sem-nome-17.png","datePublished":"2025-01-21T20:58:43+00:00","dateModified":"2025-06-02T11:45:17+00:00","breadcrumb":{"@id":"https:\/\/argreen.com.br\/produto\/valvula-reversora-com-bobina-solenoide-3-8-e-5-8\/#breadcrumb"},"inLanguage":"es","potentialAction":[{"@type":"ReadAction","target":["https:\/\/argreen.com.br\/produto\/valvula-reversora-com-bobina-solenoide-3-8-e-5-8\/"]}]},{"@type":"ImageObject","inLanguage":"es","@id":"https:\/\/argreen.com.br\/produto\/valvula-reversora-com-bobina-solenoide-3-8-e-5-8\/#primaryimage","url":"https:\/\/argreen.com.br\/wp-content\/uploads\/2025\/01\/Design-sem-nome-17.png","contentUrl":"https:\/\/argreen.com.br\/wp-content\/uploads\/2025\/01\/Design-sem-nome-17.png","width":500,"height":500},{"@type":"BreadcrumbList","@id":"https:\/\/argreen.com.br\/produto\/valvula-reversora-com-bobina-solenoide-3-8-e-5-8\/#breadcrumb","itemListElement":[{"@type":"ListItem","position":1,"name":"In\u00edcio","item":"https:\/\/argreen.com.br\/"},{"@type":"ListItem","position":2,"name":"Cat\u00e1logo","item":"https:\/\/argreen.com.br\/catalogo\/"},{"@type":"ListItem","position":3,"name":"V\u00e1lvula Reversora com Bobina Solen\u00f3ide 3\/8\u201d e 5\/8\u201d"}]},{"@type":"WebSite","@id":"https:\/\/argreen.com.br\/#website","url":"https:\/\/argreen.com.br\/","name":"Argreen","description":"Climatiza\u00e7\u00e3o &amp; Engenharia","publisher":{"@id":"https:\/\/argreen.com.br\/#organization"},"potentialAction":[{"@type":"SearchAction","target":{"@type":"EntryPoint","urlTemplate":"https:\/\/argreen.com.br\/?s={search_term_string}"},"query-input":{"@type":"PropertyValueSpecification","valueRequired":true,"valueName":"search_term_string"}}],"inLanguage":"es"},{"@type":"Organization","@id":"https:\/\/argreen.com.br\/#organization","name":"Argreen","url":"https:\/\/argreen.com.br\/","logo":{"@type":"ImageObject","inLanguage":"es","@id":"https:\/\/argreen.com.br\/#\/schema\/logo\/image\/","url":"https:\/\/argreen.com.br\/wp-content\/uploads\/2023\/06\/Logo-Argeen.png","contentUrl":"https:\/\/argreen.com.br\/wp-content\/uploads\/2023\/06\/Logo-Argeen.png","width":2248,"height":767,"caption":"Argreen"},"image":{"@id":"https:\/\/argreen.com.br\/#\/schema\/logo\/image\/"}}]}},"_links":{"self":[{"href":"https:\/\/argreen.com.br\/es\/wp-json\/wp\/v2\/product\/3013","targetHints":{"allow":["GET"]}}],"collection":[{"href":"https:\/\/argreen.com.br\/es\/wp-json\/wp\/v2\/product"}],"about":[{"href":"https:\/\/argreen.com.br\/es\/wp-json\/wp\/v2\/types\/product"}],"replies":[{"embeddable":true,"href":"https:\/\/argreen.com.br\/es\/wp-json\/wp\/v2\/comments?post=3013"}],"wp:featuredmedia":[{"embeddable":true,"href":"https:\/\/argreen.com.br\/es\/wp-json\/wp\/v2\/media\/3014"}],"wp:attachment":[{"href":"https:\/\/argreen.com.br\/es\/wp-json\/wp\/v2\/media?parent=3013"}],"wp:term":[{"taxonomy":"product_brand","embeddable":true,"href":"https:\/\/argreen.com.br\/es\/wp-json\/wp\/v2\/product_brand?post=3013"},{"taxonomy":"product_cat","embeddable":true,"href":"https:\/\/argreen.com.br\/es\/wp-json\/wp\/v2\/product_cat?post=3013"},{"taxonomy":"product_tag","embeddable":true,"href":"https:\/\/argreen.com.br\/es\/wp-json\/wp\/v2\/product_tag?post=3013"}],"curies":[{"name":"wp","href":"https:\/\/api.w.org\/{rel}","templated":true}]}}