{"id":3031,"date":"2025-01-22T17:00:27","date_gmt":"2025-01-22T20:00:27","guid":{"rendered":"https:\/\/argreen.com.br\/?post_type=product&#038;p=3031"},"modified":"2025-06-02T08:44:51","modified_gmt":"2025-06-02T11:44:51","slug":"serpentina-barril-cobre-para-condicionador-springer-18000-22000-btus-38kq","status":"publish","type":"product","link":"https:\/\/argreen.com.br\/es\/producto\/serpentina-barril-cobre-para-condicionador-springer-18000-22000-btus-38kq\/","title":{"rendered":"Serpent\u00edn de cobre para acondicionador Springer de 18\u00a0000\/22\u00a0000 BTU, 38\u00a0KQ"},"content":{"rendered":"<p>A serpentina barril cobre para condicionador de ar Springer 18000\/22000 Btus 38KQ \u00e9 um componente essencial para o sistema de refrigera\u00e7\u00e3o, projetado para garantir o m\u00e1ximo desempenho e efici\u00eancia energ\u00e9tica. Fabricada com materiais de alta qualidade, oferece excelente condutividade t\u00e9rmica, o que permite uma troca de calor eficaz e r\u00e1pida. Sua estrutura robusta e resistente \u00e0 corros\u00e3o assegura durabilidade, mesmo em ambientes com varia\u00e7\u00f5es de temperatura e umidade, proporcionando um funcionamento cont\u00ednuo e de longa vida \u00fatil.<\/p>\n<p>Ideal para quem busca substituir ou melhorar a performance do sistema de climatiza\u00e7\u00e3o, a serpentina barril cobre \u00e9 compat\u00edvel com modelos de condicionadores de ar Springer de 18000 a 22000 Btus. A instala\u00e7\u00e3o \u00e9 simples e r\u00e1pida, otimizando o tempo de manuten\u00e7\u00e3o. Ao investir nesta serpentina, voc\u00ea garante um equipamento com maior efici\u00eancia na distribui\u00e7\u00e3o do ar refrigerado, resultando em conforto t\u00e9rmico e economia no consumo de energia el\u00e9trica.<\/p>\n<p>Al\u00e9m disso, sua engenharia avan\u00e7ada reduz o risco de vazamentos e supera desafios como o ac\u00famulo de res\u00edduos, o que contribui para o bom funcionamento do seu sistema de climatiza\u00e7\u00e3o ao longo do tempo. Com a serpentina barril cobre, a qualidade do ar e o desempenho do seu condicionador de ar Springer estar\u00e3o sempre em n\u00edveis elevados, mantendo o ambiente agrad\u00e1vel e refrigerado de maneira eficiente e segura.<\/p>","protected":false},"excerpt":{"rendered":"<table id=\"product-attribute-specs-table\" class=\"flex-1 w-full table additional-attributes\">\n<tbody>\n<tr class=\"text-left odd:bg-[#efefef]\">\n<th class=\"rounded-l w-1\/2 font-normal text-[#949494] p-2\" scope=\"row\">Marca<\/th>\n<td class=\"rounded-r w-1\/2 text-[#949494] p-2\" data-th=\"Marca\">Springer<\/td>\n<\/tr>\n<tr class=\"text-left odd:bg-[#efefef]\">\n<th class=\"rounded-l w-1\/2 font-normal text-[#949494] p-2\" scope=\"row\">Modelo<\/th>\n<td class=\"rounded-r w-1\/2 text-[#949494] p-2\" data-th=\"Modelo\">38KQ<\/td>\n<\/tr>\n<tr class=\"text-left odd:bg-[#efefef]\">\n<th class=\"rounded-l w-1\/2 font-normal text-[#949494] p-2\" scope=\"row\">Largura<\/th>\n<td class=\"rounded-r w-1\/2 text-[#949494] p-2\" data-th=\"Largura\">45 cm<\/td>\n<\/tr>\n<tr class=\"text-left odd:bg-[#efefef]\">\n<th class=\"rounded-l w-1\/2 font-normal text-[#949494] p-2\" scope=\"row\">Peso<\/th>\n<td class=\"rounded-r w-1\/2 text-[#949494] p-2\" data-th=\"Peso\">6 Kg<\/td>\n<\/tr>\n<tr class=\"text-left odd:bg-[#efefef]\">\n<th class=\"rounded-l w-1\/2 font-normal text-[#949494] p-2\" scope=\"row\">Profundidade<\/th>\n<td class=\"rounded-r w-1\/2 text-[#949494] p-2\" data-th=\"Profundidade\">60 cm<\/td>\n<\/tr>\n<tr class=\"text-left odd:bg-[#efefef]\">\n<th class=\"rounded-l w-1\/2 font-normal text-[#949494] p-2\" scope=\"row\">Altura<\/th>\n<td class=\"rounded-r w-1\/2 text-[#949494] p-2\" data-th=\"Altura\">45 cm<\/td>\n<\/tr>\n<tr class=\"text-left odd:bg-[#efefef]\">\n<th class=\"rounded-l w-1\/2 font-normal text-[#949494] p-2\" scope=\"row\">Refer\u00eancia do Fornecedor<\/th>\n<td class=\"rounded-r w-1\/2 text-[#949494] p-2\" data-th=\"Refer\u00eancia do Fornecedor\">05301403P<\/td>\n<\/tr>\n<\/tbody>\n<\/table>\n","protected":false},"featured_media":3032,"comment_status":"closed","ping_status":"closed","template":"","meta":[],"product_brand":[],"product_cat":[205,26],"product_tag":[],"class_list":{"0":"post-3031","1":"product","2":"type-product","3":"status-publish","4":"has-post-thumbnail","6":"product_cat-diversos","7":"product_cat-pecas","9":"first","10":"instock","11":"shipping-taxable","12":"purchasable","13":"product-type-simple"},"yoast_head":"<!-- This site is optimized with the Yoast SEO plugin v27.3 - https:\/\/yoast.com\/product\/yoast-seo-wordpress\/ -->\n<title>Serpentina Barril Cobre para Condicionador Springer 18000\/22000 Btus 38KQ - Argreen<\/title>\n<meta name=\"robots\" content=\"index, follow, max-snippet:-1, max-image-preview:large, max-video-preview:-1\" \/>\n<link rel=\"canonical\" href=\"https:\/\/argreen.com.br\/es\/producto\/serpentina-barril-cobre-para-condicionador-springer-18000-22000-btus-38kq\/\" \/>\n<meta property=\"og:locale\" content=\"es_ES\" \/>\n<meta property=\"og:type\" content=\"article\" \/>\n<meta property=\"og:title\" content=\"Serpentina Barril Cobre para Condicionador Springer 18000\/22000 Btus 38KQ - Argreen\" \/>\n<meta property=\"og:description\" content=\"Marca Springer   Modelo 38KQ   Largura 45 cm   Peso 6 Kg   Profundidade 60 cm   Altura 45 cm   Refer\u00eancia do Fornecedor 05301403P\" \/>\n<meta property=\"og:url\" content=\"https:\/\/argreen.com.br\/es\/producto\/serpentina-barril-cobre-para-condicionador-springer-18000-22000-btus-38kq\/\" \/>\n<meta property=\"og:site_name\" content=\"Argreen\" \/>\n<meta property=\"article:modified_time\" content=\"2025-06-02T11:44:51+00:00\" \/>\n<meta property=\"og:image\" content=\"https:\/\/argreen.com.br\/wp-content\/uploads\/2025\/01\/Design-sem-nome-26.png\" \/>\n\t<meta property=\"og:image:width\" content=\"500\" \/>\n\t<meta property=\"og:image:height\" content=\"500\" \/>\n\t<meta property=\"og:image:type\" content=\"image\/png\" \/>\n<script type=\"application\/ld+json\" class=\"yoast-schema-graph\">{\"@context\":\"https:\\\/\\\/schema.org\",\"@graph\":[{\"@type\":\"WebPage\",\"@id\":\"https:\\\/\\\/argreen.com.br\\\/produto\\\/serpentina-barril-cobre-para-condicionador-springer-18000-22000-btus-38kq\\\/\",\"url\":\"https:\\\/\\\/argreen.com.br\\\/produto\\\/serpentina-barril-cobre-para-condicionador-springer-18000-22000-btus-38kq\\\/\",\"name\":\"Serpentina Barril Cobre para Condicionador Springer 18000\\\/22000 Btus 38KQ - Argreen\",\"isPartOf\":{\"@id\":\"https:\\\/\\\/argreen.com.br\\\/#website\"},\"primaryImageOfPage\":{\"@id\":\"https:\\\/\\\/argreen.com.br\\\/produto\\\/serpentina-barril-cobre-para-condicionador-springer-18000-22000-btus-38kq\\\/#primaryimage\"},\"image\":{\"@id\":\"https:\\\/\\\/argreen.com.br\\\/produto\\\/serpentina-barril-cobre-para-condicionador-springer-18000-22000-btus-38kq\\\/#primaryimage\"},\"thumbnailUrl\":\"https:\\\/\\\/argreen.com.br\\\/wp-content\\\/uploads\\\/2025\\\/01\\\/Design-sem-nome-26.png\",\"datePublished\":\"2025-01-22T20:00:27+00:00\",\"dateModified\":\"2025-06-02T11:44:51+00:00\",\"breadcrumb\":{\"@id\":\"https:\\\/\\\/argreen.com.br\\\/produto\\\/serpentina-barril-cobre-para-condicionador-springer-18000-22000-btus-38kq\\\/#breadcrumb\"},\"inLanguage\":\"es\",\"potentialAction\":[{\"@type\":\"ReadAction\",\"target\":[\"https:\\\/\\\/argreen.com.br\\\/produto\\\/serpentina-barril-cobre-para-condicionador-springer-18000-22000-btus-38kq\\\/\"]}]},{\"@type\":\"ImageObject\",\"inLanguage\":\"es\",\"@id\":\"https:\\\/\\\/argreen.com.br\\\/produto\\\/serpentina-barril-cobre-para-condicionador-springer-18000-22000-btus-38kq\\\/#primaryimage\",\"url\":\"https:\\\/\\\/argreen.com.br\\\/wp-content\\\/uploads\\\/2025\\\/01\\\/Design-sem-nome-26.png\",\"contentUrl\":\"https:\\\/\\\/argreen.com.br\\\/wp-content\\\/uploads\\\/2025\\\/01\\\/Design-sem-nome-26.png\",\"width\":500,\"height\":500},{\"@type\":\"BreadcrumbList\",\"@id\":\"https:\\\/\\\/argreen.com.br\\\/produto\\\/serpentina-barril-cobre-para-condicionador-springer-18000-22000-btus-38kq\\\/#breadcrumb\",\"itemListElement\":[{\"@type\":\"ListItem\",\"position\":1,\"name\":\"In\u00edcio\",\"item\":\"https:\\\/\\\/argreen.com.br\\\/\"},{\"@type\":\"ListItem\",\"position\":2,\"name\":\"Cat\u00e1logo\",\"item\":\"https:\\\/\\\/argreen.com.br\\\/catalogo\\\/\"},{\"@type\":\"ListItem\",\"position\":3,\"name\":\"Serpentina Barril Cobre para Condicionador Springer 18000\\\/22000 Btus 38KQ\"}]},{\"@type\":\"WebSite\",\"@id\":\"https:\\\/\\\/argreen.com.br\\\/#website\",\"url\":\"https:\\\/\\\/argreen.com.br\\\/\",\"name\":\"Argreen\",\"description\":\"Climatiza\u00e7\u00e3o &amp; Engenharia\",\"publisher\":{\"@id\":\"https:\\\/\\\/argreen.com.br\\\/#organization\"},\"potentialAction\":[{\"@type\":\"SearchAction\",\"target\":{\"@type\":\"EntryPoint\",\"urlTemplate\":\"https:\\\/\\\/argreen.com.br\\\/?s={search_term_string}\"},\"query-input\":{\"@type\":\"PropertyValueSpecification\",\"valueRequired\":true,\"valueName\":\"search_term_string\"}}],\"inLanguage\":\"es\"},{\"@type\":\"Organization\",\"@id\":\"https:\\\/\\\/argreen.com.br\\\/#organization\",\"name\":\"Argreen\",\"url\":\"https:\\\/\\\/argreen.com.br\\\/\",\"logo\":{\"@type\":\"ImageObject\",\"inLanguage\":\"es\",\"@id\":\"https:\\\/\\\/argreen.com.br\\\/#\\\/schema\\\/logo\\\/image\\\/\",\"url\":\"https:\\\/\\\/argreen.com.br\\\/wp-content\\\/uploads\\\/2023\\\/06\\\/Logo-Argeen.png\",\"contentUrl\":\"https:\\\/\\\/argreen.com.br\\\/wp-content\\\/uploads\\\/2023\\\/06\\\/Logo-Argeen.png\",\"width\":2248,\"height\":767,\"caption\":\"Argreen\"},\"image\":{\"@id\":\"https:\\\/\\\/argreen.com.br\\\/#\\\/schema\\\/logo\\\/image\\\/\"}}]}<\/script>\n<!-- \/ Yoast SEO plugin. -->","yoast_head_json":{"title":"Serpentina Barril Cobre para Condicionador Springer 18000\/22000 Btus 38KQ - Argreen","robots":{"index":"index","follow":"follow","max-snippet":"max-snippet:-1","max-image-preview":"max-image-preview:large","max-video-preview":"max-video-preview:-1"},"canonical":"https:\/\/argreen.com.br\/es\/producto\/serpentina-barril-cobre-para-condicionador-springer-18000-22000-btus-38kq\/","og_locale":"es_ES","og_type":"article","og_title":"Serpentina Barril Cobre para Condicionador Springer 18000\/22000 Btus 38KQ - Argreen","og_description":"Marca Springer   Modelo 38KQ   Largura 45 cm   Peso 6 Kg   Profundidade 60 cm   Altura 45 cm   Refer\u00eancia do Fornecedor 05301403P","og_url":"https:\/\/argreen.com.br\/es\/producto\/serpentina-barril-cobre-para-condicionador-springer-18000-22000-btus-38kq\/","og_site_name":"Argreen","article_modified_time":"2025-06-02T11:44:51+00:00","og_image":[{"width":500,"height":500,"url":"https:\/\/argreen.com.br\/wp-content\/uploads\/2025\/01\/Design-sem-nome-26.png","type":"image\/png"}],"schema":{"@context":"https:\/\/schema.org","@graph":[{"@type":"WebPage","@id":"https:\/\/argreen.com.br\/produto\/serpentina-barril-cobre-para-condicionador-springer-18000-22000-btus-38kq\/","url":"https:\/\/argreen.com.br\/produto\/serpentina-barril-cobre-para-condicionador-springer-18000-22000-btus-38kq\/","name":"Serpentina Barril Cobre para Condicionador Springer 18000\/22000 Btus 38KQ - Argreen","isPartOf":{"@id":"https:\/\/argreen.com.br\/#website"},"primaryImageOfPage":{"@id":"https:\/\/argreen.com.br\/produto\/serpentina-barril-cobre-para-condicionador-springer-18000-22000-btus-38kq\/#primaryimage"},"image":{"@id":"https:\/\/argreen.com.br\/produto\/serpentina-barril-cobre-para-condicionador-springer-18000-22000-btus-38kq\/#primaryimage"},"thumbnailUrl":"https:\/\/argreen.com.br\/wp-content\/uploads\/2025\/01\/Design-sem-nome-26.png","datePublished":"2025-01-22T20:00:27+00:00","dateModified":"2025-06-02T11:44:51+00:00","breadcrumb":{"@id":"https:\/\/argreen.com.br\/produto\/serpentina-barril-cobre-para-condicionador-springer-18000-22000-btus-38kq\/#breadcrumb"},"inLanguage":"es","potentialAction":[{"@type":"ReadAction","target":["https:\/\/argreen.com.br\/produto\/serpentina-barril-cobre-para-condicionador-springer-18000-22000-btus-38kq\/"]}]},{"@type":"ImageObject","inLanguage":"es","@id":"https:\/\/argreen.com.br\/produto\/serpentina-barril-cobre-para-condicionador-springer-18000-22000-btus-38kq\/#primaryimage","url":"https:\/\/argreen.com.br\/wp-content\/uploads\/2025\/01\/Design-sem-nome-26.png","contentUrl":"https:\/\/argreen.com.br\/wp-content\/uploads\/2025\/01\/Design-sem-nome-26.png","width":500,"height":500},{"@type":"BreadcrumbList","@id":"https:\/\/argreen.com.br\/produto\/serpentina-barril-cobre-para-condicionador-springer-18000-22000-btus-38kq\/#breadcrumb","itemListElement":[{"@type":"ListItem","position":1,"name":"In\u00edcio","item":"https:\/\/argreen.com.br\/"},{"@type":"ListItem","position":2,"name":"Cat\u00e1logo","item":"https:\/\/argreen.com.br\/catalogo\/"},{"@type":"ListItem","position":3,"name":"Serpentina Barril Cobre para Condicionador Springer 18000\/22000 Btus 38KQ"}]},{"@type":"WebSite","@id":"https:\/\/argreen.com.br\/#website","url":"https:\/\/argreen.com.br\/","name":"Argreen","description":"Climatiza\u00e7\u00e3o &amp; Engenharia","publisher":{"@id":"https:\/\/argreen.com.br\/#organization"},"potentialAction":[{"@type":"SearchAction","target":{"@type":"EntryPoint","urlTemplate":"https:\/\/argreen.com.br\/?s={search_term_string}"},"query-input":{"@type":"PropertyValueSpecification","valueRequired":true,"valueName":"search_term_string"}}],"inLanguage":"es"},{"@type":"Organization","@id":"https:\/\/argreen.com.br\/#organization","name":"Argreen","url":"https:\/\/argreen.com.br\/","logo":{"@type":"ImageObject","inLanguage":"es","@id":"https:\/\/argreen.com.br\/#\/schema\/logo\/image\/","url":"https:\/\/argreen.com.br\/wp-content\/uploads\/2023\/06\/Logo-Argeen.png","contentUrl":"https:\/\/argreen.com.br\/wp-content\/uploads\/2023\/06\/Logo-Argeen.png","width":2248,"height":767,"caption":"Argreen"},"image":{"@id":"https:\/\/argreen.com.br\/#\/schema\/logo\/image\/"}}]}},"_links":{"self":[{"href":"https:\/\/argreen.com.br\/es\/wp-json\/wp\/v2\/product\/3031","targetHints":{"allow":["GET"]}}],"collection":[{"href":"https:\/\/argreen.com.br\/es\/wp-json\/wp\/v2\/product"}],"about":[{"href":"https:\/\/argreen.com.br\/es\/wp-json\/wp\/v2\/types\/product"}],"replies":[{"embeddable":true,"href":"https:\/\/argreen.com.br\/es\/wp-json\/wp\/v2\/comments?post=3031"}],"wp:featuredmedia":[{"embeddable":true,"href":"https:\/\/argreen.com.br\/es\/wp-json\/wp\/v2\/media\/3032"}],"wp:attachment":[{"href":"https:\/\/argreen.com.br\/es\/wp-json\/wp\/v2\/media?parent=3031"}],"wp:term":[{"taxonomy":"product_brand","embeddable":true,"href":"https:\/\/argreen.com.br\/es\/wp-json\/wp\/v2\/product_brand?post=3031"},{"taxonomy":"product_cat","embeddable":true,"href":"https:\/\/argreen.com.br\/es\/wp-json\/wp\/v2\/product_cat?post=3031"},{"taxonomy":"product_tag","embeddable":true,"href":"https:\/\/argreen.com.br\/es\/wp-json\/wp\/v2\/product_tag?post=3031"}],"curies":[{"name":"wp","href":"https:\/\/api.w.org\/{rel}","templated":true}]}}