{"id":3035,"date":"2025-01-22T17:17:38","date_gmt":"2025-01-22T20:17:38","guid":{"rendered":"https:\/\/argreen.com.br\/?post_type=product&#038;p=3035"},"modified":"2025-06-02T08:44:45","modified_gmt":"2025-06-02T11:44:45","slug":"unidade-condensadora-danfoss-op-hjz050d20v-380v-trifasico","status":"publish","type":"product","link":"https:\/\/argreen.com.br\/es\/producto\/unidade-condensadora-danfoss-op-hjz050d20v-380v-trifasico\/","title":{"rendered":"Unidad condensadora Danfoss OP-HJZ050D20V - 380 V trif\u00e1sica"},"content":{"rendered":"<p>Obtenha o m\u00e1ximo em efici\u00eancia de refrigera\u00e7\u00e3o com a Unidade Condensadora Danfoss OP-HJZ050D20V &#8211; 380V Trif\u00e1sico. Projetada para atender \u00e0s demandas comerciais e industriais mais exigentes, esta unidade condensadora oferece pot\u00eancia superior e confiabilidade inigual\u00e1vel. Sua tecnologia avan\u00e7ada garante desempenho otimizado, enquanto a manuten\u00e7\u00e3o simplificada facilita a opera\u00e7\u00e3o cont\u00ednua. Eleve sua refrigera\u00e7\u00e3o a um novo patamar de excel\u00eancia com a Danfoss. Adquira agora e experimente o melhor em qualidade e durabilidade para seus sistemas de refrigera\u00e7\u00e3o.<\/p>","protected":false},"excerpt":{"rendered":"<table id=\"product-attribute-specs-table\" class=\"flex-1 w-full table additional-attributes\">\n<tbody>\n<tr class=\"text-left odd:bg-[#efefef]\">\n<th class=\"rounded-l w-1\/2 font-normal text-[#949494] p-2\" scope=\"row\">Marca<\/th>\n<td class=\"rounded-r w-1\/2 text-[#949494] p-2\" data-th=\"Marca\">Danfoss<\/td>\n<\/tr>\n<tr class=\"text-left odd:bg-[#efefef]\">\n<th class=\"rounded-l w-1\/2 font-normal text-[#949494] p-2\" scope=\"row\">Modelo<\/th>\n<td class=\"rounded-r w-1\/2 text-[#949494] p-2\" data-th=\"Modelo\">OP-HJZ050D20V<\/td>\n<\/tr>\n<tr class=\"text-left odd:bg-[#efefef]\">\n<th class=\"rounded-l w-1\/2 font-normal text-[#949494] p-2\" scope=\"row\">Modelos Compat\u00edveis<\/th>\n<td class=\"rounded-r w-1\/2 text-[#949494] p-2\" data-th=\"Modelos Compat\u00edveis\">Compressor: MTZ50-9<\/td>\n<\/tr>\n<tr class=\"text-left odd:bg-[#efefef]\">\n<th class=\"rounded-l w-1\/2 font-normal text-[#949494] p-2\" scope=\"row\">Voltagem<\/th>\n<td class=\"rounded-r w-1\/2 text-[#949494] p-2\" data-th=\"Voltagem\">380V<\/td>\n<\/tr>\n<tr class=\"text-left odd:bg-[#efefef]\">\n<th class=\"rounded-l w-1\/2 font-normal text-[#949494] p-2\" scope=\"row\">Fabricante<\/th>\n<td class=\"rounded-r w-1\/2 text-[#949494] p-2\" data-th=\"Fabricante\">DANFOSS<\/td>\n<\/tr>\n<tr class=\"text-left odd:bg-[#efefef]\">\n<th class=\"rounded-l w-1\/2 font-normal text-[#949494] p-2\" scope=\"row\">Peso<\/th>\n<td class=\"rounded-r w-1\/2 text-[#949494] p-2\" data-th=\"Peso\">91 Kg<\/td>\n<\/tr>\n<tr class=\"text-left odd:bg-[#efefef]\">\n<th class=\"rounded-l w-1\/2 font-normal text-[#949494] p-2\" scope=\"row\">Aplica\u00e7\u00e3o<\/th>\n<td class=\"rounded-r w-1\/2 text-[#949494] p-2\" data-th=\"Aplica\u00e7\u00e3o\">Ar Condicionado<\/td>\n<\/tr>\n<tr class=\"text-left odd:bg-[#efefef]\">\n<th class=\"rounded-l w-1\/2 font-normal text-[#949494] p-2\" scope=\"row\">G\u00e1s Refrigerante<\/th>\n<td class=\"rounded-r w-1\/2 text-[#949494] p-2\" data-th=\"G\u00e1s Refrigerante\">R134a; R404A; R407C; R448A; R449A; R452A; R513A<\/td>\n<\/tr>\n<\/tbody>\n<\/table>\n","protected":false},"featured_media":3036,"comment_status":"closed","ping_status":"closed","template":"","meta":[],"product_brand":[],"product_cat":[205,26],"product_tag":[],"class_list":{"0":"post-3035","1":"product","2":"type-product","3":"status-publish","4":"has-post-thumbnail","6":"product_cat-diversos","7":"product_cat-pecas","9":"first","10":"instock","11":"shipping-taxable","12":"purchasable","13":"product-type-simple"},"yoast_head":"<!-- This site is optimized with the Yoast SEO plugin v27.3 - https:\/\/yoast.com\/product\/yoast-seo-wordpress\/ -->\n<title>Unidade Condensadora Danfoss OP-HJZ050D20V - 380V Trif\u00e1sico - Argreen<\/title>\n<meta name=\"robots\" content=\"index, follow, max-snippet:-1, max-image-preview:large, max-video-preview:-1\" \/>\n<link rel=\"canonical\" href=\"https:\/\/argreen.com.br\/es\/producto\/unidade-condensadora-danfoss-op-hjz050d20v-380v-trifasico\/\" \/>\n<meta property=\"og:locale\" content=\"es_ES\" \/>\n<meta property=\"og:type\" content=\"article\" \/>\n<meta property=\"og:title\" content=\"Unidade Condensadora Danfoss OP-HJZ050D20V - 380V Trif\u00e1sico - Argreen\" \/>\n<meta property=\"og:description\" content=\"Marca Danfoss   Modelo OP-HJZ050D20V   Modelos Compat\u00edveis Compressor: MTZ50-9   Voltagem 380V   Fabricante DANFOSS   Peso 91 Kg   Aplica\u00e7\u00e3o Ar Condicionado   G\u00e1s Refrigerante R134a; R404A; R407C; R448A; R449A; R452A; R513A\" \/>\n<meta property=\"og:url\" content=\"https:\/\/argreen.com.br\/es\/producto\/unidade-condensadora-danfoss-op-hjz050d20v-380v-trifasico\/\" \/>\n<meta property=\"og:site_name\" content=\"Argreen\" \/>\n<meta property=\"article:modified_time\" content=\"2025-06-02T11:44:45+00:00\" \/>\n<meta property=\"og:image\" content=\"https:\/\/argreen.com.br\/wp-content\/uploads\/2025\/01\/Design-sem-nome-28.png\" \/>\n\t<meta property=\"og:image:width\" content=\"500\" \/>\n\t<meta property=\"og:image:height\" content=\"500\" \/>\n\t<meta property=\"og:image:type\" content=\"image\/png\" \/>\n<script type=\"application\/ld+json\" class=\"yoast-schema-graph\">{\"@context\":\"https:\\\/\\\/schema.org\",\"@graph\":[{\"@type\":\"WebPage\",\"@id\":\"https:\\\/\\\/argreen.com.br\\\/produto\\\/unidade-condensadora-danfoss-op-hjz050d20v-380v-trifasico\\\/\",\"url\":\"https:\\\/\\\/argreen.com.br\\\/produto\\\/unidade-condensadora-danfoss-op-hjz050d20v-380v-trifasico\\\/\",\"name\":\"Unidade Condensadora Danfoss OP-HJZ050D20V - 380V Trif\u00e1sico - Argreen\",\"isPartOf\":{\"@id\":\"https:\\\/\\\/argreen.com.br\\\/#website\"},\"primaryImageOfPage\":{\"@id\":\"https:\\\/\\\/argreen.com.br\\\/produto\\\/unidade-condensadora-danfoss-op-hjz050d20v-380v-trifasico\\\/#primaryimage\"},\"image\":{\"@id\":\"https:\\\/\\\/argreen.com.br\\\/produto\\\/unidade-condensadora-danfoss-op-hjz050d20v-380v-trifasico\\\/#primaryimage\"},\"thumbnailUrl\":\"https:\\\/\\\/argreen.com.br\\\/wp-content\\\/uploads\\\/2025\\\/01\\\/Design-sem-nome-28.png\",\"datePublished\":\"2025-01-22T20:17:38+00:00\",\"dateModified\":\"2025-06-02T11:44:45+00:00\",\"breadcrumb\":{\"@id\":\"https:\\\/\\\/argreen.com.br\\\/produto\\\/unidade-condensadora-danfoss-op-hjz050d20v-380v-trifasico\\\/#breadcrumb\"},\"inLanguage\":\"es\",\"potentialAction\":[{\"@type\":\"ReadAction\",\"target\":[\"https:\\\/\\\/argreen.com.br\\\/produto\\\/unidade-condensadora-danfoss-op-hjz050d20v-380v-trifasico\\\/\"]}]},{\"@type\":\"ImageObject\",\"inLanguage\":\"es\",\"@id\":\"https:\\\/\\\/argreen.com.br\\\/produto\\\/unidade-condensadora-danfoss-op-hjz050d20v-380v-trifasico\\\/#primaryimage\",\"url\":\"https:\\\/\\\/argreen.com.br\\\/wp-content\\\/uploads\\\/2025\\\/01\\\/Design-sem-nome-28.png\",\"contentUrl\":\"https:\\\/\\\/argreen.com.br\\\/wp-content\\\/uploads\\\/2025\\\/01\\\/Design-sem-nome-28.png\",\"width\":500,\"height\":500},{\"@type\":\"BreadcrumbList\",\"@id\":\"https:\\\/\\\/argreen.com.br\\\/produto\\\/unidade-condensadora-danfoss-op-hjz050d20v-380v-trifasico\\\/#breadcrumb\",\"itemListElement\":[{\"@type\":\"ListItem\",\"position\":1,\"name\":\"In\u00edcio\",\"item\":\"https:\\\/\\\/argreen.com.br\\\/\"},{\"@type\":\"ListItem\",\"position\":2,\"name\":\"Cat\u00e1logo\",\"item\":\"https:\\\/\\\/argreen.com.br\\\/catalogo\\\/\"},{\"@type\":\"ListItem\",\"position\":3,\"name\":\"Unidade Condensadora Danfoss OP-HJZ050D20V &#8211; 380V Trif\u00e1sico\"}]},{\"@type\":\"WebSite\",\"@id\":\"https:\\\/\\\/argreen.com.br\\\/#website\",\"url\":\"https:\\\/\\\/argreen.com.br\\\/\",\"name\":\"Argreen\",\"description\":\"Climatiza\u00e7\u00e3o &amp; Engenharia\",\"publisher\":{\"@id\":\"https:\\\/\\\/argreen.com.br\\\/#organization\"},\"potentialAction\":[{\"@type\":\"SearchAction\",\"target\":{\"@type\":\"EntryPoint\",\"urlTemplate\":\"https:\\\/\\\/argreen.com.br\\\/?s={search_term_string}\"},\"query-input\":{\"@type\":\"PropertyValueSpecification\",\"valueRequired\":true,\"valueName\":\"search_term_string\"}}],\"inLanguage\":\"es\"},{\"@type\":\"Organization\",\"@id\":\"https:\\\/\\\/argreen.com.br\\\/#organization\",\"name\":\"Argreen\",\"url\":\"https:\\\/\\\/argreen.com.br\\\/\",\"logo\":{\"@type\":\"ImageObject\",\"inLanguage\":\"es\",\"@id\":\"https:\\\/\\\/argreen.com.br\\\/#\\\/schema\\\/logo\\\/image\\\/\",\"url\":\"https:\\\/\\\/argreen.com.br\\\/wp-content\\\/uploads\\\/2023\\\/06\\\/Logo-Argeen.png\",\"contentUrl\":\"https:\\\/\\\/argreen.com.br\\\/wp-content\\\/uploads\\\/2023\\\/06\\\/Logo-Argeen.png\",\"width\":2248,\"height\":767,\"caption\":\"Argreen\"},\"image\":{\"@id\":\"https:\\\/\\\/argreen.com.br\\\/#\\\/schema\\\/logo\\\/image\\\/\"}}]}<\/script>\n<!-- \/ Yoast SEO plugin. -->","yoast_head_json":{"title":"Unidade Condensadora Danfoss OP-HJZ050D20V - 380V Trif\u00e1sico - Argreen","robots":{"index":"index","follow":"follow","max-snippet":"max-snippet:-1","max-image-preview":"max-image-preview:large","max-video-preview":"max-video-preview:-1"},"canonical":"https:\/\/argreen.com.br\/es\/producto\/unidade-condensadora-danfoss-op-hjz050d20v-380v-trifasico\/","og_locale":"es_ES","og_type":"article","og_title":"Unidade Condensadora Danfoss OP-HJZ050D20V - 380V Trif\u00e1sico - Argreen","og_description":"Marca Danfoss   Modelo OP-HJZ050D20V   Modelos Compat\u00edveis Compressor: MTZ50-9   Voltagem 380V   Fabricante DANFOSS   Peso 91 Kg   Aplica\u00e7\u00e3o Ar Condicionado   G\u00e1s Refrigerante R134a; R404A; R407C; R448A; R449A; R452A; R513A","og_url":"https:\/\/argreen.com.br\/es\/producto\/unidade-condensadora-danfoss-op-hjz050d20v-380v-trifasico\/","og_site_name":"Argreen","article_modified_time":"2025-06-02T11:44:45+00:00","og_image":[{"width":500,"height":500,"url":"https:\/\/argreen.com.br\/wp-content\/uploads\/2025\/01\/Design-sem-nome-28.png","type":"image\/png"}],"schema":{"@context":"https:\/\/schema.org","@graph":[{"@type":"WebPage","@id":"https:\/\/argreen.com.br\/produto\/unidade-condensadora-danfoss-op-hjz050d20v-380v-trifasico\/","url":"https:\/\/argreen.com.br\/produto\/unidade-condensadora-danfoss-op-hjz050d20v-380v-trifasico\/","name":"Unidade Condensadora Danfoss OP-HJZ050D20V - 380V Trif\u00e1sico - Argreen","isPartOf":{"@id":"https:\/\/argreen.com.br\/#website"},"primaryImageOfPage":{"@id":"https:\/\/argreen.com.br\/produto\/unidade-condensadora-danfoss-op-hjz050d20v-380v-trifasico\/#primaryimage"},"image":{"@id":"https:\/\/argreen.com.br\/produto\/unidade-condensadora-danfoss-op-hjz050d20v-380v-trifasico\/#primaryimage"},"thumbnailUrl":"https:\/\/argreen.com.br\/wp-content\/uploads\/2025\/01\/Design-sem-nome-28.png","datePublished":"2025-01-22T20:17:38+00:00","dateModified":"2025-06-02T11:44:45+00:00","breadcrumb":{"@id":"https:\/\/argreen.com.br\/produto\/unidade-condensadora-danfoss-op-hjz050d20v-380v-trifasico\/#breadcrumb"},"inLanguage":"es","potentialAction":[{"@type":"ReadAction","target":["https:\/\/argreen.com.br\/produto\/unidade-condensadora-danfoss-op-hjz050d20v-380v-trifasico\/"]}]},{"@type":"ImageObject","inLanguage":"es","@id":"https:\/\/argreen.com.br\/produto\/unidade-condensadora-danfoss-op-hjz050d20v-380v-trifasico\/#primaryimage","url":"https:\/\/argreen.com.br\/wp-content\/uploads\/2025\/01\/Design-sem-nome-28.png","contentUrl":"https:\/\/argreen.com.br\/wp-content\/uploads\/2025\/01\/Design-sem-nome-28.png","width":500,"height":500},{"@type":"BreadcrumbList","@id":"https:\/\/argreen.com.br\/produto\/unidade-condensadora-danfoss-op-hjz050d20v-380v-trifasico\/#breadcrumb","itemListElement":[{"@type":"ListItem","position":1,"name":"In\u00edcio","item":"https:\/\/argreen.com.br\/"},{"@type":"ListItem","position":2,"name":"Cat\u00e1logo","item":"https:\/\/argreen.com.br\/catalogo\/"},{"@type":"ListItem","position":3,"name":"Unidade Condensadora Danfoss OP-HJZ050D20V &#8211; 380V Trif\u00e1sico"}]},{"@type":"WebSite","@id":"https:\/\/argreen.com.br\/#website","url":"https:\/\/argreen.com.br\/","name":"Argreen","description":"Climatiza\u00e7\u00e3o &amp; Engenharia","publisher":{"@id":"https:\/\/argreen.com.br\/#organization"},"potentialAction":[{"@type":"SearchAction","target":{"@type":"EntryPoint","urlTemplate":"https:\/\/argreen.com.br\/?s={search_term_string}"},"query-input":{"@type":"PropertyValueSpecification","valueRequired":true,"valueName":"search_term_string"}}],"inLanguage":"es"},{"@type":"Organization","@id":"https:\/\/argreen.com.br\/#organization","name":"Argreen","url":"https:\/\/argreen.com.br\/","logo":{"@type":"ImageObject","inLanguage":"es","@id":"https:\/\/argreen.com.br\/#\/schema\/logo\/image\/","url":"https:\/\/argreen.com.br\/wp-content\/uploads\/2023\/06\/Logo-Argeen.png","contentUrl":"https:\/\/argreen.com.br\/wp-content\/uploads\/2023\/06\/Logo-Argeen.png","width":2248,"height":767,"caption":"Argreen"},"image":{"@id":"https:\/\/argreen.com.br\/#\/schema\/logo\/image\/"}}]}},"_links":{"self":[{"href":"https:\/\/argreen.com.br\/es\/wp-json\/wp\/v2\/product\/3035","targetHints":{"allow":["GET"]}}],"collection":[{"href":"https:\/\/argreen.com.br\/es\/wp-json\/wp\/v2\/product"}],"about":[{"href":"https:\/\/argreen.com.br\/es\/wp-json\/wp\/v2\/types\/product"}],"replies":[{"embeddable":true,"href":"https:\/\/argreen.com.br\/es\/wp-json\/wp\/v2\/comments?post=3035"}],"wp:featuredmedia":[{"embeddable":true,"href":"https:\/\/argreen.com.br\/es\/wp-json\/wp\/v2\/media\/3036"}],"wp:attachment":[{"href":"https:\/\/argreen.com.br\/es\/wp-json\/wp\/v2\/media?parent=3035"}],"wp:term":[{"taxonomy":"product_brand","embeddable":true,"href":"https:\/\/argreen.com.br\/es\/wp-json\/wp\/v2\/product_brand?post=3035"},{"taxonomy":"product_cat","embeddable":true,"href":"https:\/\/argreen.com.br\/es\/wp-json\/wp\/v2\/product_cat?post=3035"},{"taxonomy":"product_tag","embeddable":true,"href":"https:\/\/argreen.com.br\/es\/wp-json\/wp\/v2\/product_tag?post=3035"}],"curies":[{"name":"wp","href":"https:\/\/api.w.org\/{rel}","templated":true}]}}